{"id":5921,"date":"2025-03-26T08:24:58","date_gmt":"2025-03-26T11:24:58","guid":{"rendered":"https:\/\/dep.ufscar.br\/?page_id=5921"},"modified":"2025-03-26T08:24:58","modified_gmt":"2025-03-26T11:24:58","slug":"parque-nacional-cavernas-do-peruacu-ganha-versao-virtual-em-projeto-3d","status":"publish","type":"page","link":"https:\/\/dep.ufscar.br\/index.php\/parque-nacional-cavernas-do-peruacu-ganha-versao-virtual-em-projeto-3d\/","title":{"rendered":"Parque Nacional Cavernas do Perua\u00e7u ganha vers\u00e3o virtual em projeto 3D"},"content":{"rendered":"<p>No \u00faltimo domingo (16\/03), o Fant\u00e1stico exibiu uma mat\u00e9ria sobre o impacto da tecnologia 3D, desenvolvida pela empresa do ex-aluno do DEP, Francisco Toledo, no projeto Perua\u00e7u 3D.<\/p>\n<p>Gra\u00e7as \u00e0 tecnologia 3D desenvolvida pela iTeleport Viv\u00eancias Virtuais, \u00e9 poss\u00edvel explorar parte das 250 cavernas do Parque Nacional sem sair de casa.<\/p>\n<p>Segundo Francisco, a empresa segue com o compromisso de liderar essa revolu\u00e7\u00e3o digital, com o objetivo de expandir a imers\u00e3o tecnol\u00f3gica para cada vez mais pessoas e lugares.<\/p>\n<p>O DEP parabeniza o trabalho grandioso que vem sendo desenvolvido pelo Francisco e equipe! Que voc\u00eas possam ser cada vez mais reconhecidos \ud83d\ude42<\/p>\n<p>Para saber mais sobre a mat\u00e9ria, acesse aqui: https:\/\/g1.globo.com\/fantastico\/noticia\/2025\/03\/16\/parque-nacional-cavernas-do-peruacu-ganha-versao-virtual-em-projeto-3d.ghtml<\/p>\n","protected":false},"excerpt":{"rendered":"<p>No \u00faltimo domingo (16\/03), o Fant\u00e1stico exibiu uma mat\u00e9ria sobre o impacto da tecnologia 3D, desenvolvida pela empresa do ex-aluno do DEP, Francisco Toledo, no projeto Perua\u00e7u 3D. Gra\u00e7as \u00e0 tecnologia 3D desenvolvida pela iTeleport Viv\u00eancias Virtuais, \u00e9 poss\u00edvel explorar parte das 250 cavernas do Parque Nacional sem sair de casa. Segundo Francisco, a empresa &#8230; <a class=\"more-link\" href=\"https:\/\/dep.ufscar.br\/index.php\/parque-nacional-cavernas-do-peruacu-ganha-versao-virtual-em-projeto-3d\/\">Leia mais<\/a><\/p>\n","protected":false},"author":245,"featured_media":5922,"parent":0,"menu_order":0,"comment_status":"closed","ping_status":"closed","template":"","meta":[],"categories":[29,38],"tags":[],"yoast_head":"<!-- This site is optimized with the Yoast SEO plugin v17.0 - https:\/\/yoast.com\/wordpress\/plugins\/seo\/ -->\n<title>Parque Nacional Cavernas do Perua\u00e7u ganha vers\u00e3o virtual em projeto 3D - DEP<\/title>\n<meta name=\"robots\" content=\"index, follow, max-snippet:-1, max-image-preview:large, max-video-preview:-1\" \/>\n<link rel=\"canonical\" href=\"https:\/\/dep.ufscar.br\/index.php\/parque-nacional-cavernas-do-peruacu-ganha-versao-virtual-em-projeto-3d\/\" \/>\n<meta property=\"og:locale\" content=\"pt_BR\" \/>\n<meta property=\"og:type\" content=\"article\" \/>\n<meta property=\"og:title\" content=\"Parque Nacional Cavernas do Perua\u00e7u ganha vers\u00e3o virtual em projeto 3D - DEP\" \/>\n<meta property=\"og:description\" content=\"No \u00faltimo domingo (16\/03), o Fant\u00e1stico exibiu uma mat\u00e9ria sobre o impacto da tecnologia 3D, desenvolvida pela empresa do ex-aluno do DEP, Francisco Toledo, no projeto Perua\u00e7u 3D. Gra\u00e7as \u00e0 tecnologia 3D desenvolvida pela iTeleport Viv\u00eancias Virtuais, \u00e9 poss\u00edvel explorar parte das 250 cavernas do Parque Nacional sem sair de casa. Segundo Francisco, a empresa [&hellip;]\" \/>\n<meta property=\"og:url\" content=\"https:\/\/dep.ufscar.br\/index.php\/parque-nacional-cavernas-do-peruacu-ganha-versao-virtual-em-projeto-3d\/\" \/>\n<meta property=\"og:site_name\" content=\"DEP\" \/>\n<meta property=\"og:image\" content=\"http:\/\/dep.ufscar.br\/wp-content\/uploads\/2025\/03\/b39bb01f-8e00-45cf-a2c9-349aacfa99f6.jpg\" \/>\n\t<meta property=\"og:image:width\" content=\"495\" \/>\n\t<meta property=\"og:image:height\" content=\"278\" \/>\n<meta name=\"twitter:card\" content=\"summary_large_image\" \/>\n<meta name=\"twitter:label1\" content=\"Est. tempo de leitura\" \/>\n\t<meta name=\"twitter:data1\" content=\"1 minuto\" \/>\n<script type=\"application\/ld+json\" class=\"yoast-schema-graph\">{\"@context\":\"https:\/\/schema.org\",\"@graph\":[{\"@type\":\"WebSite\",\"@id\":\"https:\/\/dep.ufscar.br\/#website\",\"url\":\"https:\/\/dep.ufscar.br\/\",\"name\":\"DEP\",\"description\":\"Departamento de Engenharia de Produ\\u00e7\\u00e3o\",\"potentialAction\":[{\"@type\":\"SearchAction\",\"target\":{\"@type\":\"EntryPoint\",\"urlTemplate\":\"https:\/\/dep.ufscar.br\/?s={search_term_string}\"},\"query-input\":\"required name=search_term_string\"}],\"inLanguage\":\"pt-BR\"},{\"@type\":\"ImageObject\",\"@id\":\"https:\/\/dep.ufscar.br\/index.php\/parque-nacional-cavernas-do-peruacu-ganha-versao-virtual-em-projeto-3d\/#primaryimage\",\"inLanguage\":\"pt-BR\",\"url\":\"https:\/\/dep.ufscar.br\/wp-content\/uploads\/2025\/03\/b39bb01f-8e00-45cf-a2c9-349aacfa99f6.jpg\",\"contentUrl\":\"https:\/\/dep.ufscar.br\/wp-content\/uploads\/2025\/03\/b39bb01f-8e00-45cf-a2c9-349aacfa99f6.jpg\",\"width\":495,\"height\":278},{\"@type\":\"WebPage\",\"@id\":\"https:\/\/dep.ufscar.br\/index.php\/parque-nacional-cavernas-do-peruacu-ganha-versao-virtual-em-projeto-3d\/#webpage\",\"url\":\"https:\/\/dep.ufscar.br\/index.php\/parque-nacional-cavernas-do-peruacu-ganha-versao-virtual-em-projeto-3d\/\",\"name\":\"Parque Nacional Cavernas do Perua\\u00e7u ganha vers\\u00e3o virtual em projeto 3D - DEP\",\"isPartOf\":{\"@id\":\"https:\/\/dep.ufscar.br\/#website\"},\"primaryImageOfPage\":{\"@id\":\"https:\/\/dep.ufscar.br\/index.php\/parque-nacional-cavernas-do-peruacu-ganha-versao-virtual-em-projeto-3d\/#primaryimage\"},\"datePublished\":\"2025-03-26T11:24:58+00:00\",\"dateModified\":\"2025-03-26T11:24:58+00:00\",\"breadcrumb\":{\"@id\":\"https:\/\/dep.ufscar.br\/index.php\/parque-nacional-cavernas-do-peruacu-ganha-versao-virtual-em-projeto-3d\/#breadcrumb\"},\"inLanguage\":\"pt-BR\",\"potentialAction\":[{\"@type\":\"ReadAction\",\"target\":[\"https:\/\/dep.ufscar.br\/index.php\/parque-nacional-cavernas-do-peruacu-ganha-versao-virtual-em-projeto-3d\/\"]}]},{\"@type\":\"BreadcrumbList\",\"@id\":\"https:\/\/dep.ufscar.br\/index.php\/parque-nacional-cavernas-do-peruacu-ganha-versao-virtual-em-projeto-3d\/#breadcrumb\",\"itemListElement\":[{\"@type\":\"ListItem\",\"position\":1,\"name\":\"Home\",\"item\":\"https:\/\/dep.ufscar.br\/\"},{\"@type\":\"ListItem\",\"position\":2,\"name\":\"Parque Nacional Cavernas do Perua\\u00e7u ganha vers\\u00e3o virtual em projeto 3D\"}]}]}<\/script>\n<!-- \/ Yoast SEO plugin. -->","yoast_head_json":{"title":"Parque Nacional Cavernas do Perua\u00e7u ganha vers\u00e3o virtual em projeto 3D - DEP","robots":{"index":"index","follow":"follow","max-snippet":"max-snippet:-1","max-image-preview":"max-image-preview:large","max-video-preview":"max-video-preview:-1"},"canonical":"https:\/\/dep.ufscar.br\/index.php\/parque-nacional-cavernas-do-peruacu-ganha-versao-virtual-em-projeto-3d\/","og_locale":"pt_BR","og_type":"article","og_title":"Parque Nacional Cavernas do Perua\u00e7u ganha vers\u00e3o virtual em projeto 3D - DEP","og_description":"No \u00faltimo domingo (16\/03), o Fant\u00e1stico exibiu uma mat\u00e9ria sobre o impacto da tecnologia 3D, desenvolvida pela empresa do ex-aluno do DEP, Francisco Toledo, no projeto Perua\u00e7u 3D. Gra\u00e7as \u00e0 tecnologia 3D desenvolvida pela iTeleport Viv\u00eancias Virtuais, \u00e9 poss\u00edvel explorar parte das 250 cavernas do Parque Nacional sem sair de casa. Segundo Francisco, a empresa [&hellip;]","og_url":"https:\/\/dep.ufscar.br\/index.php\/parque-nacional-cavernas-do-peruacu-ganha-versao-virtual-em-projeto-3d\/","og_site_name":"DEP","og_image":[{"width":495,"height":278,"url":"http:\/\/dep.ufscar.br\/wp-content\/uploads\/2025\/03\/b39bb01f-8e00-45cf-a2c9-349aacfa99f6.jpg","path":"\/var\/www\/html\/desenvolvimento\/wp-content\/uploads\/2025\/03\/b39bb01f-8e00-45cf-a2c9-349aacfa99f6.jpg","size":"full","id":5922,"alt":"","pixels":137610,"type":"image\/jpeg"}],"twitter_card":"summary_large_image","twitter_misc":{"Est. tempo de leitura":"1 minuto"},"schema":{"@context":"https:\/\/schema.org","@graph":[{"@type":"WebSite","@id":"https:\/\/dep.ufscar.br\/#website","url":"https:\/\/dep.ufscar.br\/","name":"DEP","description":"Departamento de Engenharia de Produ\u00e7\u00e3o","potentialAction":[{"@type":"SearchAction","target":{"@type":"EntryPoint","urlTemplate":"https:\/\/dep.ufscar.br\/?s={search_term_string}"},"query-input":"required name=search_term_string"}],"inLanguage":"pt-BR"},{"@type":"ImageObject","@id":"https:\/\/dep.ufscar.br\/index.php\/parque-nacional-cavernas-do-peruacu-ganha-versao-virtual-em-projeto-3d\/#primaryimage","inLanguage":"pt-BR","url":"https:\/\/dep.ufscar.br\/wp-content\/uploads\/2025\/03\/b39bb01f-8e00-45cf-a2c9-349aacfa99f6.jpg","contentUrl":"https:\/\/dep.ufscar.br\/wp-content\/uploads\/2025\/03\/b39bb01f-8e00-45cf-a2c9-349aacfa99f6.jpg","width":495,"height":278},{"@type":"WebPage","@id":"https:\/\/dep.ufscar.br\/index.php\/parque-nacional-cavernas-do-peruacu-ganha-versao-virtual-em-projeto-3d\/#webpage","url":"https:\/\/dep.ufscar.br\/index.php\/parque-nacional-cavernas-do-peruacu-ganha-versao-virtual-em-projeto-3d\/","name":"Parque Nacional Cavernas do Perua\u00e7u ganha vers\u00e3o virtual em projeto 3D - DEP","isPartOf":{"@id":"https:\/\/dep.ufscar.br\/#website"},"primaryImageOfPage":{"@id":"https:\/\/dep.ufscar.br\/index.php\/parque-nacional-cavernas-do-peruacu-ganha-versao-virtual-em-projeto-3d\/#primaryimage"},"datePublished":"2025-03-26T11:24:58+00:00","dateModified":"2025-03-26T11:24:58+00:00","breadcrumb":{"@id":"https:\/\/dep.ufscar.br\/index.php\/parque-nacional-cavernas-do-peruacu-ganha-versao-virtual-em-projeto-3d\/#breadcrumb"},"inLanguage":"pt-BR","potentialAction":[{"@type":"ReadAction","target":["https:\/\/dep.ufscar.br\/index.php\/parque-nacional-cavernas-do-peruacu-ganha-versao-virtual-em-projeto-3d\/"]}]},{"@type":"BreadcrumbList","@id":"https:\/\/dep.ufscar.br\/index.php\/parque-nacional-cavernas-do-peruacu-ganha-versao-virtual-em-projeto-3d\/#breadcrumb","itemListElement":[{"@type":"ListItem","position":1,"name":"Home","item":"https:\/\/dep.ufscar.br\/"},{"@type":"ListItem","position":2,"name":"Parque Nacional Cavernas do Perua\u00e7u ganha vers\u00e3o virtual em projeto 3D"}]}]}},"_links":{"self":[{"href":"https:\/\/dep.ufscar.br\/index.php\/wp-json\/wp\/v2\/pages\/5921"}],"collection":[{"href":"https:\/\/dep.ufscar.br\/index.php\/wp-json\/wp\/v2\/pages"}],"about":[{"href":"https:\/\/dep.ufscar.br\/index.php\/wp-json\/wp\/v2\/types\/page"}],"author":[{"embeddable":true,"href":"https:\/\/dep.ufscar.br\/index.php\/wp-json\/wp\/v2\/users\/245"}],"replies":[{"embeddable":true,"href":"https:\/\/dep.ufscar.br\/index.php\/wp-json\/wp\/v2\/comments?post=5921"}],"version-history":[{"count":1,"href":"https:\/\/dep.ufscar.br\/index.php\/wp-json\/wp\/v2\/pages\/5921\/revisions"}],"predecessor-version":[{"id":5923,"href":"https:\/\/dep.ufscar.br\/index.php\/wp-json\/wp\/v2\/pages\/5921\/revisions\/5923"}],"wp:featuredmedia":[{"embeddable":true,"href":"https:\/\/dep.ufscar.br\/index.php\/wp-json\/wp\/v2\/media\/5922"}],"wp:attachment":[{"href":"https:\/\/dep.ufscar.br\/index.php\/wp-json\/wp\/v2\/media?parent=5921"}],"wp:term":[{"taxonomy":"category","embeddable":true,"href":"https:\/\/dep.ufscar.br\/index.php\/wp-json\/wp\/v2\/categories?post=5921"},{"taxonomy":"post_tag","embeddable":true,"href":"https:\/\/dep.ufscar.br\/index.php\/wp-json\/wp\/v2\/tags?post=5921"}],"curies":[{"name":"wp","href":"https:\/\/api.w.org\/{rel}","templated":true}]}}