{"id":5918,"date":"2025-03-26T08:07:27","date_gmt":"2025-03-26T11:07:27","guid":{"rendered":"https:\/\/dep.ufscar.br\/?page_id=5918"},"modified":"2025-03-26T08:07:27","modified_gmt":"2025-03-26T11:07:27","slug":"bolsista-da-fapesp-recebe-premio-associacao-brasileira-de-logistica-2024","status":"publish","type":"page","link":"https:\/\/dep.ufscar.br\/index.php\/bolsista-da-fapesp-recebe-premio-associacao-brasileira-de-logistica-2024\/","title":{"rendered":"Bolsista da FAPESP recebe Pr\u00eamio Associa\u00e7\u00e3o Brasileira de Log\u00edstica 2024"},"content":{"rendered":"<p><img class=\"alignright\" src=\"https:\/\/agencia.fapesp.br\/files\/post\/54154.png\" \/><\/p>\n<p>Ag\u00eancia FAPESP* \u2013Ag\u00eancia FAPESP \u2013 Estudo desenvolvido por Thiago Jos\u00e9 dos Santos Vieira, doutor em engenharia de produ\u00e7\u00e3o pela Universidade Federal de S\u00e3o Carlos (UFSCar), recebeu o Pr\u00eamio Associa\u00e7\u00e3o Brasileira de Log\u00edstica (Abralog) 2024 na categoria \u201cEstudante de Log\u00edstica\u201d.<\/p>\n<p>Apoiada pela FAPESP e orientada por Pedro Munari, pesquisador do Centro de Ci\u00eancias Matem\u00e1ticas Aplicadas \u00e0 Ind\u00fastria (CeMEAI) e docente da UFSCar, a tese prop\u00f5e solu\u00e7\u00f5es para otimizar a gest\u00e3o e a opera\u00e7\u00e3o do transporte a\u00e9reo n\u00e3o regular. Esse modelo abrange voos fretados e comerciais, por exemplo, que possuem baixa previsibilidade de demanda e se diferenciam dos voos dom\u00e9sticos regulares.<\/p>\n<p>O CeMEAI \u00e9 um Centro de Pesquisa, Inova\u00e7\u00e3o e Difus\u00e3o (CEPID) da FAPESP sediado no Instituto de Ci\u00eancias Matem\u00e1ticas e de Computa\u00e7\u00e3o da Universidade de S\u00e3o Paulo (ICMC-USP).<\/p>\n<p>A pesquisa se destacou pelo desenvolvimento de modelos matem\u00e1ticos e algoritmos voltados para otimizar a tomada de decis\u00e3o em um setor onde a efici\u00eancia \u00e9 essencial, dado que qualquer opera\u00e7\u00e3o na avia\u00e7\u00e3o envolve custos elevados. \u201cO estudo do Thiago buscou contribuir com solu\u00e7\u00f5es para melhorar a tomada de decis\u00e3o nesse contexto, visando viabilizar e garantir a efici\u00eancia das opera\u00e7\u00f5es no transporte a\u00e9reo n\u00e3o regular\u201d, destacou Munari.<\/p>\n<p>Entre as aplica\u00e7\u00f5es pr\u00e1ticas do trabalho est\u00e1 a r\u00e1pida aloca\u00e7\u00e3o de voos, mesmo em cen\u00e1rios que demandam an\u00e1lises complexas. \u201cSempre que surge um novo pedido de voo de cliente, o m\u00e9todo desenvolvido pelo Thiago pode ser utilizado para alocar o voo \u00e0 aeronave mais adequada em poucos segundos\u201d, explica o orientador. Al\u00e9m disso, os algoritmos criados s\u00e3o capazes de oferecer solu\u00e7\u00f5es eficientes para enfrentar situa\u00e7\u00f5es adversas, como atrasos, falhas mec\u00e2nicas ou o fechamento de aeroportos.<\/p>\n<p>Uma equa\u00e7\u00e3o complexa<\/p>\n<p>Uma das principais complexidades do transporte a\u00e9reo n\u00e3o regular \u00e9 lidar com as in\u00fameras combina\u00e7\u00f5es de vari\u00e1veis na busca de solu\u00e7\u00f5es. Segundo Munari, essa aleatoriedade torna os c\u00e1lculos ainda mais desafiadores, devido ao grande n\u00famero de combina\u00e7\u00f5es poss\u00edveis para resolver os problemas.<\/p>\n<p>Para enfrentar esse desafio, Vieira precisou integrar m\u00e9todos te\u00f3ricos e pr\u00e1ticos \u00e0 sua pesquisa. Munari destacou a utiliza\u00e7\u00e3o de dados reais que comprovam a aplicabilidade pr\u00e1tica do trabalho. \u201cIsso foi comprovado na tese, pois utilizamos dados reais fornecidos pelas empresas parceiras\u201d, afirma o professor.<\/p>\n<p>Munari enfatizou o papel das institui\u00e7\u00f5es parceiras no sucesso do projeto: \u201cToda a infraestrutura proporcionada pelos projetos financiados pela FAPESP, especialmente por meio do CeMEAI, foi essencial\u201d.<\/p>\n<p>O Pr\u00eamio Abralog reconhece n\u00e3o apenas o impacto te\u00f3rico da pesquisa, mas tamb\u00e9m suas contribui\u00e7\u00f5es pr\u00e1ticas para a ind\u00fastria.<\/p>\n<p>* Com informa\u00e7\u00f5es do CeMEAI.<\/p>\n","protected":false},"excerpt":{"rendered":"<p>Ag\u00eancia FAPESP* \u2013Ag\u00eancia FAPESP \u2013 Estudo desenvolvido por Thiago Jos\u00e9 dos Santos Vieira, doutor em engenharia de produ\u00e7\u00e3o pela Universidade Federal de S\u00e3o Carlos (UFSCar), recebeu o Pr\u00eamio Associa\u00e7\u00e3o Brasileira de Log\u00edstica (Abralog) 2024 na categoria \u201cEstudante de Log\u00edstica\u201d. Apoiada pela FAPESP e orientada por Pedro Munari, pesquisador do Centro de Ci\u00eancias Matem\u00e1ticas Aplicadas \u00e0 &#8230; <a class=\"more-link\" href=\"https:\/\/dep.ufscar.br\/index.php\/bolsista-da-fapesp-recebe-premio-associacao-brasileira-de-logistica-2024\/\">Leia mais<\/a><\/p>\n","protected":false},"author":245,"featured_media":5919,"parent":0,"menu_order":0,"comment_status":"closed","ping_status":"closed","template":"","meta":[],"categories":[29,38],"tags":[],"yoast_head":"<!-- This site is optimized with the Yoast SEO plugin v17.0 - https:\/\/yoast.com\/wordpress\/plugins\/seo\/ -->\n<title>Bolsista da FAPESP recebe Pr\u00eamio Associa\u00e7\u00e3o Brasileira de Log\u00edstica 2024 - DEP<\/title>\n<meta name=\"robots\" content=\"index, follow, max-snippet:-1, max-image-preview:large, max-video-preview:-1\" \/>\n<link rel=\"canonical\" href=\"https:\/\/dep.ufscar.br\/index.php\/bolsista-da-fapesp-recebe-premio-associacao-brasileira-de-logistica-2024\/\" \/>\n<meta property=\"og:locale\" content=\"pt_BR\" \/>\n<meta property=\"og:type\" content=\"article\" \/>\n<meta property=\"og:title\" content=\"Bolsista da FAPESP recebe Pr\u00eamio Associa\u00e7\u00e3o Brasileira de Log\u00edstica 2024 - DEP\" \/>\n<meta property=\"og:description\" content=\"Ag\u00eancia FAPESP* \u2013Ag\u00eancia FAPESP \u2013 Estudo desenvolvido por Thiago Jos\u00e9 dos Santos Vieira, doutor em engenharia de produ\u00e7\u00e3o pela Universidade Federal de S\u00e3o Carlos (UFSCar), recebeu o Pr\u00eamio Associa\u00e7\u00e3o Brasileira de Log\u00edstica (Abralog) 2024 na categoria \u201cEstudante de Log\u00edstica\u201d. Apoiada pela FAPESP e orientada por Pedro Munari, pesquisador do Centro de Ci\u00eancias Matem\u00e1ticas Aplicadas \u00e0 [&hellip;]\" \/>\n<meta property=\"og:url\" content=\"https:\/\/dep.ufscar.br\/index.php\/bolsista-da-fapesp-recebe-premio-associacao-brasileira-de-logistica-2024\/\" \/>\n<meta property=\"og:site_name\" content=\"DEP\" \/>\n<meta property=\"og:image\" content=\"http:\/\/dep.ufscar.br\/wp-content\/uploads\/2025\/03\/54154.png\" \/>\n\t<meta property=\"og:image:width\" content=\"495\" \/>\n\t<meta property=\"og:image:height\" content=\"268\" \/>\n<meta name=\"twitter:card\" content=\"summary_large_image\" \/>\n<meta name=\"twitter:label1\" content=\"Est. tempo de leitura\" \/>\n\t<meta name=\"twitter:data1\" content=\"2 minutos\" \/>\n<script type=\"application\/ld+json\" class=\"yoast-schema-graph\">{\"@context\":\"https:\/\/schema.org\",\"@graph\":[{\"@type\":\"WebSite\",\"@id\":\"https:\/\/dep.ufscar.br\/#website\",\"url\":\"https:\/\/dep.ufscar.br\/\",\"name\":\"DEP\",\"description\":\"Departamento de Engenharia de Produ\\u00e7\\u00e3o\",\"potentialAction\":[{\"@type\":\"SearchAction\",\"target\":{\"@type\":\"EntryPoint\",\"urlTemplate\":\"https:\/\/dep.ufscar.br\/?s={search_term_string}\"},\"query-input\":\"required name=search_term_string\"}],\"inLanguage\":\"pt-BR\"},{\"@type\":\"ImageObject\",\"@id\":\"https:\/\/dep.ufscar.br\/index.php\/bolsista-da-fapesp-recebe-premio-associacao-brasileira-de-logistica-2024\/#primaryimage\",\"inLanguage\":\"pt-BR\",\"url\":\"https:\/\/dep.ufscar.br\/wp-content\/uploads\/2025\/03\/54154.png\",\"contentUrl\":\"https:\/\/dep.ufscar.br\/wp-content\/uploads\/2025\/03\/54154.png\",\"width\":495,\"height\":268},{\"@type\":\"WebPage\",\"@id\":\"https:\/\/dep.ufscar.br\/index.php\/bolsista-da-fapesp-recebe-premio-associacao-brasileira-de-logistica-2024\/#webpage\",\"url\":\"https:\/\/dep.ufscar.br\/index.php\/bolsista-da-fapesp-recebe-premio-associacao-brasileira-de-logistica-2024\/\",\"name\":\"Bolsista da FAPESP recebe Pr\\u00eamio Associa\\u00e7\\u00e3o Brasileira de Log\\u00edstica 2024 - DEP\",\"isPartOf\":{\"@id\":\"https:\/\/dep.ufscar.br\/#website\"},\"primaryImageOfPage\":{\"@id\":\"https:\/\/dep.ufscar.br\/index.php\/bolsista-da-fapesp-recebe-premio-associacao-brasileira-de-logistica-2024\/#primaryimage\"},\"datePublished\":\"2025-03-26T11:07:27+00:00\",\"dateModified\":\"2025-03-26T11:07:27+00:00\",\"breadcrumb\":{\"@id\":\"https:\/\/dep.ufscar.br\/index.php\/bolsista-da-fapesp-recebe-premio-associacao-brasileira-de-logistica-2024\/#breadcrumb\"},\"inLanguage\":\"pt-BR\",\"potentialAction\":[{\"@type\":\"ReadAction\",\"target\":[\"https:\/\/dep.ufscar.br\/index.php\/bolsista-da-fapesp-recebe-premio-associacao-brasileira-de-logistica-2024\/\"]}]},{\"@type\":\"BreadcrumbList\",\"@id\":\"https:\/\/dep.ufscar.br\/index.php\/bolsista-da-fapesp-recebe-premio-associacao-brasileira-de-logistica-2024\/#breadcrumb\",\"itemListElement\":[{\"@type\":\"ListItem\",\"position\":1,\"name\":\"Home\",\"item\":\"https:\/\/dep.ufscar.br\/\"},{\"@type\":\"ListItem\",\"position\":2,\"name\":\"Bolsista da FAPESP recebe Pr\\u00eamio Associa\\u00e7\\u00e3o Brasileira de Log\\u00edstica 2024\"}]}]}<\/script>\n<!-- \/ Yoast SEO plugin. -->","yoast_head_json":{"title":"Bolsista da FAPESP recebe Pr\u00eamio Associa\u00e7\u00e3o Brasileira de Log\u00edstica 2024 - DEP","robots":{"index":"index","follow":"follow","max-snippet":"max-snippet:-1","max-image-preview":"max-image-preview:large","max-video-preview":"max-video-preview:-1"},"canonical":"https:\/\/dep.ufscar.br\/index.php\/bolsista-da-fapesp-recebe-premio-associacao-brasileira-de-logistica-2024\/","og_locale":"pt_BR","og_type":"article","og_title":"Bolsista da FAPESP recebe Pr\u00eamio Associa\u00e7\u00e3o Brasileira de Log\u00edstica 2024 - DEP","og_description":"Ag\u00eancia FAPESP* \u2013Ag\u00eancia FAPESP \u2013 Estudo desenvolvido por Thiago Jos\u00e9 dos Santos Vieira, doutor em engenharia de produ\u00e7\u00e3o pela Universidade Federal de S\u00e3o Carlos (UFSCar), recebeu o Pr\u00eamio Associa\u00e7\u00e3o Brasileira de Log\u00edstica (Abralog) 2024 na categoria \u201cEstudante de Log\u00edstica\u201d. Apoiada pela FAPESP e orientada por Pedro Munari, pesquisador do Centro de Ci\u00eancias Matem\u00e1ticas Aplicadas \u00e0 [&hellip;]","og_url":"https:\/\/dep.ufscar.br\/index.php\/bolsista-da-fapesp-recebe-premio-associacao-brasileira-de-logistica-2024\/","og_site_name":"DEP","og_image":[{"width":495,"height":268,"url":"http:\/\/dep.ufscar.br\/wp-content\/uploads\/2025\/03\/54154.png","path":"\/var\/www\/html\/desenvolvimento\/wp-content\/uploads\/2025\/03\/54154.png","size":"full","id":5919,"alt":"","pixels":132660,"type":"image\/png"}],"twitter_card":"summary_large_image","twitter_misc":{"Est. tempo de leitura":"2 minutos"},"schema":{"@context":"https:\/\/schema.org","@graph":[{"@type":"WebSite","@id":"https:\/\/dep.ufscar.br\/#website","url":"https:\/\/dep.ufscar.br\/","name":"DEP","description":"Departamento de Engenharia de Produ\u00e7\u00e3o","potentialAction":[{"@type":"SearchAction","target":{"@type":"EntryPoint","urlTemplate":"https:\/\/dep.ufscar.br\/?s={search_term_string}"},"query-input":"required name=search_term_string"}],"inLanguage":"pt-BR"},{"@type":"ImageObject","@id":"https:\/\/dep.ufscar.br\/index.php\/bolsista-da-fapesp-recebe-premio-associacao-brasileira-de-logistica-2024\/#primaryimage","inLanguage":"pt-BR","url":"https:\/\/dep.ufscar.br\/wp-content\/uploads\/2025\/03\/54154.png","contentUrl":"https:\/\/dep.ufscar.br\/wp-content\/uploads\/2025\/03\/54154.png","width":495,"height":268},{"@type":"WebPage","@id":"https:\/\/dep.ufscar.br\/index.php\/bolsista-da-fapesp-recebe-premio-associacao-brasileira-de-logistica-2024\/#webpage","url":"https:\/\/dep.ufscar.br\/index.php\/bolsista-da-fapesp-recebe-premio-associacao-brasileira-de-logistica-2024\/","name":"Bolsista da FAPESP recebe Pr\u00eamio Associa\u00e7\u00e3o Brasileira de Log\u00edstica 2024 - DEP","isPartOf":{"@id":"https:\/\/dep.ufscar.br\/#website"},"primaryImageOfPage":{"@id":"https:\/\/dep.ufscar.br\/index.php\/bolsista-da-fapesp-recebe-premio-associacao-brasileira-de-logistica-2024\/#primaryimage"},"datePublished":"2025-03-26T11:07:27+00:00","dateModified":"2025-03-26T11:07:27+00:00","breadcrumb":{"@id":"https:\/\/dep.ufscar.br\/index.php\/bolsista-da-fapesp-recebe-premio-associacao-brasileira-de-logistica-2024\/#breadcrumb"},"inLanguage":"pt-BR","potentialAction":[{"@type":"ReadAction","target":["https:\/\/dep.ufscar.br\/index.php\/bolsista-da-fapesp-recebe-premio-associacao-brasileira-de-logistica-2024\/"]}]},{"@type":"BreadcrumbList","@id":"https:\/\/dep.ufscar.br\/index.php\/bolsista-da-fapesp-recebe-premio-associacao-brasileira-de-logistica-2024\/#breadcrumb","itemListElement":[{"@type":"ListItem","position":1,"name":"Home","item":"https:\/\/dep.ufscar.br\/"},{"@type":"ListItem","position":2,"name":"Bolsista da FAPESP recebe Pr\u00eamio Associa\u00e7\u00e3o Brasileira de Log\u00edstica 2024"}]}]}},"_links":{"self":[{"href":"https:\/\/dep.ufscar.br\/index.php\/wp-json\/wp\/v2\/pages\/5918"}],"collection":[{"href":"https:\/\/dep.ufscar.br\/index.php\/wp-json\/wp\/v2\/pages"}],"about":[{"href":"https:\/\/dep.ufscar.br\/index.php\/wp-json\/wp\/v2\/types\/page"}],"author":[{"embeddable":true,"href":"https:\/\/dep.ufscar.br\/index.php\/wp-json\/wp\/v2\/users\/245"}],"replies":[{"embeddable":true,"href":"https:\/\/dep.ufscar.br\/index.php\/wp-json\/wp\/v2\/comments?post=5918"}],"version-history":[{"count":1,"href":"https:\/\/dep.ufscar.br\/index.php\/wp-json\/wp\/v2\/pages\/5918\/revisions"}],"predecessor-version":[{"id":5920,"href":"https:\/\/dep.ufscar.br\/index.php\/wp-json\/wp\/v2\/pages\/5918\/revisions\/5920"}],"wp:featuredmedia":[{"embeddable":true,"href":"https:\/\/dep.ufscar.br\/index.php\/wp-json\/wp\/v2\/media\/5919"}],"wp:attachment":[{"href":"https:\/\/dep.ufscar.br\/index.php\/wp-json\/wp\/v2\/media?parent=5918"}],"wp:term":[{"taxonomy":"category","embeddable":true,"href":"https:\/\/dep.ufscar.br\/index.php\/wp-json\/wp\/v2\/categories?post=5918"},{"taxonomy":"post_tag","embeddable":true,"href":"https:\/\/dep.ufscar.br\/index.php\/wp-json\/wp\/v2\/tags?post=5918"}],"curies":[{"name":"wp","href":"https:\/\/api.w.org\/{rel}","templated":true}]}}