{"id":5902,"date":"2024-11-28T16:42:36","date_gmt":"2024-11-28T18:42:36","guid":{"rendered":"https:\/\/dep.ufscar.br\/?page_id=5902"},"modified":"2024-11-28T16:42:36","modified_gmt":"2024-11-28T18:42:36","slug":"producao-junior-vence-disputa-em-evento-regional","status":"publish","type":"page","link":"https:\/\/dep.ufscar.br\/index.php\/producao-junior-vence-disputa-em-evento-regional\/","title":{"rendered":"Produ\u00e7\u00e3o J\u00fanior vence disputa em evento regional"},"content":{"rendered":"<p>&nbsp;<\/p>\n<p><img loading=\"lazy\" class=\"size-medium wp-image-5903 alignleft\" src=\"http:\/\/dep.ufscar.br\/wp-content\/uploads\/2024\/11\/Prod_jr-239x300.jpg\" alt=\"\" width=\"239\" height=\"300\" srcset=\"https:\/\/dep.ufscar.br\/wp-content\/uploads\/2024\/11\/Prod_jr-239x300.jpg 239w, https:\/\/dep.ufscar.br\/wp-content\/uploads\/2024\/11\/Prod_jr.jpg 477w\" sizes=\"(max-width: 239px) 100vw, 239px\" \/>A Produ\u00e7\u00e3o Jr, Empresa J\u00fanior do Departamento de Engenharia de Produ\u00e7\u00e3o da UFSCar, venceu a batalha de cases do &#8220;Avance Chronos 2024: o tempo \u00e9 agora&#8221;, realizada nos dias 9 e 10 de novembro, no Hotel Nacional Inn, em S\u00e3o Carlos. O evento foi promovido pelo N\u00facleo de Empresas Juniores de S\u00e3o Carlos (NuSC).<\/p>\n<p>O projeto premiado consistiu em uma consultoria para o Instituto Angelim, com foco no desenvolvimento do Projeto Unidade de Produ\u00e7\u00e3o de Absorventes \u00cdntimos Femininos \u2013 Para uma Vida Sem Barreiras. O objetivo \u00e9 fabricar absorventes acess\u00edveis, promovendo renda e emprego para mulheres em situa\u00e7\u00e3o de vulnerabilidade.<\/p>\n<p>A consultoria ajudou o Instituto Angelim a identificar custos e condi\u00e7\u00f5es para implantar a m\u00e1quina de produ\u00e7\u00e3o, al\u00e9m de mapear os desafios na fabrica\u00e7\u00e3o e comercializa\u00e7\u00e3o dos absorventes. Durante a apresenta\u00e7\u00e3o, a Produ\u00e7\u00e3o Jr destacou tamb\u00e9m outras iniciativas voltadas \u00e0 diversidade, viv\u00eancia empresarial e impacto social.<\/p>\n<p>A banca avaliadora e os congressistas elegeram a Produ\u00e7\u00e3o Jr campe\u00e3 da categoria. \u201cEstamos felizes por vencer a batalha de cases. Esse projeto permitir\u00e1 ao Instituto Angelim desenvolver etapas fundamentais para a produ\u00e7\u00e3o de absorventes femininos acess\u00edveis, gerando impacto social positivo\u201d, afirmou Maria Fernanda Furtado, representante da Produ\u00e7\u00e3o Jr.<\/p>\n<p>Vanja Porto, presidente do Instituto Angelim, elogiou o trabalho: \u201cA consultoria foi essencial para viabilizar a implanta\u00e7\u00e3o da unidade de produ\u00e7\u00e3o, al\u00e9m de nos ajudar a superar desafios.\u201d<\/p>\n<p>Mirlene Sim\u00f5es, coordenadora de estudos do Instituto, explicou que a iniciativa teve in\u00edcio em parceria com a Secretaria Municipal de Trabalho e Renda. \u201cA Produ\u00e7\u00e3o Jr assumiu o desafio de elaborar um levantamento de custos e o planejamento completo para a unidade. Somos gratos pela dedica\u00e7\u00e3o dos estudantes\u201d, afirmou.<\/p>\n<p>O Avance Chronos 2024 reuniu 550 congressistas e 45 Empresas Juniores, com participa\u00e7\u00e3o de gigantes como Ra\u00edzen, P&amp;G e Nestl\u00e9, promovendo networking e reflex\u00f5es sobre inova\u00e7\u00e3o no mercado. O NuSC, organizador do evento, representa 68 Empresas Juniores de 14 Institui\u00e7\u00f5es de Ensino Superior da regi\u00e3o de S\u00e3o Carlos, promovendo a\u00e7\u00f5es de acelera\u00e7\u00e3o e desenvolvimento.<\/p>\n","protected":false},"excerpt":{"rendered":"<p>&nbsp; A Produ\u00e7\u00e3o Jr, Empresa J\u00fanior do Departamento de Engenharia de Produ\u00e7\u00e3o da UFSCar, venceu a batalha de cases do &#8220;Avance Chronos 2024: o tempo \u00e9 agora&#8221;, realizada nos dias 9 e 10 de novembro, no Hotel Nacional Inn, em S\u00e3o Carlos. O evento foi promovido pelo N\u00facleo de Empresas Juniores de S\u00e3o Carlos (NuSC). &#8230; <a class=\"more-link\" href=\"https:\/\/dep.ufscar.br\/index.php\/producao-junior-vence-disputa-em-evento-regional\/\">Leia mais<\/a><\/p>\n","protected":false},"author":245,"featured_media":5904,"parent":0,"menu_order":0,"comment_status":"closed","ping_status":"closed","template":"","meta":[],"categories":[29,38],"tags":[],"yoast_head":"<!-- This site is optimized with the Yoast SEO plugin v17.0 - https:\/\/yoast.com\/wordpress\/plugins\/seo\/ -->\n<title>Produ\u00e7\u00e3o J\u00fanior vence disputa em evento regional - DEP<\/title>\n<meta name=\"robots\" content=\"index, follow, max-snippet:-1, max-image-preview:large, max-video-preview:-1\" \/>\n<link rel=\"canonical\" href=\"https:\/\/dep.ufscar.br\/index.php\/producao-junior-vence-disputa-em-evento-regional\/\" \/>\n<meta property=\"og:locale\" content=\"pt_BR\" \/>\n<meta property=\"og:type\" content=\"article\" \/>\n<meta property=\"og:title\" content=\"Produ\u00e7\u00e3o J\u00fanior vence disputa em evento regional - DEP\" \/>\n<meta property=\"og:description\" content=\"&nbsp; A Produ\u00e7\u00e3o Jr, Empresa J\u00fanior do Departamento de Engenharia de Produ\u00e7\u00e3o da UFSCar, venceu a batalha de cases do &#8220;Avance Chronos 2024: o tempo \u00e9 agora&#8221;, realizada nos dias 9 e 10 de novembro, no Hotel Nacional Inn, em S\u00e3o Carlos. O evento foi promovido pelo N\u00facleo de Empresas Juniores de S\u00e3o Carlos (NuSC). [&hellip;]\" \/>\n<meta property=\"og:url\" content=\"https:\/\/dep.ufscar.br\/index.php\/producao-junior-vence-disputa-em-evento-regional\/\" \/>\n<meta property=\"og:site_name\" content=\"DEP\" \/>\n<meta property=\"og:image\" content=\"http:\/\/dep.ufscar.br\/wp-content\/uploads\/2024\/11\/logo-gp-pesquisa-producao-jr.png\" \/>\n\t<meta property=\"og:image:width\" content=\"495\" \/>\n\t<meta property=\"og:image:height\" content=\"278\" \/>\n<meta name=\"twitter:card\" content=\"summary_large_image\" \/>\n<meta name=\"twitter:label1\" content=\"Est. tempo de leitura\" \/>\n\t<meta name=\"twitter:data1\" content=\"2 minutos\" \/>\n<script type=\"application\/ld+json\" class=\"yoast-schema-graph\">{\"@context\":\"https:\/\/schema.org\",\"@graph\":[{\"@type\":\"WebSite\",\"@id\":\"https:\/\/dep.ufscar.br\/#website\",\"url\":\"https:\/\/dep.ufscar.br\/\",\"name\":\"DEP\",\"description\":\"Departamento de Engenharia de Produ\\u00e7\\u00e3o\",\"potentialAction\":[{\"@type\":\"SearchAction\",\"target\":{\"@type\":\"EntryPoint\",\"urlTemplate\":\"https:\/\/dep.ufscar.br\/?s={search_term_string}\"},\"query-input\":\"required name=search_term_string\"}],\"inLanguage\":\"pt-BR\"},{\"@type\":\"ImageObject\",\"@id\":\"https:\/\/dep.ufscar.br\/index.php\/producao-junior-vence-disputa-em-evento-regional\/#primaryimage\",\"inLanguage\":\"pt-BR\",\"url\":\"https:\/\/dep.ufscar.br\/wp-content\/uploads\/2024\/11\/logo-gp-pesquisa-producao-jr.png\",\"contentUrl\":\"https:\/\/dep.ufscar.br\/wp-content\/uploads\/2024\/11\/logo-gp-pesquisa-producao-jr.png\",\"width\":495,\"height\":278},{\"@type\":\"WebPage\",\"@id\":\"https:\/\/dep.ufscar.br\/index.php\/producao-junior-vence-disputa-em-evento-regional\/#webpage\",\"url\":\"https:\/\/dep.ufscar.br\/index.php\/producao-junior-vence-disputa-em-evento-regional\/\",\"name\":\"Produ\\u00e7\\u00e3o J\\u00fanior vence disputa em evento regional - DEP\",\"isPartOf\":{\"@id\":\"https:\/\/dep.ufscar.br\/#website\"},\"primaryImageOfPage\":{\"@id\":\"https:\/\/dep.ufscar.br\/index.php\/producao-junior-vence-disputa-em-evento-regional\/#primaryimage\"},\"datePublished\":\"2024-11-28T18:42:36+00:00\",\"dateModified\":\"2024-11-28T18:42:36+00:00\",\"breadcrumb\":{\"@id\":\"https:\/\/dep.ufscar.br\/index.php\/producao-junior-vence-disputa-em-evento-regional\/#breadcrumb\"},\"inLanguage\":\"pt-BR\",\"potentialAction\":[{\"@type\":\"ReadAction\",\"target\":[\"https:\/\/dep.ufscar.br\/index.php\/producao-junior-vence-disputa-em-evento-regional\/\"]}]},{\"@type\":\"BreadcrumbList\",\"@id\":\"https:\/\/dep.ufscar.br\/index.php\/producao-junior-vence-disputa-em-evento-regional\/#breadcrumb\",\"itemListElement\":[{\"@type\":\"ListItem\",\"position\":1,\"name\":\"Home\",\"item\":\"https:\/\/dep.ufscar.br\/\"},{\"@type\":\"ListItem\",\"position\":2,\"name\":\"Produ\\u00e7\\u00e3o J\\u00fanior vence disputa em evento regional\"}]}]}<\/script>\n<!-- \/ Yoast SEO plugin. -->","yoast_head_json":{"title":"Produ\u00e7\u00e3o J\u00fanior vence disputa em evento regional - DEP","robots":{"index":"index","follow":"follow","max-snippet":"max-snippet:-1","max-image-preview":"max-image-preview:large","max-video-preview":"max-video-preview:-1"},"canonical":"https:\/\/dep.ufscar.br\/index.php\/producao-junior-vence-disputa-em-evento-regional\/","og_locale":"pt_BR","og_type":"article","og_title":"Produ\u00e7\u00e3o J\u00fanior vence disputa em evento regional - DEP","og_description":"&nbsp; A Produ\u00e7\u00e3o Jr, Empresa J\u00fanior do Departamento de Engenharia de Produ\u00e7\u00e3o da UFSCar, venceu a batalha de cases do &#8220;Avance Chronos 2024: o tempo \u00e9 agora&#8221;, realizada nos dias 9 e 10 de novembro, no Hotel Nacional Inn, em S\u00e3o Carlos. O evento foi promovido pelo N\u00facleo de Empresas Juniores de S\u00e3o Carlos (NuSC). [&hellip;]","og_url":"https:\/\/dep.ufscar.br\/index.php\/producao-junior-vence-disputa-em-evento-regional\/","og_site_name":"DEP","og_image":[{"width":495,"height":278,"url":"http:\/\/dep.ufscar.br\/wp-content\/uploads\/2024\/11\/logo-gp-pesquisa-producao-jr.png","path":"\/var\/www\/html\/desenvolvimento\/wp-content\/uploads\/2024\/11\/logo-gp-pesquisa-producao-jr.png","size":"full","id":5904,"alt":"","pixels":137610,"type":"image\/png"}],"twitter_card":"summary_large_image","twitter_misc":{"Est. tempo de leitura":"2 minutos"},"schema":{"@context":"https:\/\/schema.org","@graph":[{"@type":"WebSite","@id":"https:\/\/dep.ufscar.br\/#website","url":"https:\/\/dep.ufscar.br\/","name":"DEP","description":"Departamento de Engenharia de Produ\u00e7\u00e3o","potentialAction":[{"@type":"SearchAction","target":{"@type":"EntryPoint","urlTemplate":"https:\/\/dep.ufscar.br\/?s={search_term_string}"},"query-input":"required name=search_term_string"}],"inLanguage":"pt-BR"},{"@type":"ImageObject","@id":"https:\/\/dep.ufscar.br\/index.php\/producao-junior-vence-disputa-em-evento-regional\/#primaryimage","inLanguage":"pt-BR","url":"https:\/\/dep.ufscar.br\/wp-content\/uploads\/2024\/11\/logo-gp-pesquisa-producao-jr.png","contentUrl":"https:\/\/dep.ufscar.br\/wp-content\/uploads\/2024\/11\/logo-gp-pesquisa-producao-jr.png","width":495,"height":278},{"@type":"WebPage","@id":"https:\/\/dep.ufscar.br\/index.php\/producao-junior-vence-disputa-em-evento-regional\/#webpage","url":"https:\/\/dep.ufscar.br\/index.php\/producao-junior-vence-disputa-em-evento-regional\/","name":"Produ\u00e7\u00e3o J\u00fanior vence disputa em evento regional - DEP","isPartOf":{"@id":"https:\/\/dep.ufscar.br\/#website"},"primaryImageOfPage":{"@id":"https:\/\/dep.ufscar.br\/index.php\/producao-junior-vence-disputa-em-evento-regional\/#primaryimage"},"datePublished":"2024-11-28T18:42:36+00:00","dateModified":"2024-11-28T18:42:36+00:00","breadcrumb":{"@id":"https:\/\/dep.ufscar.br\/index.php\/producao-junior-vence-disputa-em-evento-regional\/#breadcrumb"},"inLanguage":"pt-BR","potentialAction":[{"@type":"ReadAction","target":["https:\/\/dep.ufscar.br\/index.php\/producao-junior-vence-disputa-em-evento-regional\/"]}]},{"@type":"BreadcrumbList","@id":"https:\/\/dep.ufscar.br\/index.php\/producao-junior-vence-disputa-em-evento-regional\/#breadcrumb","itemListElement":[{"@type":"ListItem","position":1,"name":"Home","item":"https:\/\/dep.ufscar.br\/"},{"@type":"ListItem","position":2,"name":"Produ\u00e7\u00e3o J\u00fanior vence disputa em evento regional"}]}]}},"_links":{"self":[{"href":"https:\/\/dep.ufscar.br\/index.php\/wp-json\/wp\/v2\/pages\/5902"}],"collection":[{"href":"https:\/\/dep.ufscar.br\/index.php\/wp-json\/wp\/v2\/pages"}],"about":[{"href":"https:\/\/dep.ufscar.br\/index.php\/wp-json\/wp\/v2\/types\/page"}],"author":[{"embeddable":true,"href":"https:\/\/dep.ufscar.br\/index.php\/wp-json\/wp\/v2\/users\/245"}],"replies":[{"embeddable":true,"href":"https:\/\/dep.ufscar.br\/index.php\/wp-json\/wp\/v2\/comments?post=5902"}],"version-history":[{"count":1,"href":"https:\/\/dep.ufscar.br\/index.php\/wp-json\/wp\/v2\/pages\/5902\/revisions"}],"predecessor-version":[{"id":5905,"href":"https:\/\/dep.ufscar.br\/index.php\/wp-json\/wp\/v2\/pages\/5902\/revisions\/5905"}],"wp:featuredmedia":[{"embeddable":true,"href":"https:\/\/dep.ufscar.br\/index.php\/wp-json\/wp\/v2\/media\/5904"}],"wp:attachment":[{"href":"https:\/\/dep.ufscar.br\/index.php\/wp-json\/wp\/v2\/media?parent=5902"}],"wp:term":[{"taxonomy":"category","embeddable":true,"href":"https:\/\/dep.ufscar.br\/index.php\/wp-json\/wp\/v2\/categories?post=5902"},{"taxonomy":"post_tag","embeddable":true,"href":"https:\/\/dep.ufscar.br\/index.php\/wp-json\/wp\/v2\/tags?post=5902"}],"curies":[{"name":"wp","href":"https:\/\/api.w.org\/{rel}","templated":true}]}}