{"id":5895,"date":"2024-11-28T16:21:40","date_gmt":"2024-11-28T18:21:40","guid":{"rendered":"https:\/\/dep.ufscar.br\/?page_id=5895"},"modified":"2024-11-28T16:33:11","modified_gmt":"2024-11-28T18:33:11","slug":"ain-conecta-dia-29-de-novembro","status":"publish","type":"page","link":"https:\/\/dep.ufscar.br\/index.php\/ain-conecta-dia-29-de-novembro\/","title":{"rendered":"AIn Conecta dia 29 de novembro"},"content":{"rendered":"<p><img loading=\"lazy\" class=\"size-medium wp-image-5897 alignleft\" src=\"http:\/\/dep.ufscar.br\/wp-content\/uploads\/2024\/11\/WhatsApp-Image-2024-11-21-at-16.36.22-1-212x300.jpeg\" alt=\"\" width=\"212\" height=\"300\" \/><\/p>\n<p>Em comemora\u00e7\u00e3o aos 15 anos da Ag\u00eancia de Inova\u00e7\u00e3o da UFSCar, ser\u00e1 realizada uma edi\u00e7\u00e3o especial do \u201cAIn Conecta\u201d. O evento acontecer\u00e1 no dia 29 de novembro, das 8h \u00e0s 17h30, no Centro de Pesquisas em Materiais Avan\u00e7ados e Energia (CPqMAE), no campus da UFSCar, em S\u00e3o Carlos.<\/p>\n<p>O objetivo do evento \u00e9 fortalecer a rela\u00e7\u00e3o entre a Universidade e as empresas, apresentar programas e a\u00e7\u00f5es da AIn e compartilhar novidades com a comunidade interna e externa. Esta edi\u00e7\u00e3o especial integra o S\u00e3o Carlos Innovation Summit.<\/p>\n<p>A programa\u00e7\u00e3o inclui a abertura com a participa\u00e7\u00e3o da reitora da UFSCar, apresenta\u00e7\u00e3o do Programa de Empresas-filhas da UFSCar, o Edital PITE-FAPESP, e o Programa MAI\/DAI UFSCar, com presen\u00e7a do CNPq.<\/p>\n<p>O evento \u00e9 organizado pela Ag\u00eancia de Inova\u00e7\u00e3o da UFSCar em parceria com diversas institui\u00e7\u00f5es e \u00e9 aberto a toda a comunidade, com vagas limitadas.<\/p>\n<p>\ud83d\udcdd Para se inscrever, acesse: <a href=\"https:\/\/www.sympla.com.br\/ainconecta---especial-15-anos-da-agencia-de-inovacao-da-ufscar__2715378\">https:\/\/www.sympla.com.br\/ainconecta&#8212;especial-15-anos-da-agencia-de-inovacao-da-ufscar__2715378<\/a><br \/>\nEsperamos v\u00ea-lo(a) l\u00e1!<\/p>\n","protected":false},"excerpt":{"rendered":"<p>Em comemora\u00e7\u00e3o aos 15 anos da Ag\u00eancia de Inova\u00e7\u00e3o da UFSCar, ser\u00e1 realizada uma edi\u00e7\u00e3o especial do \u201cAIn Conecta\u201d. O evento acontecer\u00e1 no dia 29 de novembro, das 8h \u00e0s 17h30, no Centro de Pesquisas em Materiais Avan\u00e7ados e Energia (CPqMAE), no campus da UFSCar, em S\u00e3o Carlos. O objetivo do evento \u00e9 fortalecer a &#8230; <a class=\"more-link\" href=\"https:\/\/dep.ufscar.br\/index.php\/ain-conecta-dia-29-de-novembro\/\">Leia mais<\/a><\/p>\n","protected":false},"author":245,"featured_media":5901,"parent":0,"menu_order":0,"comment_status":"closed","ping_status":"closed","template":"","meta":[],"categories":[29,38],"tags":[],"yoast_head":"<!-- This site is optimized with the Yoast SEO plugin v17.0 - https:\/\/yoast.com\/wordpress\/plugins\/seo\/ -->\n<title>AIn Conecta dia 29 de novembro - DEP<\/title>\n<meta name=\"robots\" content=\"index, follow, max-snippet:-1, max-image-preview:large, max-video-preview:-1\" \/>\n<link rel=\"canonical\" href=\"https:\/\/dep.ufscar.br\/index.php\/ain-conecta-dia-29-de-novembro\/\" \/>\n<meta property=\"og:locale\" content=\"pt_BR\" \/>\n<meta property=\"og:type\" content=\"article\" \/>\n<meta property=\"og:title\" content=\"AIn Conecta dia 29 de novembro - DEP\" \/>\n<meta property=\"og:description\" content=\"Em comemora\u00e7\u00e3o aos 15 anos da Ag\u00eancia de Inova\u00e7\u00e3o da UFSCar, ser\u00e1 realizada uma edi\u00e7\u00e3o especial do \u201cAIn Conecta\u201d. O evento acontecer\u00e1 no dia 29 de novembro, das 8h \u00e0s 17h30, no Centro de Pesquisas em Materiais Avan\u00e7ados e Energia (CPqMAE), no campus da UFSCar, em S\u00e3o Carlos. O objetivo do evento \u00e9 fortalecer a [&hellip;]\" \/>\n<meta property=\"og:url\" content=\"https:\/\/dep.ufscar.br\/index.php\/ain-conecta-dia-29-de-novembro\/\" \/>\n<meta property=\"og:site_name\" content=\"DEP\" \/>\n<meta property=\"article:modified_time\" content=\"2024-11-28T18:33:11+00:00\" \/>\n<meta property=\"og:image\" content=\"http:\/\/dep.ufscar.br\/wp-content\/uploads\/2024\/11\/Ain-1.jpg\" \/>\n\t<meta property=\"og:image:width\" content=\"495\" \/>\n\t<meta property=\"og:image:height\" content=\"278\" \/>\n<meta name=\"twitter:card\" content=\"summary_large_image\" \/>\n<meta name=\"twitter:label1\" content=\"Est. tempo de leitura\" \/>\n\t<meta name=\"twitter:data1\" content=\"1 minuto\" \/>\n<script type=\"application\/ld+json\" class=\"yoast-schema-graph\">{\"@context\":\"https:\/\/schema.org\",\"@graph\":[{\"@type\":\"WebSite\",\"@id\":\"https:\/\/dep.ufscar.br\/#website\",\"url\":\"https:\/\/dep.ufscar.br\/\",\"name\":\"DEP\",\"description\":\"Departamento de Engenharia de Produ\\u00e7\\u00e3o\",\"potentialAction\":[{\"@type\":\"SearchAction\",\"target\":{\"@type\":\"EntryPoint\",\"urlTemplate\":\"https:\/\/dep.ufscar.br\/?s={search_term_string}\"},\"query-input\":\"required name=search_term_string\"}],\"inLanguage\":\"pt-BR\"},{\"@type\":\"ImageObject\",\"@id\":\"https:\/\/dep.ufscar.br\/index.php\/ain-conecta-dia-29-de-novembro\/#primaryimage\",\"inLanguage\":\"pt-BR\",\"url\":\"https:\/\/dep.ufscar.br\/wp-content\/uploads\/2024\/11\/Ain-1.jpg\",\"contentUrl\":\"https:\/\/dep.ufscar.br\/wp-content\/uploads\/2024\/11\/Ain-1.jpg\",\"width\":495,\"height\":278},{\"@type\":\"WebPage\",\"@id\":\"https:\/\/dep.ufscar.br\/index.php\/ain-conecta-dia-29-de-novembro\/#webpage\",\"url\":\"https:\/\/dep.ufscar.br\/index.php\/ain-conecta-dia-29-de-novembro\/\",\"name\":\"AIn Conecta dia 29 de novembro - DEP\",\"isPartOf\":{\"@id\":\"https:\/\/dep.ufscar.br\/#website\"},\"primaryImageOfPage\":{\"@id\":\"https:\/\/dep.ufscar.br\/index.php\/ain-conecta-dia-29-de-novembro\/#primaryimage\"},\"datePublished\":\"2024-11-28T18:21:40+00:00\",\"dateModified\":\"2024-11-28T18:33:11+00:00\",\"breadcrumb\":{\"@id\":\"https:\/\/dep.ufscar.br\/index.php\/ain-conecta-dia-29-de-novembro\/#breadcrumb\"},\"inLanguage\":\"pt-BR\",\"potentialAction\":[{\"@type\":\"ReadAction\",\"target\":[\"https:\/\/dep.ufscar.br\/index.php\/ain-conecta-dia-29-de-novembro\/\"]}]},{\"@type\":\"BreadcrumbList\",\"@id\":\"https:\/\/dep.ufscar.br\/index.php\/ain-conecta-dia-29-de-novembro\/#breadcrumb\",\"itemListElement\":[{\"@type\":\"ListItem\",\"position\":1,\"name\":\"Home\",\"item\":\"https:\/\/dep.ufscar.br\/\"},{\"@type\":\"ListItem\",\"position\":2,\"name\":\"AIn Conecta dia 29 de novembro\"}]}]}<\/script>\n<!-- \/ Yoast SEO plugin. -->","yoast_head_json":{"title":"AIn Conecta dia 29 de novembro - DEP","robots":{"index":"index","follow":"follow","max-snippet":"max-snippet:-1","max-image-preview":"max-image-preview:large","max-video-preview":"max-video-preview:-1"},"canonical":"https:\/\/dep.ufscar.br\/index.php\/ain-conecta-dia-29-de-novembro\/","og_locale":"pt_BR","og_type":"article","og_title":"AIn Conecta dia 29 de novembro - DEP","og_description":"Em comemora\u00e7\u00e3o aos 15 anos da Ag\u00eancia de Inova\u00e7\u00e3o da UFSCar, ser\u00e1 realizada uma edi\u00e7\u00e3o especial do \u201cAIn Conecta\u201d. O evento acontecer\u00e1 no dia 29 de novembro, das 8h \u00e0s 17h30, no Centro de Pesquisas em Materiais Avan\u00e7ados e Energia (CPqMAE), no campus da UFSCar, em S\u00e3o Carlos. O objetivo do evento \u00e9 fortalecer a [&hellip;]","og_url":"https:\/\/dep.ufscar.br\/index.php\/ain-conecta-dia-29-de-novembro\/","og_site_name":"DEP","article_modified_time":"2024-11-28T18:33:11+00:00","og_image":[{"width":495,"height":278,"url":"http:\/\/dep.ufscar.br\/wp-content\/uploads\/2024\/11\/Ain-1.jpg","path":"\/var\/www\/html\/desenvolvimento\/wp-content\/uploads\/2024\/11\/Ain-1.jpg","size":"full","id":5901,"alt":"","pixels":137610,"type":"image\/jpeg"}],"twitter_card":"summary_large_image","twitter_misc":{"Est. tempo de leitura":"1 minuto"},"schema":{"@context":"https:\/\/schema.org","@graph":[{"@type":"WebSite","@id":"https:\/\/dep.ufscar.br\/#website","url":"https:\/\/dep.ufscar.br\/","name":"DEP","description":"Departamento de Engenharia de Produ\u00e7\u00e3o","potentialAction":[{"@type":"SearchAction","target":{"@type":"EntryPoint","urlTemplate":"https:\/\/dep.ufscar.br\/?s={search_term_string}"},"query-input":"required name=search_term_string"}],"inLanguage":"pt-BR"},{"@type":"ImageObject","@id":"https:\/\/dep.ufscar.br\/index.php\/ain-conecta-dia-29-de-novembro\/#primaryimage","inLanguage":"pt-BR","url":"https:\/\/dep.ufscar.br\/wp-content\/uploads\/2024\/11\/Ain-1.jpg","contentUrl":"https:\/\/dep.ufscar.br\/wp-content\/uploads\/2024\/11\/Ain-1.jpg","width":495,"height":278},{"@type":"WebPage","@id":"https:\/\/dep.ufscar.br\/index.php\/ain-conecta-dia-29-de-novembro\/#webpage","url":"https:\/\/dep.ufscar.br\/index.php\/ain-conecta-dia-29-de-novembro\/","name":"AIn Conecta dia 29 de novembro - DEP","isPartOf":{"@id":"https:\/\/dep.ufscar.br\/#website"},"primaryImageOfPage":{"@id":"https:\/\/dep.ufscar.br\/index.php\/ain-conecta-dia-29-de-novembro\/#primaryimage"},"datePublished":"2024-11-28T18:21:40+00:00","dateModified":"2024-11-28T18:33:11+00:00","breadcrumb":{"@id":"https:\/\/dep.ufscar.br\/index.php\/ain-conecta-dia-29-de-novembro\/#breadcrumb"},"inLanguage":"pt-BR","potentialAction":[{"@type":"ReadAction","target":["https:\/\/dep.ufscar.br\/index.php\/ain-conecta-dia-29-de-novembro\/"]}]},{"@type":"BreadcrumbList","@id":"https:\/\/dep.ufscar.br\/index.php\/ain-conecta-dia-29-de-novembro\/#breadcrumb","itemListElement":[{"@type":"ListItem","position":1,"name":"Home","item":"https:\/\/dep.ufscar.br\/"},{"@type":"ListItem","position":2,"name":"AIn Conecta dia 29 de novembro"}]}]}},"_links":{"self":[{"href":"https:\/\/dep.ufscar.br\/index.php\/wp-json\/wp\/v2\/pages\/5895"}],"collection":[{"href":"https:\/\/dep.ufscar.br\/index.php\/wp-json\/wp\/v2\/pages"}],"about":[{"href":"https:\/\/dep.ufscar.br\/index.php\/wp-json\/wp\/v2\/types\/page"}],"author":[{"embeddable":true,"href":"https:\/\/dep.ufscar.br\/index.php\/wp-json\/wp\/v2\/users\/245"}],"replies":[{"embeddable":true,"href":"https:\/\/dep.ufscar.br\/index.php\/wp-json\/wp\/v2\/comments?post=5895"}],"version-history":[{"count":1,"href":"https:\/\/dep.ufscar.br\/index.php\/wp-json\/wp\/v2\/pages\/5895\/revisions"}],"predecessor-version":[{"id":5899,"href":"https:\/\/dep.ufscar.br\/index.php\/wp-json\/wp\/v2\/pages\/5895\/revisions\/5899"}],"wp:featuredmedia":[{"embeddable":true,"href":"https:\/\/dep.ufscar.br\/index.php\/wp-json\/wp\/v2\/media\/5901"}],"wp:attachment":[{"href":"https:\/\/dep.ufscar.br\/index.php\/wp-json\/wp\/v2\/media?parent=5895"}],"wp:term":[{"taxonomy":"category","embeddable":true,"href":"https:\/\/dep.ufscar.br\/index.php\/wp-json\/wp\/v2\/categories?post=5895"},{"taxonomy":"post_tag","embeddable":true,"href":"https:\/\/dep.ufscar.br\/index.php\/wp-json\/wp\/v2\/tags?post=5895"}],"curies":[{"name":"wp","href":"https:\/\/api.w.org\/{rel}","templated":true}]}}