{"id":5892,"date":"2024-10-30T16:25:17","date_gmt":"2024-10-30T19:25:17","guid":{"rendered":"https:\/\/dep.ufscar.br\/?page_id=5892"},"modified":"2024-10-30T16:25:17","modified_gmt":"2024-10-30T19:25:17","slug":"lancamento-do-livro-the-new-geography-in-the-global-automotive-industry","status":"publish","type":"page","link":"https:\/\/dep.ufscar.br\/index.php\/lancamento-do-livro-the-new-geography-in-the-global-automotive-industry\/","title":{"rendered":"Lan\u00e7amento do livro &#8220;The New Geography in the Global Automotive Industry&#8221;"},"content":{"rendered":"<div>\n<div>Livro aborda a nova geografia do Setor Automobil\u00edstico<\/div>\n<div><\/div>\n<div><img class=\"CToWUd a6T alignright\" tabindex=\"0\" src=\"https:\/\/ci3.googleusercontent.com\/meips\/ADKq_NYbOu2C1lpbX-1076KmgCfgpaJsdCnNW5w9vu96eSedcWXZdKcgJHvnGg55qHiUqSQ5T5U70FJf8TVFP3-02KQCEfwmJ8Sd7IkMs3coA22_UHt4g3PXm56WTCSyvNBE5y2tCk8FBcxsyD4mVWE=s0-d-e1-ft#https:\/\/imagemportal.ufscar.br\/88619_livro_automobilismo_portal_1416753415742799575.jpg\" alt=\"Livro explora a nova din\u00e2mica geogr\u00e1fica do setor automotivo (Imagem: Reprodu\u00e7\u00e3o)\" data-bit=\"iit\" \/>Livro explora a nova din\u00e2mica geogr\u00e1fica do setor automotivo (Imagem: Reprodu\u00e7\u00e3o)<\/div>\n<div>Pesquisadores da UFSCar est\u00e3o entre os autores do livro &#8220;The New Geography in the Global Automotive Industry&#8221;, publicado pela Editora Nova Science. Em coautoria com Marcelo Jos\u00e9 do Carmo, M\u00e1rio Sacomano Neto, J\u00falio C\u00e9sar Donadone (da UFSCar); e Aditya Kuthar e Shreya Gupta (da Indian Institute of Technology, Kharagpur, West Bengal, India), o livro explora a nova din\u00e2mica geogr\u00e1fica do setor automotivo ao estudar como o capital aperfei\u00e7oou a capacidade de mobilidade, submetendo pa\u00edses, territ\u00f3rios e trabalhadores \u00e0 extors\u00e3o locacional, ou seja, \u00e0 amea\u00e7a constante de encerramento de f\u00e1bricas.<\/p>\n<p>Esse processo se deve, por exemplo, \u00e0 press\u00e3o sindical, custos, tributos e \u00e0 relut\u00e2ncia dos agentes em garantir a estabilidade da produ\u00e7\u00e3o. \u00c0 medida que essas plantas adotam pr\u00e1ticas cada vez mais modernas, caracterizadas por modelos de organiza\u00e7\u00e3o industrial altamente compactos, como o Completely Knock-Down (CKD) e seus kits pr\u00e9-fabricados e importados, o apego dessas empresas \u00e0s suas localiza\u00e7\u00f5es enfraquece.<\/p>\n<p>Este livro identifica esses movimentos, sobretudo, em termos de Investimentos Estrangeiros Diretos (IEDs), que inundam pa\u00edses e regi\u00f5es carentes de grupos automobil\u00edsticos e os transformam em plataformas de produ\u00e7\u00e3o e exporta\u00e7\u00e3o de baixo custo.<\/p>\n<p>Onde e quanto as montadoras produzem e de que forma? Por meio de\u00a0<em>joint ventures<\/em>\u00a0ou sozinhas? Em que situa\u00e7\u00e3o est\u00e3o os novos\u00a0<em>players<\/em>, como China e \u00cdndia? Como podemos explicar o decl\u00ednio dos antigos produtores europeus, EUA e Jap\u00e3o? At\u00e9 que ponto essas mudan\u00e7as na localiza\u00e7\u00e3o da produ\u00e7\u00e3o afetaram os pa\u00edses e o pr\u00f3prio setor automotivo, especialmente em termos de sal\u00e1rios dos trabalhadores? O objetivo deste livro \u00e9 mapear as mudan\u00e7as geogr\u00e1ficas na produ\u00e7\u00e3o mundial de ve\u00edculos e tentar responder a essas perguntas usando uma estrutura anal\u00edtica fundamentada na sociologia econ\u00f4mica.<\/p>\n<p>&#8220;Por meio de estudos de caso, nosso objetivo \u00e9 investigar como os fabricantes de autom\u00f3veis (grandes empresas multinacionais) estruturaram novas ind\u00fastrias em pa\u00edses emergentes, reestruturaram suas bases dom\u00e9sticas e desenvolveram novas regi\u00f5es de produ\u00e7\u00e3o. Conduzimos uma an\u00e1lise explorat\u00f3ria da produ\u00e7\u00e3o automotiva global, incluindo os contornos da mudan\u00e7a geogr\u00e1fica e os impactos que essa mudan\u00e7a tem nas condi\u00e7\u00f5es socioecon\u00f4micas dos trabalhadores e dos atores envolvidos&#8221;, explicam os autores.<\/p>\n<p>O livro est\u00e1 publicado na S\u00e9rie: Quest\u00f5es Econ\u00f4micas, Problemas e Perspectivas; Quest\u00f5es Empresariais, Concorr\u00eancia e Empreendedorismo e \u00e9 indicado para as \u00e1reas de Economia; Administra\u00e7\u00e3o; Ci\u00eancia Pol\u00edtica; Sociologia; Economia; Geografia; Sociologia Econ\u00f4mica e \u00e1reas afins.<\/p>\n<p>O projeto teve apoio do N\u00facleo de Estudos em Sociologia Econ\u00f4mica e das Finan\u00e7as (NESEFI) e do N\u00facleo de Estudos Organizacionais (NEO) da UFSCar. Mais informa\u00e7\u00f5es neste\u00a0<u><a href=\"https:\/\/novapublishers.com\/shop\/the-new-geography-in-the-global-automotive-industry\/\" target=\"_blank\" rel=\"noopener\" data-saferedirecturl=\"https:\/\/www.google.com\/url?q=https:\/\/novapublishers.com\/shop\/the-new-geography-in-the-global-automotive-industry\/&amp;source=gmail&amp;ust=1730369948366000&amp;usg=AOvVaw1xrG-rl4_WhVk89CfnEpWx\">link<\/a><\/u>.<\/div>\n<\/div>\n<div><\/div>\n<div><\/div>\n<p><a href=\"https:\/\/www.ufscar.br\/noticia?codigo=16211&amp;id=livro-aborda-a-nova-geografia-do-setor-automobilistico\" target=\"_blank\" rel=\"noopener\" data-saferedirecturl=\"https:\/\/www.google.com\/url?q=https:\/\/www.ufscar.br\/noticia?codigo%3D16211%26id%3Dlivro-aborda-a-nova-geografia-do-setor-automobilistico&amp;source=gmail&amp;ust=1730369948366000&amp;usg=AOvVaw2bDdijBgerMDtC82ZKf0B0\">https:\/\/www.ufscar.br\/noticia?<wbr \/>codigo=16211&amp;id=livro-aborda-<wbr \/>a-nova-geografia-do-setor-<wbr \/>automobilistico<\/a><\/p>\n","protected":false},"excerpt":{"rendered":"<p>Livro aborda a nova geografia do Setor Automobil\u00edstico Livro explora a nova din\u00e2mica geogr\u00e1fica do setor automotivo (Imagem: Reprodu\u00e7\u00e3o) Pesquisadores da UFSCar est\u00e3o entre os autores do livro &#8220;The New Geography in the Global Automotive Industry&#8221;, publicado pela Editora Nova Science. Em coautoria com Marcelo Jos\u00e9 do Carmo, M\u00e1rio Sacomano Neto, J\u00falio C\u00e9sar Donadone (da &#8230; <a class=\"more-link\" href=\"https:\/\/dep.ufscar.br\/index.php\/lancamento-do-livro-the-new-geography-in-the-global-automotive-industry\/\">Leia mais<\/a><\/p>\n","protected":false},"author":245,"featured_media":5893,"parent":0,"menu_order":0,"comment_status":"closed","ping_status":"closed","template":"","meta":[],"categories":[29,38],"tags":[],"yoast_head":"<!-- This site is optimized with the Yoast SEO plugin v17.0 - https:\/\/yoast.com\/wordpress\/plugins\/seo\/ -->\n<title>Lan\u00e7amento do livro &quot;The New Geography in the Global Automotive Industry&quot; - DEP<\/title>\n<meta name=\"robots\" content=\"index, follow, max-snippet:-1, max-image-preview:large, max-video-preview:-1\" \/>\n<link rel=\"canonical\" href=\"https:\/\/dep.ufscar.br\/index.php\/lancamento-do-livro-the-new-geography-in-the-global-automotive-industry\/\" \/>\n<meta property=\"og:locale\" content=\"pt_BR\" \/>\n<meta property=\"og:type\" content=\"article\" \/>\n<meta property=\"og:title\" content=\"Lan\u00e7amento do livro &quot;The New Geography in the Global Automotive Industry&quot; - DEP\" \/>\n<meta property=\"og:description\" content=\"Livro aborda a nova geografia do Setor Automobil\u00edstico Livro explora a nova din\u00e2mica geogr\u00e1fica do setor automotivo (Imagem: Reprodu\u00e7\u00e3o) Pesquisadores da UFSCar est\u00e3o entre os autores do livro &#8220;The New Geography in the Global Automotive Industry&#8221;, publicado pela Editora Nova Science. Em coautoria com Marcelo Jos\u00e9 do Carmo, M\u00e1rio Sacomano Neto, J\u00falio C\u00e9sar Donadone (da [&hellip;]\" \/>\n<meta property=\"og:url\" content=\"https:\/\/dep.ufscar.br\/index.php\/lancamento-do-livro-the-new-geography-in-the-global-automotive-industry\/\" \/>\n<meta property=\"og:site_name\" content=\"DEP\" \/>\n<meta property=\"og:image\" content=\"http:\/\/dep.ufscar.br\/wp-content\/uploads\/2024\/10\/unnamed.jpg\" \/>\n\t<meta property=\"og:image:width\" content=\"544\" \/>\n\t<meta property=\"og:image:height\" content=\"360\" \/>\n<meta name=\"twitter:card\" content=\"summary_large_image\" \/>\n<meta name=\"twitter:label1\" content=\"Est. tempo de leitura\" \/>\n\t<meta name=\"twitter:data1\" content=\"2 minutos\" \/>\n<script type=\"application\/ld+json\" class=\"yoast-schema-graph\">{\"@context\":\"https:\/\/schema.org\",\"@graph\":[{\"@type\":\"WebSite\",\"@id\":\"https:\/\/dep.ufscar.br\/#website\",\"url\":\"https:\/\/dep.ufscar.br\/\",\"name\":\"DEP\",\"description\":\"Departamento de Engenharia de Produ\\u00e7\\u00e3o\",\"potentialAction\":[{\"@type\":\"SearchAction\",\"target\":{\"@type\":\"EntryPoint\",\"urlTemplate\":\"https:\/\/dep.ufscar.br\/?s={search_term_string}\"},\"query-input\":\"required name=search_term_string\"}],\"inLanguage\":\"pt-BR\"},{\"@type\":\"ImageObject\",\"@id\":\"https:\/\/dep.ufscar.br\/index.php\/lancamento-do-livro-the-new-geography-in-the-global-automotive-industry\/#primaryimage\",\"inLanguage\":\"pt-BR\",\"url\":\"https:\/\/dep.ufscar.br\/wp-content\/uploads\/2024\/10\/unnamed.jpg\",\"contentUrl\":\"https:\/\/dep.ufscar.br\/wp-content\/uploads\/2024\/10\/unnamed.jpg\",\"width\":544,\"height\":360},{\"@type\":\"WebPage\",\"@id\":\"https:\/\/dep.ufscar.br\/index.php\/lancamento-do-livro-the-new-geography-in-the-global-automotive-industry\/#webpage\",\"url\":\"https:\/\/dep.ufscar.br\/index.php\/lancamento-do-livro-the-new-geography-in-the-global-automotive-industry\/\",\"name\":\"Lan\\u00e7amento do livro \\\"The New Geography in the Global Automotive Industry\\\" - DEP\",\"isPartOf\":{\"@id\":\"https:\/\/dep.ufscar.br\/#website\"},\"primaryImageOfPage\":{\"@id\":\"https:\/\/dep.ufscar.br\/index.php\/lancamento-do-livro-the-new-geography-in-the-global-automotive-industry\/#primaryimage\"},\"datePublished\":\"2024-10-30T19:25:17+00:00\",\"dateModified\":\"2024-10-30T19:25:17+00:00\",\"breadcrumb\":{\"@id\":\"https:\/\/dep.ufscar.br\/index.php\/lancamento-do-livro-the-new-geography-in-the-global-automotive-industry\/#breadcrumb\"},\"inLanguage\":\"pt-BR\",\"potentialAction\":[{\"@type\":\"ReadAction\",\"target\":[\"https:\/\/dep.ufscar.br\/index.php\/lancamento-do-livro-the-new-geography-in-the-global-automotive-industry\/\"]}]},{\"@type\":\"BreadcrumbList\",\"@id\":\"https:\/\/dep.ufscar.br\/index.php\/lancamento-do-livro-the-new-geography-in-the-global-automotive-industry\/#breadcrumb\",\"itemListElement\":[{\"@type\":\"ListItem\",\"position\":1,\"name\":\"Home\",\"item\":\"https:\/\/dep.ufscar.br\/\"},{\"@type\":\"ListItem\",\"position\":2,\"name\":\"Lan\\u00e7amento do livro &#8220;The New Geography in the Global Automotive Industry&#8221;\"}]}]}<\/script>\n<!-- \/ Yoast SEO plugin. -->","yoast_head_json":{"title":"Lan\u00e7amento do livro \"The New Geography in the Global Automotive Industry\" - DEP","robots":{"index":"index","follow":"follow","max-snippet":"max-snippet:-1","max-image-preview":"max-image-preview:large","max-video-preview":"max-video-preview:-1"},"canonical":"https:\/\/dep.ufscar.br\/index.php\/lancamento-do-livro-the-new-geography-in-the-global-automotive-industry\/","og_locale":"pt_BR","og_type":"article","og_title":"Lan\u00e7amento do livro \"The New Geography in the Global Automotive Industry\" - DEP","og_description":"Livro aborda a nova geografia do Setor Automobil\u00edstico Livro explora a nova din\u00e2mica geogr\u00e1fica do setor automotivo (Imagem: Reprodu\u00e7\u00e3o) Pesquisadores da UFSCar est\u00e3o entre os autores do livro &#8220;The New Geography in the Global Automotive Industry&#8221;, publicado pela Editora Nova Science. Em coautoria com Marcelo Jos\u00e9 do Carmo, M\u00e1rio Sacomano Neto, J\u00falio C\u00e9sar Donadone (da [&hellip;]","og_url":"https:\/\/dep.ufscar.br\/index.php\/lancamento-do-livro-the-new-geography-in-the-global-automotive-industry\/","og_site_name":"DEP","og_image":[{"width":544,"height":360,"url":"http:\/\/dep.ufscar.br\/wp-content\/uploads\/2024\/10\/unnamed.jpg","path":"\/var\/www\/html\/desenvolvimento\/wp-content\/uploads\/2024\/10\/unnamed.jpg","size":"full","id":5893,"alt":"","pixels":195840,"type":"image\/jpeg"}],"twitter_card":"summary_large_image","twitter_misc":{"Est. tempo de leitura":"2 minutos"},"schema":{"@context":"https:\/\/schema.org","@graph":[{"@type":"WebSite","@id":"https:\/\/dep.ufscar.br\/#website","url":"https:\/\/dep.ufscar.br\/","name":"DEP","description":"Departamento de Engenharia de Produ\u00e7\u00e3o","potentialAction":[{"@type":"SearchAction","target":{"@type":"EntryPoint","urlTemplate":"https:\/\/dep.ufscar.br\/?s={search_term_string}"},"query-input":"required name=search_term_string"}],"inLanguage":"pt-BR"},{"@type":"ImageObject","@id":"https:\/\/dep.ufscar.br\/index.php\/lancamento-do-livro-the-new-geography-in-the-global-automotive-industry\/#primaryimage","inLanguage":"pt-BR","url":"https:\/\/dep.ufscar.br\/wp-content\/uploads\/2024\/10\/unnamed.jpg","contentUrl":"https:\/\/dep.ufscar.br\/wp-content\/uploads\/2024\/10\/unnamed.jpg","width":544,"height":360},{"@type":"WebPage","@id":"https:\/\/dep.ufscar.br\/index.php\/lancamento-do-livro-the-new-geography-in-the-global-automotive-industry\/#webpage","url":"https:\/\/dep.ufscar.br\/index.php\/lancamento-do-livro-the-new-geography-in-the-global-automotive-industry\/","name":"Lan\u00e7amento do livro \"The New Geography in the Global Automotive Industry\" - DEP","isPartOf":{"@id":"https:\/\/dep.ufscar.br\/#website"},"primaryImageOfPage":{"@id":"https:\/\/dep.ufscar.br\/index.php\/lancamento-do-livro-the-new-geography-in-the-global-automotive-industry\/#primaryimage"},"datePublished":"2024-10-30T19:25:17+00:00","dateModified":"2024-10-30T19:25:17+00:00","breadcrumb":{"@id":"https:\/\/dep.ufscar.br\/index.php\/lancamento-do-livro-the-new-geography-in-the-global-automotive-industry\/#breadcrumb"},"inLanguage":"pt-BR","potentialAction":[{"@type":"ReadAction","target":["https:\/\/dep.ufscar.br\/index.php\/lancamento-do-livro-the-new-geography-in-the-global-automotive-industry\/"]}]},{"@type":"BreadcrumbList","@id":"https:\/\/dep.ufscar.br\/index.php\/lancamento-do-livro-the-new-geography-in-the-global-automotive-industry\/#breadcrumb","itemListElement":[{"@type":"ListItem","position":1,"name":"Home","item":"https:\/\/dep.ufscar.br\/"},{"@type":"ListItem","position":2,"name":"Lan\u00e7amento do livro &#8220;The New Geography in the Global Automotive Industry&#8221;"}]}]}},"_links":{"self":[{"href":"https:\/\/dep.ufscar.br\/index.php\/wp-json\/wp\/v2\/pages\/5892"}],"collection":[{"href":"https:\/\/dep.ufscar.br\/index.php\/wp-json\/wp\/v2\/pages"}],"about":[{"href":"https:\/\/dep.ufscar.br\/index.php\/wp-json\/wp\/v2\/types\/page"}],"author":[{"embeddable":true,"href":"https:\/\/dep.ufscar.br\/index.php\/wp-json\/wp\/v2\/users\/245"}],"replies":[{"embeddable":true,"href":"https:\/\/dep.ufscar.br\/index.php\/wp-json\/wp\/v2\/comments?post=5892"}],"version-history":[{"count":1,"href":"https:\/\/dep.ufscar.br\/index.php\/wp-json\/wp\/v2\/pages\/5892\/revisions"}],"predecessor-version":[{"id":5894,"href":"https:\/\/dep.ufscar.br\/index.php\/wp-json\/wp\/v2\/pages\/5892\/revisions\/5894"}],"wp:featuredmedia":[{"embeddable":true,"href":"https:\/\/dep.ufscar.br\/index.php\/wp-json\/wp\/v2\/media\/5893"}],"wp:attachment":[{"href":"https:\/\/dep.ufscar.br\/index.php\/wp-json\/wp\/v2\/media?parent=5892"}],"wp:term":[{"taxonomy":"category","embeddable":true,"href":"https:\/\/dep.ufscar.br\/index.php\/wp-json\/wp\/v2\/categories?post=5892"},{"taxonomy":"post_tag","embeddable":true,"href":"https:\/\/dep.ufscar.br\/index.php\/wp-json\/wp\/v2\/tags?post=5892"}],"curies":[{"name":"wp","href":"https:\/\/api.w.org\/{rel}","templated":true}]}}