{"id":5805,"date":"2023-12-01T10:02:40","date_gmt":"2023-12-01T12:02:40","guid":{"rendered":"https:\/\/dep.ufscar.br\/?page_id=5805"},"modified":"2023-12-01T10:02:40","modified_gmt":"2023-12-01T12:02:40","slug":"visita-do-prof-douglas-alem-da-universidade-de-edimburgo-no-gpo-ufscar","status":"publish","type":"page","link":"https:\/\/dep.ufscar.br\/index.php\/visita-do-prof-douglas-alem-da-universidade-de-edimburgo-no-gpo-ufscar\/","title":{"rendered":"Visita do Prof. Douglas Alem da Universidade de Edimburgo no GPO\/UFSCar"},"content":{"rendered":"<p>&nbsp;<\/p>\n<p>Na pr\u00f3xima semana, teremos a visita do Prof. Douglas Alem da Universidade de Edimburgo no GPO\/UFSCar (<a href=\"https:\/\/scholar.google.co.uk\/citations?user=Nvz3JoIAAAAJ\" target=\"_blank\" rel=\"noopener\" data-saferedirecturl=\"https:\/\/www.google.com\/url?q=https:\/\/scholar.google.co.uk\/citations?user%3DNvz3JoIAAAAJ&amp;source=gmail&amp;ust=1701515142423000&amp;usg=AOvVaw1F8Rb_O6QjTwEGsY-DGVU5\">https:\/\/scholar.google.co.uk\/<wbr \/>citations?user=Nvz3JoIAAAAJ<\/a>).<\/p>\n<p>Ele ministrar\u00e1 uma palestra na quinta-feira, dia 07\/12, \u00e0s 14h, conforme folder abaixo. Ser\u00e1 no pr\u00e9dio do LIEP, no DEP\/UFSCar. Est\u00e3o todos \u00a0convidados.<\/p>\n<p>O prof. Douglas tamb\u00e9m estar\u00e1 dispon\u00edvel para os interessados em conversar sobre sua pesquisa e poss\u00edveis colabora\u00e7\u00f5es. Nesse caso, pe\u00e7o\u00a0que enviem um e-mail diretamente pra ele, para agendamento (<a href=\"mailto:douglas.alem@ed.ac.uk\" target=\"_blank\" rel=\"noopener\">douglas.alem@ed.ac.uk<\/a>).<\/p>\n<div><\/div>\n<div><\/div>\n<div><img loading=\"lazy\" class=\"alignnone  wp-image-5806\" src=\"http:\/\/dep.ufscar.br\/wp-content\/uploads\/2023\/12\/seminardouglasalem-300x169.png\" alt=\"\" width=\"1331\" height=\"750\" srcset=\"https:\/\/dep.ufscar.br\/wp-content\/uploads\/2023\/12\/seminardouglasalem-300x169.png 300w, https:\/\/dep.ufscar.br\/wp-content\/uploads\/2023\/12\/seminardouglasalem-1024x576.png 1024w, https:\/\/dep.ufscar.br\/wp-content\/uploads\/2023\/12\/seminardouglasalem-768x432.png 768w, https:\/\/dep.ufscar.br\/wp-content\/uploads\/2023\/12\/seminardouglasalem-1536x864.png 1536w, https:\/\/dep.ufscar.br\/wp-content\/uploads\/2023\/12\/seminardouglasalem-2048x1152.png 2048w\" sizes=\"(max-width: 1331px) 100vw, 1331px\" \/><\/div>\n","protected":false},"excerpt":{"rendered":"<p>&nbsp; Na pr\u00f3xima semana, teremos a visita do Prof. Douglas Alem da Universidade de Edimburgo no GPO\/UFSCar (https:\/\/scholar.google.co.uk\/citations?user=Nvz3JoIAAAAJ). Ele ministrar\u00e1 uma palestra na quinta-feira, dia 07\/12, \u00e0s 14h, conforme folder abaixo. Ser\u00e1 no pr\u00e9dio do LIEP, no DEP\/UFSCar. Est\u00e3o todos \u00a0convidados. O prof. Douglas tamb\u00e9m estar\u00e1 dispon\u00edvel para os interessados em conversar sobre sua pesquisa &#8230; <a class=\"more-link\" href=\"https:\/\/dep.ufscar.br\/index.php\/visita-do-prof-douglas-alem-da-universidade-de-edimburgo-no-gpo-ufscar\/\">Leia mais<\/a><\/p>\n","protected":false},"author":245,"featured_media":5807,"parent":0,"menu_order":0,"comment_status":"closed","ping_status":"closed","template":"","meta":[],"categories":[29,38],"tags":[],"yoast_head":"<!-- This site is optimized with the Yoast SEO plugin v17.0 - https:\/\/yoast.com\/wordpress\/plugins\/seo\/ -->\n<title>Visita do Prof. Douglas Alem da Universidade de Edimburgo no GPO\/UFSCar - DEP<\/title>\n<meta name=\"robots\" content=\"index, follow, max-snippet:-1, max-image-preview:large, max-video-preview:-1\" \/>\n<link rel=\"canonical\" href=\"https:\/\/dep.ufscar.br\/index.php\/visita-do-prof-douglas-alem-da-universidade-de-edimburgo-no-gpo-ufscar\/\" \/>\n<meta property=\"og:locale\" content=\"pt_BR\" \/>\n<meta property=\"og:type\" content=\"article\" \/>\n<meta property=\"og:title\" content=\"Visita do Prof. Douglas Alem da Universidade de Edimburgo no GPO\/UFSCar - DEP\" \/>\n<meta property=\"og:description\" content=\"&nbsp; Na pr\u00f3xima semana, teremos a visita do Prof. Douglas Alem da Universidade de Edimburgo no GPO\/UFSCar (https:\/\/scholar.google.co.uk\/citations?user=Nvz3JoIAAAAJ). Ele ministrar\u00e1 uma palestra na quinta-feira, dia 07\/12, \u00e0s 14h, conforme folder abaixo. Ser\u00e1 no pr\u00e9dio do LIEP, no DEP\/UFSCar. Est\u00e3o todos \u00a0convidados. O prof. Douglas tamb\u00e9m estar\u00e1 dispon\u00edvel para os interessados em conversar sobre sua pesquisa [&hellip;]\" \/>\n<meta property=\"og:url\" content=\"https:\/\/dep.ufscar.br\/index.php\/visita-do-prof-douglas-alem-da-universidade-de-edimburgo-no-gpo-ufscar\/\" \/>\n<meta property=\"og:site_name\" content=\"DEP\" \/>\n<meta property=\"og:image\" content=\"http:\/\/dep.ufscar.br\/wp-content\/uploads\/2023\/12\/douglas-alem.jpg\" \/>\n\t<meta property=\"og:image:width\" content=\"495\" \/>\n\t<meta property=\"og:image:height\" content=\"278\" \/>\n<meta name=\"twitter:card\" content=\"summary_large_image\" \/>\n<script type=\"application\/ld+json\" class=\"yoast-schema-graph\">{\"@context\":\"https:\/\/schema.org\",\"@graph\":[{\"@type\":\"WebSite\",\"@id\":\"https:\/\/dep.ufscar.br\/#website\",\"url\":\"https:\/\/dep.ufscar.br\/\",\"name\":\"DEP\",\"description\":\"Departamento de Engenharia de Produ\\u00e7\\u00e3o\",\"potentialAction\":[{\"@type\":\"SearchAction\",\"target\":{\"@type\":\"EntryPoint\",\"urlTemplate\":\"https:\/\/dep.ufscar.br\/?s={search_term_string}\"},\"query-input\":\"required name=search_term_string\"}],\"inLanguage\":\"pt-BR\"},{\"@type\":\"ImageObject\",\"@id\":\"https:\/\/dep.ufscar.br\/index.php\/visita-do-prof-douglas-alem-da-universidade-de-edimburgo-no-gpo-ufscar\/#primaryimage\",\"inLanguage\":\"pt-BR\",\"url\":\"https:\/\/dep.ufscar.br\/wp-content\/uploads\/2023\/12\/douglas-alem.jpg\",\"contentUrl\":\"https:\/\/dep.ufscar.br\/wp-content\/uploads\/2023\/12\/douglas-alem.jpg\",\"width\":495,\"height\":278},{\"@type\":\"WebPage\",\"@id\":\"https:\/\/dep.ufscar.br\/index.php\/visita-do-prof-douglas-alem-da-universidade-de-edimburgo-no-gpo-ufscar\/#webpage\",\"url\":\"https:\/\/dep.ufscar.br\/index.php\/visita-do-prof-douglas-alem-da-universidade-de-edimburgo-no-gpo-ufscar\/\",\"name\":\"Visita do Prof. Douglas Alem da Universidade de Edimburgo no GPO\/UFSCar - DEP\",\"isPartOf\":{\"@id\":\"https:\/\/dep.ufscar.br\/#website\"},\"primaryImageOfPage\":{\"@id\":\"https:\/\/dep.ufscar.br\/index.php\/visita-do-prof-douglas-alem-da-universidade-de-edimburgo-no-gpo-ufscar\/#primaryimage\"},\"datePublished\":\"2023-12-01T12:02:40+00:00\",\"dateModified\":\"2023-12-01T12:02:40+00:00\",\"breadcrumb\":{\"@id\":\"https:\/\/dep.ufscar.br\/index.php\/visita-do-prof-douglas-alem-da-universidade-de-edimburgo-no-gpo-ufscar\/#breadcrumb\"},\"inLanguage\":\"pt-BR\",\"potentialAction\":[{\"@type\":\"ReadAction\",\"target\":[\"https:\/\/dep.ufscar.br\/index.php\/visita-do-prof-douglas-alem-da-universidade-de-edimburgo-no-gpo-ufscar\/\"]}]},{\"@type\":\"BreadcrumbList\",\"@id\":\"https:\/\/dep.ufscar.br\/index.php\/visita-do-prof-douglas-alem-da-universidade-de-edimburgo-no-gpo-ufscar\/#breadcrumb\",\"itemListElement\":[{\"@type\":\"ListItem\",\"position\":1,\"name\":\"Home\",\"item\":\"https:\/\/dep.ufscar.br\/\"},{\"@type\":\"ListItem\",\"position\":2,\"name\":\"Visita do Prof. Douglas Alem da Universidade de Edimburgo no GPO\/UFSCar\"}]}]}<\/script>\n<!-- \/ Yoast SEO plugin. -->","yoast_head_json":{"title":"Visita do Prof. Douglas Alem da Universidade de Edimburgo no GPO\/UFSCar - DEP","robots":{"index":"index","follow":"follow","max-snippet":"max-snippet:-1","max-image-preview":"max-image-preview:large","max-video-preview":"max-video-preview:-1"},"canonical":"https:\/\/dep.ufscar.br\/index.php\/visita-do-prof-douglas-alem-da-universidade-de-edimburgo-no-gpo-ufscar\/","og_locale":"pt_BR","og_type":"article","og_title":"Visita do Prof. Douglas Alem da Universidade de Edimburgo no GPO\/UFSCar - DEP","og_description":"&nbsp; Na pr\u00f3xima semana, teremos a visita do Prof. Douglas Alem da Universidade de Edimburgo no GPO\/UFSCar (https:\/\/scholar.google.co.uk\/citations?user=Nvz3JoIAAAAJ). Ele ministrar\u00e1 uma palestra na quinta-feira, dia 07\/12, \u00e0s 14h, conforme folder abaixo. Ser\u00e1 no pr\u00e9dio do LIEP, no DEP\/UFSCar. Est\u00e3o todos \u00a0convidados. O prof. Douglas tamb\u00e9m estar\u00e1 dispon\u00edvel para os interessados em conversar sobre sua pesquisa [&hellip;]","og_url":"https:\/\/dep.ufscar.br\/index.php\/visita-do-prof-douglas-alem-da-universidade-de-edimburgo-no-gpo-ufscar\/","og_site_name":"DEP","og_image":[{"width":495,"height":278,"url":"http:\/\/dep.ufscar.br\/wp-content\/uploads\/2023\/12\/douglas-alem.jpg","path":"\/var\/www\/html\/desenvolvimento\/wp-content\/uploads\/2023\/12\/douglas-alem.jpg","size":"full","id":5807,"alt":"","pixels":137610,"type":"image\/jpeg"}],"twitter_card":"summary_large_image","schema":{"@context":"https:\/\/schema.org","@graph":[{"@type":"WebSite","@id":"https:\/\/dep.ufscar.br\/#website","url":"https:\/\/dep.ufscar.br\/","name":"DEP","description":"Departamento de Engenharia de Produ\u00e7\u00e3o","potentialAction":[{"@type":"SearchAction","target":{"@type":"EntryPoint","urlTemplate":"https:\/\/dep.ufscar.br\/?s={search_term_string}"},"query-input":"required name=search_term_string"}],"inLanguage":"pt-BR"},{"@type":"ImageObject","@id":"https:\/\/dep.ufscar.br\/index.php\/visita-do-prof-douglas-alem-da-universidade-de-edimburgo-no-gpo-ufscar\/#primaryimage","inLanguage":"pt-BR","url":"https:\/\/dep.ufscar.br\/wp-content\/uploads\/2023\/12\/douglas-alem.jpg","contentUrl":"https:\/\/dep.ufscar.br\/wp-content\/uploads\/2023\/12\/douglas-alem.jpg","width":495,"height":278},{"@type":"WebPage","@id":"https:\/\/dep.ufscar.br\/index.php\/visita-do-prof-douglas-alem-da-universidade-de-edimburgo-no-gpo-ufscar\/#webpage","url":"https:\/\/dep.ufscar.br\/index.php\/visita-do-prof-douglas-alem-da-universidade-de-edimburgo-no-gpo-ufscar\/","name":"Visita do Prof. Douglas Alem da Universidade de Edimburgo no GPO\/UFSCar - DEP","isPartOf":{"@id":"https:\/\/dep.ufscar.br\/#website"},"primaryImageOfPage":{"@id":"https:\/\/dep.ufscar.br\/index.php\/visita-do-prof-douglas-alem-da-universidade-de-edimburgo-no-gpo-ufscar\/#primaryimage"},"datePublished":"2023-12-01T12:02:40+00:00","dateModified":"2023-12-01T12:02:40+00:00","breadcrumb":{"@id":"https:\/\/dep.ufscar.br\/index.php\/visita-do-prof-douglas-alem-da-universidade-de-edimburgo-no-gpo-ufscar\/#breadcrumb"},"inLanguage":"pt-BR","potentialAction":[{"@type":"ReadAction","target":["https:\/\/dep.ufscar.br\/index.php\/visita-do-prof-douglas-alem-da-universidade-de-edimburgo-no-gpo-ufscar\/"]}]},{"@type":"BreadcrumbList","@id":"https:\/\/dep.ufscar.br\/index.php\/visita-do-prof-douglas-alem-da-universidade-de-edimburgo-no-gpo-ufscar\/#breadcrumb","itemListElement":[{"@type":"ListItem","position":1,"name":"Home","item":"https:\/\/dep.ufscar.br\/"},{"@type":"ListItem","position":2,"name":"Visita do Prof. Douglas Alem da Universidade de Edimburgo no GPO\/UFSCar"}]}]}},"_links":{"self":[{"href":"https:\/\/dep.ufscar.br\/index.php\/wp-json\/wp\/v2\/pages\/5805"}],"collection":[{"href":"https:\/\/dep.ufscar.br\/index.php\/wp-json\/wp\/v2\/pages"}],"about":[{"href":"https:\/\/dep.ufscar.br\/index.php\/wp-json\/wp\/v2\/types\/page"}],"author":[{"embeddable":true,"href":"https:\/\/dep.ufscar.br\/index.php\/wp-json\/wp\/v2\/users\/245"}],"replies":[{"embeddable":true,"href":"https:\/\/dep.ufscar.br\/index.php\/wp-json\/wp\/v2\/comments?post=5805"}],"version-history":[{"count":6,"href":"https:\/\/dep.ufscar.br\/index.php\/wp-json\/wp\/v2\/pages\/5805\/revisions"}],"predecessor-version":[{"id":5813,"href":"https:\/\/dep.ufscar.br\/index.php\/wp-json\/wp\/v2\/pages\/5805\/revisions\/5813"}],"wp:featuredmedia":[{"embeddable":true,"href":"https:\/\/dep.ufscar.br\/index.php\/wp-json\/wp\/v2\/media\/5807"}],"wp:attachment":[{"href":"https:\/\/dep.ufscar.br\/index.php\/wp-json\/wp\/v2\/media?parent=5805"}],"wp:term":[{"taxonomy":"category","embeddable":true,"href":"https:\/\/dep.ufscar.br\/index.php\/wp-json\/wp\/v2\/categories?post=5805"},{"taxonomy":"post_tag","embeddable":true,"href":"https:\/\/dep.ufscar.br\/index.php\/wp-json\/wp\/v2\/tags?post=5805"}],"curies":[{"name":"wp","href":"https:\/\/api.w.org\/{rel}","templated":true}]}}