{"id":5786,"date":"2023-10-04T09:32:06","date_gmt":"2023-10-04T12:32:06","guid":{"rendered":"https:\/\/dep.ufscar.br\/?page_id=5786"},"modified":"2023-10-04T09:32:06","modified_gmt":"2023-10-04T12:32:06","slug":"parabens-isabela","status":"publish","type":"page","link":"https:\/\/dep.ufscar.br\/index.php\/parabens-isabela\/","title":{"rendered":"Parab\u00e9ns, Isabela!!"},"content":{"rendered":"<p><span style=\"font-weight: 400;\"><img loading=\"lazy\" class=\"size-medium wp-image-5787 alignleft\" src=\"http:\/\/dep.ufscar.br\/wp-content\/uploads\/2023\/10\/isabella-300x226.jpeg\" alt=\"\" width=\"300\" height=\"226\" srcset=\"https:\/\/dep.ufscar.br\/wp-content\/uploads\/2023\/10\/isabella-300x226.jpeg 300w, https:\/\/dep.ufscar.br\/wp-content\/uploads\/2023\/10\/isabella-1024x771.jpeg 1024w, https:\/\/dep.ufscar.br\/wp-content\/uploads\/2023\/10\/isabella-768x578.jpeg 768w, https:\/\/dep.ufscar.br\/wp-content\/uploads\/2023\/10\/isabella-1536x1156.jpeg 1536w, https:\/\/dep.ufscar.br\/wp-content\/uploads\/2023\/10\/isabella.jpeg 1600w\" sizes=\"(max-width: 300px) 100vw, 300px\" \/>No \u00faltimo s\u00e1bado (29\/09\/23) a nossa aluna de gradua\u00e7\u00e3o <\/span><b>Isabela Ricucci<\/b><span style=\"font-weight: 400;\"> foi diplomada Engenheira da Universit\u00e9 de Lorraine (na foto ela com o Prof. Eric Bonjour) Trata-se do primeiro \u201cdouble dipl\u00f4me\u201d de um\/a aluno\/a da EP com uma Universidade Francesa. Antes de ser diplomada na Fran\u00e7a, ela obteve seu diploma de Engenheira de Produ\u00e7\u00e3o aqui na UFSCar. Em paralelo com a sua gradua\u00e7\u00e3o ela terminou seu Mast\u00e8re, com uma excelente avalia\u00e7\u00e3o. O prof. M\u00e1rio Batalha, principal articulador desse projeto de duplo diploma com uma universidade francesa, participou da banca de julgamento do seu est\u00e1gio (feito na Saint Gobain) e ouviu muitos elogios. Isabela \u00e9 um exemplo de aluna que nos enche de orgulho.<\/span><\/p>\n<p><span style=\"font-weight: 400;\">Esperamos que trajet\u00f3rias semelhantes possam ser seguidas por outros\/os estudantes.<\/span><\/p>\n","protected":false},"excerpt":{"rendered":"<p>No \u00faltimo s\u00e1bado (29\/09\/23) a nossa aluna de gradua\u00e7\u00e3o Isabela Ricucci foi diplomada Engenheira da Universit\u00e9 de Lorraine (na foto ela com o Prof. Eric Bonjour) Trata-se do primeiro \u201cdouble dipl\u00f4me\u201d de um\/a aluno\/a da EP com uma Universidade Francesa. Antes de ser diplomada na Fran\u00e7a, ela obteve seu diploma de Engenheira de Produ\u00e7\u00e3o aqui &#8230; <a class=\"more-link\" href=\"https:\/\/dep.ufscar.br\/index.php\/parabens-isabela\/\">Leia mais<\/a><\/p>\n","protected":false},"author":245,"featured_media":5788,"parent":0,"menu_order":0,"comment_status":"closed","ping_status":"closed","template":"","meta":[],"categories":[29,38],"tags":[],"yoast_head":"<!-- This site is optimized with the Yoast SEO plugin v17.0 - https:\/\/yoast.com\/wordpress\/plugins\/seo\/ -->\n<title>Parab\u00e9ns, Isabela!! - DEP<\/title>\n<meta name=\"robots\" content=\"index, follow, max-snippet:-1, max-image-preview:large, max-video-preview:-1\" \/>\n<link rel=\"canonical\" href=\"https:\/\/dep.ufscar.br\/index.php\/parabens-isabela\/\" \/>\n<meta property=\"og:locale\" content=\"pt_BR\" \/>\n<meta property=\"og:type\" content=\"article\" \/>\n<meta property=\"og:title\" content=\"Parab\u00e9ns, Isabela!! - DEP\" \/>\n<meta property=\"og:description\" content=\"No \u00faltimo s\u00e1bado (29\/09\/23) a nossa aluna de gradua\u00e7\u00e3o Isabela Ricucci foi diplomada Engenheira da Universit\u00e9 de Lorraine (na foto ela com o Prof. Eric Bonjour) Trata-se do primeiro \u201cdouble dipl\u00f4me\u201d de um\/a aluno\/a da EP com uma Universidade Francesa. Antes de ser diplomada na Fran\u00e7a, ela obteve seu diploma de Engenheira de Produ\u00e7\u00e3o aqui [&hellip;]\" \/>\n<meta property=\"og:url\" content=\"https:\/\/dep.ufscar.br\/index.php\/parabens-isabela\/\" \/>\n<meta property=\"og:site_name\" content=\"DEP\" \/>\n<meta property=\"og:image\" content=\"http:\/\/dep.ufscar.br\/wp-content\/uploads\/2023\/10\/isabella-capa.jpg\" \/>\n\t<meta property=\"og:image:width\" content=\"495\" \/>\n\t<meta property=\"og:image:height\" content=\"278\" \/>\n<meta name=\"twitter:card\" content=\"summary_large_image\" \/>\n<meta name=\"twitter:label1\" content=\"Est. tempo de leitura\" \/>\n\t<meta name=\"twitter:data1\" content=\"1 minuto\" \/>\n<script type=\"application\/ld+json\" class=\"yoast-schema-graph\">{\"@context\":\"https:\/\/schema.org\",\"@graph\":[{\"@type\":\"WebSite\",\"@id\":\"https:\/\/dep.ufscar.br\/#website\",\"url\":\"https:\/\/dep.ufscar.br\/\",\"name\":\"DEP\",\"description\":\"Departamento de Engenharia de Produ\\u00e7\\u00e3o\",\"potentialAction\":[{\"@type\":\"SearchAction\",\"target\":{\"@type\":\"EntryPoint\",\"urlTemplate\":\"https:\/\/dep.ufscar.br\/?s={search_term_string}\"},\"query-input\":\"required name=search_term_string\"}],\"inLanguage\":\"pt-BR\"},{\"@type\":\"ImageObject\",\"@id\":\"https:\/\/dep.ufscar.br\/index.php\/parabens-isabela\/#primaryimage\",\"inLanguage\":\"pt-BR\",\"url\":\"https:\/\/dep.ufscar.br\/wp-content\/uploads\/2023\/10\/isabella-capa.jpg\",\"contentUrl\":\"https:\/\/dep.ufscar.br\/wp-content\/uploads\/2023\/10\/isabella-capa.jpg\",\"width\":495,\"height\":278},{\"@type\":\"WebPage\",\"@id\":\"https:\/\/dep.ufscar.br\/index.php\/parabens-isabela\/#webpage\",\"url\":\"https:\/\/dep.ufscar.br\/index.php\/parabens-isabela\/\",\"name\":\"Parab\\u00e9ns, Isabela!! - DEP\",\"isPartOf\":{\"@id\":\"https:\/\/dep.ufscar.br\/#website\"},\"primaryImageOfPage\":{\"@id\":\"https:\/\/dep.ufscar.br\/index.php\/parabens-isabela\/#primaryimage\"},\"datePublished\":\"2023-10-04T12:32:06+00:00\",\"dateModified\":\"2023-10-04T12:32:06+00:00\",\"breadcrumb\":{\"@id\":\"https:\/\/dep.ufscar.br\/index.php\/parabens-isabela\/#breadcrumb\"},\"inLanguage\":\"pt-BR\",\"potentialAction\":[{\"@type\":\"ReadAction\",\"target\":[\"https:\/\/dep.ufscar.br\/index.php\/parabens-isabela\/\"]}]},{\"@type\":\"BreadcrumbList\",\"@id\":\"https:\/\/dep.ufscar.br\/index.php\/parabens-isabela\/#breadcrumb\",\"itemListElement\":[{\"@type\":\"ListItem\",\"position\":1,\"name\":\"Home\",\"item\":\"https:\/\/dep.ufscar.br\/\"},{\"@type\":\"ListItem\",\"position\":2,\"name\":\"Parab\\u00e9ns, Isabela!!\"}]}]}<\/script>\n<!-- \/ Yoast SEO plugin. -->","yoast_head_json":{"title":"Parab\u00e9ns, Isabela!! - DEP","robots":{"index":"index","follow":"follow","max-snippet":"max-snippet:-1","max-image-preview":"max-image-preview:large","max-video-preview":"max-video-preview:-1"},"canonical":"https:\/\/dep.ufscar.br\/index.php\/parabens-isabela\/","og_locale":"pt_BR","og_type":"article","og_title":"Parab\u00e9ns, Isabela!! - DEP","og_description":"No \u00faltimo s\u00e1bado (29\/09\/23) a nossa aluna de gradua\u00e7\u00e3o Isabela Ricucci foi diplomada Engenheira da Universit\u00e9 de Lorraine (na foto ela com o Prof. Eric Bonjour) Trata-se do primeiro \u201cdouble dipl\u00f4me\u201d de um\/a aluno\/a da EP com uma Universidade Francesa. Antes de ser diplomada na Fran\u00e7a, ela obteve seu diploma de Engenheira de Produ\u00e7\u00e3o aqui [&hellip;]","og_url":"https:\/\/dep.ufscar.br\/index.php\/parabens-isabela\/","og_site_name":"DEP","og_image":[{"width":495,"height":278,"url":"http:\/\/dep.ufscar.br\/wp-content\/uploads\/2023\/10\/isabella-capa.jpg","path":"\/var\/www\/html\/desenvolvimento\/wp-content\/uploads\/2023\/10\/isabella-capa.jpg","size":"full","id":5788,"alt":"","pixels":137610,"type":"image\/jpeg"}],"twitter_card":"summary_large_image","twitter_misc":{"Est. tempo de leitura":"1 minuto"},"schema":{"@context":"https:\/\/schema.org","@graph":[{"@type":"WebSite","@id":"https:\/\/dep.ufscar.br\/#website","url":"https:\/\/dep.ufscar.br\/","name":"DEP","description":"Departamento de Engenharia de Produ\u00e7\u00e3o","potentialAction":[{"@type":"SearchAction","target":{"@type":"EntryPoint","urlTemplate":"https:\/\/dep.ufscar.br\/?s={search_term_string}"},"query-input":"required name=search_term_string"}],"inLanguage":"pt-BR"},{"@type":"ImageObject","@id":"https:\/\/dep.ufscar.br\/index.php\/parabens-isabela\/#primaryimage","inLanguage":"pt-BR","url":"https:\/\/dep.ufscar.br\/wp-content\/uploads\/2023\/10\/isabella-capa.jpg","contentUrl":"https:\/\/dep.ufscar.br\/wp-content\/uploads\/2023\/10\/isabella-capa.jpg","width":495,"height":278},{"@type":"WebPage","@id":"https:\/\/dep.ufscar.br\/index.php\/parabens-isabela\/#webpage","url":"https:\/\/dep.ufscar.br\/index.php\/parabens-isabela\/","name":"Parab\u00e9ns, Isabela!! - DEP","isPartOf":{"@id":"https:\/\/dep.ufscar.br\/#website"},"primaryImageOfPage":{"@id":"https:\/\/dep.ufscar.br\/index.php\/parabens-isabela\/#primaryimage"},"datePublished":"2023-10-04T12:32:06+00:00","dateModified":"2023-10-04T12:32:06+00:00","breadcrumb":{"@id":"https:\/\/dep.ufscar.br\/index.php\/parabens-isabela\/#breadcrumb"},"inLanguage":"pt-BR","potentialAction":[{"@type":"ReadAction","target":["https:\/\/dep.ufscar.br\/index.php\/parabens-isabela\/"]}]},{"@type":"BreadcrumbList","@id":"https:\/\/dep.ufscar.br\/index.php\/parabens-isabela\/#breadcrumb","itemListElement":[{"@type":"ListItem","position":1,"name":"Home","item":"https:\/\/dep.ufscar.br\/"},{"@type":"ListItem","position":2,"name":"Parab\u00e9ns, Isabela!!"}]}]}},"_links":{"self":[{"href":"https:\/\/dep.ufscar.br\/index.php\/wp-json\/wp\/v2\/pages\/5786"}],"collection":[{"href":"https:\/\/dep.ufscar.br\/index.php\/wp-json\/wp\/v2\/pages"}],"about":[{"href":"https:\/\/dep.ufscar.br\/index.php\/wp-json\/wp\/v2\/types\/page"}],"author":[{"embeddable":true,"href":"https:\/\/dep.ufscar.br\/index.php\/wp-json\/wp\/v2\/users\/245"}],"replies":[{"embeddable":true,"href":"https:\/\/dep.ufscar.br\/index.php\/wp-json\/wp\/v2\/comments?post=5786"}],"version-history":[{"count":1,"href":"https:\/\/dep.ufscar.br\/index.php\/wp-json\/wp\/v2\/pages\/5786\/revisions"}],"predecessor-version":[{"id":5789,"href":"https:\/\/dep.ufscar.br\/index.php\/wp-json\/wp\/v2\/pages\/5786\/revisions\/5789"}],"wp:featuredmedia":[{"embeddable":true,"href":"https:\/\/dep.ufscar.br\/index.php\/wp-json\/wp\/v2\/media\/5788"}],"wp:attachment":[{"href":"https:\/\/dep.ufscar.br\/index.php\/wp-json\/wp\/v2\/media?parent=5786"}],"wp:term":[{"taxonomy":"category","embeddable":true,"href":"https:\/\/dep.ufscar.br\/index.php\/wp-json\/wp\/v2\/categories?post=5786"},{"taxonomy":"post_tag","embeddable":true,"href":"https:\/\/dep.ufscar.br\/index.php\/wp-json\/wp\/v2\/tags?post=5786"}],"curies":[{"name":"wp","href":"https:\/\/api.w.org\/{rel}","templated":true}]}}