{"id":5777,"date":"2023-09-11T16:23:06","date_gmt":"2023-09-11T19:23:06","guid":{"rendered":"https:\/\/dep.ufscar.br\/?page_id=5777"},"modified":"2023-09-11T16:24:52","modified_gmt":"2023-09-11T19:24:52","slug":"melhor-tcc-de-2022-simula-chao-de-fabrica-inteligente","status":"publish","type":"page","link":"https:\/\/dep.ufscar.br\/index.php\/melhor-tcc-de-2022-simula-chao-de-fabrica-inteligente\/","title":{"rendered":"Melhor TCC de 2022 simula ch\u00e3o de f\u00e1brica inteligente"},"content":{"rendered":"<p><img loading=\"lazy\" class=\"size-medium wp-image-5778 alignleft\" src=\"http:\/\/dep.ufscar.br\/wp-content\/uploads\/2023\/09\/img-8621-274x300.jpg\" alt=\"\" width=\"274\" height=\"300\" srcset=\"https:\/\/dep.ufscar.br\/wp-content\/uploads\/2023\/09\/img-8621-274x300.jpg 274w, https:\/\/dep.ufscar.br\/wp-content\/uploads\/2023\/09\/img-8621-936x1024.jpg 936w, https:\/\/dep.ufscar.br\/wp-content\/uploads\/2023\/09\/img-8621-768x840.jpg 768w, https:\/\/dep.ufscar.br\/wp-content\/uploads\/2023\/09\/img-8621-1404x1536.jpg 1404w, https:\/\/dep.ufscar.br\/wp-content\/uploads\/2023\/09\/img-8621-1872x2048.jpg 1872w\" sizes=\"(max-width: 274px) 100vw, 274px\" \/>O Departamento de Engenharia de Produ\u00e7\u00e3o parabeniza a aluna Maria Vit\u00f3ria<br \/>\nPallone Bussacarini e a professora Juliana Keiko Sagawa pelo trabalho \u201cRedu\u00e7\u00e3o da<br \/>\nvariabilidade em um ch\u00e3o de f\u00e1brica inteligente utilizando simula\u00e7\u00e3o de eventos<br \/>\ndiscretos\u201d, escolhido como Melhor Trabalho de Conclus\u00e3o de Curso (TCC) em<br \/>\nEngenharia de Produ\u00e7\u00e3o de 2022. O trabalho concorreu ao pr\u00eamio da Associa\u00e7\u00e3o<br \/>\nBrasileira de Engenharia de Produ\u00e7\u00e3o (ABEPRO), representando o DEP na categoria de<br \/>\nmelhor TCC.<\/p>\n<p>O cerne do estudo \u00e9 a simula\u00e7\u00e3o de produtos aut\u00f4nomos em um ambiente job<br \/>\nshop. Nesse contexto, os roteiros de produ\u00e7\u00e3o s\u00e3o determinados pela busca do menor<br \/>\ntempo de conclus\u00e3o das ordens de produ\u00e7\u00e3o, considerando o estado atual do ch\u00e3o de<br \/>\nf\u00e1brica. A compara\u00e7\u00e3o com a l\u00f3gica tradicional de linhas de produ\u00e7\u00e3o dedicadas<br \/>\ncomprova a robustez da abordagem proposta, que resulta em redu\u00e7\u00e3o na variabilidade<br \/>\ndos tempos de atravessamento.<\/p>\n<p>Maria Vit\u00f3ria foi aluna de gradua\u00e7\u00e3o no per\u00edodo de 2018 a 2022. Atualmente \u00e9<br \/>\naluna de mestrado do PPGEP, ap\u00f3s participar do programa Trilha Gradua\u00e7\u00e3o-Mestrado.<\/p>\n<p>A pesquisa culminou na publica\u00e7\u00e3o do artigo intitulado \u201cSimulando Produtos<br \/>\nAut\u00f4nomos no Ch\u00e3o de F\u00e1brica: Um Tutorial\u201d, que foi apresentado no XXVIII<br \/>\nSIMPEP, e do artigo \u201cReduction of variability in a smart shop floor using discrete event<br \/>\nsimulation\u201d, publicado no The International Journal of Advanced Manufacturing<br \/>\nTechnology (IJAMT). Este segundo est\u00e1 dispon\u00edvel para acesso no link<br \/>\n<a href=\"https:\/\/rdcu.be\/dh4P3\">https:\/\/rdcu.be\/dh4P3<\/a>.<\/p>\n","protected":false},"excerpt":{"rendered":"<p>O Departamento de Engenharia de Produ\u00e7\u00e3o parabeniza a aluna Maria Vit\u00f3ria Pallone Bussacarini e a professora Juliana Keiko Sagawa pelo trabalho \u201cRedu\u00e7\u00e3o da variabilidade em um ch\u00e3o de f\u00e1brica inteligente utilizando simula\u00e7\u00e3o de eventos discretos\u201d, escolhido como Melhor Trabalho de Conclus\u00e3o de Curso (TCC) em Engenharia de Produ\u00e7\u00e3o de 2022. O trabalho concorreu ao pr\u00eamio &#8230; <a class=\"more-link\" href=\"https:\/\/dep.ufscar.br\/index.php\/melhor-tcc-de-2022-simula-chao-de-fabrica-inteligente\/\">Leia mais<\/a><\/p>\n","protected":false},"author":245,"featured_media":5779,"parent":0,"menu_order":0,"comment_status":"closed","ping_status":"closed","template":"","meta":[],"categories":[29,38],"tags":[],"yoast_head":"<!-- This site is optimized with the Yoast SEO plugin v17.0 - https:\/\/yoast.com\/wordpress\/plugins\/seo\/ -->\n<title>Melhor TCC de 2022 simula ch\u00e3o de f\u00e1brica inteligente - DEP<\/title>\n<meta name=\"robots\" content=\"index, follow, max-snippet:-1, max-image-preview:large, max-video-preview:-1\" \/>\n<link rel=\"canonical\" href=\"https:\/\/dep.ufscar.br\/index.php\/melhor-tcc-de-2022-simula-chao-de-fabrica-inteligente\/\" \/>\n<meta property=\"og:locale\" content=\"pt_BR\" \/>\n<meta property=\"og:type\" content=\"article\" \/>\n<meta property=\"og:title\" content=\"Melhor TCC de 2022 simula ch\u00e3o de f\u00e1brica inteligente - DEP\" \/>\n<meta property=\"og:description\" content=\"O Departamento de Engenharia de Produ\u00e7\u00e3o parabeniza a aluna Maria Vit\u00f3ria Pallone Bussacarini e a professora Juliana Keiko Sagawa pelo trabalho \u201cRedu\u00e7\u00e3o da variabilidade em um ch\u00e3o de f\u00e1brica inteligente utilizando simula\u00e7\u00e3o de eventos discretos\u201d, escolhido como Melhor Trabalho de Conclus\u00e3o de Curso (TCC) em Engenharia de Produ\u00e7\u00e3o de 2022. O trabalho concorreu ao pr\u00eamio [&hellip;]\" \/>\n<meta property=\"og:url\" content=\"https:\/\/dep.ufscar.br\/index.php\/melhor-tcc-de-2022-simula-chao-de-fabrica-inteligente\/\" \/>\n<meta property=\"og:site_name\" content=\"DEP\" \/>\n<meta property=\"article:modified_time\" content=\"2023-09-11T19:24:52+00:00\" \/>\n<meta property=\"og:image\" content=\"http:\/\/dep.ufscar.br\/wp-content\/uploads\/2023\/09\/foto-capa-tcc.png\" \/>\n\t<meta property=\"og:image:width\" content=\"495\" \/>\n\t<meta property=\"og:image:height\" content=\"278\" \/>\n<meta name=\"twitter:card\" content=\"summary_large_image\" \/>\n<meta name=\"twitter:label1\" content=\"Est. tempo de leitura\" \/>\n\t<meta name=\"twitter:data1\" content=\"1 minuto\" \/>\n<script type=\"application\/ld+json\" class=\"yoast-schema-graph\">{\"@context\":\"https:\/\/schema.org\",\"@graph\":[{\"@type\":\"WebSite\",\"@id\":\"https:\/\/dep.ufscar.br\/#website\",\"url\":\"https:\/\/dep.ufscar.br\/\",\"name\":\"DEP\",\"description\":\"Departamento de Engenharia de Produ\\u00e7\\u00e3o\",\"potentialAction\":[{\"@type\":\"SearchAction\",\"target\":{\"@type\":\"EntryPoint\",\"urlTemplate\":\"https:\/\/dep.ufscar.br\/?s={search_term_string}\"},\"query-input\":\"required name=search_term_string\"}],\"inLanguage\":\"pt-BR\"},{\"@type\":\"ImageObject\",\"@id\":\"https:\/\/dep.ufscar.br\/index.php\/melhor-tcc-de-2022-simula-chao-de-fabrica-inteligente\/#primaryimage\",\"inLanguage\":\"pt-BR\",\"url\":\"https:\/\/dep.ufscar.br\/wp-content\/uploads\/2023\/09\/foto-capa-tcc.png\",\"contentUrl\":\"https:\/\/dep.ufscar.br\/wp-content\/uploads\/2023\/09\/foto-capa-tcc.png\",\"width\":495,\"height\":278},{\"@type\":\"WebPage\",\"@id\":\"https:\/\/dep.ufscar.br\/index.php\/melhor-tcc-de-2022-simula-chao-de-fabrica-inteligente\/#webpage\",\"url\":\"https:\/\/dep.ufscar.br\/index.php\/melhor-tcc-de-2022-simula-chao-de-fabrica-inteligente\/\",\"name\":\"Melhor TCC de 2022 simula ch\\u00e3o de f\\u00e1brica inteligente - DEP\",\"isPartOf\":{\"@id\":\"https:\/\/dep.ufscar.br\/#website\"},\"primaryImageOfPage\":{\"@id\":\"https:\/\/dep.ufscar.br\/index.php\/melhor-tcc-de-2022-simula-chao-de-fabrica-inteligente\/#primaryimage\"},\"datePublished\":\"2023-09-11T19:23:06+00:00\",\"dateModified\":\"2023-09-11T19:24:52+00:00\",\"breadcrumb\":{\"@id\":\"https:\/\/dep.ufscar.br\/index.php\/melhor-tcc-de-2022-simula-chao-de-fabrica-inteligente\/#breadcrumb\"},\"inLanguage\":\"pt-BR\",\"potentialAction\":[{\"@type\":\"ReadAction\",\"target\":[\"https:\/\/dep.ufscar.br\/index.php\/melhor-tcc-de-2022-simula-chao-de-fabrica-inteligente\/\"]}]},{\"@type\":\"BreadcrumbList\",\"@id\":\"https:\/\/dep.ufscar.br\/index.php\/melhor-tcc-de-2022-simula-chao-de-fabrica-inteligente\/#breadcrumb\",\"itemListElement\":[{\"@type\":\"ListItem\",\"position\":1,\"name\":\"Home\",\"item\":\"https:\/\/dep.ufscar.br\/\"},{\"@type\":\"ListItem\",\"position\":2,\"name\":\"Melhor TCC de 2022 simula ch\\u00e3o de f\\u00e1brica inteligente\"}]}]}<\/script>\n<!-- \/ Yoast SEO plugin. -->","yoast_head_json":{"title":"Melhor TCC de 2022 simula ch\u00e3o de f\u00e1brica inteligente - DEP","robots":{"index":"index","follow":"follow","max-snippet":"max-snippet:-1","max-image-preview":"max-image-preview:large","max-video-preview":"max-video-preview:-1"},"canonical":"https:\/\/dep.ufscar.br\/index.php\/melhor-tcc-de-2022-simula-chao-de-fabrica-inteligente\/","og_locale":"pt_BR","og_type":"article","og_title":"Melhor TCC de 2022 simula ch\u00e3o de f\u00e1brica inteligente - DEP","og_description":"O Departamento de Engenharia de Produ\u00e7\u00e3o parabeniza a aluna Maria Vit\u00f3ria Pallone Bussacarini e a professora Juliana Keiko Sagawa pelo trabalho \u201cRedu\u00e7\u00e3o da variabilidade em um ch\u00e3o de f\u00e1brica inteligente utilizando simula\u00e7\u00e3o de eventos discretos\u201d, escolhido como Melhor Trabalho de Conclus\u00e3o de Curso (TCC) em Engenharia de Produ\u00e7\u00e3o de 2022. O trabalho concorreu ao pr\u00eamio [&hellip;]","og_url":"https:\/\/dep.ufscar.br\/index.php\/melhor-tcc-de-2022-simula-chao-de-fabrica-inteligente\/","og_site_name":"DEP","article_modified_time":"2023-09-11T19:24:52+00:00","og_image":[{"width":495,"height":278,"url":"http:\/\/dep.ufscar.br\/wp-content\/uploads\/2023\/09\/foto-capa-tcc.png","path":"\/var\/www\/html\/desenvolvimento\/wp-content\/uploads\/2023\/09\/foto-capa-tcc.png","size":"full","id":5779,"alt":"","pixels":137610,"type":"image\/png"}],"twitter_card":"summary_large_image","twitter_misc":{"Est. tempo de leitura":"1 minuto"},"schema":{"@context":"https:\/\/schema.org","@graph":[{"@type":"WebSite","@id":"https:\/\/dep.ufscar.br\/#website","url":"https:\/\/dep.ufscar.br\/","name":"DEP","description":"Departamento de Engenharia de Produ\u00e7\u00e3o","potentialAction":[{"@type":"SearchAction","target":{"@type":"EntryPoint","urlTemplate":"https:\/\/dep.ufscar.br\/?s={search_term_string}"},"query-input":"required name=search_term_string"}],"inLanguage":"pt-BR"},{"@type":"ImageObject","@id":"https:\/\/dep.ufscar.br\/index.php\/melhor-tcc-de-2022-simula-chao-de-fabrica-inteligente\/#primaryimage","inLanguage":"pt-BR","url":"https:\/\/dep.ufscar.br\/wp-content\/uploads\/2023\/09\/foto-capa-tcc.png","contentUrl":"https:\/\/dep.ufscar.br\/wp-content\/uploads\/2023\/09\/foto-capa-tcc.png","width":495,"height":278},{"@type":"WebPage","@id":"https:\/\/dep.ufscar.br\/index.php\/melhor-tcc-de-2022-simula-chao-de-fabrica-inteligente\/#webpage","url":"https:\/\/dep.ufscar.br\/index.php\/melhor-tcc-de-2022-simula-chao-de-fabrica-inteligente\/","name":"Melhor TCC de 2022 simula ch\u00e3o de f\u00e1brica inteligente - DEP","isPartOf":{"@id":"https:\/\/dep.ufscar.br\/#website"},"primaryImageOfPage":{"@id":"https:\/\/dep.ufscar.br\/index.php\/melhor-tcc-de-2022-simula-chao-de-fabrica-inteligente\/#primaryimage"},"datePublished":"2023-09-11T19:23:06+00:00","dateModified":"2023-09-11T19:24:52+00:00","breadcrumb":{"@id":"https:\/\/dep.ufscar.br\/index.php\/melhor-tcc-de-2022-simula-chao-de-fabrica-inteligente\/#breadcrumb"},"inLanguage":"pt-BR","potentialAction":[{"@type":"ReadAction","target":["https:\/\/dep.ufscar.br\/index.php\/melhor-tcc-de-2022-simula-chao-de-fabrica-inteligente\/"]}]},{"@type":"BreadcrumbList","@id":"https:\/\/dep.ufscar.br\/index.php\/melhor-tcc-de-2022-simula-chao-de-fabrica-inteligente\/#breadcrumb","itemListElement":[{"@type":"ListItem","position":1,"name":"Home","item":"https:\/\/dep.ufscar.br\/"},{"@type":"ListItem","position":2,"name":"Melhor TCC de 2022 simula ch\u00e3o de f\u00e1brica inteligente"}]}]}},"_links":{"self":[{"href":"https:\/\/dep.ufscar.br\/index.php\/wp-json\/wp\/v2\/pages\/5777"}],"collection":[{"href":"https:\/\/dep.ufscar.br\/index.php\/wp-json\/wp\/v2\/pages"}],"about":[{"href":"https:\/\/dep.ufscar.br\/index.php\/wp-json\/wp\/v2\/types\/page"}],"author":[{"embeddable":true,"href":"https:\/\/dep.ufscar.br\/index.php\/wp-json\/wp\/v2\/users\/245"}],"replies":[{"embeddable":true,"href":"https:\/\/dep.ufscar.br\/index.php\/wp-json\/wp\/v2\/comments?post=5777"}],"version-history":[{"count":4,"href":"https:\/\/dep.ufscar.br\/index.php\/wp-json\/wp\/v2\/pages\/5777\/revisions"}],"predecessor-version":[{"id":5783,"href":"https:\/\/dep.ufscar.br\/index.php\/wp-json\/wp\/v2\/pages\/5777\/revisions\/5783"}],"wp:featuredmedia":[{"embeddable":true,"href":"https:\/\/dep.ufscar.br\/index.php\/wp-json\/wp\/v2\/media\/5779"}],"wp:attachment":[{"href":"https:\/\/dep.ufscar.br\/index.php\/wp-json\/wp\/v2\/media?parent=5777"}],"wp:term":[{"taxonomy":"category","embeddable":true,"href":"https:\/\/dep.ufscar.br\/index.php\/wp-json\/wp\/v2\/categories?post=5777"},{"taxonomy":"post_tag","embeddable":true,"href":"https:\/\/dep.ufscar.br\/index.php\/wp-json\/wp\/v2\/tags?post=5777"}],"curies":[{"name":"wp","href":"https:\/\/api.w.org\/{rel}","templated":true}]}}