{"id":5773,"date":"2023-09-04T15:30:40","date_gmt":"2023-09-04T18:30:40","guid":{"rendered":"https:\/\/dep.ufscar.br\/?page_id=5773"},"modified":"2023-09-04T15:30:40","modified_gmt":"2023-09-04T18:30:40","slug":"premiacao-de-aluna-destaque-engenharia-de-producao-2022-crea-sp","status":"publish","type":"page","link":"https:\/\/dep.ufscar.br\/index.php\/premiacao-de-aluna-destaque-engenharia-de-producao-2022-crea-sp\/","title":{"rendered":"Premia\u00e7\u00e3o de Aluna Destaque Engenharia de Produ\u00e7\u00e3o 2022 &#8211; CREA-SP"},"content":{"rendered":"<p>A aluna Lu\u00edza Ant\u00f4nia Justino Lamas recebeu no dia 11 de julho o Pr\u00eamio CREA-SP de Forma\u00e7\u00e3o Profissional pelo seu destaque como primeira aluna da turma de Engenharia de Produ\u00e7\u00e3o em 2022. A cerim\u00f4nia aconteceu no Memorial da Am\u00e9rica Latina em S\u00e3o Paulo e contou com a participa\u00e7\u00e3o de toda a administra\u00e7\u00e3o do CREA-SP, al\u00e9m de palestrantes convidados e demais alunos premiados.<\/p>\n","protected":false},"excerpt":{"rendered":"<p>A aluna Lu\u00edza Ant\u00f4nia Justino Lamas recebeu no dia 11 de julho o Pr\u00eamio CREA-SP de Forma\u00e7\u00e3o Profissional pelo seu destaque como primeira aluna da turma de Engenharia de Produ\u00e7\u00e3o em 2022. A cerim\u00f4nia aconteceu no Memorial da Am\u00e9rica Latina em S\u00e3o Paulo e contou com a participa\u00e7\u00e3o de toda a administra\u00e7\u00e3o do CREA-SP, al\u00e9m &#8230; <a class=\"more-link\" href=\"https:\/\/dep.ufscar.br\/index.php\/premiacao-de-aluna-destaque-engenharia-de-producao-2022-crea-sp\/\">Leia mais<\/a><\/p>\n","protected":false},"author":245,"featured_media":5774,"parent":0,"menu_order":0,"comment_status":"closed","ping_status":"closed","template":"","meta":[],"categories":[29,38],"tags":[],"yoast_head":"<!-- This site is optimized with the Yoast SEO plugin v17.0 - https:\/\/yoast.com\/wordpress\/plugins\/seo\/ -->\n<title>Premia\u00e7\u00e3o de Aluna Destaque Engenharia de Produ\u00e7\u00e3o 2022 - CREA-SP - DEP<\/title>\n<meta name=\"robots\" content=\"index, follow, max-snippet:-1, max-image-preview:large, max-video-preview:-1\" \/>\n<link rel=\"canonical\" href=\"https:\/\/dep.ufscar.br\/index.php\/premiacao-de-aluna-destaque-engenharia-de-producao-2022-crea-sp\/\" \/>\n<meta property=\"og:locale\" content=\"pt_BR\" \/>\n<meta property=\"og:type\" content=\"article\" \/>\n<meta property=\"og:title\" content=\"Premia\u00e7\u00e3o de Aluna Destaque Engenharia de Produ\u00e7\u00e3o 2022 - CREA-SP - DEP\" \/>\n<meta property=\"og:description\" content=\"A aluna Lu\u00edza Ant\u00f4nia Justino Lamas recebeu no dia 11 de julho o Pr\u00eamio CREA-SP de Forma\u00e7\u00e3o Profissional pelo seu destaque como primeira aluna da turma de Engenharia de Produ\u00e7\u00e3o em 2022. A cerim\u00f4nia aconteceu no Memorial da Am\u00e9rica Latina em S\u00e3o Paulo e contou com a participa\u00e7\u00e3o de toda a administra\u00e7\u00e3o do CREA-SP, al\u00e9m [&hellip;]\" \/>\n<meta property=\"og:url\" content=\"https:\/\/dep.ufscar.br\/index.php\/premiacao-de-aluna-destaque-engenharia-de-producao-2022-crea-sp\/\" \/>\n<meta property=\"og:site_name\" content=\"DEP\" \/>\n<meta property=\"og:image\" content=\"http:\/\/dep.ufscar.br\/wp-content\/uploads\/2023\/09\/premio-aluna2022.jpg\" \/>\n\t<meta property=\"og:image:width\" content=\"495\" \/>\n\t<meta property=\"og:image:height\" content=\"278\" \/>\n<meta name=\"twitter:card\" content=\"summary_large_image\" \/>\n<script type=\"application\/ld+json\" class=\"yoast-schema-graph\">{\"@context\":\"https:\/\/schema.org\",\"@graph\":[{\"@type\":\"WebSite\",\"@id\":\"https:\/\/dep.ufscar.br\/#website\",\"url\":\"https:\/\/dep.ufscar.br\/\",\"name\":\"DEP\",\"description\":\"Departamento de Engenharia de Produ\\u00e7\\u00e3o\",\"potentialAction\":[{\"@type\":\"SearchAction\",\"target\":{\"@type\":\"EntryPoint\",\"urlTemplate\":\"https:\/\/dep.ufscar.br\/?s={search_term_string}\"},\"query-input\":\"required name=search_term_string\"}],\"inLanguage\":\"pt-BR\"},{\"@type\":\"ImageObject\",\"@id\":\"https:\/\/dep.ufscar.br\/index.php\/premiacao-de-aluna-destaque-engenharia-de-producao-2022-crea-sp\/#primaryimage\",\"inLanguage\":\"pt-BR\",\"url\":\"https:\/\/dep.ufscar.br\/wp-content\/uploads\/2023\/09\/premio-aluna2022.jpg\",\"contentUrl\":\"https:\/\/dep.ufscar.br\/wp-content\/uploads\/2023\/09\/premio-aluna2022.jpg\",\"width\":495,\"height\":278},{\"@type\":\"WebPage\",\"@id\":\"https:\/\/dep.ufscar.br\/index.php\/premiacao-de-aluna-destaque-engenharia-de-producao-2022-crea-sp\/#webpage\",\"url\":\"https:\/\/dep.ufscar.br\/index.php\/premiacao-de-aluna-destaque-engenharia-de-producao-2022-crea-sp\/\",\"name\":\"Premia\\u00e7\\u00e3o de Aluna Destaque Engenharia de Produ\\u00e7\\u00e3o 2022 - CREA-SP - DEP\",\"isPartOf\":{\"@id\":\"https:\/\/dep.ufscar.br\/#website\"},\"primaryImageOfPage\":{\"@id\":\"https:\/\/dep.ufscar.br\/index.php\/premiacao-de-aluna-destaque-engenharia-de-producao-2022-crea-sp\/#primaryimage\"},\"datePublished\":\"2023-09-04T18:30:40+00:00\",\"dateModified\":\"2023-09-04T18:30:40+00:00\",\"breadcrumb\":{\"@id\":\"https:\/\/dep.ufscar.br\/index.php\/premiacao-de-aluna-destaque-engenharia-de-producao-2022-crea-sp\/#breadcrumb\"},\"inLanguage\":\"pt-BR\",\"potentialAction\":[{\"@type\":\"ReadAction\",\"target\":[\"https:\/\/dep.ufscar.br\/index.php\/premiacao-de-aluna-destaque-engenharia-de-producao-2022-crea-sp\/\"]}]},{\"@type\":\"BreadcrumbList\",\"@id\":\"https:\/\/dep.ufscar.br\/index.php\/premiacao-de-aluna-destaque-engenharia-de-producao-2022-crea-sp\/#breadcrumb\",\"itemListElement\":[{\"@type\":\"ListItem\",\"position\":1,\"name\":\"Home\",\"item\":\"https:\/\/dep.ufscar.br\/\"},{\"@type\":\"ListItem\",\"position\":2,\"name\":\"Premia\\u00e7\\u00e3o de Aluna Destaque Engenharia de Produ\\u00e7\\u00e3o 2022 &#8211; CREA-SP\"}]}]}<\/script>\n<!-- \/ Yoast SEO plugin. -->","yoast_head_json":{"title":"Premia\u00e7\u00e3o de Aluna Destaque Engenharia de Produ\u00e7\u00e3o 2022 - CREA-SP - DEP","robots":{"index":"index","follow":"follow","max-snippet":"max-snippet:-1","max-image-preview":"max-image-preview:large","max-video-preview":"max-video-preview:-1"},"canonical":"https:\/\/dep.ufscar.br\/index.php\/premiacao-de-aluna-destaque-engenharia-de-producao-2022-crea-sp\/","og_locale":"pt_BR","og_type":"article","og_title":"Premia\u00e7\u00e3o de Aluna Destaque Engenharia de Produ\u00e7\u00e3o 2022 - CREA-SP - DEP","og_description":"A aluna Lu\u00edza Ant\u00f4nia Justino Lamas recebeu no dia 11 de julho o Pr\u00eamio CREA-SP de Forma\u00e7\u00e3o Profissional pelo seu destaque como primeira aluna da turma de Engenharia de Produ\u00e7\u00e3o em 2022. A cerim\u00f4nia aconteceu no Memorial da Am\u00e9rica Latina em S\u00e3o Paulo e contou com a participa\u00e7\u00e3o de toda a administra\u00e7\u00e3o do CREA-SP, al\u00e9m [&hellip;]","og_url":"https:\/\/dep.ufscar.br\/index.php\/premiacao-de-aluna-destaque-engenharia-de-producao-2022-crea-sp\/","og_site_name":"DEP","og_image":[{"width":495,"height":278,"url":"http:\/\/dep.ufscar.br\/wp-content\/uploads\/2023\/09\/premio-aluna2022.jpg","path":"\/var\/www\/html\/desenvolvimento\/wp-content\/uploads\/2023\/09\/premio-aluna2022.jpg","size":"full","id":5774,"alt":"","pixels":137610,"type":"image\/jpeg"}],"twitter_card":"summary_large_image","schema":{"@context":"https:\/\/schema.org","@graph":[{"@type":"WebSite","@id":"https:\/\/dep.ufscar.br\/#website","url":"https:\/\/dep.ufscar.br\/","name":"DEP","description":"Departamento de Engenharia de Produ\u00e7\u00e3o","potentialAction":[{"@type":"SearchAction","target":{"@type":"EntryPoint","urlTemplate":"https:\/\/dep.ufscar.br\/?s={search_term_string}"},"query-input":"required name=search_term_string"}],"inLanguage":"pt-BR"},{"@type":"ImageObject","@id":"https:\/\/dep.ufscar.br\/index.php\/premiacao-de-aluna-destaque-engenharia-de-producao-2022-crea-sp\/#primaryimage","inLanguage":"pt-BR","url":"https:\/\/dep.ufscar.br\/wp-content\/uploads\/2023\/09\/premio-aluna2022.jpg","contentUrl":"https:\/\/dep.ufscar.br\/wp-content\/uploads\/2023\/09\/premio-aluna2022.jpg","width":495,"height":278},{"@type":"WebPage","@id":"https:\/\/dep.ufscar.br\/index.php\/premiacao-de-aluna-destaque-engenharia-de-producao-2022-crea-sp\/#webpage","url":"https:\/\/dep.ufscar.br\/index.php\/premiacao-de-aluna-destaque-engenharia-de-producao-2022-crea-sp\/","name":"Premia\u00e7\u00e3o de Aluna Destaque Engenharia de Produ\u00e7\u00e3o 2022 - CREA-SP - DEP","isPartOf":{"@id":"https:\/\/dep.ufscar.br\/#website"},"primaryImageOfPage":{"@id":"https:\/\/dep.ufscar.br\/index.php\/premiacao-de-aluna-destaque-engenharia-de-producao-2022-crea-sp\/#primaryimage"},"datePublished":"2023-09-04T18:30:40+00:00","dateModified":"2023-09-04T18:30:40+00:00","breadcrumb":{"@id":"https:\/\/dep.ufscar.br\/index.php\/premiacao-de-aluna-destaque-engenharia-de-producao-2022-crea-sp\/#breadcrumb"},"inLanguage":"pt-BR","potentialAction":[{"@type":"ReadAction","target":["https:\/\/dep.ufscar.br\/index.php\/premiacao-de-aluna-destaque-engenharia-de-producao-2022-crea-sp\/"]}]},{"@type":"BreadcrumbList","@id":"https:\/\/dep.ufscar.br\/index.php\/premiacao-de-aluna-destaque-engenharia-de-producao-2022-crea-sp\/#breadcrumb","itemListElement":[{"@type":"ListItem","position":1,"name":"Home","item":"https:\/\/dep.ufscar.br\/"},{"@type":"ListItem","position":2,"name":"Premia\u00e7\u00e3o de Aluna Destaque Engenharia de Produ\u00e7\u00e3o 2022 &#8211; CREA-SP"}]}]}},"_links":{"self":[{"href":"https:\/\/dep.ufscar.br\/index.php\/wp-json\/wp\/v2\/pages\/5773"}],"collection":[{"href":"https:\/\/dep.ufscar.br\/index.php\/wp-json\/wp\/v2\/pages"}],"about":[{"href":"https:\/\/dep.ufscar.br\/index.php\/wp-json\/wp\/v2\/types\/page"}],"author":[{"embeddable":true,"href":"https:\/\/dep.ufscar.br\/index.php\/wp-json\/wp\/v2\/users\/245"}],"replies":[{"embeddable":true,"href":"https:\/\/dep.ufscar.br\/index.php\/wp-json\/wp\/v2\/comments?post=5773"}],"version-history":[{"count":1,"href":"https:\/\/dep.ufscar.br\/index.php\/wp-json\/wp\/v2\/pages\/5773\/revisions"}],"predecessor-version":[{"id":5775,"href":"https:\/\/dep.ufscar.br\/index.php\/wp-json\/wp\/v2\/pages\/5773\/revisions\/5775"}],"wp:featuredmedia":[{"embeddable":true,"href":"https:\/\/dep.ufscar.br\/index.php\/wp-json\/wp\/v2\/media\/5774"}],"wp:attachment":[{"href":"https:\/\/dep.ufscar.br\/index.php\/wp-json\/wp\/v2\/media?parent=5773"}],"wp:term":[{"taxonomy":"category","embeddable":true,"href":"https:\/\/dep.ufscar.br\/index.php\/wp-json\/wp\/v2\/categories?post=5773"},{"taxonomy":"post_tag","embeddable":true,"href":"https:\/\/dep.ufscar.br\/index.php\/wp-json\/wp\/v2\/tags?post=5773"}],"curies":[{"name":"wp","href":"https:\/\/api.w.org\/{rel}","templated":true}]}}