{"id":5768,"date":"2023-08-04T09:56:58","date_gmt":"2023-08-04T12:56:58","guid":{"rendered":"https:\/\/dep.ufscar.br\/?page_id=5768"},"modified":"2023-08-04T09:56:58","modified_gmt":"2023-08-04T12:56:58","slug":"prof-reinaldo-morabito-esta-no-best-engineering-and-technology-scientists-in-brazil","status":"publish","type":"page","link":"https:\/\/dep.ufscar.br\/index.php\/prof-reinaldo-morabito-esta-no-best-engineering-and-technology-scientists-in-brazil\/","title":{"rendered":"Prof. Reinaldo Morabito est\u00e1 no \u201cBest Engineering and Technology Scientists in Brazil"},"content":{"rendered":"<p style=\"font-weight: 400;\"><img loading=\"lazy\" class=\"alignnone size-full wp-image-5769 alignleft\" src=\"http:\/\/dep.ufscar.br\/wp-content\/uploads\/2023\/08\/reinaldo.jpg\" alt=\"\" width=\"200\" height=\"200\" srcset=\"https:\/\/dep.ufscar.br\/wp-content\/uploads\/2023\/08\/reinaldo.jpg 200w, https:\/\/dep.ufscar.br\/wp-content\/uploads\/2023\/08\/reinaldo-150x150.jpg 150w\" sizes=\"(max-width: 200px) 100vw, 200px\" \/>\u00c9 com grande satisfa\u00e7\u00e3o que o Departamento de Engenharia de Produ\u00e7\u00e3o (DEP) parabeniza nosso colega Reinaldo Mor\u00e1bito por sua posi\u00e7\u00e3o de distin\u00e7\u00e3o nessa segunda edi\u00e7\u00e3o do ranking\u00a0<a href=\"https:\/\/research.com\/scientists-rankings\/engineering-and-technology\/br\" data-saferedirecturl=\"https:\/\/www.google.com\/url?q=https:\/\/research.com\/scientists-rankings\/engineering-and-technology\/br&amp;source=gmail&amp;ust=1691234599836000&amp;usg=AOvVaw25k3OoJ0LzxUwtEqgc_Fo7\">World&#8217;s Best Engineering and Technology Scientists: H-Index Engineering and Technology Science Ranking in Brazil 2023 | Research.com<\/a>\u00a0\u00a0(<a href=\"https:\/\/research.com\/scientists-rankings\/engineering-and-technology\/br\" data-saferedirecturl=\"https:\/\/www.google.com\/url?q=https:\/\/research.com\/scientists-rankings\/engineering-and-technology\/br&amp;source=gmail&amp;ust=1691234599836000&amp;usg=AOvVaw25k3OoJ0LzxUwtEqgc_Fo7\">https:\/\/research.com\/scientists-rankings\/engineering-and-technology\/br<\/a>), constituindo-se em um dos dois \u00fanicos cientistas da UFSCar posicionados neste ranking.<\/p>\n<p style=\"font-weight: 400; text-align: left;\">O ranking, criado a partir de dados de v\u00e1rias fontes, incluindo OpenAlex e CrossRef, utiliza dados bibliom\u00e9tricos, coletados em 21\/12\/2022. A posi\u00e7\u00e3o no ranking \u00e9 definida a partir do \u00edndice acad\u00eamico \u201cD-Index\u201d (\u00edndice H da disciplina\/\u00e1rea), e inclui apenas publica\u00e7\u00f5es e m\u00e9tricas de cita\u00e7\u00e3o para a \u00e1rea do conhecimento examinada.<\/p>\n<p style=\"font-weight: 400; text-align: left;\">A posi\u00e7\u00e3o merit\u00f3ria alcan\u00e7ada pelo prof. Reinaldo \u00e9 express\u00e3o de sua brilhante trajet\u00f3ria acad\u00eamica, dedicada \u00e0 pesquisa e ao ensino na \u00e1rea de Engenharia de Produ\u00e7\u00e3o, combinada com os apoios, muitas vezes realizados em condi\u00e7\u00f5es bastante adversas, das estruturas institucionais de C&amp;T do pa\u00eds,\u00a0que envolvem, entre outras, as Ag\u00eancias de Fomento \u00e0 pesquisa, a UFSCar e o pr\u00f3prio DEP, sem as quais um trabalho acad\u00eamico dificilmente consegue desenvolvido.<\/p>\n<p style=\"text-align: left;\"><span style=\"font-weight: 400;\">Parab\u00e9ns, prof. Reinaldo!!!<\/span><\/p>\n","protected":false},"excerpt":{"rendered":"<p>\u00c9 com grande satisfa\u00e7\u00e3o que o Departamento de Engenharia de Produ\u00e7\u00e3o (DEP) parabeniza nosso colega Reinaldo Mor\u00e1bito por sua posi\u00e7\u00e3o de distin\u00e7\u00e3o nessa segunda edi\u00e7\u00e3o do ranking\u00a0World&#8217;s Best Engineering and Technology Scientists: H-Index Engineering and Technology Science Ranking in Brazil 2023 | Research.com\u00a0\u00a0(https:\/\/research.com\/scientists-rankings\/engineering-and-technology\/br), constituindo-se em um dos dois \u00fanicos cientistas da UFSCar posicionados neste ranking. &#8230; <a class=\"more-link\" href=\"https:\/\/dep.ufscar.br\/index.php\/prof-reinaldo-morabito-esta-no-best-engineering-and-technology-scientists-in-brazil\/\">Leia mais<\/a><\/p>\n","protected":false},"author":245,"featured_media":5770,"parent":0,"menu_order":0,"comment_status":"closed","ping_status":"closed","template":"","meta":[],"categories":[29,38],"tags":[],"yoast_head":"<!-- This site is optimized with the Yoast SEO plugin v17.0 - https:\/\/yoast.com\/wordpress\/plugins\/seo\/ -->\n<title>Prof. Reinaldo Morabito est\u00e1 no \u201cBest Engineering and Technology Scientists in Brazil - DEP<\/title>\n<meta name=\"robots\" content=\"index, follow, max-snippet:-1, max-image-preview:large, max-video-preview:-1\" \/>\n<link rel=\"canonical\" href=\"https:\/\/dep.ufscar.br\/index.php\/prof-reinaldo-morabito-esta-no-best-engineering-and-technology-scientists-in-brazil\/\" \/>\n<meta property=\"og:locale\" content=\"pt_BR\" \/>\n<meta property=\"og:type\" content=\"article\" \/>\n<meta property=\"og:title\" content=\"Prof. Reinaldo Morabito est\u00e1 no \u201cBest Engineering and Technology Scientists in Brazil - DEP\" \/>\n<meta property=\"og:description\" content=\"\u00c9 com grande satisfa\u00e7\u00e3o que o Departamento de Engenharia de Produ\u00e7\u00e3o (DEP) parabeniza nosso colega Reinaldo Mor\u00e1bito por sua posi\u00e7\u00e3o de distin\u00e7\u00e3o nessa segunda edi\u00e7\u00e3o do ranking\u00a0World&#8217;s Best Engineering and Technology Scientists: H-Index Engineering and Technology Science Ranking in Brazil 2023 | Research.com\u00a0\u00a0(https:\/\/research.com\/scientists-rankings\/engineering-and-technology\/br), constituindo-se em um dos dois \u00fanicos cientistas da UFSCar posicionados neste ranking. [&hellip;]\" \/>\n<meta property=\"og:url\" content=\"https:\/\/dep.ufscar.br\/index.php\/prof-reinaldo-morabito-esta-no-best-engineering-and-technology-scientists-in-brazil\/\" \/>\n<meta property=\"og:site_name\" content=\"DEP\" \/>\n<meta property=\"og:image\" content=\"http:\/\/dep.ufscar.br\/wp-content\/uploads\/2023\/08\/morabito3.jpg\" \/>\n\t<meta property=\"og:image:width\" content=\"495\" \/>\n\t<meta property=\"og:image:height\" content=\"278\" \/>\n<meta name=\"twitter:card\" content=\"summary_large_image\" \/>\n<meta name=\"twitter:label1\" content=\"Est. tempo de leitura\" \/>\n\t<meta name=\"twitter:data1\" content=\"1 minuto\" \/>\n<script type=\"application\/ld+json\" class=\"yoast-schema-graph\">{\"@context\":\"https:\/\/schema.org\",\"@graph\":[{\"@type\":\"WebSite\",\"@id\":\"https:\/\/dep.ufscar.br\/#website\",\"url\":\"https:\/\/dep.ufscar.br\/\",\"name\":\"DEP\",\"description\":\"Departamento de Engenharia de Produ\\u00e7\\u00e3o\",\"potentialAction\":[{\"@type\":\"SearchAction\",\"target\":{\"@type\":\"EntryPoint\",\"urlTemplate\":\"https:\/\/dep.ufscar.br\/?s={search_term_string}\"},\"query-input\":\"required name=search_term_string\"}],\"inLanguage\":\"pt-BR\"},{\"@type\":\"ImageObject\",\"@id\":\"https:\/\/dep.ufscar.br\/index.php\/prof-reinaldo-morabito-esta-no-best-engineering-and-technology-scientists-in-brazil\/#primaryimage\",\"inLanguage\":\"pt-BR\",\"url\":\"https:\/\/dep.ufscar.br\/wp-content\/uploads\/2023\/08\/morabito3.jpg\",\"contentUrl\":\"https:\/\/dep.ufscar.br\/wp-content\/uploads\/2023\/08\/morabito3.jpg\",\"width\":495,\"height\":278},{\"@type\":\"WebPage\",\"@id\":\"https:\/\/dep.ufscar.br\/index.php\/prof-reinaldo-morabito-esta-no-best-engineering-and-technology-scientists-in-brazil\/#webpage\",\"url\":\"https:\/\/dep.ufscar.br\/index.php\/prof-reinaldo-morabito-esta-no-best-engineering-and-technology-scientists-in-brazil\/\",\"name\":\"Prof. Reinaldo Morabito est\\u00e1 no \\u201cBest Engineering and Technology Scientists in Brazil - DEP\",\"isPartOf\":{\"@id\":\"https:\/\/dep.ufscar.br\/#website\"},\"primaryImageOfPage\":{\"@id\":\"https:\/\/dep.ufscar.br\/index.php\/prof-reinaldo-morabito-esta-no-best-engineering-and-technology-scientists-in-brazil\/#primaryimage\"},\"datePublished\":\"2023-08-04T12:56:58+00:00\",\"dateModified\":\"2023-08-04T12:56:58+00:00\",\"breadcrumb\":{\"@id\":\"https:\/\/dep.ufscar.br\/index.php\/prof-reinaldo-morabito-esta-no-best-engineering-and-technology-scientists-in-brazil\/#breadcrumb\"},\"inLanguage\":\"pt-BR\",\"potentialAction\":[{\"@type\":\"ReadAction\",\"target\":[\"https:\/\/dep.ufscar.br\/index.php\/prof-reinaldo-morabito-esta-no-best-engineering-and-technology-scientists-in-brazil\/\"]}]},{\"@type\":\"BreadcrumbList\",\"@id\":\"https:\/\/dep.ufscar.br\/index.php\/prof-reinaldo-morabito-esta-no-best-engineering-and-technology-scientists-in-brazil\/#breadcrumb\",\"itemListElement\":[{\"@type\":\"ListItem\",\"position\":1,\"name\":\"Home\",\"item\":\"https:\/\/dep.ufscar.br\/\"},{\"@type\":\"ListItem\",\"position\":2,\"name\":\"Prof. Reinaldo Morabito est\\u00e1 no \\u201cBest Engineering and Technology Scientists in Brazil\"}]}]}<\/script>\n<!-- \/ Yoast SEO plugin. -->","yoast_head_json":{"title":"Prof. Reinaldo Morabito est\u00e1 no \u201cBest Engineering and Technology Scientists in Brazil - DEP","robots":{"index":"index","follow":"follow","max-snippet":"max-snippet:-1","max-image-preview":"max-image-preview:large","max-video-preview":"max-video-preview:-1"},"canonical":"https:\/\/dep.ufscar.br\/index.php\/prof-reinaldo-morabito-esta-no-best-engineering-and-technology-scientists-in-brazil\/","og_locale":"pt_BR","og_type":"article","og_title":"Prof. Reinaldo Morabito est\u00e1 no \u201cBest Engineering and Technology Scientists in Brazil - DEP","og_description":"\u00c9 com grande satisfa\u00e7\u00e3o que o Departamento de Engenharia de Produ\u00e7\u00e3o (DEP) parabeniza nosso colega Reinaldo Mor\u00e1bito por sua posi\u00e7\u00e3o de distin\u00e7\u00e3o nessa segunda edi\u00e7\u00e3o do ranking\u00a0World&#8217;s Best Engineering and Technology Scientists: H-Index Engineering and Technology Science Ranking in Brazil 2023 | Research.com\u00a0\u00a0(https:\/\/research.com\/scientists-rankings\/engineering-and-technology\/br), constituindo-se em um dos dois \u00fanicos cientistas da UFSCar posicionados neste ranking. [&hellip;]","og_url":"https:\/\/dep.ufscar.br\/index.php\/prof-reinaldo-morabito-esta-no-best-engineering-and-technology-scientists-in-brazil\/","og_site_name":"DEP","og_image":[{"width":495,"height":278,"url":"http:\/\/dep.ufscar.br\/wp-content\/uploads\/2023\/08\/morabito3.jpg","path":"\/var\/www\/html\/desenvolvimento\/wp-content\/uploads\/2023\/08\/morabito3.jpg","size":"full","id":5770,"alt":"","pixels":137610,"type":"image\/jpeg"}],"twitter_card":"summary_large_image","twitter_misc":{"Est. tempo de leitura":"1 minuto"},"schema":{"@context":"https:\/\/schema.org","@graph":[{"@type":"WebSite","@id":"https:\/\/dep.ufscar.br\/#website","url":"https:\/\/dep.ufscar.br\/","name":"DEP","description":"Departamento de Engenharia de Produ\u00e7\u00e3o","potentialAction":[{"@type":"SearchAction","target":{"@type":"EntryPoint","urlTemplate":"https:\/\/dep.ufscar.br\/?s={search_term_string}"},"query-input":"required name=search_term_string"}],"inLanguage":"pt-BR"},{"@type":"ImageObject","@id":"https:\/\/dep.ufscar.br\/index.php\/prof-reinaldo-morabito-esta-no-best-engineering-and-technology-scientists-in-brazil\/#primaryimage","inLanguage":"pt-BR","url":"https:\/\/dep.ufscar.br\/wp-content\/uploads\/2023\/08\/morabito3.jpg","contentUrl":"https:\/\/dep.ufscar.br\/wp-content\/uploads\/2023\/08\/morabito3.jpg","width":495,"height":278},{"@type":"WebPage","@id":"https:\/\/dep.ufscar.br\/index.php\/prof-reinaldo-morabito-esta-no-best-engineering-and-technology-scientists-in-brazil\/#webpage","url":"https:\/\/dep.ufscar.br\/index.php\/prof-reinaldo-morabito-esta-no-best-engineering-and-technology-scientists-in-brazil\/","name":"Prof. Reinaldo Morabito est\u00e1 no \u201cBest Engineering and Technology Scientists in Brazil - DEP","isPartOf":{"@id":"https:\/\/dep.ufscar.br\/#website"},"primaryImageOfPage":{"@id":"https:\/\/dep.ufscar.br\/index.php\/prof-reinaldo-morabito-esta-no-best-engineering-and-technology-scientists-in-brazil\/#primaryimage"},"datePublished":"2023-08-04T12:56:58+00:00","dateModified":"2023-08-04T12:56:58+00:00","breadcrumb":{"@id":"https:\/\/dep.ufscar.br\/index.php\/prof-reinaldo-morabito-esta-no-best-engineering-and-technology-scientists-in-brazil\/#breadcrumb"},"inLanguage":"pt-BR","potentialAction":[{"@type":"ReadAction","target":["https:\/\/dep.ufscar.br\/index.php\/prof-reinaldo-morabito-esta-no-best-engineering-and-technology-scientists-in-brazil\/"]}]},{"@type":"BreadcrumbList","@id":"https:\/\/dep.ufscar.br\/index.php\/prof-reinaldo-morabito-esta-no-best-engineering-and-technology-scientists-in-brazil\/#breadcrumb","itemListElement":[{"@type":"ListItem","position":1,"name":"Home","item":"https:\/\/dep.ufscar.br\/"},{"@type":"ListItem","position":2,"name":"Prof. Reinaldo Morabito est\u00e1 no \u201cBest Engineering and Technology Scientists in Brazil"}]}]}},"_links":{"self":[{"href":"https:\/\/dep.ufscar.br\/index.php\/wp-json\/wp\/v2\/pages\/5768"}],"collection":[{"href":"https:\/\/dep.ufscar.br\/index.php\/wp-json\/wp\/v2\/pages"}],"about":[{"href":"https:\/\/dep.ufscar.br\/index.php\/wp-json\/wp\/v2\/types\/page"}],"author":[{"embeddable":true,"href":"https:\/\/dep.ufscar.br\/index.php\/wp-json\/wp\/v2\/users\/245"}],"replies":[{"embeddable":true,"href":"https:\/\/dep.ufscar.br\/index.php\/wp-json\/wp\/v2\/comments?post=5768"}],"version-history":[{"count":1,"href":"https:\/\/dep.ufscar.br\/index.php\/wp-json\/wp\/v2\/pages\/5768\/revisions"}],"predecessor-version":[{"id":5771,"href":"https:\/\/dep.ufscar.br\/index.php\/wp-json\/wp\/v2\/pages\/5768\/revisions\/5771"}],"wp:featuredmedia":[{"embeddable":true,"href":"https:\/\/dep.ufscar.br\/index.php\/wp-json\/wp\/v2\/media\/5770"}],"wp:attachment":[{"href":"https:\/\/dep.ufscar.br\/index.php\/wp-json\/wp\/v2\/media?parent=5768"}],"wp:term":[{"taxonomy":"category","embeddable":true,"href":"https:\/\/dep.ufscar.br\/index.php\/wp-json\/wp\/v2\/categories?post=5768"},{"taxonomy":"post_tag","embeddable":true,"href":"https:\/\/dep.ufscar.br\/index.php\/wp-json\/wp\/v2\/tags?post=5768"}],"curies":[{"name":"wp","href":"https:\/\/api.w.org\/{rel}","templated":true}]}}