{"id":5619,"date":"2023-01-19T09:53:51","date_gmt":"2023-01-19T11:53:51","guid":{"rendered":"https:\/\/dep.ufscar.br\/?page_id=5619"},"modified":"2023-01-19T09:53:51","modified_gmt":"2023-01-19T11:53:51","slug":"novo-concurso-publico-para-professor-substituto","status":"publish","type":"page","link":"https:\/\/dep.ufscar.br\/index.php\/novo-concurso-publico-para-professor-substituto\/","title":{"rendered":"Novo concurso p\u00fablico para professor substituto"},"content":{"rendered":"<div><\/div>\n<div>Segue edital \u00fanico\u00a0da UFSCar para contrata\u00e7\u00e3o de\u00a0<b>professores substitutos<\/b>, contemplando uma vaga para o DEP na \u00e1rea de Ger\u00eancia (Planejamento e Controle da Produ\u00e7\u00e3o, Estrat\u00e9gia de Produ\u00e7\u00e3o e Sistemas de Informa\u00e7\u00e3o Gerenciais):<\/div>\n<div><\/div>\n<div><a href=\"https:\/\/www.concursos.ufscar.br\/concursos\/2043\/edital_00223.pdf\" target=\"_blank\" rel=\"noopener\" data-saferedirecturl=\"https:\/\/www.google.com\/url?q=https:\/\/www.concursos.ufscar.br\/concursos\/2043\/edital_00223.pdf&amp;source=gmail&amp;ust=1674212227432000&amp;usg=AOvVaw2xeA_oPW4D06J1Tj6dYFzg\">https:\/\/www.concursos.ufscar.<wbr \/>br\/concursos\/2043\/edital_<wbr \/>00223.pdf<\/a><\/div>\n<div><\/div>\n","protected":false},"excerpt":{"rendered":"<p>Segue edital \u00fanico\u00a0da UFSCar para contrata\u00e7\u00e3o de\u00a0professores substitutos, contemplando uma vaga para o DEP na \u00e1rea de Ger\u00eancia (Planejamento e Controle da Produ\u00e7\u00e3o, Estrat\u00e9gia de Produ\u00e7\u00e3o e Sistemas de Informa\u00e7\u00e3o Gerenciais): https:\/\/www.concursos.ufscar.br\/concursos\/2043\/edital_00223.pdf&#8230; <a class=\"more-link\" href=\"https:\/\/dep.ufscar.br\/index.php\/novo-concurso-publico-para-professor-substituto\/\">Leia mais<\/a><\/p>\n","protected":false},"author":245,"featured_media":5620,"parent":0,"menu_order":0,"comment_status":"closed","ping_status":"closed","template":"","meta":[],"categories":[29,38],"tags":[],"yoast_head":"<!-- This site is optimized with the Yoast SEO plugin v17.0 - https:\/\/yoast.com\/wordpress\/plugins\/seo\/ -->\n<title>Novo concurso p\u00fablico para professor substituto - DEP<\/title>\n<meta name=\"robots\" content=\"index, follow, max-snippet:-1, max-image-preview:large, max-video-preview:-1\" \/>\n<link rel=\"canonical\" href=\"https:\/\/dep.ufscar.br\/index.php\/novo-concurso-publico-para-professor-substituto\/\" \/>\n<meta property=\"og:locale\" content=\"pt_BR\" \/>\n<meta property=\"og:type\" content=\"article\" \/>\n<meta property=\"og:title\" content=\"Novo concurso p\u00fablico para professor substituto - DEP\" \/>\n<meta property=\"og:description\" content=\"Segue edital \u00fanico\u00a0da UFSCar para contrata\u00e7\u00e3o de\u00a0professores substitutos, contemplando uma vaga para o DEP na \u00e1rea de Ger\u00eancia (Planejamento e Controle da Produ\u00e7\u00e3o, Estrat\u00e9gia de Produ\u00e7\u00e3o e Sistemas de Informa\u00e7\u00e3o Gerenciais): https:\/\/www.concursos.ufscar.br\/concursos\/2043\/edital_00223.pdf\" \/>\n<meta property=\"og:url\" content=\"https:\/\/dep.ufscar.br\/index.php\/novo-concurso-publico-para-professor-substituto\/\" \/>\n<meta property=\"og:site_name\" content=\"DEP\" \/>\n<meta property=\"og:image\" content=\"http:\/\/dep.ufscar.br\/wp-content\/uploads\/2023\/01\/row-of-students-doing-an-exam-1.jpg\" \/>\n\t<meta property=\"og:image:width\" content=\"495\" \/>\n\t<meta property=\"og:image:height\" content=\"278\" \/>\n<meta name=\"twitter:card\" content=\"summary_large_image\" \/>\n<meta name=\"twitter:label1\" content=\"Est. tempo de leitura\" \/>\n\t<meta name=\"twitter:data1\" content=\"1 minuto\" \/>\n<script type=\"application\/ld+json\" class=\"yoast-schema-graph\">{\"@context\":\"https:\/\/schema.org\",\"@graph\":[{\"@type\":\"WebSite\",\"@id\":\"https:\/\/dep.ufscar.br\/#website\",\"url\":\"https:\/\/dep.ufscar.br\/\",\"name\":\"DEP\",\"description\":\"Departamento de Engenharia de Produ\\u00e7\\u00e3o\",\"potentialAction\":[{\"@type\":\"SearchAction\",\"target\":{\"@type\":\"EntryPoint\",\"urlTemplate\":\"https:\/\/dep.ufscar.br\/?s={search_term_string}\"},\"query-input\":\"required name=search_term_string\"}],\"inLanguage\":\"pt-BR\"},{\"@type\":\"ImageObject\",\"@id\":\"https:\/\/dep.ufscar.br\/index.php\/novo-concurso-publico-para-professor-substituto\/#primaryimage\",\"inLanguage\":\"pt-BR\",\"url\":\"https:\/\/dep.ufscar.br\/wp-content\/uploads\/2023\/01\/row-of-students-doing-an-exam-1.jpg\",\"contentUrl\":\"https:\/\/dep.ufscar.br\/wp-content\/uploads\/2023\/01\/row-of-students-doing-an-exam-1.jpg\",\"width\":495,\"height\":278},{\"@type\":\"WebPage\",\"@id\":\"https:\/\/dep.ufscar.br\/index.php\/novo-concurso-publico-para-professor-substituto\/#webpage\",\"url\":\"https:\/\/dep.ufscar.br\/index.php\/novo-concurso-publico-para-professor-substituto\/\",\"name\":\"Novo concurso p\\u00fablico para professor substituto - DEP\",\"isPartOf\":{\"@id\":\"https:\/\/dep.ufscar.br\/#website\"},\"primaryImageOfPage\":{\"@id\":\"https:\/\/dep.ufscar.br\/index.php\/novo-concurso-publico-para-professor-substituto\/#primaryimage\"},\"datePublished\":\"2023-01-19T11:53:51+00:00\",\"dateModified\":\"2023-01-19T11:53:51+00:00\",\"breadcrumb\":{\"@id\":\"https:\/\/dep.ufscar.br\/index.php\/novo-concurso-publico-para-professor-substituto\/#breadcrumb\"},\"inLanguage\":\"pt-BR\",\"potentialAction\":[{\"@type\":\"ReadAction\",\"target\":[\"https:\/\/dep.ufscar.br\/index.php\/novo-concurso-publico-para-professor-substituto\/\"]}]},{\"@type\":\"BreadcrumbList\",\"@id\":\"https:\/\/dep.ufscar.br\/index.php\/novo-concurso-publico-para-professor-substituto\/#breadcrumb\",\"itemListElement\":[{\"@type\":\"ListItem\",\"position\":1,\"name\":\"Home\",\"item\":\"https:\/\/dep.ufscar.br\/\"},{\"@type\":\"ListItem\",\"position\":2,\"name\":\"Novo concurso p\\u00fablico para professor substituto\"}]}]}<\/script>\n<!-- \/ Yoast SEO plugin. -->","yoast_head_json":{"title":"Novo concurso p\u00fablico para professor substituto - DEP","robots":{"index":"index","follow":"follow","max-snippet":"max-snippet:-1","max-image-preview":"max-image-preview:large","max-video-preview":"max-video-preview:-1"},"canonical":"https:\/\/dep.ufscar.br\/index.php\/novo-concurso-publico-para-professor-substituto\/","og_locale":"pt_BR","og_type":"article","og_title":"Novo concurso p\u00fablico para professor substituto - DEP","og_description":"Segue edital \u00fanico\u00a0da UFSCar para contrata\u00e7\u00e3o de\u00a0professores substitutos, contemplando uma vaga para o DEP na \u00e1rea de Ger\u00eancia (Planejamento e Controle da Produ\u00e7\u00e3o, Estrat\u00e9gia de Produ\u00e7\u00e3o e Sistemas de Informa\u00e7\u00e3o Gerenciais): https:\/\/www.concursos.ufscar.br\/concursos\/2043\/edital_00223.pdf","og_url":"https:\/\/dep.ufscar.br\/index.php\/novo-concurso-publico-para-professor-substituto\/","og_site_name":"DEP","og_image":[{"width":495,"height":278,"url":"http:\/\/dep.ufscar.br\/wp-content\/uploads\/2023\/01\/row-of-students-doing-an-exam-1.jpg","path":"\/var\/www\/html\/desenvolvimento\/wp-content\/uploads\/2023\/01\/row-of-students-doing-an-exam-1.jpg","size":"full","id":5620,"alt":"","pixels":137610,"type":"image\/jpeg"}],"twitter_card":"summary_large_image","twitter_misc":{"Est. tempo de leitura":"1 minuto"},"schema":{"@context":"https:\/\/schema.org","@graph":[{"@type":"WebSite","@id":"https:\/\/dep.ufscar.br\/#website","url":"https:\/\/dep.ufscar.br\/","name":"DEP","description":"Departamento de Engenharia de Produ\u00e7\u00e3o","potentialAction":[{"@type":"SearchAction","target":{"@type":"EntryPoint","urlTemplate":"https:\/\/dep.ufscar.br\/?s={search_term_string}"},"query-input":"required name=search_term_string"}],"inLanguage":"pt-BR"},{"@type":"ImageObject","@id":"https:\/\/dep.ufscar.br\/index.php\/novo-concurso-publico-para-professor-substituto\/#primaryimage","inLanguage":"pt-BR","url":"https:\/\/dep.ufscar.br\/wp-content\/uploads\/2023\/01\/row-of-students-doing-an-exam-1.jpg","contentUrl":"https:\/\/dep.ufscar.br\/wp-content\/uploads\/2023\/01\/row-of-students-doing-an-exam-1.jpg","width":495,"height":278},{"@type":"WebPage","@id":"https:\/\/dep.ufscar.br\/index.php\/novo-concurso-publico-para-professor-substituto\/#webpage","url":"https:\/\/dep.ufscar.br\/index.php\/novo-concurso-publico-para-professor-substituto\/","name":"Novo concurso p\u00fablico para professor substituto - DEP","isPartOf":{"@id":"https:\/\/dep.ufscar.br\/#website"},"primaryImageOfPage":{"@id":"https:\/\/dep.ufscar.br\/index.php\/novo-concurso-publico-para-professor-substituto\/#primaryimage"},"datePublished":"2023-01-19T11:53:51+00:00","dateModified":"2023-01-19T11:53:51+00:00","breadcrumb":{"@id":"https:\/\/dep.ufscar.br\/index.php\/novo-concurso-publico-para-professor-substituto\/#breadcrumb"},"inLanguage":"pt-BR","potentialAction":[{"@type":"ReadAction","target":["https:\/\/dep.ufscar.br\/index.php\/novo-concurso-publico-para-professor-substituto\/"]}]},{"@type":"BreadcrumbList","@id":"https:\/\/dep.ufscar.br\/index.php\/novo-concurso-publico-para-professor-substituto\/#breadcrumb","itemListElement":[{"@type":"ListItem","position":1,"name":"Home","item":"https:\/\/dep.ufscar.br\/"},{"@type":"ListItem","position":2,"name":"Novo concurso p\u00fablico para professor substituto"}]}]}},"_links":{"self":[{"href":"https:\/\/dep.ufscar.br\/index.php\/wp-json\/wp\/v2\/pages\/5619"}],"collection":[{"href":"https:\/\/dep.ufscar.br\/index.php\/wp-json\/wp\/v2\/pages"}],"about":[{"href":"https:\/\/dep.ufscar.br\/index.php\/wp-json\/wp\/v2\/types\/page"}],"author":[{"embeddable":true,"href":"https:\/\/dep.ufscar.br\/index.php\/wp-json\/wp\/v2\/users\/245"}],"replies":[{"embeddable":true,"href":"https:\/\/dep.ufscar.br\/index.php\/wp-json\/wp\/v2\/comments?post=5619"}],"version-history":[{"count":1,"href":"https:\/\/dep.ufscar.br\/index.php\/wp-json\/wp\/v2\/pages\/5619\/revisions"}],"predecessor-version":[{"id":5621,"href":"https:\/\/dep.ufscar.br\/index.php\/wp-json\/wp\/v2\/pages\/5619\/revisions\/5621"}],"wp:featuredmedia":[{"embeddable":true,"href":"https:\/\/dep.ufscar.br\/index.php\/wp-json\/wp\/v2\/media\/5620"}],"wp:attachment":[{"href":"https:\/\/dep.ufscar.br\/index.php\/wp-json\/wp\/v2\/media?parent=5619"}],"wp:term":[{"taxonomy":"category","embeddable":true,"href":"https:\/\/dep.ufscar.br\/index.php\/wp-json\/wp\/v2\/categories?post=5619"},{"taxonomy":"post_tag","embeddable":true,"href":"https:\/\/dep.ufscar.br\/index.php\/wp-json\/wp\/v2\/tags?post=5619"}],"curies":[{"name":"wp","href":"https:\/\/api.w.org\/{rel}","templated":true}]}}