{"id":5599,"date":"2022-10-06T15:26:14","date_gmt":"2022-10-06T18:26:14","guid":{"rendered":"https:\/\/dep.ufscar.br\/?page_id=5599"},"modified":"2022-10-06T15:26:14","modified_gmt":"2022-10-06T18:26:14","slug":"pet-producao-se-destaca-na-producao-academica","status":"publish","type":"page","link":"https:\/\/dep.ufscar.br\/index.php\/pet-producao-se-destaca-na-producao-academica\/","title":{"rendered":"PET Produ\u00e7\u00e3o se destaca na produ\u00e7\u00e3o acad\u00eamica"},"content":{"rendered":"<p style=\"font-weight: 400;\">O grupo PET do curso de Engenharia de Produ\u00e7\u00e3o da UFSCar, Campus S\u00e3o Carlos, obteve neste ano de 2022 importantes publica\u00e7\u00f5es de resultados de pesquisas realizadas pelos discentes com a orienta\u00e7\u00e3o do professor tutor. Na Revista de Ensino em Engenharia, o artigo &#8220;An\u00e1lise da Gradua\u00e7\u00e3o e da P\u00f3s-gradua\u00e7\u00e3o para o Curso de Engenharia de Produ\u00e7\u00e3o no Brasil&#8221; foi publicado pelos alunos Guilherme Ferreira de Lima Tonon, Gabriel Tetsuya Maia Matsuura e pelo tutor Mur\u00eds Lage J\u00fanior.<\/p>\n<p style=\"font-weight: 400;\">No Encontro Nacional de Engenharia de Produ\u00e7\u00e3o, o artigo &#8220;Paradigmas Estrat\u00e9gicos de Gest\u00e3o da Manufatura: Identifica\u00e7\u00e3o, prescri\u00e7\u00e3o e estudos de casos em diferentes empresas com distintos mercados de atua\u00e7\u00e3o&#8221; foi publicado pelos alunos Aline Marques Marchetti, Bruno Lopes da Silva Manna, Emilyn Rayssa Faber Bernardo, Lucas Henrique de Almeida Ferro e Melissa Bernardes Resende. No Simp\u00f3sio de Engenharia de Produ\u00e7\u00e3o, o artigo &#8220;A Rela\u00e7\u00e3o entre Aspectos de Cultura Organizacional e Lideran\u00e7a Dentro de Grupos PET: Estudo de caso na UFSCar &#8211; Campus S\u00e3o Carlos&#8221; foi publicado pelos alunos Amanda Marquardt Siqueira e Renato Macedo Zeferino Filho. E no Congresso Brasileiro de Ensino em Engenharia, o artigo &#8220;Grupos PET Engenharia no Brasil: Uma An\u00e1lise Explorat\u00f3ria&#8221; foi publicado pelo tutor Mur\u00eds Lage Junior e pelos alunos Alex Graco Ciardi Silva, Luana Cerantola, Thalita Elodia Martins e Tiago Varnum Gon\u00e7alves.<\/p>\n<p style=\"font-weight: 400;\">O programa PET \u00e9 orientado pelo princ\u00edpio da indissociabilidade entre ensino, pesquisa e extens\u00e3o, e as publica\u00e7\u00f5es s\u00e3o aspectos importantes da forma\u00e7\u00e3o dos seus membros. Mais informa\u00e7\u00f5es no <a href=\"https:\/\/pet.dep.ufscar.br\/\">site do PET<\/a>.<\/p>\n","protected":false},"excerpt":{"rendered":"<p>O grupo PET do curso de Engenharia de Produ\u00e7\u00e3o da UFSCar, Campus S\u00e3o Carlos, obteve neste ano de 2022 importantes publica\u00e7\u00f5es de resultados de pesquisas realizadas pelos discentes com a orienta\u00e7\u00e3o do professor tutor. Na Revista de Ensino em Engenharia, o artigo &#8220;An\u00e1lise da Gradua\u00e7\u00e3o e da P\u00f3s-gradua\u00e7\u00e3o para o Curso de Engenharia de Produ\u00e7\u00e3o &#8230; <a class=\"more-link\" href=\"https:\/\/dep.ufscar.br\/index.php\/pet-producao-se-destaca-na-producao-academica\/\">Leia mais<\/a><\/p>\n","protected":false},"author":245,"featured_media":5600,"parent":0,"menu_order":0,"comment_status":"closed","ping_status":"closed","template":"","meta":[],"categories":[29,38],"tags":[],"yoast_head":"<!-- This site is optimized with the Yoast SEO plugin v17.0 - https:\/\/yoast.com\/wordpress\/plugins\/seo\/ -->\n<title>PET Produ\u00e7\u00e3o se destaca na produ\u00e7\u00e3o acad\u00eamica - DEP<\/title>\n<meta name=\"robots\" content=\"index, follow, max-snippet:-1, max-image-preview:large, max-video-preview:-1\" \/>\n<link rel=\"canonical\" href=\"https:\/\/dep.ufscar.br\/index.php\/pet-producao-se-destaca-na-producao-academica\/\" \/>\n<meta property=\"og:locale\" content=\"pt_BR\" \/>\n<meta property=\"og:type\" content=\"article\" \/>\n<meta property=\"og:title\" content=\"PET Produ\u00e7\u00e3o se destaca na produ\u00e7\u00e3o acad\u00eamica - DEP\" \/>\n<meta property=\"og:description\" content=\"O grupo PET do curso de Engenharia de Produ\u00e7\u00e3o da UFSCar, Campus S\u00e3o Carlos, obteve neste ano de 2022 importantes publica\u00e7\u00f5es de resultados de pesquisas realizadas pelos discentes com a orienta\u00e7\u00e3o do professor tutor. Na Revista de Ensino em Engenharia, o artigo &#8220;An\u00e1lise da Gradua\u00e7\u00e3o e da P\u00f3s-gradua\u00e7\u00e3o para o Curso de Engenharia de Produ\u00e7\u00e3o [&hellip;]\" \/>\n<meta property=\"og:url\" content=\"https:\/\/dep.ufscar.br\/index.php\/pet-producao-se-destaca-na-producao-academica\/\" \/>\n<meta property=\"og:site_name\" content=\"DEP\" \/>\n<meta property=\"og:image\" content=\"http:\/\/dep.ufscar.br\/wp-content\/uploads\/2022\/10\/capa-publicacao-pet-1.png\" \/>\n\t<meta property=\"og:image:width\" content=\"495\" \/>\n\t<meta property=\"og:image:height\" content=\"278\" \/>\n<meta name=\"twitter:card\" content=\"summary_large_image\" \/>\n<meta name=\"twitter:label1\" content=\"Est. tempo de leitura\" \/>\n\t<meta name=\"twitter:data1\" content=\"2 minutos\" \/>\n<script type=\"application\/ld+json\" class=\"yoast-schema-graph\">{\"@context\":\"https:\/\/schema.org\",\"@graph\":[{\"@type\":\"WebSite\",\"@id\":\"https:\/\/dep.ufscar.br\/#website\",\"url\":\"https:\/\/dep.ufscar.br\/\",\"name\":\"DEP\",\"description\":\"Departamento de Engenharia de Produ\\u00e7\\u00e3o\",\"potentialAction\":[{\"@type\":\"SearchAction\",\"target\":{\"@type\":\"EntryPoint\",\"urlTemplate\":\"https:\/\/dep.ufscar.br\/?s={search_term_string}\"},\"query-input\":\"required name=search_term_string\"}],\"inLanguage\":\"pt-BR\"},{\"@type\":\"ImageObject\",\"@id\":\"https:\/\/dep.ufscar.br\/index.php\/pet-producao-se-destaca-na-producao-academica\/#primaryimage\",\"inLanguage\":\"pt-BR\",\"url\":\"https:\/\/dep.ufscar.br\/wp-content\/uploads\/2022\/10\/capa-publicacao-pet-1.png\",\"contentUrl\":\"https:\/\/dep.ufscar.br\/wp-content\/uploads\/2022\/10\/capa-publicacao-pet-1.png\",\"width\":495,\"height\":278},{\"@type\":\"WebPage\",\"@id\":\"https:\/\/dep.ufscar.br\/index.php\/pet-producao-se-destaca-na-producao-academica\/#webpage\",\"url\":\"https:\/\/dep.ufscar.br\/index.php\/pet-producao-se-destaca-na-producao-academica\/\",\"name\":\"PET Produ\\u00e7\\u00e3o se destaca na produ\\u00e7\\u00e3o acad\\u00eamica - DEP\",\"isPartOf\":{\"@id\":\"https:\/\/dep.ufscar.br\/#website\"},\"primaryImageOfPage\":{\"@id\":\"https:\/\/dep.ufscar.br\/index.php\/pet-producao-se-destaca-na-producao-academica\/#primaryimage\"},\"datePublished\":\"2022-10-06T18:26:14+00:00\",\"dateModified\":\"2022-10-06T18:26:14+00:00\",\"breadcrumb\":{\"@id\":\"https:\/\/dep.ufscar.br\/index.php\/pet-producao-se-destaca-na-producao-academica\/#breadcrumb\"},\"inLanguage\":\"pt-BR\",\"potentialAction\":[{\"@type\":\"ReadAction\",\"target\":[\"https:\/\/dep.ufscar.br\/index.php\/pet-producao-se-destaca-na-producao-academica\/\"]}]},{\"@type\":\"BreadcrumbList\",\"@id\":\"https:\/\/dep.ufscar.br\/index.php\/pet-producao-se-destaca-na-producao-academica\/#breadcrumb\",\"itemListElement\":[{\"@type\":\"ListItem\",\"position\":1,\"name\":\"Home\",\"item\":\"https:\/\/dep.ufscar.br\/\"},{\"@type\":\"ListItem\",\"position\":2,\"name\":\"PET Produ\\u00e7\\u00e3o se destaca na produ\\u00e7\\u00e3o acad\\u00eamica\"}]}]}<\/script>\n<!-- \/ Yoast SEO plugin. -->","yoast_head_json":{"title":"PET Produ\u00e7\u00e3o se destaca na produ\u00e7\u00e3o acad\u00eamica - DEP","robots":{"index":"index","follow":"follow","max-snippet":"max-snippet:-1","max-image-preview":"max-image-preview:large","max-video-preview":"max-video-preview:-1"},"canonical":"https:\/\/dep.ufscar.br\/index.php\/pet-producao-se-destaca-na-producao-academica\/","og_locale":"pt_BR","og_type":"article","og_title":"PET Produ\u00e7\u00e3o se destaca na produ\u00e7\u00e3o acad\u00eamica - DEP","og_description":"O grupo PET do curso de Engenharia de Produ\u00e7\u00e3o da UFSCar, Campus S\u00e3o Carlos, obteve neste ano de 2022 importantes publica\u00e7\u00f5es de resultados de pesquisas realizadas pelos discentes com a orienta\u00e7\u00e3o do professor tutor. Na Revista de Ensino em Engenharia, o artigo &#8220;An\u00e1lise da Gradua\u00e7\u00e3o e da P\u00f3s-gradua\u00e7\u00e3o para o Curso de Engenharia de Produ\u00e7\u00e3o [&hellip;]","og_url":"https:\/\/dep.ufscar.br\/index.php\/pet-producao-se-destaca-na-producao-academica\/","og_site_name":"DEP","og_image":[{"width":495,"height":278,"url":"http:\/\/dep.ufscar.br\/wp-content\/uploads\/2022\/10\/capa-publicacao-pet-1.png","path":"\/var\/www\/html\/desenvolvimento\/wp-content\/uploads\/2022\/10\/capa-publicacao-pet-1.png","size":"full","id":5600,"alt":"","pixels":137610,"type":"image\/png"}],"twitter_card":"summary_large_image","twitter_misc":{"Est. tempo de leitura":"2 minutos"},"schema":{"@context":"https:\/\/schema.org","@graph":[{"@type":"WebSite","@id":"https:\/\/dep.ufscar.br\/#website","url":"https:\/\/dep.ufscar.br\/","name":"DEP","description":"Departamento de Engenharia de Produ\u00e7\u00e3o","potentialAction":[{"@type":"SearchAction","target":{"@type":"EntryPoint","urlTemplate":"https:\/\/dep.ufscar.br\/?s={search_term_string}"},"query-input":"required name=search_term_string"}],"inLanguage":"pt-BR"},{"@type":"ImageObject","@id":"https:\/\/dep.ufscar.br\/index.php\/pet-producao-se-destaca-na-producao-academica\/#primaryimage","inLanguage":"pt-BR","url":"https:\/\/dep.ufscar.br\/wp-content\/uploads\/2022\/10\/capa-publicacao-pet-1.png","contentUrl":"https:\/\/dep.ufscar.br\/wp-content\/uploads\/2022\/10\/capa-publicacao-pet-1.png","width":495,"height":278},{"@type":"WebPage","@id":"https:\/\/dep.ufscar.br\/index.php\/pet-producao-se-destaca-na-producao-academica\/#webpage","url":"https:\/\/dep.ufscar.br\/index.php\/pet-producao-se-destaca-na-producao-academica\/","name":"PET Produ\u00e7\u00e3o se destaca na produ\u00e7\u00e3o acad\u00eamica - DEP","isPartOf":{"@id":"https:\/\/dep.ufscar.br\/#website"},"primaryImageOfPage":{"@id":"https:\/\/dep.ufscar.br\/index.php\/pet-producao-se-destaca-na-producao-academica\/#primaryimage"},"datePublished":"2022-10-06T18:26:14+00:00","dateModified":"2022-10-06T18:26:14+00:00","breadcrumb":{"@id":"https:\/\/dep.ufscar.br\/index.php\/pet-producao-se-destaca-na-producao-academica\/#breadcrumb"},"inLanguage":"pt-BR","potentialAction":[{"@type":"ReadAction","target":["https:\/\/dep.ufscar.br\/index.php\/pet-producao-se-destaca-na-producao-academica\/"]}]},{"@type":"BreadcrumbList","@id":"https:\/\/dep.ufscar.br\/index.php\/pet-producao-se-destaca-na-producao-academica\/#breadcrumb","itemListElement":[{"@type":"ListItem","position":1,"name":"Home","item":"https:\/\/dep.ufscar.br\/"},{"@type":"ListItem","position":2,"name":"PET Produ\u00e7\u00e3o se destaca na produ\u00e7\u00e3o acad\u00eamica"}]}]}},"_links":{"self":[{"href":"https:\/\/dep.ufscar.br\/index.php\/wp-json\/wp\/v2\/pages\/5599"}],"collection":[{"href":"https:\/\/dep.ufscar.br\/index.php\/wp-json\/wp\/v2\/pages"}],"about":[{"href":"https:\/\/dep.ufscar.br\/index.php\/wp-json\/wp\/v2\/types\/page"}],"author":[{"embeddable":true,"href":"https:\/\/dep.ufscar.br\/index.php\/wp-json\/wp\/v2\/users\/245"}],"replies":[{"embeddable":true,"href":"https:\/\/dep.ufscar.br\/index.php\/wp-json\/wp\/v2\/comments?post=5599"}],"version-history":[{"count":1,"href":"https:\/\/dep.ufscar.br\/index.php\/wp-json\/wp\/v2\/pages\/5599\/revisions"}],"predecessor-version":[{"id":5601,"href":"https:\/\/dep.ufscar.br\/index.php\/wp-json\/wp\/v2\/pages\/5599\/revisions\/5601"}],"wp:featuredmedia":[{"embeddable":true,"href":"https:\/\/dep.ufscar.br\/index.php\/wp-json\/wp\/v2\/media\/5600"}],"wp:attachment":[{"href":"https:\/\/dep.ufscar.br\/index.php\/wp-json\/wp\/v2\/media?parent=5599"}],"wp:term":[{"taxonomy":"category","embeddable":true,"href":"https:\/\/dep.ufscar.br\/index.php\/wp-json\/wp\/v2\/categories?post=5599"},{"taxonomy":"post_tag","embeddable":true,"href":"https:\/\/dep.ufscar.br\/index.php\/wp-json\/wp\/v2\/tags?post=5599"}],"curies":[{"name":"wp","href":"https:\/\/api.w.org\/{rel}","templated":true}]}}