{"id":5587,"date":"2022-08-18T07:52:51","date_gmt":"2022-08-18T10:52:51","guid":{"rendered":"https:\/\/dep.ufscar.br\/?page_id=5587"},"modified":"2022-08-18T07:52:51","modified_gmt":"2022-08-18T10:52:51","slug":"lancamento-de-livro","status":"publish","type":"page","link":"https:\/\/dep.ufscar.br\/index.php\/lancamento-de-livro\/","title":{"rendered":"Lan\u00e7amento de Livro"},"content":{"rendered":"<p><img loading=\"lazy\" class=\"alignnone size-medium wp-image-5585 alignleft\" src=\"http:\/\/dep.ufscar.br\/wp-content\/uploads\/2022\/08\/programacao-para-engenharia-livro-205x300.png\" alt=\"\" width=\"205\" height=\"300\" srcset=\"https:\/\/dep.ufscar.br\/wp-content\/uploads\/2022\/08\/programacao-para-engenharia-livro-205x300.png 205w, https:\/\/dep.ufscar.br\/wp-content\/uploads\/2022\/08\/programacao-para-engenharia-livro.png 566w\" sizes=\"(max-width: 205px) 100vw, 205px\" \/>Os professores Roberto Tavares e F\u00e1bio Molina da Silva lan\u00e7aram o livro &#8220;Introdu\u00e7\u00e3o \u00e0 Programa\u00e7\u00e3o para Engenharia &#8211; Usando a Linguagem Python&#8221; pela editora LTC. Nessa obra, os professores mostram, em uma linguagem acess\u00edvel, os fundamentos da linguagem Python. Esses fundamentos s\u00e3o os pr\u00e9-requisitos para voos maiores, como projetos em Data Science (usando por exemplo a biblioteca Pandas), Intelig\u00eancia Artificial (usando, por exemplo, o TensorFlow), cria\u00e7\u00e3o de aplica\u00e7\u00f5es WEB (com frameworks como o Djanco e o Flask) entre outros.<\/p>\n<p>Ambos os autores s\u00e3o professores do Departamento de Engenharia de Produ\u00e7\u00e3o da Universidade Federal de S\u00e3o Carlos &#8211; Campus S\u00e3o Carlos, e ministram aulas na gradua\u00e7\u00e3o em Engenharia de Produ\u00e7\u00e3o e nos cursos de MBE em Gest\u00e3o da Produ\u00e7\u00e3o (<a href=\"https:\/\/dep.ufscar.br\/especializacao\/index.php\/curso-mbe-gestao-da-producao\/\">https:\/\/dep.ufscar.br\/especializacao\/index.php\/curso-mbe-gestao-da-producao<\/a>\/), atuam na p\u00f3s stricto senso (mestrado\/doutorado) acad\u00eamico e profissional, al\u00e9m de realizar consultorias e treinamentos em empresas de v\u00e1rios ramos.<\/p>\n<p>Maiores informa\u00e7\u00f5es sobre a obra podem ser encontradas no link <a href=\"https:\/\/www.grupogen.com.br\/exatas\/livro-introducao-a-programacao-para-engenharia-usando-a-linguagem-python-roberto-fernandes-tavares-neto-e-fabio-molina-da-silva-editora-ltc-9788521637943\">Introdu\u00e7\u00e3o \u00e0 Programa\u00e7\u00e3o para Engenharia &#8211; Usando a Linguagem Python<\/a>.<\/p>\n","protected":false},"excerpt":{"rendered":"<p>Os professores Roberto Tavares e F\u00e1bio Molina da Silva lan\u00e7aram o livro &#8220;Introdu\u00e7\u00e3o \u00e0 Programa\u00e7\u00e3o para Engenharia &#8211; Usando a Linguagem Python&#8221; pela editora LTC. Nessa obra, os professores mostram, em uma linguagem acess\u00edvel, os fundamentos da linguagem Python. Esses fundamentos s\u00e3o os pr\u00e9-requisitos para voos maiores, como projetos em Data Science (usando por exemplo &#8230; <a class=\"more-link\" href=\"https:\/\/dep.ufscar.br\/index.php\/lancamento-de-livro\/\">Leia mais<\/a><\/p>\n","protected":false},"author":244,"featured_media":5584,"parent":0,"menu_order":0,"comment_status":"closed","ping_status":"closed","template":"","meta":[],"categories":[29,38],"tags":[],"yoast_head":"<!-- This site is optimized with the Yoast SEO plugin v17.0 - https:\/\/yoast.com\/wordpress\/plugins\/seo\/ -->\n<title>Lan\u00e7amento de Livro - DEP<\/title>\n<meta name=\"robots\" content=\"index, follow, max-snippet:-1, max-image-preview:large, max-video-preview:-1\" \/>\n<link rel=\"canonical\" href=\"https:\/\/dep.ufscar.br\/index.php\/lancamento-de-livro\/\" \/>\n<meta property=\"og:locale\" content=\"pt_BR\" \/>\n<meta property=\"og:type\" content=\"article\" \/>\n<meta property=\"og:title\" content=\"Lan\u00e7amento de Livro - DEP\" \/>\n<meta property=\"og:description\" content=\"Os professores Roberto Tavares e F\u00e1bio Molina da Silva lan\u00e7aram o livro &#8220;Introdu\u00e7\u00e3o \u00e0 Programa\u00e7\u00e3o para Engenharia &#8211; Usando a Linguagem Python&#8221; pela editora LTC. Nessa obra, os professores mostram, em uma linguagem acess\u00edvel, os fundamentos da linguagem Python. Esses fundamentos s\u00e3o os pr\u00e9-requisitos para voos maiores, como projetos em Data Science (usando por exemplo [&hellip;]\" \/>\n<meta property=\"og:url\" content=\"https:\/\/dep.ufscar.br\/index.php\/lancamento-de-livro\/\" \/>\n<meta property=\"og:site_name\" content=\"DEP\" \/>\n<meta property=\"og:image\" content=\"http:\/\/dep.ufscar.br\/wp-content\/uploads\/2022\/08\/programacao-para-engenharia-livro-banner.png\" \/>\n\t<meta property=\"og:image:width\" content=\"495\" \/>\n\t<meta property=\"og:image:height\" content=\"278\" \/>\n<meta name=\"twitter:card\" content=\"summary_large_image\" \/>\n<meta name=\"twitter:label1\" content=\"Est. tempo de leitura\" \/>\n\t<meta name=\"twitter:data1\" content=\"1 minuto\" \/>\n<script type=\"application\/ld+json\" class=\"yoast-schema-graph\">{\"@context\":\"https:\/\/schema.org\",\"@graph\":[{\"@type\":\"WebSite\",\"@id\":\"https:\/\/dep.ufscar.br\/#website\",\"url\":\"https:\/\/dep.ufscar.br\/\",\"name\":\"DEP\",\"description\":\"Departamento de Engenharia de Produ\\u00e7\\u00e3o\",\"potentialAction\":[{\"@type\":\"SearchAction\",\"target\":{\"@type\":\"EntryPoint\",\"urlTemplate\":\"https:\/\/dep.ufscar.br\/?s={search_term_string}\"},\"query-input\":\"required name=search_term_string\"}],\"inLanguage\":\"pt-BR\"},{\"@type\":\"ImageObject\",\"@id\":\"https:\/\/dep.ufscar.br\/index.php\/lancamento-de-livro\/#primaryimage\",\"inLanguage\":\"pt-BR\",\"url\":\"https:\/\/dep.ufscar.br\/wp-content\/uploads\/2022\/08\/programacao-para-engenharia-livro-banner.png\",\"contentUrl\":\"https:\/\/dep.ufscar.br\/wp-content\/uploads\/2022\/08\/programacao-para-engenharia-livro-banner.png\",\"width\":495,\"height\":278},{\"@type\":\"WebPage\",\"@id\":\"https:\/\/dep.ufscar.br\/index.php\/lancamento-de-livro\/#webpage\",\"url\":\"https:\/\/dep.ufscar.br\/index.php\/lancamento-de-livro\/\",\"name\":\"Lan\\u00e7amento de Livro - DEP\",\"isPartOf\":{\"@id\":\"https:\/\/dep.ufscar.br\/#website\"},\"primaryImageOfPage\":{\"@id\":\"https:\/\/dep.ufscar.br\/index.php\/lancamento-de-livro\/#primaryimage\"},\"datePublished\":\"2022-08-18T10:52:51+00:00\",\"dateModified\":\"2022-08-18T10:52:51+00:00\",\"breadcrumb\":{\"@id\":\"https:\/\/dep.ufscar.br\/index.php\/lancamento-de-livro\/#breadcrumb\"},\"inLanguage\":\"pt-BR\",\"potentialAction\":[{\"@type\":\"ReadAction\",\"target\":[\"https:\/\/dep.ufscar.br\/index.php\/lancamento-de-livro\/\"]}]},{\"@type\":\"BreadcrumbList\",\"@id\":\"https:\/\/dep.ufscar.br\/index.php\/lancamento-de-livro\/#breadcrumb\",\"itemListElement\":[{\"@type\":\"ListItem\",\"position\":1,\"name\":\"Home\",\"item\":\"https:\/\/dep.ufscar.br\/\"},{\"@type\":\"ListItem\",\"position\":2,\"name\":\"Lan\\u00e7amento de Livro\"}]}]}<\/script>\n<!-- \/ Yoast SEO plugin. -->","yoast_head_json":{"title":"Lan\u00e7amento de Livro - DEP","robots":{"index":"index","follow":"follow","max-snippet":"max-snippet:-1","max-image-preview":"max-image-preview:large","max-video-preview":"max-video-preview:-1"},"canonical":"https:\/\/dep.ufscar.br\/index.php\/lancamento-de-livro\/","og_locale":"pt_BR","og_type":"article","og_title":"Lan\u00e7amento de Livro - DEP","og_description":"Os professores Roberto Tavares e F\u00e1bio Molina da Silva lan\u00e7aram o livro &#8220;Introdu\u00e7\u00e3o \u00e0 Programa\u00e7\u00e3o para Engenharia &#8211; Usando a Linguagem Python&#8221; pela editora LTC. Nessa obra, os professores mostram, em uma linguagem acess\u00edvel, os fundamentos da linguagem Python. Esses fundamentos s\u00e3o os pr\u00e9-requisitos para voos maiores, como projetos em Data Science (usando por exemplo [&hellip;]","og_url":"https:\/\/dep.ufscar.br\/index.php\/lancamento-de-livro\/","og_site_name":"DEP","og_image":[{"width":495,"height":278,"url":"http:\/\/dep.ufscar.br\/wp-content\/uploads\/2022\/08\/programacao-para-engenharia-livro-banner.png","path":"\/var\/www\/html\/desenvolvimento\/wp-content\/uploads\/2022\/08\/programacao-para-engenharia-livro-banner.png","size":"full","id":5584,"alt":"","pixels":137610,"type":"image\/png"}],"twitter_card":"summary_large_image","twitter_misc":{"Est. tempo de leitura":"1 minuto"},"schema":{"@context":"https:\/\/schema.org","@graph":[{"@type":"WebSite","@id":"https:\/\/dep.ufscar.br\/#website","url":"https:\/\/dep.ufscar.br\/","name":"DEP","description":"Departamento de Engenharia de Produ\u00e7\u00e3o","potentialAction":[{"@type":"SearchAction","target":{"@type":"EntryPoint","urlTemplate":"https:\/\/dep.ufscar.br\/?s={search_term_string}"},"query-input":"required name=search_term_string"}],"inLanguage":"pt-BR"},{"@type":"ImageObject","@id":"https:\/\/dep.ufscar.br\/index.php\/lancamento-de-livro\/#primaryimage","inLanguage":"pt-BR","url":"https:\/\/dep.ufscar.br\/wp-content\/uploads\/2022\/08\/programacao-para-engenharia-livro-banner.png","contentUrl":"https:\/\/dep.ufscar.br\/wp-content\/uploads\/2022\/08\/programacao-para-engenharia-livro-banner.png","width":495,"height":278},{"@type":"WebPage","@id":"https:\/\/dep.ufscar.br\/index.php\/lancamento-de-livro\/#webpage","url":"https:\/\/dep.ufscar.br\/index.php\/lancamento-de-livro\/","name":"Lan\u00e7amento de Livro - DEP","isPartOf":{"@id":"https:\/\/dep.ufscar.br\/#website"},"primaryImageOfPage":{"@id":"https:\/\/dep.ufscar.br\/index.php\/lancamento-de-livro\/#primaryimage"},"datePublished":"2022-08-18T10:52:51+00:00","dateModified":"2022-08-18T10:52:51+00:00","breadcrumb":{"@id":"https:\/\/dep.ufscar.br\/index.php\/lancamento-de-livro\/#breadcrumb"},"inLanguage":"pt-BR","potentialAction":[{"@type":"ReadAction","target":["https:\/\/dep.ufscar.br\/index.php\/lancamento-de-livro\/"]}]},{"@type":"BreadcrumbList","@id":"https:\/\/dep.ufscar.br\/index.php\/lancamento-de-livro\/#breadcrumb","itemListElement":[{"@type":"ListItem","position":1,"name":"Home","item":"https:\/\/dep.ufscar.br\/"},{"@type":"ListItem","position":2,"name":"Lan\u00e7amento de Livro"}]}]}},"_links":{"self":[{"href":"https:\/\/dep.ufscar.br\/index.php\/wp-json\/wp\/v2\/pages\/5587"}],"collection":[{"href":"https:\/\/dep.ufscar.br\/index.php\/wp-json\/wp\/v2\/pages"}],"about":[{"href":"https:\/\/dep.ufscar.br\/index.php\/wp-json\/wp\/v2\/types\/page"}],"author":[{"embeddable":true,"href":"https:\/\/dep.ufscar.br\/index.php\/wp-json\/wp\/v2\/users\/244"}],"replies":[{"embeddable":true,"href":"https:\/\/dep.ufscar.br\/index.php\/wp-json\/wp\/v2\/comments?post=5587"}],"version-history":[{"count":1,"href":"https:\/\/dep.ufscar.br\/index.php\/wp-json\/wp\/v2\/pages\/5587\/revisions"}],"predecessor-version":[{"id":5588,"href":"https:\/\/dep.ufscar.br\/index.php\/wp-json\/wp\/v2\/pages\/5587\/revisions\/5588"}],"wp:featuredmedia":[{"embeddable":true,"href":"https:\/\/dep.ufscar.br\/index.php\/wp-json\/wp\/v2\/media\/5584"}],"wp:attachment":[{"href":"https:\/\/dep.ufscar.br\/index.php\/wp-json\/wp\/v2\/media?parent=5587"}],"wp:term":[{"taxonomy":"category","embeddable":true,"href":"https:\/\/dep.ufscar.br\/index.php\/wp-json\/wp\/v2\/categories?post=5587"},{"taxonomy":"post_tag","embeddable":true,"href":"https:\/\/dep.ufscar.br\/index.php\/wp-json\/wp\/v2\/tags?post=5587"}],"curies":[{"name":"wp","href":"https:\/\/api.w.org\/{rel}","templated":true}]}}