{"id":5577,"date":"2022-08-11T16:33:27","date_gmt":"2022-08-11T19:33:27","guid":{"rendered":"https:\/\/dep.ufscar.br\/?page_id=5577"},"modified":"2022-08-12T09:06:52","modified_gmt":"2022-08-12T12:06:52","slug":"escolha-do-melhor-tcc-no-periodo-de-2021-a-2022","status":"publish","type":"page","link":"https:\/\/dep.ufscar.br\/index.php\/escolha-do-melhor-tcc-no-periodo-de-2021-a-2022\/","title":{"rendered":"Melhor TCC 2021-2022, pesquisa na Funda\u00e7\u00e3o Pr\u00f3-Sangue"},"content":{"rendered":"<p>A comiss\u00e3o nomeada pelo Conselho de Ensino do DEP escolheu o melhor trabalho de conclus\u00e3o da gradua\u00e7\u00e3o em Engenharia de Produ\u00e7\u00e3o no per\u00edodo de 2021-2022.<\/p>\n<p>T\u00edtulo da monografia: &#8220;Mapeamento de Fluxo de Valor da Funda\u00e7\u00e3o Pr\u00f3-Sangue do Hospital das Cl\u00ednicas da Faculdade de Medicina da USP&#8221;<br \/>\nAutora: Tha\u00eds Dutra de Oliveira Bonf\u00e1<br \/>\nOrientador: Luciano Campanini<\/p>\n<p>Parab\u00e9ns \u00e0 Tha\u00eds e ao Luciano!<\/p>\n","protected":false},"excerpt":{"rendered":"<p>A comiss\u00e3o nomeada pelo Conselho de Ensino do DEP escolheu o melhor trabalho de conclus\u00e3o da gradua\u00e7\u00e3o em Engenharia de Produ\u00e7\u00e3o no per\u00edodo de 2021-2022. T\u00edtulo da monografia: &#8220;Mapeamento de Fluxo de Valor da Funda\u00e7\u00e3o Pr\u00f3-Sangue do Hospital das Cl\u00ednicas da Faculdade de Medicina da USP&#8221; Autora: Tha\u00eds Dutra de Oliveira Bonf\u00e1 Orientador: Luciano Campanini &#8230; <a class=\"more-link\" href=\"https:\/\/dep.ufscar.br\/index.php\/escolha-do-melhor-tcc-no-periodo-de-2021-a-2022\/\">Leia mais<\/a><\/p>\n","protected":false},"author":245,"featured_media":5578,"parent":0,"menu_order":0,"comment_status":"closed","ping_status":"closed","template":"","meta":[],"categories":[29,38],"tags":[],"yoast_head":"<!-- This site is optimized with the Yoast SEO plugin v17.0 - https:\/\/yoast.com\/wordpress\/plugins\/seo\/ -->\n<title>Melhor TCC 2021-2022, pesquisa na Funda\u00e7\u00e3o Pr\u00f3-Sangue - DEP<\/title>\n<meta name=\"robots\" content=\"index, follow, max-snippet:-1, max-image-preview:large, max-video-preview:-1\" \/>\n<link rel=\"canonical\" href=\"https:\/\/dep.ufscar.br\/index.php\/escolha-do-melhor-tcc-no-periodo-de-2021-a-2022\/\" \/>\n<meta property=\"og:locale\" content=\"pt_BR\" \/>\n<meta property=\"og:type\" content=\"article\" \/>\n<meta property=\"og:title\" content=\"Melhor TCC 2021-2022, pesquisa na Funda\u00e7\u00e3o Pr\u00f3-Sangue - DEP\" \/>\n<meta property=\"og:description\" content=\"A comiss\u00e3o nomeada pelo Conselho de Ensino do DEP escolheu o melhor trabalho de conclus\u00e3o da gradua\u00e7\u00e3o em Engenharia de Produ\u00e7\u00e3o no per\u00edodo de 2021-2022. T\u00edtulo da monografia: &#8220;Mapeamento de Fluxo de Valor da Funda\u00e7\u00e3o Pr\u00f3-Sangue do Hospital das Cl\u00ednicas da Faculdade de Medicina da USP&#8221; Autora: Tha\u00eds Dutra de Oliveira Bonf\u00e1 Orientador: Luciano Campanini [&hellip;]\" \/>\n<meta property=\"og:url\" content=\"https:\/\/dep.ufscar.br\/index.php\/escolha-do-melhor-tcc-no-periodo-de-2021-a-2022\/\" \/>\n<meta property=\"og:site_name\" content=\"DEP\" \/>\n<meta property=\"article:modified_time\" content=\"2022-08-12T12:06:52+00:00\" \/>\n<meta property=\"og:image\" content=\"http:\/\/dep.ufscar.br\/wp-content\/uploads\/2022\/08\/fonte-pro-sangue-pro-sangue.jpeg\" \/>\n\t<meta property=\"og:image:width\" content=\"495\" \/>\n\t<meta property=\"og:image:height\" content=\"278\" \/>\n<meta name=\"twitter:card\" content=\"summary_large_image\" \/>\n<meta name=\"twitter:label1\" content=\"Est. tempo de leitura\" \/>\n\t<meta name=\"twitter:data1\" content=\"1 minuto\" \/>\n<script type=\"application\/ld+json\" class=\"yoast-schema-graph\">{\"@context\":\"https:\/\/schema.org\",\"@graph\":[{\"@type\":\"WebSite\",\"@id\":\"https:\/\/dep.ufscar.br\/#website\",\"url\":\"https:\/\/dep.ufscar.br\/\",\"name\":\"DEP\",\"description\":\"Departamento de Engenharia de Produ\\u00e7\\u00e3o\",\"potentialAction\":[{\"@type\":\"SearchAction\",\"target\":{\"@type\":\"EntryPoint\",\"urlTemplate\":\"https:\/\/dep.ufscar.br\/?s={search_term_string}\"},\"query-input\":\"required name=search_term_string\"}],\"inLanguage\":\"pt-BR\"},{\"@type\":\"ImageObject\",\"@id\":\"https:\/\/dep.ufscar.br\/index.php\/escolha-do-melhor-tcc-no-periodo-de-2021-a-2022\/#primaryimage\",\"inLanguage\":\"pt-BR\",\"url\":\"https:\/\/dep.ufscar.br\/wp-content\/uploads\/2022\/08\/fonte-pro-sangue-pro-sangue.jpeg\",\"contentUrl\":\"https:\/\/dep.ufscar.br\/wp-content\/uploads\/2022\/08\/fonte-pro-sangue-pro-sangue.jpeg\",\"width\":495,\"height\":278},{\"@type\":\"WebPage\",\"@id\":\"https:\/\/dep.ufscar.br\/index.php\/escolha-do-melhor-tcc-no-periodo-de-2021-a-2022\/#webpage\",\"url\":\"https:\/\/dep.ufscar.br\/index.php\/escolha-do-melhor-tcc-no-periodo-de-2021-a-2022\/\",\"name\":\"Melhor TCC 2021-2022, pesquisa na Funda\\u00e7\\u00e3o Pr\\u00f3-Sangue - DEP\",\"isPartOf\":{\"@id\":\"https:\/\/dep.ufscar.br\/#website\"},\"primaryImageOfPage\":{\"@id\":\"https:\/\/dep.ufscar.br\/index.php\/escolha-do-melhor-tcc-no-periodo-de-2021-a-2022\/#primaryimage\"},\"datePublished\":\"2022-08-11T19:33:27+00:00\",\"dateModified\":\"2022-08-12T12:06:52+00:00\",\"breadcrumb\":{\"@id\":\"https:\/\/dep.ufscar.br\/index.php\/escolha-do-melhor-tcc-no-periodo-de-2021-a-2022\/#breadcrumb\"},\"inLanguage\":\"pt-BR\",\"potentialAction\":[{\"@type\":\"ReadAction\",\"target\":[\"https:\/\/dep.ufscar.br\/index.php\/escolha-do-melhor-tcc-no-periodo-de-2021-a-2022\/\"]}]},{\"@type\":\"BreadcrumbList\",\"@id\":\"https:\/\/dep.ufscar.br\/index.php\/escolha-do-melhor-tcc-no-periodo-de-2021-a-2022\/#breadcrumb\",\"itemListElement\":[{\"@type\":\"ListItem\",\"position\":1,\"name\":\"Home\",\"item\":\"https:\/\/dep.ufscar.br\/\"},{\"@type\":\"ListItem\",\"position\":2,\"name\":\"Melhor TCC 2021-2022, pesquisa na Funda\\u00e7\\u00e3o Pr\\u00f3-Sangue\"}]}]}<\/script>\n<!-- \/ Yoast SEO plugin. -->","yoast_head_json":{"title":"Melhor TCC 2021-2022, pesquisa na Funda\u00e7\u00e3o Pr\u00f3-Sangue - DEP","robots":{"index":"index","follow":"follow","max-snippet":"max-snippet:-1","max-image-preview":"max-image-preview:large","max-video-preview":"max-video-preview:-1"},"canonical":"https:\/\/dep.ufscar.br\/index.php\/escolha-do-melhor-tcc-no-periodo-de-2021-a-2022\/","og_locale":"pt_BR","og_type":"article","og_title":"Melhor TCC 2021-2022, pesquisa na Funda\u00e7\u00e3o Pr\u00f3-Sangue - DEP","og_description":"A comiss\u00e3o nomeada pelo Conselho de Ensino do DEP escolheu o melhor trabalho de conclus\u00e3o da gradua\u00e7\u00e3o em Engenharia de Produ\u00e7\u00e3o no per\u00edodo de 2021-2022. T\u00edtulo da monografia: &#8220;Mapeamento de Fluxo de Valor da Funda\u00e7\u00e3o Pr\u00f3-Sangue do Hospital das Cl\u00ednicas da Faculdade de Medicina da USP&#8221; Autora: Tha\u00eds Dutra de Oliveira Bonf\u00e1 Orientador: Luciano Campanini [&hellip;]","og_url":"https:\/\/dep.ufscar.br\/index.php\/escolha-do-melhor-tcc-no-periodo-de-2021-a-2022\/","og_site_name":"DEP","article_modified_time":"2022-08-12T12:06:52+00:00","og_image":[{"width":495,"height":278,"url":"http:\/\/dep.ufscar.br\/wp-content\/uploads\/2022\/08\/fonte-pro-sangue-pro-sangue.jpeg","path":"\/var\/www\/html\/desenvolvimento\/wp-content\/uploads\/2022\/08\/fonte-pro-sangue-pro-sangue.jpeg","size":"full","id":5578,"alt":"","pixels":137610,"type":"image\/jpeg"}],"twitter_card":"summary_large_image","twitter_misc":{"Est. tempo de leitura":"1 minuto"},"schema":{"@context":"https:\/\/schema.org","@graph":[{"@type":"WebSite","@id":"https:\/\/dep.ufscar.br\/#website","url":"https:\/\/dep.ufscar.br\/","name":"DEP","description":"Departamento de Engenharia de Produ\u00e7\u00e3o","potentialAction":[{"@type":"SearchAction","target":{"@type":"EntryPoint","urlTemplate":"https:\/\/dep.ufscar.br\/?s={search_term_string}"},"query-input":"required name=search_term_string"}],"inLanguage":"pt-BR"},{"@type":"ImageObject","@id":"https:\/\/dep.ufscar.br\/index.php\/escolha-do-melhor-tcc-no-periodo-de-2021-a-2022\/#primaryimage","inLanguage":"pt-BR","url":"https:\/\/dep.ufscar.br\/wp-content\/uploads\/2022\/08\/fonte-pro-sangue-pro-sangue.jpeg","contentUrl":"https:\/\/dep.ufscar.br\/wp-content\/uploads\/2022\/08\/fonte-pro-sangue-pro-sangue.jpeg","width":495,"height":278},{"@type":"WebPage","@id":"https:\/\/dep.ufscar.br\/index.php\/escolha-do-melhor-tcc-no-periodo-de-2021-a-2022\/#webpage","url":"https:\/\/dep.ufscar.br\/index.php\/escolha-do-melhor-tcc-no-periodo-de-2021-a-2022\/","name":"Melhor TCC 2021-2022, pesquisa na Funda\u00e7\u00e3o Pr\u00f3-Sangue - DEP","isPartOf":{"@id":"https:\/\/dep.ufscar.br\/#website"},"primaryImageOfPage":{"@id":"https:\/\/dep.ufscar.br\/index.php\/escolha-do-melhor-tcc-no-periodo-de-2021-a-2022\/#primaryimage"},"datePublished":"2022-08-11T19:33:27+00:00","dateModified":"2022-08-12T12:06:52+00:00","breadcrumb":{"@id":"https:\/\/dep.ufscar.br\/index.php\/escolha-do-melhor-tcc-no-periodo-de-2021-a-2022\/#breadcrumb"},"inLanguage":"pt-BR","potentialAction":[{"@type":"ReadAction","target":["https:\/\/dep.ufscar.br\/index.php\/escolha-do-melhor-tcc-no-periodo-de-2021-a-2022\/"]}]},{"@type":"BreadcrumbList","@id":"https:\/\/dep.ufscar.br\/index.php\/escolha-do-melhor-tcc-no-periodo-de-2021-a-2022\/#breadcrumb","itemListElement":[{"@type":"ListItem","position":1,"name":"Home","item":"https:\/\/dep.ufscar.br\/"},{"@type":"ListItem","position":2,"name":"Melhor TCC 2021-2022, pesquisa na Funda\u00e7\u00e3o Pr\u00f3-Sangue"}]}]}},"_links":{"self":[{"href":"https:\/\/dep.ufscar.br\/index.php\/wp-json\/wp\/v2\/pages\/5577"}],"collection":[{"href":"https:\/\/dep.ufscar.br\/index.php\/wp-json\/wp\/v2\/pages"}],"about":[{"href":"https:\/\/dep.ufscar.br\/index.php\/wp-json\/wp\/v2\/types\/page"}],"author":[{"embeddable":true,"href":"https:\/\/dep.ufscar.br\/index.php\/wp-json\/wp\/v2\/users\/245"}],"replies":[{"embeddable":true,"href":"https:\/\/dep.ufscar.br\/index.php\/wp-json\/wp\/v2\/comments?post=5577"}],"version-history":[{"count":2,"href":"https:\/\/dep.ufscar.br\/index.php\/wp-json\/wp\/v2\/pages\/5577\/revisions"}],"predecessor-version":[{"id":5580,"href":"https:\/\/dep.ufscar.br\/index.php\/wp-json\/wp\/v2\/pages\/5577\/revisions\/5580"}],"wp:featuredmedia":[{"embeddable":true,"href":"https:\/\/dep.ufscar.br\/index.php\/wp-json\/wp\/v2\/media\/5578"}],"wp:attachment":[{"href":"https:\/\/dep.ufscar.br\/index.php\/wp-json\/wp\/v2\/media?parent=5577"}],"wp:term":[{"taxonomy":"category","embeddable":true,"href":"https:\/\/dep.ufscar.br\/index.php\/wp-json\/wp\/v2\/categories?post=5577"},{"taxonomy":"post_tag","embeddable":true,"href":"https:\/\/dep.ufscar.br\/index.php\/wp-json\/wp\/v2\/tags?post=5577"}],"curies":[{"name":"wp","href":"https:\/\/api.w.org\/{rel}","templated":true}]}}