{"id":5530,"date":"2022-03-18T14:42:51","date_gmt":"2022-03-18T17:42:51","guid":{"rendered":"http:\/\/dep.ufscar.br\/?page_id=5530"},"modified":"2022-03-21T14:49:31","modified_gmt":"2022-03-21T17:49:31","slug":"adaptador-que-ajuda-a-diminuir-o-risco-de-transmissao-do-virus-da-covid-19-e-tema-de-episodio-do-podcast-ciencia-ufscar","status":"publish","type":"page","link":"https:\/\/dep.ufscar.br\/index.php\/adaptador-que-ajuda-a-diminuir-o-risco-de-transmissao-do-virus-da-covid-19-e-tema-de-episodio-do-podcast-ciencia-ufscar\/","title":{"rendered":"Adaptador que ajuda a diminuir o risco de transmiss\u00e3o do v\u00edrus da Covid-19 \u00e9 tema de epis\u00f3dio do podcast Ci\u00eancia UFSCar"},"content":{"rendered":"<div>\n<p><img loading=\"lazy\" class=\"alignnone size-large wp-image-5535\" src=\"http:\/\/dep.ufscar.br\/wp-content\/uploads\/2022\/03\/20200609-121650-1024x768.jpg\" alt=\"\" width=\"1024\" height=\"768\" srcset=\"https:\/\/dep.ufscar.br\/wp-content\/uploads\/2022\/03\/20200609-121650-1024x768.jpg 1024w, https:\/\/dep.ufscar.br\/wp-content\/uploads\/2022\/03\/20200609-121650-300x225.jpg 300w, https:\/\/dep.ufscar.br\/wp-content\/uploads\/2022\/03\/20200609-121650-768x576.jpg 768w, https:\/\/dep.ufscar.br\/wp-content\/uploads\/2022\/03\/20200609-121650-1536x1152.jpg 1536w, https:\/\/dep.ufscar.br\/wp-content\/uploads\/2022\/03\/20200609-121650-2048x1536.jpg 2048w\" sizes=\"(max-width: 1024px) 100vw, 1024px\" \/><\/p>\n<p>&nbsp;<\/p>\n<\/div>\n<div><\/div>\n<div><\/div>\n<div><\/div>\n<div>\n<p><span style=\"font-size: 20px;\">O desenvolvimento de um adaptador que ajuda a diminuir o risco de transmiss\u00e3o do v\u00edrus da Covid-19 em casos de intuba\u00e7\u00e3o, principalmente para profissionais da \u00e1rea da Sa\u00fade, foi um dos resultados das pesquisas realizadas na UFSCar com o prop\u00f3sito de enfrentar a pandemia e mitigar seus efeitos. Daniel Braatz, docente do Departamento de Engenharia de Produ\u00e7\u00e3o (DEP) e l\u00edder do grupo de pesquisa &#8220;Centro de Desenvolvimento e Prototipagem Maker para Inova\u00e7\u00e3o em Engenharia e Sa\u00fade&#8221;, \u00e9 um dos inventores do dispositivo, para o qual foi depositado pedido de patente junto ao Instituto Nacional de Propriedade Industrial (INPI). Al\u00e9m do docente, participaram do projeto como inventores o t\u00e9cnico do DEP Tiago Nordi e o aluno Esdras Paravizo, mestrando do PPGEP na \u00e9poca.<\/span><\/p>\n<\/div>\n<div><\/div>\n<div>\n<p><span style=\"font-size: 20px;\">Desde 18 de mar\u00e7o, est\u00e1 dispon\u00edvel em &lt;<a href=\"https:\/\/www.radio.ufscar.br\/podcasts\/\" target=\"_blank\" rel=\"noopener\" data-saferedirecturl=\"https:\/\/www.google.com\/url?q=https:\/\/www.radio.ufscar.br\/podcasts\/&amp;source=gmail&amp;ust=1647706022029000&amp;usg=AOvVaw129GCsvtbWQvlZ6S1DhM82\">https:\/\/www.radio.ufscar.br\/<wbr \/>podcasts\/<\/a>&gt;\u00a0 e &lt;<a href=\"https:\/\/open.spotify.com\/episode\/1riFzQ4Gn2rC2Zj4EgJLjW\" target=\"_blank\" rel=\"noopener\" data-saferedirecturl=\"https:\/\/www.google.com\/url?q=https:\/\/open.spotify.com\/episode\/1riFzQ4Gn2rC2Zj4EgJLjW&amp;source=gmail&amp;ust=1647706022029000&amp;usg=AOvVaw1RlUPk4tf3bRd78WmlltMI\">https:\/\/open.spotify.com\/<wbr \/>episode\/1riFzQ4Gn2rC2Zj4EgJLjW<\/a>\u00a0&gt; um\u00a0epis\u00f3dio do podcast &#8220;Ci\u00eancia UFSCar&#8221; que aborda justamente\u00a0o desenvolvimento dessa tecnologia.\u00a0No podcast, o Prof. Daniel Braatz tamb\u00e9m discutiu como a pandemia deflagrou na Universidade uma resposta articulada de pesquisadores, resultando em a\u00e7\u00f5es de combate \u00e0 Covid-19 com patentes, projetos e grupos de pesquisa.<\/span><\/p>\n<\/div>\n","protected":false},"excerpt":{"rendered":"<p>&nbsp; O desenvolvimento de um adaptador que ajuda a diminuir o risco de transmiss\u00e3o do v\u00edrus da Covid-19 em casos de intuba\u00e7\u00e3o, principalmente para profissionais da \u00e1rea da Sa\u00fade, foi um dos resultados das pesquisas realizadas na UFSCar com o prop\u00f3sito de enfrentar a pandemia e mitigar seus efeitos. Daniel Braatz, docente do Departamento de &#8230; <a class=\"more-link\" href=\"https:\/\/dep.ufscar.br\/index.php\/adaptador-que-ajuda-a-diminuir-o-risco-de-transmissao-do-virus-da-covid-19-e-tema-de-episodio-do-podcast-ciencia-ufscar\/\">Leia mais<\/a><\/p>\n","protected":false},"author":1,"featured_media":5531,"parent":0,"menu_order":0,"comment_status":"closed","ping_status":"closed","template":"","meta":[],"categories":[29,38],"tags":[],"yoast_head":"<!-- This site is optimized with the Yoast SEO plugin v17.0 - https:\/\/yoast.com\/wordpress\/plugins\/seo\/ -->\n<title>Adaptador que ajuda a diminuir o risco de transmiss\u00e3o do v\u00edrus da Covid-19 \u00e9 tema de epis\u00f3dio do podcast Ci\u00eancia UFSCar - DEP<\/title>\n<meta name=\"robots\" content=\"index, follow, max-snippet:-1, max-image-preview:large, max-video-preview:-1\" \/>\n<link rel=\"canonical\" href=\"https:\/\/dep.ufscar.br\/index.php\/adaptador-que-ajuda-a-diminuir-o-risco-de-transmissao-do-virus-da-covid-19-e-tema-de-episodio-do-podcast-ciencia-ufscar\/\" \/>\n<meta property=\"og:locale\" content=\"pt_BR\" \/>\n<meta property=\"og:type\" content=\"article\" \/>\n<meta property=\"og:title\" content=\"Adaptador que ajuda a diminuir o risco de transmiss\u00e3o do v\u00edrus da Covid-19 \u00e9 tema de epis\u00f3dio do podcast Ci\u00eancia UFSCar - DEP\" \/>\n<meta property=\"og:description\" content=\"&nbsp; O desenvolvimento de um adaptador que ajuda a diminuir o risco de transmiss\u00e3o do v\u00edrus da Covid-19 em casos de intuba\u00e7\u00e3o, principalmente para profissionais da \u00e1rea da Sa\u00fade, foi um dos resultados das pesquisas realizadas na UFSCar com o prop\u00f3sito de enfrentar a pandemia e mitigar seus efeitos. Daniel Braatz, docente do Departamento de [&hellip;]\" \/>\n<meta property=\"og:url\" content=\"https:\/\/dep.ufscar.br\/index.php\/adaptador-que-ajuda-a-diminuir-o-risco-de-transmissao-do-virus-da-covid-19-e-tema-de-episodio-do-podcast-ciencia-ufscar\/\" \/>\n<meta property=\"og:site_name\" content=\"DEP\" \/>\n<meta property=\"article:modified_time\" content=\"2022-03-21T17:49:31+00:00\" \/>\n<meta property=\"og:image\" content=\"http:\/\/dep.ufscar.br\/wp-content\/uploads\/2022\/03\/bancada-impressora-2b-1.jpg\" \/>\n\t<meta property=\"og:image:width\" content=\"495\" \/>\n\t<meta property=\"og:image:height\" content=\"278\" \/>\n<meta name=\"twitter:card\" content=\"summary_large_image\" \/>\n<meta name=\"twitter:label1\" content=\"Est. tempo de leitura\" \/>\n\t<meta name=\"twitter:data1\" content=\"2 minutos\" \/>\n<script type=\"application\/ld+json\" class=\"yoast-schema-graph\">{\"@context\":\"https:\/\/schema.org\",\"@graph\":[{\"@type\":\"WebSite\",\"@id\":\"https:\/\/dep.ufscar.br\/#website\",\"url\":\"https:\/\/dep.ufscar.br\/\",\"name\":\"DEP\",\"description\":\"Departamento de Engenharia de Produ\\u00e7\\u00e3o\",\"potentialAction\":[{\"@type\":\"SearchAction\",\"target\":{\"@type\":\"EntryPoint\",\"urlTemplate\":\"https:\/\/dep.ufscar.br\/?s={search_term_string}\"},\"query-input\":\"required name=search_term_string\"}],\"inLanguage\":\"pt-BR\"},{\"@type\":\"ImageObject\",\"@id\":\"https:\/\/dep.ufscar.br\/index.php\/adaptador-que-ajuda-a-diminuir-o-risco-de-transmissao-do-virus-da-covid-19-e-tema-de-episodio-do-podcast-ciencia-ufscar\/#primaryimage\",\"inLanguage\":\"pt-BR\",\"url\":\"https:\/\/dep.ufscar.br\/wp-content\/uploads\/2022\/03\/bancada-impressora-2b-1.jpg\",\"contentUrl\":\"https:\/\/dep.ufscar.br\/wp-content\/uploads\/2022\/03\/bancada-impressora-2b-1.jpg\",\"width\":495,\"height\":278},{\"@type\":\"WebPage\",\"@id\":\"https:\/\/dep.ufscar.br\/index.php\/adaptador-que-ajuda-a-diminuir-o-risco-de-transmissao-do-virus-da-covid-19-e-tema-de-episodio-do-podcast-ciencia-ufscar\/#webpage\",\"url\":\"https:\/\/dep.ufscar.br\/index.php\/adaptador-que-ajuda-a-diminuir-o-risco-de-transmissao-do-virus-da-covid-19-e-tema-de-episodio-do-podcast-ciencia-ufscar\/\",\"name\":\"Adaptador que ajuda a diminuir o risco de transmiss\\u00e3o do v\\u00edrus da Covid-19 \\u00e9 tema de epis\\u00f3dio do podcast Ci\\u00eancia UFSCar - DEP\",\"isPartOf\":{\"@id\":\"https:\/\/dep.ufscar.br\/#website\"},\"primaryImageOfPage\":{\"@id\":\"https:\/\/dep.ufscar.br\/index.php\/adaptador-que-ajuda-a-diminuir-o-risco-de-transmissao-do-virus-da-covid-19-e-tema-de-episodio-do-podcast-ciencia-ufscar\/#primaryimage\"},\"datePublished\":\"2022-03-18T17:42:51+00:00\",\"dateModified\":\"2022-03-21T17:49:31+00:00\",\"breadcrumb\":{\"@id\":\"https:\/\/dep.ufscar.br\/index.php\/adaptador-que-ajuda-a-diminuir-o-risco-de-transmissao-do-virus-da-covid-19-e-tema-de-episodio-do-podcast-ciencia-ufscar\/#breadcrumb\"},\"inLanguage\":\"pt-BR\",\"potentialAction\":[{\"@type\":\"ReadAction\",\"target\":[\"https:\/\/dep.ufscar.br\/index.php\/adaptador-que-ajuda-a-diminuir-o-risco-de-transmissao-do-virus-da-covid-19-e-tema-de-episodio-do-podcast-ciencia-ufscar\/\"]}]},{\"@type\":\"BreadcrumbList\",\"@id\":\"https:\/\/dep.ufscar.br\/index.php\/adaptador-que-ajuda-a-diminuir-o-risco-de-transmissao-do-virus-da-covid-19-e-tema-de-episodio-do-podcast-ciencia-ufscar\/#breadcrumb\",\"itemListElement\":[{\"@type\":\"ListItem\",\"position\":1,\"name\":\"Home\",\"item\":\"https:\/\/dep.ufscar.br\/\"},{\"@type\":\"ListItem\",\"position\":2,\"name\":\"Adaptador que ajuda a diminuir o risco de transmiss\\u00e3o do v\\u00edrus da Covid-19 \\u00e9 tema de epis\\u00f3dio do podcast Ci\\u00eancia UFSCar\"}]}]}<\/script>\n<!-- \/ Yoast SEO plugin. -->","yoast_head_json":{"title":"Adaptador que ajuda a diminuir o risco de transmiss\u00e3o do v\u00edrus da Covid-19 \u00e9 tema de epis\u00f3dio do podcast Ci\u00eancia UFSCar - DEP","robots":{"index":"index","follow":"follow","max-snippet":"max-snippet:-1","max-image-preview":"max-image-preview:large","max-video-preview":"max-video-preview:-1"},"canonical":"https:\/\/dep.ufscar.br\/index.php\/adaptador-que-ajuda-a-diminuir-o-risco-de-transmissao-do-virus-da-covid-19-e-tema-de-episodio-do-podcast-ciencia-ufscar\/","og_locale":"pt_BR","og_type":"article","og_title":"Adaptador que ajuda a diminuir o risco de transmiss\u00e3o do v\u00edrus da Covid-19 \u00e9 tema de epis\u00f3dio do podcast Ci\u00eancia UFSCar - DEP","og_description":"&nbsp; O desenvolvimento de um adaptador que ajuda a diminuir o risco de transmiss\u00e3o do v\u00edrus da Covid-19 em casos de intuba\u00e7\u00e3o, principalmente para profissionais da \u00e1rea da Sa\u00fade, foi um dos resultados das pesquisas realizadas na UFSCar com o prop\u00f3sito de enfrentar a pandemia e mitigar seus efeitos. Daniel Braatz, docente do Departamento de [&hellip;]","og_url":"https:\/\/dep.ufscar.br\/index.php\/adaptador-que-ajuda-a-diminuir-o-risco-de-transmissao-do-virus-da-covid-19-e-tema-de-episodio-do-podcast-ciencia-ufscar\/","og_site_name":"DEP","article_modified_time":"2022-03-21T17:49:31+00:00","og_image":[{"width":495,"height":278,"url":"http:\/\/dep.ufscar.br\/wp-content\/uploads\/2022\/03\/bancada-impressora-2b-1.jpg","path":"\/var\/www\/html\/desenvolvimento\/wp-content\/uploads\/2022\/03\/bancada-impressora-2b-1.jpg","size":"full","id":5531,"alt":"","pixels":137610,"type":"image\/jpeg"}],"twitter_card":"summary_large_image","twitter_misc":{"Est. tempo de leitura":"2 minutos"},"schema":{"@context":"https:\/\/schema.org","@graph":[{"@type":"WebSite","@id":"https:\/\/dep.ufscar.br\/#website","url":"https:\/\/dep.ufscar.br\/","name":"DEP","description":"Departamento de Engenharia de Produ\u00e7\u00e3o","potentialAction":[{"@type":"SearchAction","target":{"@type":"EntryPoint","urlTemplate":"https:\/\/dep.ufscar.br\/?s={search_term_string}"},"query-input":"required name=search_term_string"}],"inLanguage":"pt-BR"},{"@type":"ImageObject","@id":"https:\/\/dep.ufscar.br\/index.php\/adaptador-que-ajuda-a-diminuir-o-risco-de-transmissao-do-virus-da-covid-19-e-tema-de-episodio-do-podcast-ciencia-ufscar\/#primaryimage","inLanguage":"pt-BR","url":"https:\/\/dep.ufscar.br\/wp-content\/uploads\/2022\/03\/bancada-impressora-2b-1.jpg","contentUrl":"https:\/\/dep.ufscar.br\/wp-content\/uploads\/2022\/03\/bancada-impressora-2b-1.jpg","width":495,"height":278},{"@type":"WebPage","@id":"https:\/\/dep.ufscar.br\/index.php\/adaptador-que-ajuda-a-diminuir-o-risco-de-transmissao-do-virus-da-covid-19-e-tema-de-episodio-do-podcast-ciencia-ufscar\/#webpage","url":"https:\/\/dep.ufscar.br\/index.php\/adaptador-que-ajuda-a-diminuir-o-risco-de-transmissao-do-virus-da-covid-19-e-tema-de-episodio-do-podcast-ciencia-ufscar\/","name":"Adaptador que ajuda a diminuir o risco de transmiss\u00e3o do v\u00edrus da Covid-19 \u00e9 tema de epis\u00f3dio do podcast Ci\u00eancia UFSCar - DEP","isPartOf":{"@id":"https:\/\/dep.ufscar.br\/#website"},"primaryImageOfPage":{"@id":"https:\/\/dep.ufscar.br\/index.php\/adaptador-que-ajuda-a-diminuir-o-risco-de-transmissao-do-virus-da-covid-19-e-tema-de-episodio-do-podcast-ciencia-ufscar\/#primaryimage"},"datePublished":"2022-03-18T17:42:51+00:00","dateModified":"2022-03-21T17:49:31+00:00","breadcrumb":{"@id":"https:\/\/dep.ufscar.br\/index.php\/adaptador-que-ajuda-a-diminuir-o-risco-de-transmissao-do-virus-da-covid-19-e-tema-de-episodio-do-podcast-ciencia-ufscar\/#breadcrumb"},"inLanguage":"pt-BR","potentialAction":[{"@type":"ReadAction","target":["https:\/\/dep.ufscar.br\/index.php\/adaptador-que-ajuda-a-diminuir-o-risco-de-transmissao-do-virus-da-covid-19-e-tema-de-episodio-do-podcast-ciencia-ufscar\/"]}]},{"@type":"BreadcrumbList","@id":"https:\/\/dep.ufscar.br\/index.php\/adaptador-que-ajuda-a-diminuir-o-risco-de-transmissao-do-virus-da-covid-19-e-tema-de-episodio-do-podcast-ciencia-ufscar\/#breadcrumb","itemListElement":[{"@type":"ListItem","position":1,"name":"Home","item":"https:\/\/dep.ufscar.br\/"},{"@type":"ListItem","position":2,"name":"Adaptador que ajuda a diminuir o risco de transmiss\u00e3o do v\u00edrus da Covid-19 \u00e9 tema de epis\u00f3dio do podcast Ci\u00eancia UFSCar"}]}]}},"_links":{"self":[{"href":"https:\/\/dep.ufscar.br\/index.php\/wp-json\/wp\/v2\/pages\/5530"}],"collection":[{"href":"https:\/\/dep.ufscar.br\/index.php\/wp-json\/wp\/v2\/pages"}],"about":[{"href":"https:\/\/dep.ufscar.br\/index.php\/wp-json\/wp\/v2\/types\/page"}],"author":[{"embeddable":true,"href":"https:\/\/dep.ufscar.br\/index.php\/wp-json\/wp\/v2\/users\/1"}],"replies":[{"embeddable":true,"href":"https:\/\/dep.ufscar.br\/index.php\/wp-json\/wp\/v2\/comments?post=5530"}],"version-history":[{"count":4,"href":"https:\/\/dep.ufscar.br\/index.php\/wp-json\/wp\/v2\/pages\/5530\/revisions"}],"predecessor-version":[{"id":5533,"href":"https:\/\/dep.ufscar.br\/index.php\/wp-json\/wp\/v2\/pages\/5530\/revisions\/5533"}],"wp:featuredmedia":[{"embeddable":true,"href":"https:\/\/dep.ufscar.br\/index.php\/wp-json\/wp\/v2\/media\/5531"}],"wp:attachment":[{"href":"https:\/\/dep.ufscar.br\/index.php\/wp-json\/wp\/v2\/media?parent=5530"}],"wp:term":[{"taxonomy":"category","embeddable":true,"href":"https:\/\/dep.ufscar.br\/index.php\/wp-json\/wp\/v2\/categories?post=5530"},{"taxonomy":"post_tag","embeddable":true,"href":"https:\/\/dep.ufscar.br\/index.php\/wp-json\/wp\/v2\/tags?post=5530"}],"curies":[{"name":"wp","href":"https:\/\/api.w.org\/{rel}","templated":true}]}}