{"id":5487,"date":"2022-01-27T12:42:22","date_gmt":"2022-01-27T14:42:22","guid":{"rendered":"http:\/\/dep.ufscar.br\/?page_id=5487"},"modified":"2022-01-27T12:42:22","modified_gmt":"2022-01-27T14:42:22","slug":"resultado-das-eleicoes-para-chefe-e-vice-chefe-dep","status":"publish","type":"page","link":"https:\/\/dep.ufscar.br\/index.php\/resultado-das-eleicoes-para-chefe-e-vice-chefe-dep\/","title":{"rendered":"Resultado das elei\u00e7\u00f5es para chefe e vice chefe DEP"},"content":{"rendered":"<div><b>O Departamento de Engenharia de Produ\u00e7\u00e3o e a Comiss\u00e3o Eleitoral designada pelo Ato Administrativo N.\u00a01, de 26 de Outubro de 2021, torna p\u00fablico o resultado das elei\u00e7\u00f5es para Chefe e Vice chefe do DEP\u00a0para o per\u00edodo 2022-2024.<\/b><\/div>\n<div><\/div>\n<div><\/div>\n<div><a href=\"http:\/\/dep.ufscar.br\/wp-content\/uploads\/2022\/01\/Apuracao-dos-Resultados-Eleicoes.pdf\">Apura\u00e7\u00e3o dos Resultados Elei\u00e7\u00f5es<\/a><\/div>\n","protected":false},"excerpt":{"rendered":"<p>O Departamento de Engenharia de Produ\u00e7\u00e3o e a Comiss\u00e3o Eleitoral designada pelo Ato Administrativo N.\u00a01, de 26 de Outubro de 2021, torna p\u00fablico o resultado das elei\u00e7\u00f5es para Chefe e Vice chefe do DEP\u00a0para o per\u00edodo 2022-2024. Apura\u00e7\u00e3o dos Resultados Elei\u00e7\u00f5es&#8230; <a class=\"more-link\" href=\"https:\/\/dep.ufscar.br\/index.php\/resultado-das-eleicoes-para-chefe-e-vice-chefe-dep\/\">Leia mais<\/a><\/p>\n","protected":false},"author":1,"featured_media":5488,"parent":0,"menu_order":0,"comment_status":"closed","ping_status":"closed","template":"","meta":[],"categories":[29,38],"tags":[],"yoast_head":"<!-- This site is optimized with the Yoast SEO plugin v17.0 - https:\/\/yoast.com\/wordpress\/plugins\/seo\/ -->\n<title>Resultado das elei\u00e7\u00f5es para chefe e vice chefe DEP - DEP<\/title>\n<meta name=\"robots\" content=\"index, follow, max-snippet:-1, max-image-preview:large, max-video-preview:-1\" \/>\n<link rel=\"canonical\" href=\"https:\/\/dep.ufscar.br\/index.php\/resultado-das-eleicoes-para-chefe-e-vice-chefe-dep\/\" \/>\n<meta property=\"og:locale\" content=\"pt_BR\" \/>\n<meta property=\"og:type\" content=\"article\" \/>\n<meta property=\"og:title\" content=\"Resultado das elei\u00e7\u00f5es para chefe e vice chefe DEP - DEP\" \/>\n<meta property=\"og:description\" content=\"O Departamento de Engenharia de Produ\u00e7\u00e3o e a Comiss\u00e3o Eleitoral designada pelo Ato Administrativo N.\u00a01, de 26 de Outubro de 2021, torna p\u00fablico o resultado das elei\u00e7\u00f5es para Chefe e Vice chefe do DEP\u00a0para o per\u00edodo 2022-2024. Apura\u00e7\u00e3o dos Resultados Elei\u00e7\u00f5es\" \/>\n<meta property=\"og:url\" content=\"https:\/\/dep.ufscar.br\/index.php\/resultado-das-eleicoes-para-chefe-e-vice-chefe-dep\/\" \/>\n<meta property=\"og:site_name\" content=\"DEP\" \/>\n<meta property=\"og:image\" content=\"http:\/\/dep.ufscar.br\/wp-content\/uploads\/2022\/01\/logo-dep-site.jpg\" \/>\n\t<meta property=\"og:image:width\" content=\"495\" \/>\n\t<meta property=\"og:image:height\" content=\"278\" \/>\n<meta name=\"twitter:card\" content=\"summary_large_image\" \/>\n<meta name=\"twitter:label1\" content=\"Est. tempo de leitura\" \/>\n\t<meta name=\"twitter:data1\" content=\"1 minuto\" \/>\n<script type=\"application\/ld+json\" class=\"yoast-schema-graph\">{\"@context\":\"https:\/\/schema.org\",\"@graph\":[{\"@type\":\"WebSite\",\"@id\":\"https:\/\/dep.ufscar.br\/#website\",\"url\":\"https:\/\/dep.ufscar.br\/\",\"name\":\"DEP\",\"description\":\"Departamento de Engenharia de Produ\\u00e7\\u00e3o\",\"potentialAction\":[{\"@type\":\"SearchAction\",\"target\":{\"@type\":\"EntryPoint\",\"urlTemplate\":\"https:\/\/dep.ufscar.br\/?s={search_term_string}\"},\"query-input\":\"required name=search_term_string\"}],\"inLanguage\":\"pt-BR\"},{\"@type\":\"ImageObject\",\"@id\":\"https:\/\/dep.ufscar.br\/index.php\/resultado-das-eleicoes-para-chefe-e-vice-chefe-dep\/#primaryimage\",\"inLanguage\":\"pt-BR\",\"url\":\"https:\/\/dep.ufscar.br\/wp-content\/uploads\/2022\/01\/logo-dep-site.jpg\",\"contentUrl\":\"https:\/\/dep.ufscar.br\/wp-content\/uploads\/2022\/01\/logo-dep-site.jpg\",\"width\":495,\"height\":278},{\"@type\":\"WebPage\",\"@id\":\"https:\/\/dep.ufscar.br\/index.php\/resultado-das-eleicoes-para-chefe-e-vice-chefe-dep\/#webpage\",\"url\":\"https:\/\/dep.ufscar.br\/index.php\/resultado-das-eleicoes-para-chefe-e-vice-chefe-dep\/\",\"name\":\"Resultado das elei\\u00e7\\u00f5es para chefe e vice chefe DEP - DEP\",\"isPartOf\":{\"@id\":\"https:\/\/dep.ufscar.br\/#website\"},\"primaryImageOfPage\":{\"@id\":\"https:\/\/dep.ufscar.br\/index.php\/resultado-das-eleicoes-para-chefe-e-vice-chefe-dep\/#primaryimage\"},\"datePublished\":\"2022-01-27T14:42:22+00:00\",\"dateModified\":\"2022-01-27T14:42:22+00:00\",\"breadcrumb\":{\"@id\":\"https:\/\/dep.ufscar.br\/index.php\/resultado-das-eleicoes-para-chefe-e-vice-chefe-dep\/#breadcrumb\"},\"inLanguage\":\"pt-BR\",\"potentialAction\":[{\"@type\":\"ReadAction\",\"target\":[\"https:\/\/dep.ufscar.br\/index.php\/resultado-das-eleicoes-para-chefe-e-vice-chefe-dep\/\"]}]},{\"@type\":\"BreadcrumbList\",\"@id\":\"https:\/\/dep.ufscar.br\/index.php\/resultado-das-eleicoes-para-chefe-e-vice-chefe-dep\/#breadcrumb\",\"itemListElement\":[{\"@type\":\"ListItem\",\"position\":1,\"name\":\"Home\",\"item\":\"https:\/\/dep.ufscar.br\/\"},{\"@type\":\"ListItem\",\"position\":2,\"name\":\"Resultado das elei\\u00e7\\u00f5es para chefe e vice chefe DEP\"}]}]}<\/script>\n<!-- \/ Yoast SEO plugin. -->","yoast_head_json":{"title":"Resultado das elei\u00e7\u00f5es para chefe e vice chefe DEP - DEP","robots":{"index":"index","follow":"follow","max-snippet":"max-snippet:-1","max-image-preview":"max-image-preview:large","max-video-preview":"max-video-preview:-1"},"canonical":"https:\/\/dep.ufscar.br\/index.php\/resultado-das-eleicoes-para-chefe-e-vice-chefe-dep\/","og_locale":"pt_BR","og_type":"article","og_title":"Resultado das elei\u00e7\u00f5es para chefe e vice chefe DEP - DEP","og_description":"O Departamento de Engenharia de Produ\u00e7\u00e3o e a Comiss\u00e3o Eleitoral designada pelo Ato Administrativo N.\u00a01, de 26 de Outubro de 2021, torna p\u00fablico o resultado das elei\u00e7\u00f5es para Chefe e Vice chefe do DEP\u00a0para o per\u00edodo 2022-2024. Apura\u00e7\u00e3o dos Resultados Elei\u00e7\u00f5es","og_url":"https:\/\/dep.ufscar.br\/index.php\/resultado-das-eleicoes-para-chefe-e-vice-chefe-dep\/","og_site_name":"DEP","og_image":[{"width":495,"height":278,"url":"http:\/\/dep.ufscar.br\/wp-content\/uploads\/2022\/01\/logo-dep-site.jpg","path":"\/var\/www\/html\/desenvolvimento\/wp-content\/uploads\/2022\/01\/logo-dep-site.jpg","size":"full","id":5488,"alt":"","pixels":137610,"type":"image\/jpeg"}],"twitter_card":"summary_large_image","twitter_misc":{"Est. tempo de leitura":"1 minuto"},"schema":{"@context":"https:\/\/schema.org","@graph":[{"@type":"WebSite","@id":"https:\/\/dep.ufscar.br\/#website","url":"https:\/\/dep.ufscar.br\/","name":"DEP","description":"Departamento de Engenharia de Produ\u00e7\u00e3o","potentialAction":[{"@type":"SearchAction","target":{"@type":"EntryPoint","urlTemplate":"https:\/\/dep.ufscar.br\/?s={search_term_string}"},"query-input":"required name=search_term_string"}],"inLanguage":"pt-BR"},{"@type":"ImageObject","@id":"https:\/\/dep.ufscar.br\/index.php\/resultado-das-eleicoes-para-chefe-e-vice-chefe-dep\/#primaryimage","inLanguage":"pt-BR","url":"https:\/\/dep.ufscar.br\/wp-content\/uploads\/2022\/01\/logo-dep-site.jpg","contentUrl":"https:\/\/dep.ufscar.br\/wp-content\/uploads\/2022\/01\/logo-dep-site.jpg","width":495,"height":278},{"@type":"WebPage","@id":"https:\/\/dep.ufscar.br\/index.php\/resultado-das-eleicoes-para-chefe-e-vice-chefe-dep\/#webpage","url":"https:\/\/dep.ufscar.br\/index.php\/resultado-das-eleicoes-para-chefe-e-vice-chefe-dep\/","name":"Resultado das elei\u00e7\u00f5es para chefe e vice chefe DEP - DEP","isPartOf":{"@id":"https:\/\/dep.ufscar.br\/#website"},"primaryImageOfPage":{"@id":"https:\/\/dep.ufscar.br\/index.php\/resultado-das-eleicoes-para-chefe-e-vice-chefe-dep\/#primaryimage"},"datePublished":"2022-01-27T14:42:22+00:00","dateModified":"2022-01-27T14:42:22+00:00","breadcrumb":{"@id":"https:\/\/dep.ufscar.br\/index.php\/resultado-das-eleicoes-para-chefe-e-vice-chefe-dep\/#breadcrumb"},"inLanguage":"pt-BR","potentialAction":[{"@type":"ReadAction","target":["https:\/\/dep.ufscar.br\/index.php\/resultado-das-eleicoes-para-chefe-e-vice-chefe-dep\/"]}]},{"@type":"BreadcrumbList","@id":"https:\/\/dep.ufscar.br\/index.php\/resultado-das-eleicoes-para-chefe-e-vice-chefe-dep\/#breadcrumb","itemListElement":[{"@type":"ListItem","position":1,"name":"Home","item":"https:\/\/dep.ufscar.br\/"},{"@type":"ListItem","position":2,"name":"Resultado das elei\u00e7\u00f5es para chefe e vice chefe DEP"}]}]}},"_links":{"self":[{"href":"https:\/\/dep.ufscar.br\/index.php\/wp-json\/wp\/v2\/pages\/5487"}],"collection":[{"href":"https:\/\/dep.ufscar.br\/index.php\/wp-json\/wp\/v2\/pages"}],"about":[{"href":"https:\/\/dep.ufscar.br\/index.php\/wp-json\/wp\/v2\/types\/page"}],"author":[{"embeddable":true,"href":"https:\/\/dep.ufscar.br\/index.php\/wp-json\/wp\/v2\/users\/1"}],"replies":[{"embeddable":true,"href":"https:\/\/dep.ufscar.br\/index.php\/wp-json\/wp\/v2\/comments?post=5487"}],"version-history":[{"count":1,"href":"https:\/\/dep.ufscar.br\/index.php\/wp-json\/wp\/v2\/pages\/5487\/revisions"}],"predecessor-version":[{"id":5490,"href":"https:\/\/dep.ufscar.br\/index.php\/wp-json\/wp\/v2\/pages\/5487\/revisions\/5490"}],"wp:featuredmedia":[{"embeddable":true,"href":"https:\/\/dep.ufscar.br\/index.php\/wp-json\/wp\/v2\/media\/5488"}],"wp:attachment":[{"href":"https:\/\/dep.ufscar.br\/index.php\/wp-json\/wp\/v2\/media?parent=5487"}],"wp:term":[{"taxonomy":"category","embeddable":true,"href":"https:\/\/dep.ufscar.br\/index.php\/wp-json\/wp\/v2\/categories?post=5487"},{"taxonomy":"post_tag","embeddable":true,"href":"https:\/\/dep.ufscar.br\/index.php\/wp-json\/wp\/v2\/tags?post=5487"}],"curies":[{"name":"wp","href":"https:\/\/api.w.org\/{rel}","templated":true}]}}