{"id":5467,"date":"2021-12-16T16:28:13","date_gmt":"2021-12-16T18:28:13","guid":{"rendered":"http:\/\/dep.ufscar.br\/?page_id=5467"},"modified":"2021-12-16T16:31:53","modified_gmt":"2021-12-16T18:31:53","slug":"30-anos-pet-producao","status":"publish","type":"page","link":"https:\/\/dep.ufscar.br\/index.php\/30-anos-pet-producao\/","title":{"rendered":"30 anos PET Produ\u00e7\u00e3o"},"content":{"rendered":"<p align=\"justify\"><em><span style=\"font-size: 10px;\">Publicado dia 16\/12\/2021<\/span><\/em><\/p>\n<p align=\"justify\">\n<p align=\"justify\">H\u00e1 30 anos, estamos impactando e promovendo desenvolvimento \u00e0 sociedade. Entenda mais quem somos e como atuamos.<\/p>\n<p align=\"justify\">O\u00a0<strong>PET Produ\u00e7\u00e3o UFSCar<\/strong>\u00a0\u00e9 um grupo de pesquisa, ensino e extens\u00e3o vinculado ao Minist\u00e9rio da Educa\u00e7\u00e3o (<a href=\"https:\/\/www.gov.br\/mec\/pt-br\" target=\"_blank\" rel=\"noopener noreferrer\">MEC<\/a>) e ao curso de Engenharia de Produ\u00e7\u00e3o da UFSCar, cuja miss\u00e3o \u00e9 \u201cGerar desenvolvimento pessoal, acad\u00eamico e profissional aos integrantes do grupo e aos alunos de gradua\u00e7\u00e3o, por meio da tr\u00edade ensino pesquisa extens\u00e3o, visando melhorias para comunidade acad\u00eamica e a sociedade em geral.\u201d<\/p>\n<p align=\"justify\">Este ano completamos 30 anos de hist\u00f3ria buscando contribuir na cria\u00e7\u00e3o de um ambiente acad\u00eamico rico que forme profissionais de excel\u00eancia atrav\u00e9s de treinamentos, din\u00e2micas, projetos sociais, rodas de conversa, palestras, visitas t\u00e9cnicas e grupos de desenvolvimento.<\/p>\n<figure id=\"attachment_3134\" class=\"wp-caption aligncenter\" aria-describedby=\"caption-attachment-3134\"><a href=\"http:\/\/www.pet.dep.ufscar.br\/wp-content\/uploads\/2021\/11\/Pet-produ%C3%A7ao.png\"><img loading=\"lazy\" class=\"size-full wp-image-3134\" src=\"http:\/\/www.pet.dep.ufscar.br\/wp-content\/uploads\/2021\/11\/Pet-produ%C3%A7ao.png\" sizes=\"(max-width: 1920px) 100vw, 1920px\" srcset=\"http:\/\/www.pet.dep.ufscar.br\/wp-content\/uploads\/2021\/11\/Pet-produ\u00e7ao.png 1920w, http:\/\/www.pet.dep.ufscar.br\/wp-content\/uploads\/2021\/11\/Pet-produ\u00e7ao-300x152.png 300w, http:\/\/www.pet.dep.ufscar.br\/wp-content\/uploads\/2021\/11\/Pet-produ\u00e7ao-1024x517.png 1024w, http:\/\/www.pet.dep.ufscar.br\/wp-content\/uploads\/2021\/11\/Pet-produ\u00e7ao-768x388.png 768w, http:\/\/www.pet.dep.ufscar.br\/wp-content\/uploads\/2021\/11\/Pet-produ\u00e7ao-1536x776.png 1536w, http:\/\/www.pet.dep.ufscar.br\/wp-content\/uploads\/2021\/11\/Pet-produ\u00e7ao-700x354.png 700w, http:\/\/www.pet.dep.ufscar.br\/wp-content\/uploads\/2021\/11\/Pet-produ\u00e7ao-410x207.png 410w, http:\/\/www.pet.dep.ufscar.br\/wp-content\/uploads\/2021\/11\/Pet-produ\u00e7ao-100x51.png 100w, http:\/\/www.pet.dep.ufscar.br\/wp-content\/uploads\/2021\/11\/Pet-produ\u00e7ao-275x139.png 275w\" alt=\"membros atuais\" width=\"1920\" height=\"970\" \/><\/a><figcaption id=\"caption-attachment-3134\" class=\"wp-caption-text\">Atual gest\u00e3o do grupo PET Produ\u00e7\u00e3o<\/figcaption><\/figure>\n<hr \/>\n<p>Veja a vis\u00e3o de alguns tutores<br \/>\n<strong>DEPOIMENTO DE TUTORES<\/strong><\/p>\n<p align=\"justify\">Ao longo de mais de 30 anos de hist\u00f3ria, estivemos sob a orienta\u00e7\u00e3o de\u00a0<strong>6 professores tutores<\/strong>\u00a0que nos guiaram para realiza\u00e7\u00e3o de atividades que contribu\u00edssem para ampla forma\u00e7\u00e3o acad\u00eamica dos alunos de gradua\u00e7\u00e3o. Convidamos alguns destes professores, para relatar um pouco da sua experi\u00eancia no grupo:<\/p>\n<hr \/>\n<p align=\"justify\"><em>\u201cPara mim, o PET Produ\u00e7\u00e3o \u00e9 de fato um grupo de aprendizagem que mobiliza o potencial dos(as) alunos(as). No dia a dia, o que eu vejo s\u00e3o pessoas engajadas em suas atividades, preocupadas umas com as outras, atentas \u00e0s necessidades do grupo e sempre buscando contribuir com o curso de Engenharia de Produ\u00e7\u00e3o e com a UFSCar. No PET Produ\u00e7\u00e3o estou conhecendo e trabalhando com v\u00e1rios(as) alunos(as) do curso de Engenharia de Produ\u00e7\u00e3o de forma bastante din\u00e2mica e pr\u00f3xima, uma oportunidade que realmente aprecio neste grupo!\u201d<\/em><\/p>\n<p align=\"right\"><strong>MUR\u00cdS LAGE J\u00daNIOR<\/strong><br \/>\n<em>atual professor tutor<\/em><\/p>\n<hr \/>\n<p align=\"justify\"><em>\u201cA experi\u00eancia como tutor foi muito rica para mim. Em primeiro lugar, do ponto de vista pedag\u00f3gico \u00e9 uma experi\u00eancia muito interessante: as atividades realizadas no grupo na forma de estudos, projetos e semin\u00e1rios, entre outros, se mostram muito efetivas no desenvolvimento de conhecimentos e na forma\u00e7\u00e3o profissional de seus membros. Al\u00e9m disso, o grupo pode colaborar com os demais colegas do curso de gradua\u00e7\u00e3o em Engenharia de Produ\u00e7\u00e3o, o que \u00e9 fundamental em uma universidade como a nossa.<\/em><\/p>\n<p align=\"justify\"><em>Outro aspecto interessante diz respeito \u00e0 organiza\u00e7\u00e3o do grupo. A forma democr\u00e1tica como as decis\u00f5es s\u00e3o tomadas, a divis\u00e3o igualit\u00e1ria das responsabilidades, a coopera\u00e7\u00e3o entre os membros, o respeito \u00e0s opini\u00f5es dos colegas, resultam em uma experi\u00eancia muito valiosa para todos.<\/em><\/p>\n<p align=\"justify\"><em>Finalmente, do ponto de vista pessoal, foi uma experi\u00eancia muito boa na qual tive que aperfei\u00e7oar a minha capacidade de coordenar um grupo com valores t\u00e3o importantes como os destacados anteriormente. Acredito tamb\u00e9m que foi uma experi\u00eancia muito importante para todos (alunos e tutor), que no per\u00edodo em que participaram do PET da Engenharia de Produ\u00e7\u00e3o puderam desenvolver uma rela\u00e7\u00e3o de respeito e amizade que marca a passagem pelo grupo e pela universidade.\u201d<\/em><\/p>\n<p align=\"right\"><strong>EDEMILSON NOGUEIRA<\/strong><br \/>\n<em>tutor entre os anos 2007 e 2013<\/em><\/p>\n<hr \/>\n<p><strong>TRAJET\u00d3RIA DO PET PRODU\u00c7\u00c3O<\/strong><\/p>\n<p align=\"justify\">Desde 1991, por meio de nossas atividades, nos preocupamos em\u00a0<strong>melhorar o ensino superior na UFSCar<\/strong>, impactando alunos da gradua\u00e7\u00e3o e nossos membros por meio da viv\u00eancia pr\u00e1tica do que aprendemos em sala de aula. Confira um pouco do que fizemos at\u00e9 aqui:<\/p>\n<p><a href=\"http:\/\/www.pet.dep.ufscar.br\/wp-content\/uploads\/2021\/12\/linkedin.png\"><img loading=\"lazy\" class=\"aligncenter size-full wp-image-3515\" src=\"http:\/\/www.pet.dep.ufscar.br\/wp-content\/uploads\/2021\/12\/linkedin.png\" sizes=\"(max-width: 2156px) 100vw, 2156px\" srcset=\"http:\/\/www.pet.dep.ufscar.br\/wp-content\/uploads\/2021\/12\/linkedin.png 2156w, http:\/\/www.pet.dep.ufscar.br\/wp-content\/uploads\/2021\/12\/linkedin-157x300.png 157w, http:\/\/www.pet.dep.ufscar.br\/wp-content\/uploads\/2021\/12\/linkedin-537x1024.png 537w, http:\/\/www.pet.dep.ufscar.br\/wp-content\/uploads\/2021\/12\/linkedin-768x1465.png 768w, http:\/\/www.pet.dep.ufscar.br\/wp-content\/uploads\/2021\/12\/linkedin-805x1536.png 805w, http:\/\/www.pet.dep.ufscar.br\/wp-content\/uploads\/2021\/12\/linkedin-1074x2048.png 1074w, http:\/\/www.pet.dep.ufscar.br\/wp-content\/uploads\/2021\/12\/linkedin-700x1335.png 700w, http:\/\/www.pet.dep.ufscar.br\/wp-content\/uploads\/2021\/12\/linkedin-410x782.png 410w, http:\/\/www.pet.dep.ufscar.br\/wp-content\/uploads\/2021\/12\/linkedin-100x191.png 100w, http:\/\/www.pet.dep.ufscar.br\/wp-content\/uploads\/2021\/12\/linkedin-275x525.png 275w\" alt=\"\" width=\"2156\" height=\"4113\" \/><\/a><\/p>\n<hr \/>\n<p>E n\u00e3o poder\u00edamos deixar os discentes de fora<br \/>\n<strong>DEPOIMENTO DE PETIANOS<\/strong><\/p>\n<p align=\"justify\">O Programa de Educa\u00e7\u00e3o Tutorial (PET) existe pela vontade dos estudantes de poderem estar desenvolvendo e melhorando a sociedade, e sem eles n\u00e3o haveria um grupo. Ao longo desses 30 anos,\u00a0<strong>130 discentes<\/strong>\u00a0j\u00e1 envolveram-se e impactaram a gradua\u00e7\u00e3o, e hoje atuam de forma promissora no mercado de trabalho, onde pode-se ver membros antigos em grandes empresas ou at\u00e9 mesmo na equipe de docentes atual da pr\u00f3pria UFSCar. No grupo n\u00e3o temos ex-membros e sim, como brincamos, temos petianos antigos com os quais criamos uma verdadeira ponte de conex\u00e3o e desenvolvimento, porque uma vez petiano sempre petiano.\u00a0<strong>Para que seja poss\u00edvel maior compreens\u00e3o do que \u00e9 fazer parte do PET Produ\u00e7\u00e3o, convidamos alguns\u00a0 PETianos\u00a0 antigos para falar sobre sua experi\u00eancia no grupo:<\/strong><\/p>\n<hr \/>\n<p align=\"justify\"><em>\u201cTentar descrever o que o PET Produ\u00e7\u00e3o representa na minha vida chega a ser dif\u00edcil por tantas emo\u00e7\u00f5es que surgem. Mas, duas palavras definem o que o PET \u00e9: impacto e desenvolvimento. O PET nos tira da zona de conforto e nos faz criar atividades que desenvolvam, de forma verdadeira, o nosso p\u00fablico, sejam eles as turmas da gradua\u00e7\u00e3o, as empresas que fizemos projetos ou ainda as institui\u00e7\u00f5es que criamos tantos projetos sociais. O grupo me ensinou a argumentar, a me posicionar e defender minhas opini\u00f5es, a trabalhar em equipe, a organizar meu tempo, a ser criativa e a me divertir enquanto ger\u00e1vamos impacto. Me ensinou a ir al\u00e9m. E indo al\u00e9m, o PET foi al\u00e9m da sua proposta de desenvolvimento e compartilhamento de conhecimento, o PET se tornou minha fam\u00edlia longe de casa. Meus amigos, companheiros nos estudos para provas, nas festas e integras e que est\u00e3o presentes na minha vida at\u00e9 hoje. Como dizemos sempre, um PETiano nunca deixa de ser PETiano!. Que continuemos assim, juntos e impactando. Um super obrigada a essa grande fam\u00edlia!\u201d<\/em><\/p>\n<p align=\"right\"><strong>BIANCA JENSEN<\/strong><br \/>\n<em>PETiana 014<\/em><\/p>\n<hr \/>\n<p align=\"justify\"><em>\u201cSempre digo que minha forma\u00e7\u00e3o, n\u00e3o s\u00f3 como engenheiro, mas como pessoa, deve muito ao PET Produ\u00e7\u00e3o! N\u00e3o \u00e9 s\u00f3 um grupo de pesquisa, ensino e extens\u00e3o, \u00e9 um ambiente colaborativo, cheio de pessoas que te encorajam a sair da zona de conforto o tempo todo. Lugar de testar novas ideias, habilidades, t\u00e9cnicas, metodologias, e tudo isso numa intensidade t\u00e3o alta, que te faz sentir preparado pra vida fora da universidade. Bom, essa foi minha sensa\u00e7\u00e3o quando deixei o grupo l\u00e1 em 2018, al\u00e9m de uma mistura de gratid\u00e3o, saudade e felicidade em saber que mais pessoas teriam a oportunidade de passar por essa experi\u00eancia. Que venham mais 30 anos \u2764\ufe0f\u201d<\/em><\/p>\n<p align=\"right\"><strong>VINICIUS GARCIA<\/strong><br \/>\n<em>PETiano 015<\/em><\/p>\n<hr \/>\n<p align=\"justify\"><em>\u201cO PET me proporcionou experi\u00eancias incr\u00edveis que me desenvolveram em diversos aspectos, como o desenvolvimento de treinamentos, din\u00e2micas e projetos sociais. Ele complementou enormemente a minha forma\u00e7\u00e3o! Al\u00e9m disso, conv\u00edvio pr\u00f3ximo com os demais membros fez com que o PET se tornasse parte da minha fam\u00edlia!!\u201d<\/em><\/p>\n<p align=\"right\"><strong>MARIANA KAWASHIMA<\/strong><br \/>\n<em>PETiana 016<\/em><\/p>\n<hr \/>\n<p align=\"justify\"><em>\u201cO PET pra mim foi um grupo que expandiu meu horizonte de pensamento, me desafiou a ver as coisas por outra perspectiva e me formou como pessoa principalmente. O que me impressiona muito no grupo \u00e9 o ambiente diverso em que desenvolvemos nossas discuss\u00f5es, sempre tentando passar por v\u00e1rios pontos de vista, argumentos, e chegando a conclus\u00f5es em conjunto, onde cada um aprendeu um pouco e conseguiu ver o problema de outra forma.<\/em><\/p>\n<p align=\"justify\"><em>Hoje eu me sinto muito mais consciente de que o que eu penso \u00e9 a minha perspectiva e que ela pode estar errada de alguma forma, o que torna necess\u00e1rio o meu pensamento cr\u00edtico frente a meus pr\u00f3prios argumentos. Acho isso uma grande virtude e posso atribuir boa parte dela ao tempo que fiquei no PET e fui constantemente estimulado a me questionar e questionar as pessoas com quem convivia o maior tempo do meu dia. Espa\u00e7os como este est\u00e3o cada vez mais raros, e eu agrade\u00e7o muito por ter participado disso e crescido muito durante essa jornada.\u201d<\/em><\/p>\n<p align=\"right\"><strong>GUSTAVO BOEL<\/strong><br \/>\n<em>PETiano 017<\/em><\/p>\n<hr \/>\n<table>\n<tbody>\n<tr align=\"center\">\n<td><strong>OBRIGADO POR FAZER PARTE DA NOSSA HIST\u00d3RIA<\/strong><br \/>\nN\u00f3s, o PET Produ\u00e7\u00e3o, agradecemos a todos que de alguma forma partilharam e desfrutaram de algum momento conosco. O que somos hoje \u00e9 o resultado dos esfor\u00e7os de cada um de voc\u00eas.<\/td>\n<\/tr>\n<\/tbody>\n<\/table>\n","protected":false},"excerpt":{"rendered":"<p>Publicado dia 16\/12\/2021 H\u00e1 30 anos, estamos impactando e promovendo desenvolvimento \u00e0 sociedade. Entenda mais quem somos e como atuamos. O\u00a0PET Produ\u00e7\u00e3o UFSCar\u00a0\u00e9 um grupo de pesquisa, ensino e extens\u00e3o vinculado ao Minist\u00e9rio da Educa\u00e7\u00e3o (MEC) e ao curso de Engenharia de Produ\u00e7\u00e3o da UFSCar, cuja miss\u00e3o \u00e9 \u201cGerar desenvolvimento pessoal, acad\u00eamico e profissional aos &#8230; <a class=\"more-link\" href=\"https:\/\/dep.ufscar.br\/index.php\/30-anos-pet-producao\/\">Leia mais<\/a><\/p>\n","protected":false},"author":1,"featured_media":5468,"parent":0,"menu_order":0,"comment_status":"closed","ping_status":"closed","template":"","meta":[],"categories":[29,38],"tags":[],"yoast_head":"<!-- This site is optimized with the Yoast SEO plugin v17.0 - https:\/\/yoast.com\/wordpress\/plugins\/seo\/ -->\n<title>30 anos PET Produ\u00e7\u00e3o - DEP<\/title>\n<meta name=\"robots\" content=\"index, follow, max-snippet:-1, max-image-preview:large, max-video-preview:-1\" \/>\n<link rel=\"canonical\" href=\"https:\/\/dep.ufscar.br\/index.php\/30-anos-pet-producao\/\" \/>\n<meta property=\"og:locale\" content=\"pt_BR\" \/>\n<meta property=\"og:type\" content=\"article\" \/>\n<meta property=\"og:title\" content=\"30 anos PET Produ\u00e7\u00e3o - DEP\" \/>\n<meta property=\"og:description\" content=\"Publicado dia 16\/12\/2021 H\u00e1 30 anos, estamos impactando e promovendo desenvolvimento \u00e0 sociedade. Entenda mais quem somos e como atuamos. O\u00a0PET Produ\u00e7\u00e3o UFSCar\u00a0\u00e9 um grupo de pesquisa, ensino e extens\u00e3o vinculado ao Minist\u00e9rio da Educa\u00e7\u00e3o (MEC) e ao curso de Engenharia de Produ\u00e7\u00e3o da UFSCar, cuja miss\u00e3o \u00e9 \u201cGerar desenvolvimento pessoal, acad\u00eamico e profissional aos [&hellip;]\" \/>\n<meta property=\"og:url\" content=\"https:\/\/dep.ufscar.br\/index.php\/30-anos-pet-producao\/\" \/>\n<meta property=\"og:site_name\" content=\"DEP\" \/>\n<meta property=\"article:modified_time\" content=\"2021-12-16T18:31:53+00:00\" \/>\n<meta property=\"og:image\" content=\"http:\/\/dep.ufscar.br\/wp-content\/uploads\/2021\/12\/site-dep-img.png\" \/>\n\t<meta property=\"og:image:width\" content=\"495\" \/>\n\t<meta property=\"og:image:height\" content=\"278\" \/>\n<meta name=\"twitter:card\" content=\"summary_large_image\" \/>\n<meta name=\"twitter:label1\" content=\"Est. tempo de leitura\" \/>\n\t<meta name=\"twitter:data1\" content=\"6 minutos\" \/>\n<script type=\"application\/ld+json\" class=\"yoast-schema-graph\">{\"@context\":\"https:\/\/schema.org\",\"@graph\":[{\"@type\":\"WebSite\",\"@id\":\"https:\/\/dep.ufscar.br\/#website\",\"url\":\"https:\/\/dep.ufscar.br\/\",\"name\":\"DEP\",\"description\":\"Departamento de Engenharia de Produ\\u00e7\\u00e3o\",\"potentialAction\":[{\"@type\":\"SearchAction\",\"target\":{\"@type\":\"EntryPoint\",\"urlTemplate\":\"https:\/\/dep.ufscar.br\/?s={search_term_string}\"},\"query-input\":\"required name=search_term_string\"}],\"inLanguage\":\"pt-BR\"},{\"@type\":\"ImageObject\",\"@id\":\"https:\/\/dep.ufscar.br\/index.php\/30-anos-pet-producao\/#primaryimage\",\"inLanguage\":\"pt-BR\",\"url\":\"https:\/\/dep.ufscar.br\/wp-content\/uploads\/2021\/12\/site-dep-img.png\",\"contentUrl\":\"https:\/\/dep.ufscar.br\/wp-content\/uploads\/2021\/12\/site-dep-img.png\",\"width\":495,\"height\":278},{\"@type\":\"WebPage\",\"@id\":\"https:\/\/dep.ufscar.br\/index.php\/30-anos-pet-producao\/#webpage\",\"url\":\"https:\/\/dep.ufscar.br\/index.php\/30-anos-pet-producao\/\",\"name\":\"30 anos PET Produ\\u00e7\\u00e3o - DEP\",\"isPartOf\":{\"@id\":\"https:\/\/dep.ufscar.br\/#website\"},\"primaryImageOfPage\":{\"@id\":\"https:\/\/dep.ufscar.br\/index.php\/30-anos-pet-producao\/#primaryimage\"},\"datePublished\":\"2021-12-16T18:28:13+00:00\",\"dateModified\":\"2021-12-16T18:31:53+00:00\",\"breadcrumb\":{\"@id\":\"https:\/\/dep.ufscar.br\/index.php\/30-anos-pet-producao\/#breadcrumb\"},\"inLanguage\":\"pt-BR\",\"potentialAction\":[{\"@type\":\"ReadAction\",\"target\":[\"https:\/\/dep.ufscar.br\/index.php\/30-anos-pet-producao\/\"]}]},{\"@type\":\"BreadcrumbList\",\"@id\":\"https:\/\/dep.ufscar.br\/index.php\/30-anos-pet-producao\/#breadcrumb\",\"itemListElement\":[{\"@type\":\"ListItem\",\"position\":1,\"name\":\"Home\",\"item\":\"https:\/\/dep.ufscar.br\/\"},{\"@type\":\"ListItem\",\"position\":2,\"name\":\"30 anos PET Produ\\u00e7\\u00e3o\"}]}]}<\/script>\n<!-- \/ Yoast SEO plugin. -->","yoast_head_json":{"title":"30 anos PET Produ\u00e7\u00e3o - DEP","robots":{"index":"index","follow":"follow","max-snippet":"max-snippet:-1","max-image-preview":"max-image-preview:large","max-video-preview":"max-video-preview:-1"},"canonical":"https:\/\/dep.ufscar.br\/index.php\/30-anos-pet-producao\/","og_locale":"pt_BR","og_type":"article","og_title":"30 anos PET Produ\u00e7\u00e3o - DEP","og_description":"Publicado dia 16\/12\/2021 H\u00e1 30 anos, estamos impactando e promovendo desenvolvimento \u00e0 sociedade. Entenda mais quem somos e como atuamos. O\u00a0PET Produ\u00e7\u00e3o UFSCar\u00a0\u00e9 um grupo de pesquisa, ensino e extens\u00e3o vinculado ao Minist\u00e9rio da Educa\u00e7\u00e3o (MEC) e ao curso de Engenharia de Produ\u00e7\u00e3o da UFSCar, cuja miss\u00e3o \u00e9 \u201cGerar desenvolvimento pessoal, acad\u00eamico e profissional aos [&hellip;]","og_url":"https:\/\/dep.ufscar.br\/index.php\/30-anos-pet-producao\/","og_site_name":"DEP","article_modified_time":"2021-12-16T18:31:53+00:00","og_image":[{"width":495,"height":278,"url":"http:\/\/dep.ufscar.br\/wp-content\/uploads\/2021\/12\/site-dep-img.png","path":"\/var\/www\/html\/desenvolvimento\/wp-content\/uploads\/2021\/12\/site-dep-img.png","size":"full","id":5468,"alt":"","pixels":137610,"type":"image\/png"}],"twitter_card":"summary_large_image","twitter_misc":{"Est. tempo de leitura":"6 minutos"},"schema":{"@context":"https:\/\/schema.org","@graph":[{"@type":"WebSite","@id":"https:\/\/dep.ufscar.br\/#website","url":"https:\/\/dep.ufscar.br\/","name":"DEP","description":"Departamento de Engenharia de Produ\u00e7\u00e3o","potentialAction":[{"@type":"SearchAction","target":{"@type":"EntryPoint","urlTemplate":"https:\/\/dep.ufscar.br\/?s={search_term_string}"},"query-input":"required name=search_term_string"}],"inLanguage":"pt-BR"},{"@type":"ImageObject","@id":"https:\/\/dep.ufscar.br\/index.php\/30-anos-pet-producao\/#primaryimage","inLanguage":"pt-BR","url":"https:\/\/dep.ufscar.br\/wp-content\/uploads\/2021\/12\/site-dep-img.png","contentUrl":"https:\/\/dep.ufscar.br\/wp-content\/uploads\/2021\/12\/site-dep-img.png","width":495,"height":278},{"@type":"WebPage","@id":"https:\/\/dep.ufscar.br\/index.php\/30-anos-pet-producao\/#webpage","url":"https:\/\/dep.ufscar.br\/index.php\/30-anos-pet-producao\/","name":"30 anos PET Produ\u00e7\u00e3o - DEP","isPartOf":{"@id":"https:\/\/dep.ufscar.br\/#website"},"primaryImageOfPage":{"@id":"https:\/\/dep.ufscar.br\/index.php\/30-anos-pet-producao\/#primaryimage"},"datePublished":"2021-12-16T18:28:13+00:00","dateModified":"2021-12-16T18:31:53+00:00","breadcrumb":{"@id":"https:\/\/dep.ufscar.br\/index.php\/30-anos-pet-producao\/#breadcrumb"},"inLanguage":"pt-BR","potentialAction":[{"@type":"ReadAction","target":["https:\/\/dep.ufscar.br\/index.php\/30-anos-pet-producao\/"]}]},{"@type":"BreadcrumbList","@id":"https:\/\/dep.ufscar.br\/index.php\/30-anos-pet-producao\/#breadcrumb","itemListElement":[{"@type":"ListItem","position":1,"name":"Home","item":"https:\/\/dep.ufscar.br\/"},{"@type":"ListItem","position":2,"name":"30 anos PET Produ\u00e7\u00e3o"}]}]}},"_links":{"self":[{"href":"https:\/\/dep.ufscar.br\/index.php\/wp-json\/wp\/v2\/pages\/5467"}],"collection":[{"href":"https:\/\/dep.ufscar.br\/index.php\/wp-json\/wp\/v2\/pages"}],"about":[{"href":"https:\/\/dep.ufscar.br\/index.php\/wp-json\/wp\/v2\/types\/page"}],"author":[{"embeddable":true,"href":"https:\/\/dep.ufscar.br\/index.php\/wp-json\/wp\/v2\/users\/1"}],"replies":[{"embeddable":true,"href":"https:\/\/dep.ufscar.br\/index.php\/wp-json\/wp\/v2\/comments?post=5467"}],"version-history":[{"count":3,"href":"https:\/\/dep.ufscar.br\/index.php\/wp-json\/wp\/v2\/pages\/5467\/revisions"}],"predecessor-version":[{"id":5472,"href":"https:\/\/dep.ufscar.br\/index.php\/wp-json\/wp\/v2\/pages\/5467\/revisions\/5472"}],"wp:featuredmedia":[{"embeddable":true,"href":"https:\/\/dep.ufscar.br\/index.php\/wp-json\/wp\/v2\/media\/5468"}],"wp:attachment":[{"href":"https:\/\/dep.ufscar.br\/index.php\/wp-json\/wp\/v2\/media?parent=5467"}],"wp:term":[{"taxonomy":"category","embeddable":true,"href":"https:\/\/dep.ufscar.br\/index.php\/wp-json\/wp\/v2\/categories?post=5467"},{"taxonomy":"post_tag","embeddable":true,"href":"https:\/\/dep.ufscar.br\/index.php\/wp-json\/wp\/v2\/tags?post=5467"}],"curies":[{"name":"wp","href":"https:\/\/api.w.org\/{rel}","templated":true}]}}