{"id":5459,"date":"2021-12-14T10:51:42","date_gmt":"2021-12-14T12:51:42","guid":{"rendered":"http:\/\/dep.ufscar.br\/?page_id=5459"},"modified":"2021-12-15T12:50:36","modified_gmt":"2021-12-15T14:50:36","slug":"escolha-do-melhor-tcc-no-periodo-de-2019-a-2020","status":"publish","type":"page","link":"https:\/\/dep.ufscar.br\/index.php\/escolha-do-melhor-tcc-no-periodo-de-2019-a-2020\/","title":{"rendered":"Escolha do melhor TCC no per\u00edodo de 2019 a 2020"},"content":{"rendered":"<div><em><span style=\"font-size: 10px;\">Publicado dia 14\/12\/21<\/span><\/em><\/div>\n<div><\/div>\n<div>A comiss\u00e3o nomeada pelo Conselho de Ensino do DEP escolheu o melhor trabalho de conclus\u00e3o da gradua\u00e7\u00e3o em Engenharia de Produ\u00e7\u00e3o no per\u00edodo de 2019-2020.<br \/>\n<b><br \/>\n<\/b><\/div>\n<div><b>T\u00edtulo da monografia<\/b>: &#8220;An\u00e1lise da rela\u00e7\u00e3o entre Custo de Capital e Sustentabilidade Empresarial em Empresas Brasileiras de Capital Aberto&#8221;<br \/>\n<b>Autora<\/b>: Bianca Frachetta Fernandes<br \/>\n<b>Orientador<\/b>: Andrei Aparecido de AlbuquerqueParab\u00e9ns \u00e0 Bianca e ao Andrei!<\/div>\n<div><\/div>\n<div>A comiss\u00e3o tamb\u00e9m parabeniza os discentes e docentes envolvidos nos demais trabalhos indicados.<\/div>\n","protected":false},"excerpt":{"rendered":"<p>Publicado dia 14\/12\/21 A comiss\u00e3o nomeada pelo Conselho de Ensino do DEP escolheu o melhor trabalho de conclus\u00e3o da gradua\u00e7\u00e3o em Engenharia de Produ\u00e7\u00e3o no per\u00edodo de 2019-2020. T\u00edtulo da monografia: &#8220;An\u00e1lise da rela\u00e7\u00e3o entre Custo de Capital e Sustentabilidade Empresarial em Empresas Brasileiras de Capital Aberto&#8221; Autora: Bianca Frachetta Fernandes Orientador: Andrei Aparecido de &#8230; <a class=\"more-link\" href=\"https:\/\/dep.ufscar.br\/index.php\/escolha-do-melhor-tcc-no-periodo-de-2019-a-2020\/\">Leia mais<\/a><\/p>\n","protected":false},"author":1,"featured_media":5463,"parent":0,"menu_order":0,"comment_status":"closed","ping_status":"closed","template":"","meta":[],"categories":[29,38],"tags":[],"yoast_head":"<!-- This site is optimized with the Yoast SEO plugin v17.0 - https:\/\/yoast.com\/wordpress\/plugins\/seo\/ -->\n<title>Escolha do melhor TCC no per\u00edodo de 2019 a 2020 - DEP<\/title>\n<meta name=\"robots\" content=\"index, follow, max-snippet:-1, max-image-preview:large, max-video-preview:-1\" \/>\n<link rel=\"canonical\" href=\"https:\/\/dep.ufscar.br\/index.php\/escolha-do-melhor-tcc-no-periodo-de-2019-a-2020\/\" \/>\n<meta property=\"og:locale\" content=\"pt_BR\" \/>\n<meta property=\"og:type\" content=\"article\" \/>\n<meta property=\"og:title\" content=\"Escolha do melhor TCC no per\u00edodo de 2019 a 2020 - DEP\" \/>\n<meta property=\"og:description\" content=\"Publicado dia 14\/12\/21 A comiss\u00e3o nomeada pelo Conselho de Ensino do DEP escolheu o melhor trabalho de conclus\u00e3o da gradua\u00e7\u00e3o em Engenharia de Produ\u00e7\u00e3o no per\u00edodo de 2019-2020. T\u00edtulo da monografia: &#8220;An\u00e1lise da rela\u00e7\u00e3o entre Custo de Capital e Sustentabilidade Empresarial em Empresas Brasileiras de Capital Aberto&#8221; Autora: Bianca Frachetta Fernandes Orientador: Andrei Aparecido de [&hellip;]\" \/>\n<meta property=\"og:url\" content=\"https:\/\/dep.ufscar.br\/index.php\/escolha-do-melhor-tcc-no-periodo-de-2019-a-2020\/\" \/>\n<meta property=\"og:site_name\" content=\"DEP\" \/>\n<meta property=\"article:modified_time\" content=\"2021-12-15T14:50:36+00:00\" \/>\n<meta property=\"og:image\" content=\"http:\/\/dep.ufscar.br\/wp-content\/uploads\/2021\/12\/dsc04900-original-2-e1639487999533.jpg\" \/>\n\t<meta property=\"og:image:width\" content=\"495\" \/>\n\t<meta property=\"og:image:height\" content=\"278\" \/>\n<meta name=\"twitter:card\" content=\"summary_large_image\" \/>\n<meta name=\"twitter:label1\" content=\"Est. tempo de leitura\" \/>\n\t<meta name=\"twitter:data1\" content=\"1 minuto\" \/>\n<script type=\"application\/ld+json\" class=\"yoast-schema-graph\">{\"@context\":\"https:\/\/schema.org\",\"@graph\":[{\"@type\":\"WebSite\",\"@id\":\"https:\/\/dep.ufscar.br\/#website\",\"url\":\"https:\/\/dep.ufscar.br\/\",\"name\":\"DEP\",\"description\":\"Departamento de Engenharia de Produ\\u00e7\\u00e3o\",\"potentialAction\":[{\"@type\":\"SearchAction\",\"target\":{\"@type\":\"EntryPoint\",\"urlTemplate\":\"https:\/\/dep.ufscar.br\/?s={search_term_string}\"},\"query-input\":\"required name=search_term_string\"}],\"inLanguage\":\"pt-BR\"},{\"@type\":\"ImageObject\",\"@id\":\"https:\/\/dep.ufscar.br\/index.php\/escolha-do-melhor-tcc-no-periodo-de-2019-a-2020\/#primaryimage\",\"inLanguage\":\"pt-BR\",\"url\":\"https:\/\/dep.ufscar.br\/wp-content\/uploads\/2021\/12\/dsc04900-original-2-e1639487999533.jpg\",\"contentUrl\":\"https:\/\/dep.ufscar.br\/wp-content\/uploads\/2021\/12\/dsc04900-original-2-e1639487999533.jpg\",\"width\":495,\"height\":278},{\"@type\":\"WebPage\",\"@id\":\"https:\/\/dep.ufscar.br\/index.php\/escolha-do-melhor-tcc-no-periodo-de-2019-a-2020\/#webpage\",\"url\":\"https:\/\/dep.ufscar.br\/index.php\/escolha-do-melhor-tcc-no-periodo-de-2019-a-2020\/\",\"name\":\"Escolha do melhor TCC no per\\u00edodo de 2019 a 2020 - DEP\",\"isPartOf\":{\"@id\":\"https:\/\/dep.ufscar.br\/#website\"},\"primaryImageOfPage\":{\"@id\":\"https:\/\/dep.ufscar.br\/index.php\/escolha-do-melhor-tcc-no-periodo-de-2019-a-2020\/#primaryimage\"},\"datePublished\":\"2021-12-14T12:51:42+00:00\",\"dateModified\":\"2021-12-15T14:50:36+00:00\",\"breadcrumb\":{\"@id\":\"https:\/\/dep.ufscar.br\/index.php\/escolha-do-melhor-tcc-no-periodo-de-2019-a-2020\/#breadcrumb\"},\"inLanguage\":\"pt-BR\",\"potentialAction\":[{\"@type\":\"ReadAction\",\"target\":[\"https:\/\/dep.ufscar.br\/index.php\/escolha-do-melhor-tcc-no-periodo-de-2019-a-2020\/\"]}]},{\"@type\":\"BreadcrumbList\",\"@id\":\"https:\/\/dep.ufscar.br\/index.php\/escolha-do-melhor-tcc-no-periodo-de-2019-a-2020\/#breadcrumb\",\"itemListElement\":[{\"@type\":\"ListItem\",\"position\":1,\"name\":\"Home\",\"item\":\"https:\/\/dep.ufscar.br\/\"},{\"@type\":\"ListItem\",\"position\":2,\"name\":\"Escolha do melhor TCC no per\\u00edodo de 2019 a 2020\"}]}]}<\/script>\n<!-- \/ Yoast SEO plugin. -->","yoast_head_json":{"title":"Escolha do melhor TCC no per\u00edodo de 2019 a 2020 - DEP","robots":{"index":"index","follow":"follow","max-snippet":"max-snippet:-1","max-image-preview":"max-image-preview:large","max-video-preview":"max-video-preview:-1"},"canonical":"https:\/\/dep.ufscar.br\/index.php\/escolha-do-melhor-tcc-no-periodo-de-2019-a-2020\/","og_locale":"pt_BR","og_type":"article","og_title":"Escolha do melhor TCC no per\u00edodo de 2019 a 2020 - DEP","og_description":"Publicado dia 14\/12\/21 A comiss\u00e3o nomeada pelo Conselho de Ensino do DEP escolheu o melhor trabalho de conclus\u00e3o da gradua\u00e7\u00e3o em Engenharia de Produ\u00e7\u00e3o no per\u00edodo de 2019-2020. T\u00edtulo da monografia: &#8220;An\u00e1lise da rela\u00e7\u00e3o entre Custo de Capital e Sustentabilidade Empresarial em Empresas Brasileiras de Capital Aberto&#8221; Autora: Bianca Frachetta Fernandes Orientador: Andrei Aparecido de [&hellip;]","og_url":"https:\/\/dep.ufscar.br\/index.php\/escolha-do-melhor-tcc-no-periodo-de-2019-a-2020\/","og_site_name":"DEP","article_modified_time":"2021-12-15T14:50:36+00:00","og_image":[{"width":495,"height":278,"url":"http:\/\/dep.ufscar.br\/wp-content\/uploads\/2021\/12\/dsc04900-original-2-e1639487999533.jpg","path":"\/var\/www\/html\/desenvolvimento\/wp-content\/uploads\/2021\/12\/dsc04900-original-2-e1639487999533.jpg","size":"full","id":5463,"alt":"","pixels":137610,"type":"image\/jpeg"}],"twitter_card":"summary_large_image","twitter_misc":{"Est. tempo de leitura":"1 minuto"},"schema":{"@context":"https:\/\/schema.org","@graph":[{"@type":"WebSite","@id":"https:\/\/dep.ufscar.br\/#website","url":"https:\/\/dep.ufscar.br\/","name":"DEP","description":"Departamento de Engenharia de Produ\u00e7\u00e3o","potentialAction":[{"@type":"SearchAction","target":{"@type":"EntryPoint","urlTemplate":"https:\/\/dep.ufscar.br\/?s={search_term_string}"},"query-input":"required name=search_term_string"}],"inLanguage":"pt-BR"},{"@type":"ImageObject","@id":"https:\/\/dep.ufscar.br\/index.php\/escolha-do-melhor-tcc-no-periodo-de-2019-a-2020\/#primaryimage","inLanguage":"pt-BR","url":"https:\/\/dep.ufscar.br\/wp-content\/uploads\/2021\/12\/dsc04900-original-2-e1639487999533.jpg","contentUrl":"https:\/\/dep.ufscar.br\/wp-content\/uploads\/2021\/12\/dsc04900-original-2-e1639487999533.jpg","width":495,"height":278},{"@type":"WebPage","@id":"https:\/\/dep.ufscar.br\/index.php\/escolha-do-melhor-tcc-no-periodo-de-2019-a-2020\/#webpage","url":"https:\/\/dep.ufscar.br\/index.php\/escolha-do-melhor-tcc-no-periodo-de-2019-a-2020\/","name":"Escolha do melhor TCC no per\u00edodo de 2019 a 2020 - DEP","isPartOf":{"@id":"https:\/\/dep.ufscar.br\/#website"},"primaryImageOfPage":{"@id":"https:\/\/dep.ufscar.br\/index.php\/escolha-do-melhor-tcc-no-periodo-de-2019-a-2020\/#primaryimage"},"datePublished":"2021-12-14T12:51:42+00:00","dateModified":"2021-12-15T14:50:36+00:00","breadcrumb":{"@id":"https:\/\/dep.ufscar.br\/index.php\/escolha-do-melhor-tcc-no-periodo-de-2019-a-2020\/#breadcrumb"},"inLanguage":"pt-BR","potentialAction":[{"@type":"ReadAction","target":["https:\/\/dep.ufscar.br\/index.php\/escolha-do-melhor-tcc-no-periodo-de-2019-a-2020\/"]}]},{"@type":"BreadcrumbList","@id":"https:\/\/dep.ufscar.br\/index.php\/escolha-do-melhor-tcc-no-periodo-de-2019-a-2020\/#breadcrumb","itemListElement":[{"@type":"ListItem","position":1,"name":"Home","item":"https:\/\/dep.ufscar.br\/"},{"@type":"ListItem","position":2,"name":"Escolha do melhor TCC no per\u00edodo de 2019 a 2020"}]}]}},"_links":{"self":[{"href":"https:\/\/dep.ufscar.br\/index.php\/wp-json\/wp\/v2\/pages\/5459"}],"collection":[{"href":"https:\/\/dep.ufscar.br\/index.php\/wp-json\/wp\/v2\/pages"}],"about":[{"href":"https:\/\/dep.ufscar.br\/index.php\/wp-json\/wp\/v2\/types\/page"}],"author":[{"embeddable":true,"href":"https:\/\/dep.ufscar.br\/index.php\/wp-json\/wp\/v2\/users\/1"}],"replies":[{"embeddable":true,"href":"https:\/\/dep.ufscar.br\/index.php\/wp-json\/wp\/v2\/comments?post=5459"}],"version-history":[{"count":3,"href":"https:\/\/dep.ufscar.br\/index.php\/wp-json\/wp\/v2\/pages\/5459\/revisions"}],"predecessor-version":[{"id":5464,"href":"https:\/\/dep.ufscar.br\/index.php\/wp-json\/wp\/v2\/pages\/5459\/revisions\/5464"}],"wp:featuredmedia":[{"embeddable":true,"href":"https:\/\/dep.ufscar.br\/index.php\/wp-json\/wp\/v2\/media\/5463"}],"wp:attachment":[{"href":"https:\/\/dep.ufscar.br\/index.php\/wp-json\/wp\/v2\/media?parent=5459"}],"wp:term":[{"taxonomy":"category","embeddable":true,"href":"https:\/\/dep.ufscar.br\/index.php\/wp-json\/wp\/v2\/categories?post=5459"},{"taxonomy":"post_tag","embeddable":true,"href":"https:\/\/dep.ufscar.br\/index.php\/wp-json\/wp\/v2\/tags?post=5459"}],"curies":[{"name":"wp","href":"https:\/\/api.w.org\/{rel}","templated":true}]}}