{"id":5455,"date":"2021-12-02T11:29:49","date_gmt":"2021-12-02T13:29:49","guid":{"rendered":"http:\/\/dep.ufscar.br\/?page_id=5455"},"modified":"2021-12-02T11:29:49","modified_gmt":"2021-12-02T13:29:49","slug":"pre-lancamento-do-livro-engenharia-do-trabalho-saude-seguranca-ergonomia-e-projeto","status":"publish","type":"page","link":"https:\/\/dep.ufscar.br\/index.php\/pre-lancamento-do-livro-engenharia-do-trabalho-saude-seguranca-ergonomia-e-projeto\/","title":{"rendered":"Pr\u00e9-lan\u00e7amento do livro \u201cEngenharia do Trabalho: Sa\u00fade, Seguran\u00e7a, Ergonomia e Projeto\u201d"},"content":{"rendered":"<div><em><span style=\"font-size: 10px;\">Publicado dia 01\/12\/21<\/span><\/em><\/div>\n<div><\/div>\n<div>No dia 19\/11\/2021 aconteceu\u00a0 no canal do youtube da Engenharia de Produ\u00e7\u00e3o POLI-USP o pr\u00e9-lan\u00e7amento do livro \u201cEngenharia do Trabalho: Sa\u00fade, Seguran\u00e7a, Ergonomia e Projeto\u201d, organizado por Daniel Braatz (DEP-UFSCar), Raoni Rocha (UFOP) e Sandra Gemma (UNICAMP).<br \/>\nCom o pref\u00e1cio do Prof. Fran\u00e7ois Daniellou e o posf\u00e1cio da Profa. Leda Leal, o livro ainda conta com outros 49 autores(as) que produziram 21 cap\u00edtulos divididos nas seguintes se\u00e7\u00f5es: trabalho; sa\u00fade do trabalhador; seguran\u00e7a no trabalho; ergonomia; e projeto do trabalho. Al\u00e9m do Prof. Daniel Braatz, os docentes do DEP-UFSCar Prof. Jo\u00e3o Camarotto e Prof. Luiz Tonin tamb\u00e9m contribu\u00edram na escrita de alguns cap\u00edtulos.<br \/>\nDestaca-se que a obra tem como p\u00fablico-alvo estudantes e professores de cursos de gradua\u00e7\u00e3o em Engenharia e objetiva ser uma ferramenta de apoio para inser\u00e7\u00e3o dos conte\u00fados das ci\u00eancias aplicadas do trabalho nas forma\u00e7\u00f5es de todas as engenharias no Brasil.<br \/>\nConhe\u00e7a mais sobre a iniciativa e fa\u00e7a o download gratuito do livro clicando em\u00a0<a href=\"http:\/\/engenhariadotrabalho.com.br\/\" target=\"_blank\" rel=\"noopener\" data-saferedirecturl=\"https:\/\/www.google.com\/url?q=http:\/\/engenhariadotrabalho.com.br\/&amp;source=gmail&amp;ust=1638531801155000&amp;usg=AOvVaw2MiFOxLp86Tli1Lfc6oowL\">http:\/\/engenhariadotrabalho.<wbr \/>com.br\/<\/a><\/div>\n<div>O lan\u00e7amento oficial do livro acontecer\u00e1 no m\u00eas de dezembro de 2021 e ser\u00e1 divulgado pelo site e redes sociais da iniciativa.<\/div>\n","protected":false},"excerpt":{"rendered":"<p>Publicado dia 01\/12\/21 No dia 19\/11\/2021 aconteceu\u00a0 no canal do youtube da Engenharia de Produ\u00e7\u00e3o POLI-USP o pr\u00e9-lan\u00e7amento do livro \u201cEngenharia do Trabalho: Sa\u00fade, Seguran\u00e7a, Ergonomia e Projeto\u201d, organizado por Daniel Braatz (DEP-UFSCar), Raoni Rocha (UFOP) e Sandra Gemma (UNICAMP). Com o pref\u00e1cio do Prof. Fran\u00e7ois Daniellou e o posf\u00e1cio da Profa. Leda Leal, o &#8230; <a class=\"more-link\" href=\"https:\/\/dep.ufscar.br\/index.php\/pre-lancamento-do-livro-engenharia-do-trabalho-saude-seguranca-ergonomia-e-projeto\/\">Leia mais<\/a><\/p>\n","protected":false},"author":1,"featured_media":5456,"parent":0,"menu_order":0,"comment_status":"closed","ping_status":"closed","template":"","meta":[],"categories":[29,38],"tags":[],"yoast_head":"<!-- This site is optimized with the Yoast SEO plugin v17.0 - https:\/\/yoast.com\/wordpress\/plugins\/seo\/ -->\n<title>Pr\u00e9-lan\u00e7amento do livro \u201cEngenharia do Trabalho: Sa\u00fade, Seguran\u00e7a, Ergonomia e Projeto\u201d - DEP<\/title>\n<meta name=\"robots\" content=\"index, follow, max-snippet:-1, max-image-preview:large, max-video-preview:-1\" \/>\n<link rel=\"canonical\" href=\"https:\/\/dep.ufscar.br\/index.php\/pre-lancamento-do-livro-engenharia-do-trabalho-saude-seguranca-ergonomia-e-projeto\/\" \/>\n<meta property=\"og:locale\" content=\"pt_BR\" \/>\n<meta property=\"og:type\" content=\"article\" \/>\n<meta property=\"og:title\" content=\"Pr\u00e9-lan\u00e7amento do livro \u201cEngenharia do Trabalho: Sa\u00fade, Seguran\u00e7a, Ergonomia e Projeto\u201d - DEP\" \/>\n<meta property=\"og:description\" content=\"Publicado dia 01\/12\/21 No dia 19\/11\/2021 aconteceu\u00a0 no canal do youtube da Engenharia de Produ\u00e7\u00e3o POLI-USP o pr\u00e9-lan\u00e7amento do livro \u201cEngenharia do Trabalho: Sa\u00fade, Seguran\u00e7a, Ergonomia e Projeto\u201d, organizado por Daniel Braatz (DEP-UFSCar), Raoni Rocha (UFOP) e Sandra Gemma (UNICAMP). Com o pref\u00e1cio do Prof. Fran\u00e7ois Daniellou e o posf\u00e1cio da Profa. Leda Leal, o [&hellip;]\" \/>\n<meta property=\"og:url\" content=\"https:\/\/dep.ufscar.br\/index.php\/pre-lancamento-do-livro-engenharia-do-trabalho-saude-seguranca-ergonomia-e-projeto\/\" \/>\n<meta property=\"og:site_name\" content=\"DEP\" \/>\n<meta property=\"og:image\" content=\"http:\/\/dep.ufscar.br\/wp-content\/uploads\/2021\/12\/livro-1.png\" \/>\n\t<meta property=\"og:image:width\" content=\"495\" \/>\n\t<meta property=\"og:image:height\" content=\"278\" \/>\n<meta name=\"twitter:card\" content=\"summary_large_image\" \/>\n<meta name=\"twitter:label1\" content=\"Est. tempo de leitura\" \/>\n\t<meta name=\"twitter:data1\" content=\"1 minuto\" \/>\n<script type=\"application\/ld+json\" class=\"yoast-schema-graph\">{\"@context\":\"https:\/\/schema.org\",\"@graph\":[{\"@type\":\"WebSite\",\"@id\":\"https:\/\/dep.ufscar.br\/#website\",\"url\":\"https:\/\/dep.ufscar.br\/\",\"name\":\"DEP\",\"description\":\"Departamento de Engenharia de Produ\\u00e7\\u00e3o\",\"potentialAction\":[{\"@type\":\"SearchAction\",\"target\":{\"@type\":\"EntryPoint\",\"urlTemplate\":\"https:\/\/dep.ufscar.br\/?s={search_term_string}\"},\"query-input\":\"required name=search_term_string\"}],\"inLanguage\":\"pt-BR\"},{\"@type\":\"ImageObject\",\"@id\":\"https:\/\/dep.ufscar.br\/index.php\/pre-lancamento-do-livro-engenharia-do-trabalho-saude-seguranca-ergonomia-e-projeto\/#primaryimage\",\"inLanguage\":\"pt-BR\",\"url\":\"https:\/\/dep.ufscar.br\/wp-content\/uploads\/2021\/12\/livro-1.png\",\"contentUrl\":\"https:\/\/dep.ufscar.br\/wp-content\/uploads\/2021\/12\/livro-1.png\",\"width\":495,\"height\":278},{\"@type\":\"WebPage\",\"@id\":\"https:\/\/dep.ufscar.br\/index.php\/pre-lancamento-do-livro-engenharia-do-trabalho-saude-seguranca-ergonomia-e-projeto\/#webpage\",\"url\":\"https:\/\/dep.ufscar.br\/index.php\/pre-lancamento-do-livro-engenharia-do-trabalho-saude-seguranca-ergonomia-e-projeto\/\",\"name\":\"Pr\\u00e9-lan\\u00e7amento do livro \\u201cEngenharia do Trabalho: Sa\\u00fade, Seguran\\u00e7a, Ergonomia e Projeto\\u201d - DEP\",\"isPartOf\":{\"@id\":\"https:\/\/dep.ufscar.br\/#website\"},\"primaryImageOfPage\":{\"@id\":\"https:\/\/dep.ufscar.br\/index.php\/pre-lancamento-do-livro-engenharia-do-trabalho-saude-seguranca-ergonomia-e-projeto\/#primaryimage\"},\"datePublished\":\"2021-12-02T13:29:49+00:00\",\"dateModified\":\"2021-12-02T13:29:49+00:00\",\"breadcrumb\":{\"@id\":\"https:\/\/dep.ufscar.br\/index.php\/pre-lancamento-do-livro-engenharia-do-trabalho-saude-seguranca-ergonomia-e-projeto\/#breadcrumb\"},\"inLanguage\":\"pt-BR\",\"potentialAction\":[{\"@type\":\"ReadAction\",\"target\":[\"https:\/\/dep.ufscar.br\/index.php\/pre-lancamento-do-livro-engenharia-do-trabalho-saude-seguranca-ergonomia-e-projeto\/\"]}]},{\"@type\":\"BreadcrumbList\",\"@id\":\"https:\/\/dep.ufscar.br\/index.php\/pre-lancamento-do-livro-engenharia-do-trabalho-saude-seguranca-ergonomia-e-projeto\/#breadcrumb\",\"itemListElement\":[{\"@type\":\"ListItem\",\"position\":1,\"name\":\"Home\",\"item\":\"https:\/\/dep.ufscar.br\/\"},{\"@type\":\"ListItem\",\"position\":2,\"name\":\"Pr\\u00e9-lan\\u00e7amento do livro \\u201cEngenharia do Trabalho: Sa\\u00fade, Seguran\\u00e7a, Ergonomia e Projeto\\u201d\"}]}]}<\/script>\n<!-- \/ Yoast SEO plugin. -->","yoast_head_json":{"title":"Pr\u00e9-lan\u00e7amento do livro \u201cEngenharia do Trabalho: Sa\u00fade, Seguran\u00e7a, Ergonomia e Projeto\u201d - DEP","robots":{"index":"index","follow":"follow","max-snippet":"max-snippet:-1","max-image-preview":"max-image-preview:large","max-video-preview":"max-video-preview:-1"},"canonical":"https:\/\/dep.ufscar.br\/index.php\/pre-lancamento-do-livro-engenharia-do-trabalho-saude-seguranca-ergonomia-e-projeto\/","og_locale":"pt_BR","og_type":"article","og_title":"Pr\u00e9-lan\u00e7amento do livro \u201cEngenharia do Trabalho: Sa\u00fade, Seguran\u00e7a, Ergonomia e Projeto\u201d - DEP","og_description":"Publicado dia 01\/12\/21 No dia 19\/11\/2021 aconteceu\u00a0 no canal do youtube da Engenharia de Produ\u00e7\u00e3o POLI-USP o pr\u00e9-lan\u00e7amento do livro \u201cEngenharia do Trabalho: Sa\u00fade, Seguran\u00e7a, Ergonomia e Projeto\u201d, organizado por Daniel Braatz (DEP-UFSCar), Raoni Rocha (UFOP) e Sandra Gemma (UNICAMP). Com o pref\u00e1cio do Prof. Fran\u00e7ois Daniellou e o posf\u00e1cio da Profa. Leda Leal, o [&hellip;]","og_url":"https:\/\/dep.ufscar.br\/index.php\/pre-lancamento-do-livro-engenharia-do-trabalho-saude-seguranca-ergonomia-e-projeto\/","og_site_name":"DEP","og_image":[{"width":495,"height":278,"url":"http:\/\/dep.ufscar.br\/wp-content\/uploads\/2021\/12\/livro-1.png","path":"\/var\/www\/html\/desenvolvimento\/wp-content\/uploads\/2021\/12\/livro-1.png","size":"full","id":5456,"alt":"","pixels":137610,"type":"image\/png"}],"twitter_card":"summary_large_image","twitter_misc":{"Est. tempo de leitura":"1 minuto"},"schema":{"@context":"https:\/\/schema.org","@graph":[{"@type":"WebSite","@id":"https:\/\/dep.ufscar.br\/#website","url":"https:\/\/dep.ufscar.br\/","name":"DEP","description":"Departamento de Engenharia de Produ\u00e7\u00e3o","potentialAction":[{"@type":"SearchAction","target":{"@type":"EntryPoint","urlTemplate":"https:\/\/dep.ufscar.br\/?s={search_term_string}"},"query-input":"required name=search_term_string"}],"inLanguage":"pt-BR"},{"@type":"ImageObject","@id":"https:\/\/dep.ufscar.br\/index.php\/pre-lancamento-do-livro-engenharia-do-trabalho-saude-seguranca-ergonomia-e-projeto\/#primaryimage","inLanguage":"pt-BR","url":"https:\/\/dep.ufscar.br\/wp-content\/uploads\/2021\/12\/livro-1.png","contentUrl":"https:\/\/dep.ufscar.br\/wp-content\/uploads\/2021\/12\/livro-1.png","width":495,"height":278},{"@type":"WebPage","@id":"https:\/\/dep.ufscar.br\/index.php\/pre-lancamento-do-livro-engenharia-do-trabalho-saude-seguranca-ergonomia-e-projeto\/#webpage","url":"https:\/\/dep.ufscar.br\/index.php\/pre-lancamento-do-livro-engenharia-do-trabalho-saude-seguranca-ergonomia-e-projeto\/","name":"Pr\u00e9-lan\u00e7amento do livro \u201cEngenharia do Trabalho: Sa\u00fade, Seguran\u00e7a, Ergonomia e Projeto\u201d - DEP","isPartOf":{"@id":"https:\/\/dep.ufscar.br\/#website"},"primaryImageOfPage":{"@id":"https:\/\/dep.ufscar.br\/index.php\/pre-lancamento-do-livro-engenharia-do-trabalho-saude-seguranca-ergonomia-e-projeto\/#primaryimage"},"datePublished":"2021-12-02T13:29:49+00:00","dateModified":"2021-12-02T13:29:49+00:00","breadcrumb":{"@id":"https:\/\/dep.ufscar.br\/index.php\/pre-lancamento-do-livro-engenharia-do-trabalho-saude-seguranca-ergonomia-e-projeto\/#breadcrumb"},"inLanguage":"pt-BR","potentialAction":[{"@type":"ReadAction","target":["https:\/\/dep.ufscar.br\/index.php\/pre-lancamento-do-livro-engenharia-do-trabalho-saude-seguranca-ergonomia-e-projeto\/"]}]},{"@type":"BreadcrumbList","@id":"https:\/\/dep.ufscar.br\/index.php\/pre-lancamento-do-livro-engenharia-do-trabalho-saude-seguranca-ergonomia-e-projeto\/#breadcrumb","itemListElement":[{"@type":"ListItem","position":1,"name":"Home","item":"https:\/\/dep.ufscar.br\/"},{"@type":"ListItem","position":2,"name":"Pr\u00e9-lan\u00e7amento do livro \u201cEngenharia do Trabalho: Sa\u00fade, Seguran\u00e7a, Ergonomia e Projeto\u201d"}]}]}},"_links":{"self":[{"href":"https:\/\/dep.ufscar.br\/index.php\/wp-json\/wp\/v2\/pages\/5455"}],"collection":[{"href":"https:\/\/dep.ufscar.br\/index.php\/wp-json\/wp\/v2\/pages"}],"about":[{"href":"https:\/\/dep.ufscar.br\/index.php\/wp-json\/wp\/v2\/types\/page"}],"author":[{"embeddable":true,"href":"https:\/\/dep.ufscar.br\/index.php\/wp-json\/wp\/v2\/users\/1"}],"replies":[{"embeddable":true,"href":"https:\/\/dep.ufscar.br\/index.php\/wp-json\/wp\/v2\/comments?post=5455"}],"version-history":[{"count":1,"href":"https:\/\/dep.ufscar.br\/index.php\/wp-json\/wp\/v2\/pages\/5455\/revisions"}],"predecessor-version":[{"id":5457,"href":"https:\/\/dep.ufscar.br\/index.php\/wp-json\/wp\/v2\/pages\/5455\/revisions\/5457"}],"wp:featuredmedia":[{"embeddable":true,"href":"https:\/\/dep.ufscar.br\/index.php\/wp-json\/wp\/v2\/media\/5456"}],"wp:attachment":[{"href":"https:\/\/dep.ufscar.br\/index.php\/wp-json\/wp\/v2\/media?parent=5455"}],"wp:term":[{"taxonomy":"category","embeddable":true,"href":"https:\/\/dep.ufscar.br\/index.php\/wp-json\/wp\/v2\/categories?post=5455"},{"taxonomy":"post_tag","embeddable":true,"href":"https:\/\/dep.ufscar.br\/index.php\/wp-json\/wp\/v2\/tags?post=5455"}],"curies":[{"name":"wp","href":"https:\/\/api.w.org\/{rel}","templated":true}]}}