{"id":5443,"date":"2021-11-17T11:54:42","date_gmt":"2021-11-17T13:54:42","guid":{"rendered":"http:\/\/dep.ufscar.br\/?page_id=5443"},"modified":"2021-11-17T12:24:59","modified_gmt":"2021-11-17T14:24:59","slug":"producao-jr-conquista-alto-impacto-pelo-segundo-ano-consecutivo","status":"publish","type":"page","link":"https:\/\/dep.ufscar.br\/index.php\/producao-jr-conquista-alto-impacto-pelo-segundo-ano-consecutivo\/","title":{"rendered":"Produ\u00e7\u00e3o Jr conquista &#8220;Alto Impacto&#8221; pelo segundo ano consecutivo"},"content":{"rendered":"<p>A empresa j\u00fanior da Engenharia de Produ\u00e7\u00e3o da UFSCar, a Produ\u00e7\u00e3o Jr, conquistou pelo segundo ano consecutivo o t\u00edtulo &#8220;Alto Impacto&#8221;, considerado a mais alta conquista que uma empresa j\u00fanior pode alcan\u00e7ar dentro do Movimento Empresa J\u00fanior (MEJ) no Brasil. E essa n\u00e3o foi a \u00fanica conquista deste ano.<\/p>\n<p>Para receber o &#8220;Alto Impacto&#8221;, foi necess\u00e1rio que a Produ\u00e7\u00e3o Jr superasse todos os principais indicadores estruturados para metrificar o crescimento de uma empresa j\u00fanior, sendo eles: a qualidade dos projetos (medida por meio do NPS &#8211; Net Promoter Score), a quantidade de projetos de impacto, faturamento, n\u00famero de projetos, percentual de membros que executam esses projetos e que participam de eventos do MEJ, e a\u00e7\u00f5es compartilhadas (projetos em conjunto com outras empresas juniores). A premia\u00e7\u00e3o \u00e9 organizada pelo MEJ e o per\u00edodo analisado \u00e9 o ano de 2021.<\/p>\n<p>&#8220;A sensa\u00e7\u00e3o de conquistar este t\u00edtulo pelo segundo ano consecutivo \u00e9 de imensa felicidade e orgulho por todo o trabalho que a Produ\u00e7\u00e3o Jr vem desenvolvendo e pela transforma\u00e7\u00e3o que tem causado no ecossistema, por meio da execu\u00e7\u00e3o e entrega de projetos de excel\u00eancia&#8221; afirmou Victor Sandim, Diretor Presidente da Produ\u00e7\u00e3o Jr.<\/p>\n<p>Para ele, esse t\u00edtulo tamb\u00e9m representa o reconhecimento e realiza\u00e7\u00e3o de um sonho que foi pensado, desde o ano de 2019, por membros que j\u00e1 passaram pela Produ\u00e7\u00e3o Jr e acreditaram que ela poderia crescer. &#8220;Ficamos gratos pelas oportunidades que a UFSCar e o Departamento de Engenharia de Produ\u00e7\u00e3o (DEP) nos proporcionam com todo o conhecimento e estrutura que colaboram com o nosso trabalho&#8221;.<\/p>\n<p>Al\u00e9m do &#8220;Alto Impacto&#8221;, a Produ\u00e7\u00e3o Jr tamb\u00e9m acumula um NPS de 100, o mais alto valor poss\u00edvel, o que significa que os clientes t\u00eam uma avalia\u00e7\u00e3o positiva do trabalho da empresa j\u00fanior, de tal forma que indicariam os servi\u00e7os para amigos ou conhecidos. &#8220;Nos mantemos desde dezembro de 2020 entre as empresas juniores do Estado de S\u00e3o Paulo que t\u00eam o maior \u00edndice de satisfa\u00e7\u00e3o do cliente&#8221;, explicou Sandim.<\/p>\n<p>A Produ\u00e7\u00e3o Jr, ap\u00f3s 21 anos de mercado, atualmente est\u00e1 estruturada em seis \u00e1reas internas: Consultoria de Projetos (respons\u00e1vel pela execu\u00e7\u00e3o dos projetos), Rela\u00e7\u00f5es Comerciais e Comunica\u00e7\u00e3o (respons\u00e1veis pela prospec\u00e7\u00e3o e venda de projetos), Administrativo-Financeiro e Gest\u00e3o de Pessoas (respons\u00e1veis pela organiza\u00e7\u00e3o interna e de recursos humanos), e Diretoria (respons\u00e1vel pela estrat\u00e9gia, direcionamento das equipes e representa\u00e7\u00e3o da Produ\u00e7\u00e3o Jr).<\/p>\n<p>Os membros da Produ\u00e7\u00e3o Jr est\u00e3o divididos nessas \u00e1reas, de tal forma que todos executam pelo menos um projeto por ano. Os cargos na empresa s\u00e3o rotativos, mudando a cada gest\u00e3o, com dura\u00e7\u00e3o um ano. &#8220;Para dar suporte a nossa estrutura, contamos com o apoio dos professores do DEP da UFSCar, al\u00e9m de empresas parceiras, que geram capacita\u00e7\u00f5es e treinamentos para os membros&#8221;, declarou o Diretor Presidente.<\/p>\n<p>A Produ\u00e7\u00e3o Jr \u00e9 a empresa j\u00fanior de Engenharia de Produ\u00e7\u00e3o da UFSCar, campus S\u00e3o Carlos, e realiza projetos de consultoria em Engenharia de Produ\u00e7\u00e3o para pessoas f\u00edsicas e jur\u00eddicas dentro da regi\u00e3o de S\u00e3o Carlos e fora dela. A realiza\u00e7\u00e3o dos projetos envolve desde o estudo do mercado para prospec\u00e7\u00e3o de clientes, at\u00e9 o embasamento para a execu\u00e7\u00e3o do servi\u00e7o, a execu\u00e7\u00e3o em si e o acompanhamento p\u00f3s-entrega ao cliente.<\/p>\n<p>&#8220;Quaisquer a\u00e7\u00f5es realizadas pela Produ\u00e7\u00e3o Jr t\u00eam por finalidade dar \u00e0 sociedade um retorno dos investimentos que ela realiza na Universidade, por meio de projetos e servi\u00e7os de alta qualidade oferecidos, principalmente, a micro e pequenas empresas e ao terceiro setor, al\u00e9m de fomentar o empreendedorismo no meio acad\u00eamico e proporcionar aos membros as condi\u00e7\u00f5es necess\u00e1rias \u00e0 aplica\u00e7\u00e3o pr\u00e1tica dos conhecimentos te\u00f3ricos relativos \u00e0 sua \u00e1rea de forma\u00e7\u00e3o profissional, desenvolvendo-os profissionalmente&#8221;, finalizou Sandim.<\/p>\n<p>As a\u00e7\u00f5es da Produ\u00e7\u00e3o Jr podem ser acompanhadas pelo\u00a0<u><a href=\"https:\/\/producaojr.com.br\/\" target=\"_blank\" rel=\"noopener\">site da empresa junior<\/a><\/u>\u00a0ou pelas Redes Sociais (<u><a href=\"https:\/\/www.instagram.com\/producao.jr\/\" target=\"_blank\" rel=\"noopener\">Instagram<\/a><\/u>,\u00a0<u><a href=\"https:\/\/www.facebook.com\/ProducaoJr\" target=\"_blank\" rel=\"noopener\">Facebook<\/a><\/u>\u00a0e\u00a0<u><a href=\"https:\/\/www.linkedin.com\/company\/producaojr\/mycompany\/\" target=\"_blank\" rel=\"noopener\">LinkedIn<\/a><\/u>).<\/p>\n","protected":false},"excerpt":{"rendered":"<p>A empresa j\u00fanior da Engenharia de Produ\u00e7\u00e3o da UFSCar, a Produ\u00e7\u00e3o Jr, conquistou pelo segundo ano consecutivo o t\u00edtulo &#8220;Alto Impacto&#8221;, considerado a mais alta conquista que uma empresa j\u00fanior pode alcan\u00e7ar dentro do Movimento Empresa J\u00fanior (MEJ) no Brasil. E essa n\u00e3o foi a \u00fanica conquista deste ano. Para receber o &#8220;Alto Impacto&#8221;, foi &#8230; <a class=\"more-link\" href=\"https:\/\/dep.ufscar.br\/index.php\/producao-jr-conquista-alto-impacto-pelo-segundo-ano-consecutivo\/\">Leia mais<\/a><\/p>\n","protected":false},"author":1,"featured_media":5446,"parent":0,"menu_order":0,"comment_status":"closed","ping_status":"closed","template":"","meta":[],"categories":[29,38],"tags":[],"yoast_head":"<!-- This site is optimized with the Yoast SEO plugin v17.0 - https:\/\/yoast.com\/wordpress\/plugins\/seo\/ -->\n<title>Produ\u00e7\u00e3o Jr conquista &quot;Alto Impacto&quot; pelo segundo ano consecutivo - DEP<\/title>\n<meta name=\"robots\" content=\"index, follow, max-snippet:-1, max-image-preview:large, max-video-preview:-1\" \/>\n<link rel=\"canonical\" href=\"https:\/\/dep.ufscar.br\/index.php\/producao-jr-conquista-alto-impacto-pelo-segundo-ano-consecutivo\/\" \/>\n<meta property=\"og:locale\" content=\"pt_BR\" \/>\n<meta property=\"og:type\" content=\"article\" \/>\n<meta property=\"og:title\" content=\"Produ\u00e7\u00e3o Jr conquista &quot;Alto Impacto&quot; pelo segundo ano consecutivo - DEP\" \/>\n<meta property=\"og:description\" content=\"A empresa j\u00fanior da Engenharia de Produ\u00e7\u00e3o da UFSCar, a Produ\u00e7\u00e3o Jr, conquistou pelo segundo ano consecutivo o t\u00edtulo &#8220;Alto Impacto&#8221;, considerado a mais alta conquista que uma empresa j\u00fanior pode alcan\u00e7ar dentro do Movimento Empresa J\u00fanior (MEJ) no Brasil. E essa n\u00e3o foi a \u00fanica conquista deste ano. Para receber o &#8220;Alto Impacto&#8221;, foi [&hellip;]\" \/>\n<meta property=\"og:url\" content=\"https:\/\/dep.ufscar.br\/index.php\/producao-jr-conquista-alto-impacto-pelo-segundo-ano-consecutivo\/\" \/>\n<meta property=\"og:site_name\" content=\"DEP\" \/>\n<meta property=\"article:modified_time\" content=\"2021-11-17T14:24:59+00:00\" \/>\n<meta property=\"og:image\" content=\"http:\/\/dep.ufscar.br\/wp-content\/uploads\/2021\/11\/prod-junior-premiobi.jpg\" \/>\n\t<meta property=\"og:image:width\" content=\"495\" \/>\n\t<meta property=\"og:image:height\" content=\"278\" \/>\n<meta name=\"twitter:card\" content=\"summary_large_image\" \/>\n<meta name=\"twitter:label1\" content=\"Est. tempo de leitura\" \/>\n\t<meta name=\"twitter:data1\" content=\"3 minutos\" \/>\n<script type=\"application\/ld+json\" class=\"yoast-schema-graph\">{\"@context\":\"https:\/\/schema.org\",\"@graph\":[{\"@type\":\"WebSite\",\"@id\":\"https:\/\/dep.ufscar.br\/#website\",\"url\":\"https:\/\/dep.ufscar.br\/\",\"name\":\"DEP\",\"description\":\"Departamento de Engenharia de Produ\\u00e7\\u00e3o\",\"potentialAction\":[{\"@type\":\"SearchAction\",\"target\":{\"@type\":\"EntryPoint\",\"urlTemplate\":\"https:\/\/dep.ufscar.br\/?s={search_term_string}\"},\"query-input\":\"required name=search_term_string\"}],\"inLanguage\":\"pt-BR\"},{\"@type\":\"ImageObject\",\"@id\":\"https:\/\/dep.ufscar.br\/index.php\/producao-jr-conquista-alto-impacto-pelo-segundo-ano-consecutivo\/#primaryimage\",\"inLanguage\":\"pt-BR\",\"url\":\"https:\/\/dep.ufscar.br\/wp-content\/uploads\/2021\/11\/prod-junior-premiobi.jpg\",\"contentUrl\":\"https:\/\/dep.ufscar.br\/wp-content\/uploads\/2021\/11\/prod-junior-premiobi.jpg\",\"width\":495,\"height\":278},{\"@type\":\"WebPage\",\"@id\":\"https:\/\/dep.ufscar.br\/index.php\/producao-jr-conquista-alto-impacto-pelo-segundo-ano-consecutivo\/#webpage\",\"url\":\"https:\/\/dep.ufscar.br\/index.php\/producao-jr-conquista-alto-impacto-pelo-segundo-ano-consecutivo\/\",\"name\":\"Produ\\u00e7\\u00e3o Jr conquista \\\"Alto Impacto\\\" pelo segundo ano consecutivo - DEP\",\"isPartOf\":{\"@id\":\"https:\/\/dep.ufscar.br\/#website\"},\"primaryImageOfPage\":{\"@id\":\"https:\/\/dep.ufscar.br\/index.php\/producao-jr-conquista-alto-impacto-pelo-segundo-ano-consecutivo\/#primaryimage\"},\"datePublished\":\"2021-11-17T13:54:42+00:00\",\"dateModified\":\"2021-11-17T14:24:59+00:00\",\"breadcrumb\":{\"@id\":\"https:\/\/dep.ufscar.br\/index.php\/producao-jr-conquista-alto-impacto-pelo-segundo-ano-consecutivo\/#breadcrumb\"},\"inLanguage\":\"pt-BR\",\"potentialAction\":[{\"@type\":\"ReadAction\",\"target\":[\"https:\/\/dep.ufscar.br\/index.php\/producao-jr-conquista-alto-impacto-pelo-segundo-ano-consecutivo\/\"]}]},{\"@type\":\"BreadcrumbList\",\"@id\":\"https:\/\/dep.ufscar.br\/index.php\/producao-jr-conquista-alto-impacto-pelo-segundo-ano-consecutivo\/#breadcrumb\",\"itemListElement\":[{\"@type\":\"ListItem\",\"position\":1,\"name\":\"Home\",\"item\":\"https:\/\/dep.ufscar.br\/\"},{\"@type\":\"ListItem\",\"position\":2,\"name\":\"Produ\\u00e7\\u00e3o Jr conquista &#8220;Alto Impacto&#8221; pelo segundo ano consecutivo\"}]}]}<\/script>\n<!-- \/ Yoast SEO plugin. -->","yoast_head_json":{"title":"Produ\u00e7\u00e3o Jr conquista \"Alto Impacto\" pelo segundo ano consecutivo - DEP","robots":{"index":"index","follow":"follow","max-snippet":"max-snippet:-1","max-image-preview":"max-image-preview:large","max-video-preview":"max-video-preview:-1"},"canonical":"https:\/\/dep.ufscar.br\/index.php\/producao-jr-conquista-alto-impacto-pelo-segundo-ano-consecutivo\/","og_locale":"pt_BR","og_type":"article","og_title":"Produ\u00e7\u00e3o Jr conquista \"Alto Impacto\" pelo segundo ano consecutivo - DEP","og_description":"A empresa j\u00fanior da Engenharia de Produ\u00e7\u00e3o da UFSCar, a Produ\u00e7\u00e3o Jr, conquistou pelo segundo ano consecutivo o t\u00edtulo &#8220;Alto Impacto&#8221;, considerado a mais alta conquista que uma empresa j\u00fanior pode alcan\u00e7ar dentro do Movimento Empresa J\u00fanior (MEJ) no Brasil. E essa n\u00e3o foi a \u00fanica conquista deste ano. Para receber o &#8220;Alto Impacto&#8221;, foi [&hellip;]","og_url":"https:\/\/dep.ufscar.br\/index.php\/producao-jr-conquista-alto-impacto-pelo-segundo-ano-consecutivo\/","og_site_name":"DEP","article_modified_time":"2021-11-17T14:24:59+00:00","og_image":[{"width":495,"height":278,"url":"http:\/\/dep.ufscar.br\/wp-content\/uploads\/2021\/11\/prod-junior-premiobi.jpg","path":"\/var\/www\/html\/desenvolvimento\/wp-content\/uploads\/2021\/11\/prod-junior-premiobi.jpg","size":"full","id":5446,"alt":"","pixels":137610,"type":"image\/jpeg"}],"twitter_card":"summary_large_image","twitter_misc":{"Est. tempo de leitura":"3 minutos"},"schema":{"@context":"https:\/\/schema.org","@graph":[{"@type":"WebSite","@id":"https:\/\/dep.ufscar.br\/#website","url":"https:\/\/dep.ufscar.br\/","name":"DEP","description":"Departamento de Engenharia de Produ\u00e7\u00e3o","potentialAction":[{"@type":"SearchAction","target":{"@type":"EntryPoint","urlTemplate":"https:\/\/dep.ufscar.br\/?s={search_term_string}"},"query-input":"required name=search_term_string"}],"inLanguage":"pt-BR"},{"@type":"ImageObject","@id":"https:\/\/dep.ufscar.br\/index.php\/producao-jr-conquista-alto-impacto-pelo-segundo-ano-consecutivo\/#primaryimage","inLanguage":"pt-BR","url":"https:\/\/dep.ufscar.br\/wp-content\/uploads\/2021\/11\/prod-junior-premiobi.jpg","contentUrl":"https:\/\/dep.ufscar.br\/wp-content\/uploads\/2021\/11\/prod-junior-premiobi.jpg","width":495,"height":278},{"@type":"WebPage","@id":"https:\/\/dep.ufscar.br\/index.php\/producao-jr-conquista-alto-impacto-pelo-segundo-ano-consecutivo\/#webpage","url":"https:\/\/dep.ufscar.br\/index.php\/producao-jr-conquista-alto-impacto-pelo-segundo-ano-consecutivo\/","name":"Produ\u00e7\u00e3o Jr conquista \"Alto Impacto\" pelo segundo ano consecutivo - DEP","isPartOf":{"@id":"https:\/\/dep.ufscar.br\/#website"},"primaryImageOfPage":{"@id":"https:\/\/dep.ufscar.br\/index.php\/producao-jr-conquista-alto-impacto-pelo-segundo-ano-consecutivo\/#primaryimage"},"datePublished":"2021-11-17T13:54:42+00:00","dateModified":"2021-11-17T14:24:59+00:00","breadcrumb":{"@id":"https:\/\/dep.ufscar.br\/index.php\/producao-jr-conquista-alto-impacto-pelo-segundo-ano-consecutivo\/#breadcrumb"},"inLanguage":"pt-BR","potentialAction":[{"@type":"ReadAction","target":["https:\/\/dep.ufscar.br\/index.php\/producao-jr-conquista-alto-impacto-pelo-segundo-ano-consecutivo\/"]}]},{"@type":"BreadcrumbList","@id":"https:\/\/dep.ufscar.br\/index.php\/producao-jr-conquista-alto-impacto-pelo-segundo-ano-consecutivo\/#breadcrumb","itemListElement":[{"@type":"ListItem","position":1,"name":"Home","item":"https:\/\/dep.ufscar.br\/"},{"@type":"ListItem","position":2,"name":"Produ\u00e7\u00e3o Jr conquista &#8220;Alto Impacto&#8221; pelo segundo ano consecutivo"}]}]}},"_links":{"self":[{"href":"https:\/\/dep.ufscar.br\/index.php\/wp-json\/wp\/v2\/pages\/5443"}],"collection":[{"href":"https:\/\/dep.ufscar.br\/index.php\/wp-json\/wp\/v2\/pages"}],"about":[{"href":"https:\/\/dep.ufscar.br\/index.php\/wp-json\/wp\/v2\/types\/page"}],"author":[{"embeddable":true,"href":"https:\/\/dep.ufscar.br\/index.php\/wp-json\/wp\/v2\/users\/1"}],"replies":[{"embeddable":true,"href":"https:\/\/dep.ufscar.br\/index.php\/wp-json\/wp\/v2\/comments?post=5443"}],"version-history":[{"count":1,"href":"https:\/\/dep.ufscar.br\/index.php\/wp-json\/wp\/v2\/pages\/5443\/revisions"}],"predecessor-version":[{"id":5445,"href":"https:\/\/dep.ufscar.br\/index.php\/wp-json\/wp\/v2\/pages\/5443\/revisions\/5445"}],"wp:featuredmedia":[{"embeddable":true,"href":"https:\/\/dep.ufscar.br\/index.php\/wp-json\/wp\/v2\/media\/5446"}],"wp:attachment":[{"href":"https:\/\/dep.ufscar.br\/index.php\/wp-json\/wp\/v2\/media?parent=5443"}],"wp:term":[{"taxonomy":"category","embeddable":true,"href":"https:\/\/dep.ufscar.br\/index.php\/wp-json\/wp\/v2\/categories?post=5443"},{"taxonomy":"post_tag","embeddable":true,"href":"https:\/\/dep.ufscar.br\/index.php\/wp-json\/wp\/v2\/tags?post=5443"}],"curies":[{"name":"wp","href":"https:\/\/api.w.org\/{rel}","templated":true}]}}