{"id":5417,"date":"2021-10-20T09:54:46","date_gmt":"2021-10-20T12:54:46","guid":{"rendered":"http:\/\/dep.ufscar.br\/?page_id=5417"},"modified":"2021-11-30T12:14:26","modified_gmt":"2021-11-30T14:14:26","slug":"pesquisa-sobre-a-percepcao-de-pecuaristas-e-agricultores-sobre-sistemas-e-aplicativos-de-gestao-agricola","status":"publish","type":"page","link":"https:\/\/dep.ufscar.br\/index.php\/pesquisa-sobre-a-percepcao-de-pecuaristas-e-agricultores-sobre-sistemas-e-aplicativos-de-gestao-agricola\/","title":{"rendered":"Pesquisa sobre a percep\u00e7\u00e3o de pecuaristas e agricultores sobre Sistemas e Aplicativos de Gest\u00e3o Agr\u00edcola"},"content":{"rendered":"<p>A Embrapa e a Universidade Federal de S\u00e3o Carlos &#8211; UFSCar est\u00e3o realizando uma pesquisa para conhecer a percep\u00e7\u00e3o de pecuaristas e agricultores sobre Sistemas e Aplicativos de Gest\u00e3o Agr\u00edcola.<\/p>\n<p>O resultado vai auxiliar na identifica\u00e7\u00e3o de caracter\u00edsticas desejadas pelos produtores nessas ferramentas, e auxiliar na gera\u00e7\u00e3o e difus\u00e3o de novas tecnologias. Voc\u00ea \u00e9 um usu\u00e1rio de aplicativo ou sistema de gest\u00e3o em sua propriedade? Participe!<\/p>\n<p>Acesse a pesquisa em: <a class=\"oajrlxb2 g5ia77u1 qu0x051f esr5mh6w e9989ue4 r7d6kgcz rq0escxv nhd2j8a9 nc684nl6 p7hjln8o kvgmc6g5 cxmmr5t8 oygrvhab hcukyx3x jb3vyjys rz4wbd8a qt6c0cv9 a8nywdso i1ao9s8h esuyzwwr f1sip0of lzcic4wl py34i1dx gpro0wi8\" tabindex=\"0\" role=\"link\" href=\"https:\/\/bit.ly\/3lPA6Ag\" target=\"_blank\" rel=\"nofollow noopener\">https:\/\/bit.ly\/3lPA6Ag<\/a>\u00a0e contribua com a ci\u00eancia.<\/p>\n","protected":false},"excerpt":{"rendered":"<p>A Embrapa e a Universidade Federal de S\u00e3o Carlos &#8211; UFSCar est\u00e3o realizando uma pesquisa para conhecer a percep\u00e7\u00e3o de pecuaristas e agricultores sobre Sistemas e Aplicativos de Gest\u00e3o Agr\u00edcola. O resultado vai auxiliar na identifica\u00e7\u00e3o de caracter\u00edsticas desejadas pelos produtores nessas ferramentas, e auxiliar na gera\u00e7\u00e3o e difus\u00e3o de novas tecnologias. Voc\u00ea \u00e9 um &#8230; <a class=\"more-link\" href=\"https:\/\/dep.ufscar.br\/index.php\/pesquisa-sobre-a-percepcao-de-pecuaristas-e-agricultores-sobre-sistemas-e-aplicativos-de-gestao-agricola\/\">Leia mais<\/a><\/p>\n","protected":false},"author":1,"featured_media":5419,"parent":0,"menu_order":0,"comment_status":"closed","ping_status":"closed","template":"","meta":[],"categories":[32,35],"tags":[],"yoast_head":"<!-- This site is optimized with the Yoast SEO plugin v17.0 - https:\/\/yoast.com\/wordpress\/plugins\/seo\/ -->\n<title>Pesquisa sobre a percep\u00e7\u00e3o de pecuaristas e agricultores sobre Sistemas e Aplicativos de Gest\u00e3o Agr\u00edcola - DEP<\/title>\n<meta name=\"robots\" content=\"index, follow, max-snippet:-1, max-image-preview:large, max-video-preview:-1\" \/>\n<link rel=\"canonical\" href=\"https:\/\/dep.ufscar.br\/index.php\/pesquisa-sobre-a-percepcao-de-pecuaristas-e-agricultores-sobre-sistemas-e-aplicativos-de-gestao-agricola\/\" \/>\n<meta property=\"og:locale\" content=\"pt_BR\" \/>\n<meta property=\"og:type\" content=\"article\" \/>\n<meta property=\"og:title\" content=\"Pesquisa sobre a percep\u00e7\u00e3o de pecuaristas e agricultores sobre Sistemas e Aplicativos de Gest\u00e3o Agr\u00edcola - DEP\" \/>\n<meta property=\"og:description\" content=\"A Embrapa e a Universidade Federal de S\u00e3o Carlos &#8211; UFSCar est\u00e3o realizando uma pesquisa para conhecer a percep\u00e7\u00e3o de pecuaristas e agricultores sobre Sistemas e Aplicativos de Gest\u00e3o Agr\u00edcola. O resultado vai auxiliar na identifica\u00e7\u00e3o de caracter\u00edsticas desejadas pelos produtores nessas ferramentas, e auxiliar na gera\u00e7\u00e3o e difus\u00e3o de novas tecnologias. Voc\u00ea \u00e9 um [&hellip;]\" \/>\n<meta property=\"og:url\" content=\"https:\/\/dep.ufscar.br\/index.php\/pesquisa-sobre-a-percepcao-de-pecuaristas-e-agricultores-sobre-sistemas-e-aplicativos-de-gestao-agricola\/\" \/>\n<meta property=\"og:site_name\" content=\"DEP\" \/>\n<meta property=\"article:modified_time\" content=\"2021-11-30T14:14:26+00:00\" \/>\n<meta property=\"og:image\" content=\"http:\/\/dep.ufscar.br\/wp-content\/uploads\/2021\/10\/folder-1.jpg\" \/>\n\t<meta property=\"og:image:width\" content=\"495\" \/>\n\t<meta property=\"og:image:height\" content=\"278\" \/>\n<meta name=\"twitter:card\" content=\"summary_large_image\" \/>\n<meta name=\"twitter:label1\" content=\"Est. tempo de leitura\" \/>\n\t<meta name=\"twitter:data1\" content=\"1 minuto\" \/>\n<script type=\"application\/ld+json\" class=\"yoast-schema-graph\">{\"@context\":\"https:\/\/schema.org\",\"@graph\":[{\"@type\":\"WebSite\",\"@id\":\"https:\/\/dep.ufscar.br\/#website\",\"url\":\"https:\/\/dep.ufscar.br\/\",\"name\":\"DEP\",\"description\":\"Departamento de Engenharia de Produ\\u00e7\\u00e3o\",\"potentialAction\":[{\"@type\":\"SearchAction\",\"target\":{\"@type\":\"EntryPoint\",\"urlTemplate\":\"https:\/\/dep.ufscar.br\/?s={search_term_string}\"},\"query-input\":\"required name=search_term_string\"}],\"inLanguage\":\"pt-BR\"},{\"@type\":\"ImageObject\",\"@id\":\"https:\/\/dep.ufscar.br\/index.php\/pesquisa-sobre-a-percepcao-de-pecuaristas-e-agricultores-sobre-sistemas-e-aplicativos-de-gestao-agricola\/#primaryimage\",\"inLanguage\":\"pt-BR\",\"url\":\"https:\/\/dep.ufscar.br\/wp-content\/uploads\/2021\/10\/folder-1.jpg\",\"contentUrl\":\"https:\/\/dep.ufscar.br\/wp-content\/uploads\/2021\/10\/folder-1.jpg\",\"width\":495,\"height\":278},{\"@type\":\"WebPage\",\"@id\":\"https:\/\/dep.ufscar.br\/index.php\/pesquisa-sobre-a-percepcao-de-pecuaristas-e-agricultores-sobre-sistemas-e-aplicativos-de-gestao-agricola\/#webpage\",\"url\":\"https:\/\/dep.ufscar.br\/index.php\/pesquisa-sobre-a-percepcao-de-pecuaristas-e-agricultores-sobre-sistemas-e-aplicativos-de-gestao-agricola\/\",\"name\":\"Pesquisa sobre a percep\\u00e7\\u00e3o de pecuaristas e agricultores sobre Sistemas e Aplicativos de Gest\\u00e3o Agr\\u00edcola - DEP\",\"isPartOf\":{\"@id\":\"https:\/\/dep.ufscar.br\/#website\"},\"primaryImageOfPage\":{\"@id\":\"https:\/\/dep.ufscar.br\/index.php\/pesquisa-sobre-a-percepcao-de-pecuaristas-e-agricultores-sobre-sistemas-e-aplicativos-de-gestao-agricola\/#primaryimage\"},\"datePublished\":\"2021-10-20T12:54:46+00:00\",\"dateModified\":\"2021-11-30T14:14:26+00:00\",\"breadcrumb\":{\"@id\":\"https:\/\/dep.ufscar.br\/index.php\/pesquisa-sobre-a-percepcao-de-pecuaristas-e-agricultores-sobre-sistemas-e-aplicativos-de-gestao-agricola\/#breadcrumb\"},\"inLanguage\":\"pt-BR\",\"potentialAction\":[{\"@type\":\"ReadAction\",\"target\":[\"https:\/\/dep.ufscar.br\/index.php\/pesquisa-sobre-a-percepcao-de-pecuaristas-e-agricultores-sobre-sistemas-e-aplicativos-de-gestao-agricola\/\"]}]},{\"@type\":\"BreadcrumbList\",\"@id\":\"https:\/\/dep.ufscar.br\/index.php\/pesquisa-sobre-a-percepcao-de-pecuaristas-e-agricultores-sobre-sistemas-e-aplicativos-de-gestao-agricola\/#breadcrumb\",\"itemListElement\":[{\"@type\":\"ListItem\",\"position\":1,\"name\":\"Home\",\"item\":\"https:\/\/dep.ufscar.br\/\"},{\"@type\":\"ListItem\",\"position\":2,\"name\":\"Pesquisa sobre a percep\\u00e7\\u00e3o de pecuaristas e agricultores sobre Sistemas e Aplicativos de Gest\\u00e3o Agr\\u00edcola\"}]}]}<\/script>\n<!-- \/ Yoast SEO plugin. -->","yoast_head_json":{"title":"Pesquisa sobre a percep\u00e7\u00e3o de pecuaristas e agricultores sobre Sistemas e Aplicativos de Gest\u00e3o Agr\u00edcola - DEP","robots":{"index":"index","follow":"follow","max-snippet":"max-snippet:-1","max-image-preview":"max-image-preview:large","max-video-preview":"max-video-preview:-1"},"canonical":"https:\/\/dep.ufscar.br\/index.php\/pesquisa-sobre-a-percepcao-de-pecuaristas-e-agricultores-sobre-sistemas-e-aplicativos-de-gestao-agricola\/","og_locale":"pt_BR","og_type":"article","og_title":"Pesquisa sobre a percep\u00e7\u00e3o de pecuaristas e agricultores sobre Sistemas e Aplicativos de Gest\u00e3o Agr\u00edcola - DEP","og_description":"A Embrapa e a Universidade Federal de S\u00e3o Carlos &#8211; UFSCar est\u00e3o realizando uma pesquisa para conhecer a percep\u00e7\u00e3o de pecuaristas e agricultores sobre Sistemas e Aplicativos de Gest\u00e3o Agr\u00edcola. O resultado vai auxiliar na identifica\u00e7\u00e3o de caracter\u00edsticas desejadas pelos produtores nessas ferramentas, e auxiliar na gera\u00e7\u00e3o e difus\u00e3o de novas tecnologias. Voc\u00ea \u00e9 um [&hellip;]","og_url":"https:\/\/dep.ufscar.br\/index.php\/pesquisa-sobre-a-percepcao-de-pecuaristas-e-agricultores-sobre-sistemas-e-aplicativos-de-gestao-agricola\/","og_site_name":"DEP","article_modified_time":"2021-11-30T14:14:26+00:00","og_image":[{"width":495,"height":278,"url":"http:\/\/dep.ufscar.br\/wp-content\/uploads\/2021\/10\/folder-1.jpg","path":"\/var\/www\/html\/desenvolvimento\/wp-content\/uploads\/2021\/10\/folder-1.jpg","size":"full","id":5419,"alt":"","pixels":137610,"type":"image\/jpeg"}],"twitter_card":"summary_large_image","twitter_misc":{"Est. tempo de leitura":"1 minuto"},"schema":{"@context":"https:\/\/schema.org","@graph":[{"@type":"WebSite","@id":"https:\/\/dep.ufscar.br\/#website","url":"https:\/\/dep.ufscar.br\/","name":"DEP","description":"Departamento de Engenharia de Produ\u00e7\u00e3o","potentialAction":[{"@type":"SearchAction","target":{"@type":"EntryPoint","urlTemplate":"https:\/\/dep.ufscar.br\/?s={search_term_string}"},"query-input":"required name=search_term_string"}],"inLanguage":"pt-BR"},{"@type":"ImageObject","@id":"https:\/\/dep.ufscar.br\/index.php\/pesquisa-sobre-a-percepcao-de-pecuaristas-e-agricultores-sobre-sistemas-e-aplicativos-de-gestao-agricola\/#primaryimage","inLanguage":"pt-BR","url":"https:\/\/dep.ufscar.br\/wp-content\/uploads\/2021\/10\/folder-1.jpg","contentUrl":"https:\/\/dep.ufscar.br\/wp-content\/uploads\/2021\/10\/folder-1.jpg","width":495,"height":278},{"@type":"WebPage","@id":"https:\/\/dep.ufscar.br\/index.php\/pesquisa-sobre-a-percepcao-de-pecuaristas-e-agricultores-sobre-sistemas-e-aplicativos-de-gestao-agricola\/#webpage","url":"https:\/\/dep.ufscar.br\/index.php\/pesquisa-sobre-a-percepcao-de-pecuaristas-e-agricultores-sobre-sistemas-e-aplicativos-de-gestao-agricola\/","name":"Pesquisa sobre a percep\u00e7\u00e3o de pecuaristas e agricultores sobre Sistemas e Aplicativos de Gest\u00e3o Agr\u00edcola - DEP","isPartOf":{"@id":"https:\/\/dep.ufscar.br\/#website"},"primaryImageOfPage":{"@id":"https:\/\/dep.ufscar.br\/index.php\/pesquisa-sobre-a-percepcao-de-pecuaristas-e-agricultores-sobre-sistemas-e-aplicativos-de-gestao-agricola\/#primaryimage"},"datePublished":"2021-10-20T12:54:46+00:00","dateModified":"2021-11-30T14:14:26+00:00","breadcrumb":{"@id":"https:\/\/dep.ufscar.br\/index.php\/pesquisa-sobre-a-percepcao-de-pecuaristas-e-agricultores-sobre-sistemas-e-aplicativos-de-gestao-agricola\/#breadcrumb"},"inLanguage":"pt-BR","potentialAction":[{"@type":"ReadAction","target":["https:\/\/dep.ufscar.br\/index.php\/pesquisa-sobre-a-percepcao-de-pecuaristas-e-agricultores-sobre-sistemas-e-aplicativos-de-gestao-agricola\/"]}]},{"@type":"BreadcrumbList","@id":"https:\/\/dep.ufscar.br\/index.php\/pesquisa-sobre-a-percepcao-de-pecuaristas-e-agricultores-sobre-sistemas-e-aplicativos-de-gestao-agricola\/#breadcrumb","itemListElement":[{"@type":"ListItem","position":1,"name":"Home","item":"https:\/\/dep.ufscar.br\/"},{"@type":"ListItem","position":2,"name":"Pesquisa sobre a percep\u00e7\u00e3o de pecuaristas e agricultores sobre Sistemas e Aplicativos de Gest\u00e3o Agr\u00edcola"}]}]}},"_links":{"self":[{"href":"https:\/\/dep.ufscar.br\/index.php\/wp-json\/wp\/v2\/pages\/5417"}],"collection":[{"href":"https:\/\/dep.ufscar.br\/index.php\/wp-json\/wp\/v2\/pages"}],"about":[{"href":"https:\/\/dep.ufscar.br\/index.php\/wp-json\/wp\/v2\/types\/page"}],"author":[{"embeddable":true,"href":"https:\/\/dep.ufscar.br\/index.php\/wp-json\/wp\/v2\/users\/1"}],"replies":[{"embeddable":true,"href":"https:\/\/dep.ufscar.br\/index.php\/wp-json\/wp\/v2\/comments?post=5417"}],"version-history":[{"count":2,"href":"https:\/\/dep.ufscar.br\/index.php\/wp-json\/wp\/v2\/pages\/5417\/revisions"}],"predecessor-version":[{"id":5451,"href":"https:\/\/dep.ufscar.br\/index.php\/wp-json\/wp\/v2\/pages\/5417\/revisions\/5451"}],"wp:featuredmedia":[{"embeddable":true,"href":"https:\/\/dep.ufscar.br\/index.php\/wp-json\/wp\/v2\/media\/5419"}],"wp:attachment":[{"href":"https:\/\/dep.ufscar.br\/index.php\/wp-json\/wp\/v2\/media?parent=5417"}],"wp:term":[{"taxonomy":"category","embeddable":true,"href":"https:\/\/dep.ufscar.br\/index.php\/wp-json\/wp\/v2\/categories?post=5417"},{"taxonomy":"post_tag","embeddable":true,"href":"https:\/\/dep.ufscar.br\/index.php\/wp-json\/wp\/v2\/tags?post=5417"}],"curies":[{"name":"wp","href":"https:\/\/api.w.org\/{rel}","templated":true}]}}