{"id":4105,"date":"2021-07-24T15:20:47","date_gmt":"2021-07-24T18:20:47","guid":{"rendered":"http:\/\/desenvolvimento.dep.ufscar.br\/?page_id=4105"},"modified":"2021-09-27T18:36:42","modified_gmt":"2021-09-27T21:36:42","slug":"academia-de-formacao-de-lideres-projeto-de-extensao-se-propoe-a-formacao-de-alunos-em-soft-skills-e-aproximacao-com-empresas","status":"publish","type":"page","link":"https:\/\/dep.ufscar.br\/index.php\/academia-de-formacao-de-lideres-projeto-de-extensao-se-propoe-a-formacao-de-alunos-em-soft-skills-e-aproximacao-com-empresas\/","title":{"rendered":"Academia de Forma\u00e7\u00e3o de L\u00edderes: projeto de extens\u00e3o se prop\u00f5e a forma\u00e7\u00e3o de alunos em \u201cSoft Skills\u201d e aproxima\u00e7\u00e3o com empresas"},"content":{"rendered":"<p>[vc_row rt_row_background_width=&#8221;fullwidth&#8221; rt_row_content_width=&#8221;default&#8221; rt_row_style=&#8221;alt-style-2&#8243; rt_column_placement=&#8221;middle&#8221; rt_row_borders=&#8221;&#8221; rt_row_shadows=&#8221;&#8221; rt_row_paddings=&#8221;true&#8221; rt_bg_effect=&#8221;classic&#8221; rt_bg_image_repeat=&#8221;repeat&#8221; rt_bg_size=&#8221;cover&#8221; rt_bg_position=&#8221;center center&#8221; rt_bg_attachment=&#8221;scroll&#8221; rt_bg_video_format=&#8221;youtube&#8221; rt_padding_top=&#8221;100&#8243; rt_bg_image=&#8221;3300&#8243; rt_row_height=&#8221;450&#8243; rt_bg_overlay_color=&#8221;rgba(0,0,0,0.2)&#8221;][vc_column rt_column_shadow=&#8221;&#8221; rt_bg_image_repeat=&#8221;repeat&#8221; rt_bg_size=&#8221;auto auto&#8221; rt_bg_attachment=&#8221;scroll&#8221; rt_bg_color=&#8221;&#8221; rt_bg_overlay_color=&#8221;&#8221; rt_padding_top=&#8221;140&#8243;]<div class=\"rt_heading_wrapper style-1\">\n\t\t\t\t\t\t<h1 class=\"rt_heading  with_punchline style-1\" ><span class=\"punchline\">GRUPOS DE PESQUISA E EXTENS\u00c3O<\/span>Projeto de Extens\u00e3o<\/h1>\n\t\t\t\t\t<\/div>[\/vc_column][\/vc_row][vc_row rt_row_background_width=&#8221;fullwidth&#8221; rt_row_content_width=&#8221;default&#8221; rt_row_style=&#8221;default-style&#8221; rt_row_borders=&#8221;&#8221; rt_row_shadows=&#8221;&#8221; rt_row_paddings=&#8221;true&#8221; rt_bg_effect=&#8221;classic&#8221; rt_bg_image_repeat=&#8221;repeat&#8221; rt_bg_size=&#8221;cover&#8221; rt_bg_position=&#8221;right top&#8221; rt_bg_attachment=&#8221;scroll&#8221; rt_bg_video_format=&#8221;self-hosted&#8221; rt_padding_top=&#8221;80&#8243; rt_padding_bottom=&#8221;80&#8243;][vc_column rt_column_shadow=&#8221;&#8221; rt_bg_image_repeat=&#8221;repeat&#8221; rt_bg_size=&#8221;auto auto&#8221; rt_bg_attachment=&#8221;scroll&#8221;]<div class=\"rt_heading_wrapper style-1\">\n\t\t\t\t\t\t<h3 class=\"rt_heading  style-1\" >Academia de Forma\u00e7\u00e3o de L\u00edderes: projeto de extens\u00e3o se prop\u00f5e a forma\u00e7\u00e3o de alunos em \u201cSoft Skills\u201d e aproxima\u00e7\u00e3o com empresas<\/h3>\n\t\t\t\t\t<\/div>[vc_single_image image=&#8221;4109&#8243; img_size=&#8221;full&#8221; alignment=&#8221;center&#8221; css_animation=&#8221;fadeIn&#8221;][vc_column_text]<\/p>\n<p style=\"text-align: justify;\">Vivemos em uma \u00e9poca fluida, complexa, din\u00e2mica, incerta e inst\u00e1vel. As coisas mudam o tempo todo em uma velocidade incrivelmente alta. As rela\u00e7\u00f5es de causa-efeito j\u00e1 n\u00e3o s\u00e3o facilmente determinadas e a ambiguidade est\u00e1 presente em muitas situa\u00e7\u00f5es de decis\u00e3o.<\/p>\n<p style=\"text-align: justify;\">O profissional que atua nesse mundo complexo deve ter habilidades e atitudes para lidar com esse dinamismo.<\/p>\n<p style=\"text-align: justify;\">Nesse \u00e2mbito ganharam for\u00e7a as \u201cSoft Skills\u201d, ou \u201chabilidades comportamentais\u201d. Algumas delas j\u00e1 foram mencionadas acima em negrito, mas muitas outras poderiam ser listadas. Habilidades tais como: comunica\u00e7\u00e3o e orat\u00f3ria, capacidade de s\u00edntese e empatia s\u00e3o apenas alguns dos exemplos de habilidades que est\u00e3o sendo requisitadas dos profissionais nos dias de hoje.<\/p>\n<p style=\"text-align: justify;\">Nos processos seletivos, as Soft Skills est\u00e3o sendo t\u00e3o ou mais valorizadas do que o conhecimento t\u00e9cnico.\u00a0 Esse \u00faltimo pode ser constru\u00eddo com treinamentos de curta dura\u00e7\u00e3o, as primeiras levam alguns anos para serem desenvolvidas.<\/p>\n<p style=\"text-align: justify;\">Considerando o contexto apresentado, a Academia de Forma\u00e7\u00e3o de L\u00edderes se prop\u00f5e a:<\/p>\n<ol style=\"list-style-type: upper-roman; text-align: justify;\">\n<li>Fornecer aos alunos forma\u00e7\u00e3o em \u201cSoft Skills\u201d em complemento a forma\u00e7\u00e3o universit\u00e1ria t\u00e9cnica.<\/li>\n<li>Fornecer aos alunos uma forma\u00e7\u00e3o humana, de forma a promover o desenvolvimento do car\u00e1ter e da personalidade.<\/li>\n<li>Aproximar a Universidade das empresas.<\/li>\n<\/ol>\n<p style=\"text-align: justify;\">Em \u00faltima inst\u00e2ncia, como consequ\u00eancia desses tr\u00eas objetivos, a Academia de Forma\u00e7\u00e3o de L\u00edderes se prop\u00f5e a contribuir para que a universidade forme profissionais completos e qualificados para o mercado de trabalho, sobretudo nas empresas parceiras (e com a ajuda delas).<\/p>\n<p style=\"text-align: justify;\">Como um objetivo adicional, a Academia de Forma\u00e7\u00e3o de L\u00edderes se prop\u00f5e a dar uma forma\u00e7\u00e3o sobre processos seletivos, suas fases, dificuldades, dicas sobre FIT Cultural, etc. Enfim, capacitar os alunos para mostrarem de fato todo o seu potencial nos processos a que se submeterem, diminuindo o efeito do nervosismo, timidez, entre outros.<\/p>\n<p style=\"text-align: justify;\"><strong>Para mais informa\u00e7\u00f5es:<\/strong><\/p>\n<p style=\"text-align: justify;\"><span class=\"rt-icon icon-mail-1 \"><\/span> <a href=\"mailto:gustavo.oliveira@dep.ufscar.br\">gustavo.oliveira@dep.ufscar.br<\/a><br \/>\n<span class=\"rt-icon icon-phone \"><\/span> (16) 98114-8456<\/p>\n<p>[\/vc_column_text][\/vc_column][\/vc_row]<\/p>\n","protected":false},"excerpt":{"rendered":"<p>[vc_row rt_row_background_width=&#8221;fullwidth&#8221; rt_row_content_width=&#8221;default&#8221; rt_row_style=&#8221;alt-style-2&#8243; rt_column_placement=&#8221;middle&#8221; rt_row_borders=&#8221;&#8221; rt_row_shadows=&#8221;&#8221; rt_row_paddings=&#8221;true&#8221; rt_bg_effect=&#8221;classic&#8221; rt_bg_image_repeat=&#8221;repeat&#8221; rt_bg_size=&#8221;cover&#8221; rt_bg_position=&#8221;center center&#8221; rt_bg_attachment=&#8221;scroll&#8221; rt_bg_video_format=&#8221;youtube&#8221; rt_padding_top=&#8221;100&#8243; rt_bg_image=&#8221;3300&#8243; rt_row_height=&#8221;450&#8243; rt_bg_overlay_color=&#8221;rgba(0,0,0,0.2)&#8221;][vc_column rt_column_shadow=&#8221;&#8221; rt_bg_image_repeat=&#8221;repeat&#8221; rt_bg_size=&#8221;auto auto&#8221; rt_bg_attachment=&#8221;scroll&#8221; rt_bg_color=&#8221;&#8221; rt_bg_overlay_color=&#8221;&#8221; rt_padding_top=&#8221;140&#8243;][\/vc_column][\/vc_row][vc_row rt_row_background_width=&#8221;fullwidth&#8221; rt_row_content_width=&#8221;default&#8221; rt_row_style=&#8221;default-style&#8221; rt_row_borders=&#8221;&#8221; rt_row_shadows=&#8221;&#8221; rt_row_paddings=&#8221;true&#8221; rt_bg_effect=&#8221;classic&#8221; rt_bg_image_repeat=&#8221;repeat&#8221; rt_bg_size=&#8221;cover&#8221; rt_bg_position=&#8221;right top&#8221; rt_bg_attachment=&#8221;scroll&#8221; rt_bg_video_format=&#8221;self-hosted&#8221; rt_padding_top=&#8221;80&#8243; rt_padding_bottom=&#8221;80&#8243;][vc_column rt_column_shadow=&#8221;&#8221; rt_bg_image_repeat=&#8221;repeat&#8221; rt_bg_size=&#8221;auto auto&#8221; rt_bg_attachment=&#8221;scroll&#8221;][vc_single_image image=&#8221;4109&#8243; img_size=&#8221;full&#8221; alignment=&#8221;center&#8221; css_animation=&#8221;fadeIn&#8221;][vc_column_text] Vivemos em uma \u00e9poca &#8230; <a class=\"more-link\" href=\"https:\/\/dep.ufscar.br\/index.php\/academia-de-formacao-de-lideres-projeto-de-extensao-se-propoe-a-formacao-de-alunos-em-soft-skills-e-aproximacao-com-empresas\/\">Leia mais<\/a><\/p>\n","protected":false},"author":1,"featured_media":4349,"parent":0,"menu_order":0,"comment_status":"closed","ping_status":"closed","template":"","meta":[],"categories":[31],"tags":[],"yoast_head":"<!-- This site is optimized with the Yoast SEO plugin v17.0 - https:\/\/yoast.com\/wordpress\/plugins\/seo\/ -->\n<title>Academia de Forma\u00e7\u00e3o de L\u00edderes (DEP) - UFSCar<\/title>\n<meta name=\"description\" content=\"A Academia de Forma\u00e7\u00e3o de L\u00edderes visa fornecer aos alunos uma forma\u00e7\u00e3o humana, promovendo o desenvolvimento do car\u00e1ter e da personalidade.\" \/>\n<meta name=\"robots\" content=\"index, follow, max-snippet:-1, max-image-preview:large, max-video-preview:-1\" \/>\n<link rel=\"canonical\" href=\"https:\/\/dep.ufscar.br\/index.php\/academia-de-formacao-de-lideres-projeto-de-extensao-se-propoe-a-formacao-de-alunos-em-soft-skills-e-aproximacao-com-empresas\/\" \/>\n<meta property=\"og:locale\" content=\"pt_BR\" \/>\n<meta property=\"og:type\" content=\"article\" \/>\n<meta property=\"og:title\" content=\"Academia de Forma\u00e7\u00e3o de L\u00edderes (DEP) - UFSCar\" \/>\n<meta property=\"og:description\" content=\"A Academia de Forma\u00e7\u00e3o de L\u00edderes visa fornecer aos alunos uma forma\u00e7\u00e3o humana, promovendo o desenvolvimento do car\u00e1ter e da personalidade.\" \/>\n<meta property=\"og:url\" content=\"https:\/\/dep.ufscar.br\/index.php\/academia-de-formacao-de-lideres-projeto-de-extensao-se-propoe-a-formacao-de-alunos-em-soft-skills-e-aproximacao-com-empresas\/\" \/>\n<meta property=\"og:site_name\" content=\"DEP\" \/>\n<meta property=\"article:modified_time\" content=\"2021-09-27T21:36:42+00:00\" \/>\n<meta property=\"og:image\" content=\"http:\/\/dep.ufscar.br\/wp-content\/uploads\/2021\/08\/projetos-extensao-academia-de-formacao-de-lideres-01-destaque-02.jpg\" \/>\n\t<meta property=\"og:image:width\" content=\"600\" \/>\n\t<meta property=\"og:image:height\" content=\"336\" \/>\n<meta name=\"twitter:card\" content=\"summary_large_image\" \/>\n<meta name=\"twitter:label1\" content=\"Est. tempo de leitura\" \/>\n\t<meta name=\"twitter:data1\" content=\"3 minutos\" \/>\n<script type=\"application\/ld+json\" class=\"yoast-schema-graph\">{\"@context\":\"https:\/\/schema.org\",\"@graph\":[{\"@type\":\"WebSite\",\"@id\":\"https:\/\/dep.ufscar.br\/#website\",\"url\":\"https:\/\/dep.ufscar.br\/\",\"name\":\"DEP\",\"description\":\"Departamento de Engenharia de Produ\\u00e7\\u00e3o\",\"potentialAction\":[{\"@type\":\"SearchAction\",\"target\":{\"@type\":\"EntryPoint\",\"urlTemplate\":\"https:\/\/dep.ufscar.br\/?s={search_term_string}\"},\"query-input\":\"required name=search_term_string\"}],\"inLanguage\":\"pt-BR\"},{\"@type\":\"ImageObject\",\"@id\":\"https:\/\/dep.ufscar.br\/index.php\/academia-de-formacao-de-lideres-projeto-de-extensao-se-propoe-a-formacao-de-alunos-em-soft-skills-e-aproximacao-com-empresas\/#primaryimage\",\"inLanguage\":\"pt-BR\",\"url\":\"https:\/\/dep.ufscar.br\/wp-content\/uploads\/2021\/08\/projetos-extensao-academia-de-formacao-de-lideres-01-destaque-02.jpg\",\"contentUrl\":\"https:\/\/dep.ufscar.br\/wp-content\/uploads\/2021\/08\/projetos-extensao-academia-de-formacao-de-lideres-01-destaque-02.jpg\",\"width\":600,\"height\":336},{\"@type\":\"WebPage\",\"@id\":\"https:\/\/dep.ufscar.br\/index.php\/academia-de-formacao-de-lideres-projeto-de-extensao-se-propoe-a-formacao-de-alunos-em-soft-skills-e-aproximacao-com-empresas\/#webpage\",\"url\":\"https:\/\/dep.ufscar.br\/index.php\/academia-de-formacao-de-lideres-projeto-de-extensao-se-propoe-a-formacao-de-alunos-em-soft-skills-e-aproximacao-com-empresas\/\",\"name\":\"Academia de Forma\\u00e7\\u00e3o de L\\u00edderes (DEP) - UFSCar\",\"isPartOf\":{\"@id\":\"https:\/\/dep.ufscar.br\/#website\"},\"primaryImageOfPage\":{\"@id\":\"https:\/\/dep.ufscar.br\/index.php\/academia-de-formacao-de-lideres-projeto-de-extensao-se-propoe-a-formacao-de-alunos-em-soft-skills-e-aproximacao-com-empresas\/#primaryimage\"},\"datePublished\":\"2021-07-24T18:20:47+00:00\",\"dateModified\":\"2021-09-27T21:36:42+00:00\",\"description\":\"A Academia de Forma\\u00e7\\u00e3o de L\\u00edderes visa fornecer aos alunos uma forma\\u00e7\\u00e3o humana, promovendo o desenvolvimento do car\\u00e1ter e da personalidade.\",\"breadcrumb\":{\"@id\":\"https:\/\/dep.ufscar.br\/index.php\/academia-de-formacao-de-lideres-projeto-de-extensao-se-propoe-a-formacao-de-alunos-em-soft-skills-e-aproximacao-com-empresas\/#breadcrumb\"},\"inLanguage\":\"pt-BR\",\"potentialAction\":[{\"@type\":\"ReadAction\",\"target\":[\"https:\/\/dep.ufscar.br\/index.php\/academia-de-formacao-de-lideres-projeto-de-extensao-se-propoe-a-formacao-de-alunos-em-soft-skills-e-aproximacao-com-empresas\/\"]}]},{\"@type\":\"BreadcrumbList\",\"@id\":\"https:\/\/dep.ufscar.br\/index.php\/academia-de-formacao-de-lideres-projeto-de-extensao-se-propoe-a-formacao-de-alunos-em-soft-skills-e-aproximacao-com-empresas\/#breadcrumb\",\"itemListElement\":[{\"@type\":\"ListItem\",\"position\":1,\"name\":\"Home\",\"item\":\"https:\/\/dep.ufscar.br\/\"},{\"@type\":\"ListItem\",\"position\":2,\"name\":\"Academia de Forma\\u00e7\\u00e3o de L\\u00edderes: projeto de extens\\u00e3o se prop\\u00f5e a forma\\u00e7\\u00e3o de alunos em \\u201cSoft Skills\\u201d e aproxima\\u00e7\\u00e3o com empresas\"}]}]}<\/script>\n<!-- \/ Yoast SEO plugin. -->","yoast_head_json":{"title":"Academia de Forma\u00e7\u00e3o de L\u00edderes (DEP) - UFSCar","description":"A Academia de Forma\u00e7\u00e3o de L\u00edderes visa fornecer aos alunos uma forma\u00e7\u00e3o humana, promovendo o desenvolvimento do car\u00e1ter e da personalidade.","robots":{"index":"index","follow":"follow","max-snippet":"max-snippet:-1","max-image-preview":"max-image-preview:large","max-video-preview":"max-video-preview:-1"},"canonical":"https:\/\/dep.ufscar.br\/index.php\/academia-de-formacao-de-lideres-projeto-de-extensao-se-propoe-a-formacao-de-alunos-em-soft-skills-e-aproximacao-com-empresas\/","og_locale":"pt_BR","og_type":"article","og_title":"Academia de Forma\u00e7\u00e3o de L\u00edderes (DEP) - UFSCar","og_description":"A Academia de Forma\u00e7\u00e3o de L\u00edderes visa fornecer aos alunos uma forma\u00e7\u00e3o humana, promovendo o desenvolvimento do car\u00e1ter e da personalidade.","og_url":"https:\/\/dep.ufscar.br\/index.php\/academia-de-formacao-de-lideres-projeto-de-extensao-se-propoe-a-formacao-de-alunos-em-soft-skills-e-aproximacao-com-empresas\/","og_site_name":"DEP","article_modified_time":"2021-09-27T21:36:42+00:00","og_image":[{"width":600,"height":336,"url":"http:\/\/dep.ufscar.br\/wp-content\/uploads\/2021\/08\/projetos-extensao-academia-de-formacao-de-lideres-01-destaque-02.jpg","path":"\/var\/www\/html\/desenvolvimento\/wp-content\/uploads\/2021\/08\/projetos-extensao-academia-de-formacao-de-lideres-01-destaque-02.jpg","size":"full","id":"4349","alt":"","pixels":201600,"type":"image\/jpeg"}],"twitter_card":"summary_large_image","twitter_misc":{"Est. tempo de leitura":"3 minutos"},"schema":{"@context":"https:\/\/schema.org","@graph":[{"@type":"WebSite","@id":"https:\/\/dep.ufscar.br\/#website","url":"https:\/\/dep.ufscar.br\/","name":"DEP","description":"Departamento de Engenharia de Produ\u00e7\u00e3o","potentialAction":[{"@type":"SearchAction","target":{"@type":"EntryPoint","urlTemplate":"https:\/\/dep.ufscar.br\/?s={search_term_string}"},"query-input":"required name=search_term_string"}],"inLanguage":"pt-BR"},{"@type":"ImageObject","@id":"https:\/\/dep.ufscar.br\/index.php\/academia-de-formacao-de-lideres-projeto-de-extensao-se-propoe-a-formacao-de-alunos-em-soft-skills-e-aproximacao-com-empresas\/#primaryimage","inLanguage":"pt-BR","url":"https:\/\/dep.ufscar.br\/wp-content\/uploads\/2021\/08\/projetos-extensao-academia-de-formacao-de-lideres-01-destaque-02.jpg","contentUrl":"https:\/\/dep.ufscar.br\/wp-content\/uploads\/2021\/08\/projetos-extensao-academia-de-formacao-de-lideres-01-destaque-02.jpg","width":600,"height":336},{"@type":"WebPage","@id":"https:\/\/dep.ufscar.br\/index.php\/academia-de-formacao-de-lideres-projeto-de-extensao-se-propoe-a-formacao-de-alunos-em-soft-skills-e-aproximacao-com-empresas\/#webpage","url":"https:\/\/dep.ufscar.br\/index.php\/academia-de-formacao-de-lideres-projeto-de-extensao-se-propoe-a-formacao-de-alunos-em-soft-skills-e-aproximacao-com-empresas\/","name":"Academia de Forma\u00e7\u00e3o de L\u00edderes (DEP) - UFSCar","isPartOf":{"@id":"https:\/\/dep.ufscar.br\/#website"},"primaryImageOfPage":{"@id":"https:\/\/dep.ufscar.br\/index.php\/academia-de-formacao-de-lideres-projeto-de-extensao-se-propoe-a-formacao-de-alunos-em-soft-skills-e-aproximacao-com-empresas\/#primaryimage"},"datePublished":"2021-07-24T18:20:47+00:00","dateModified":"2021-09-27T21:36:42+00:00","description":"A Academia de Forma\u00e7\u00e3o de L\u00edderes visa fornecer aos alunos uma forma\u00e7\u00e3o humana, promovendo o desenvolvimento do car\u00e1ter e da personalidade.","breadcrumb":{"@id":"https:\/\/dep.ufscar.br\/index.php\/academia-de-formacao-de-lideres-projeto-de-extensao-se-propoe-a-formacao-de-alunos-em-soft-skills-e-aproximacao-com-empresas\/#breadcrumb"},"inLanguage":"pt-BR","potentialAction":[{"@type":"ReadAction","target":["https:\/\/dep.ufscar.br\/index.php\/academia-de-formacao-de-lideres-projeto-de-extensao-se-propoe-a-formacao-de-alunos-em-soft-skills-e-aproximacao-com-empresas\/"]}]},{"@type":"BreadcrumbList","@id":"https:\/\/dep.ufscar.br\/index.php\/academia-de-formacao-de-lideres-projeto-de-extensao-se-propoe-a-formacao-de-alunos-em-soft-skills-e-aproximacao-com-empresas\/#breadcrumb","itemListElement":[{"@type":"ListItem","position":1,"name":"Home","item":"https:\/\/dep.ufscar.br\/"},{"@type":"ListItem","position":2,"name":"Academia de Forma\u00e7\u00e3o de L\u00edderes: projeto de extens\u00e3o se prop\u00f5e a forma\u00e7\u00e3o de alunos em \u201cSoft Skills\u201d e aproxima\u00e7\u00e3o com empresas"}]}]}},"_links":{"self":[{"href":"https:\/\/dep.ufscar.br\/index.php\/wp-json\/wp\/v2\/pages\/4105"}],"collection":[{"href":"https:\/\/dep.ufscar.br\/index.php\/wp-json\/wp\/v2\/pages"}],"about":[{"href":"https:\/\/dep.ufscar.br\/index.php\/wp-json\/wp\/v2\/types\/page"}],"author":[{"embeddable":true,"href":"https:\/\/dep.ufscar.br\/index.php\/wp-json\/wp\/v2\/users\/1"}],"replies":[{"embeddable":true,"href":"https:\/\/dep.ufscar.br\/index.php\/wp-json\/wp\/v2\/comments?post=4105"}],"version-history":[{"count":6,"href":"https:\/\/dep.ufscar.br\/index.php\/wp-json\/wp\/v2\/pages\/4105\/revisions"}],"predecessor-version":[{"id":5206,"href":"https:\/\/dep.ufscar.br\/index.php\/wp-json\/wp\/v2\/pages\/4105\/revisions\/5206"}],"wp:featuredmedia":[{"embeddable":true,"href":"https:\/\/dep.ufscar.br\/index.php\/wp-json\/wp\/v2\/media\/4349"}],"wp:attachment":[{"href":"https:\/\/dep.ufscar.br\/index.php\/wp-json\/wp\/v2\/media?parent=4105"}],"wp:term":[{"taxonomy":"category","embeddable":true,"href":"https:\/\/dep.ufscar.br\/index.php\/wp-json\/wp\/v2\/categories?post=4105"},{"taxonomy":"post_tag","embeddable":true,"href":"https:\/\/dep.ufscar.br\/index.php\/wp-json\/wp\/v2\/tags?post=4105"}],"curies":[{"name":"wp","href":"https:\/\/api.w.org\/{rel}","templated":true}]}}