{"id":4093,"date":"2021-07-24T15:13:40","date_gmt":"2021-07-24T18:13:40","guid":{"rendered":"http:\/\/desenvolvimento.dep.ufscar.br\/?page_id=4093"},"modified":"2021-09-27T18:46:11","modified_gmt":"2021-09-27T21:46:11","slug":"projetos-de-extensao-departamento-de-engenharia-de-producao-articula-contatos-e-parcerias-entre-universidades-institutos-e-empresas-para-distribuir-milhares-de-equipamentos-para-combate-a-covid-19","status":"publish","type":"page","link":"https:\/\/dep.ufscar.br\/index.php\/projetos-de-extensao-departamento-de-engenharia-de-producao-articula-contatos-e-parcerias-entre-universidades-institutos-e-empresas-para-distribuir-milhares-de-equipamentos-para-combate-a-covid-19\/","title":{"rendered":"Departamento de Engenharia de Produ\u00e7\u00e3o articula contatos e parcerias entre universidades, institutos e empresas para distribuir milhares de equipamentos para combate \u00e0 Covid-19"},"content":{"rendered":"<p>[vc_row rt_row_background_width=&#8221;fullwidth&#8221; rt_row_content_width=&#8221;default&#8221; rt_row_style=&#8221;alt-style-2&#8243; rt_column_placement=&#8221;middle&#8221; rt_row_borders=&#8221;&#8221; rt_row_shadows=&#8221;&#8221; rt_row_paddings=&#8221;true&#8221; rt_bg_effect=&#8221;classic&#8221; rt_bg_image_repeat=&#8221;repeat&#8221; rt_bg_size=&#8221;cover&#8221; rt_bg_position=&#8221;center center&#8221; rt_bg_attachment=&#8221;scroll&#8221; rt_bg_video_format=&#8221;youtube&#8221; rt_padding_top=&#8221;100&#8243; rt_bg_image=&#8221;3300&#8243; rt_row_height=&#8221;450&#8243; rt_bg_overlay_color=&#8221;rgba(0,0,0,0.2)&#8221;][vc_column rt_column_shadow=&#8221;&#8221; rt_bg_image_repeat=&#8221;repeat&#8221; rt_bg_size=&#8221;auto auto&#8221; rt_bg_attachment=&#8221;scroll&#8221; rt_bg_color=&#8221;&#8221; rt_bg_overlay_color=&#8221;&#8221; rt_padding_top=&#8221;140&#8243;]<div class=\"rt_heading_wrapper style-1\">\n\t\t\t\t\t\t<h1 class=\"rt_heading  with_punchline style-1\" ><span class=\"punchline\">GRUPOS DE PESQUISA E EXTENS\u00c3O<\/span>Projeto de Extens\u00e3o<\/h1>\n\t\t\t\t\t<\/div>[\/vc_column][\/vc_row][vc_row rt_row_background_width=&#8221;fullwidth&#8221; rt_row_content_width=&#8221;default&#8221; rt_row_style=&#8221;default-style&#8221; rt_row_borders=&#8221;&#8221; rt_row_shadows=&#8221;&#8221; rt_row_paddings=&#8221;true&#8221; rt_bg_effect=&#8221;classic&#8221; rt_bg_image_repeat=&#8221;repeat&#8221; rt_bg_size=&#8221;cover&#8221; rt_bg_position=&#8221;right top&#8221; rt_bg_attachment=&#8221;scroll&#8221; rt_bg_video_format=&#8221;self-hosted&#8221; rt_padding_top=&#8221;80&#8243; rt_padding_bottom=&#8221;80&#8243; class=&#8221;d-desktop&#8221;][vc_column rt_column_shadow=&#8221;&#8221; rt_bg_image_repeat=&#8221;repeat&#8221; rt_bg_size=&#8221;auto auto&#8221; rt_bg_attachment=&#8221;scroll&#8221; offset=&#8221;vc_hidden-sm vc_hidden-xs&#8221; rt_bg_color=&#8221;&#8221; rt_bg_overlay_color=&#8221;&#8221;]<div class=\"rt_heading_wrapper style-1\">\n\t\t\t\t\t\t<h3 class=\"rt_heading  style-1\" >Departamento de Engenharia de Produ\u00e7\u00e3o articula contatos e parcerias entre universidades, institutos e empresas para distribuir milhares de equipamentos para combate \u00e0 Covid-19 <\/h3>\n\t\t\t\t\t<\/div>[vc_gallery type=&#8221;image_grid&#8221; images=&#8221;4098,4097,4096,4095,4094&#8243; img_size=&#8221;400&#215;400&#8243;][vc_column_text]<\/p>\n<p style=\"text-align: justify;\">As not\u00edcias sobre a pandemia do COVID-19 fizeram com que o olhar de toda a popula\u00e7\u00e3o se voltasse para os profissionais de sa\u00fade. N\u00e3o foi diferente com o Departamento de Engenharia de Produ\u00e7\u00e3o (DEP) da UFSCar S\u00e3o Carlos, que se questionou o que poderia fazer para auxiliar tais profissionais. Em um primeiro momento, um grupo de pessoas se uniu para a realiza\u00e7\u00e3o de prot\u00f3tipos de m\u00e1scaras para a prote\u00e7\u00e3o facial (faceshields), equipamento complementar de prote\u00e7\u00e3o. A fabrica\u00e7\u00e3o era realizada com a utiliza\u00e7\u00e3o de impressoras 3D e os primeiros prot\u00f3tipos foram testados pelos pr\u00f3prios profissionais de sa\u00fade da cidade de S\u00e3o Carlos. Esta etapa contou com a participa\u00e7\u00e3o direta dos pesquisadores Daniel Braatz do DEP-UFSCar, Zilda Silveira do NUMA-EESC-USP e Rafael Aroca da Ag\u00eancia de Inova\u00e7\u00e3o da UFSCar.<\/p>\n<p style=\"text-align: justify;\">Paralelamente, outros esfor\u00e7os foram realizados possibilitar que um maior n\u00famero de profissionais da \u00e1rea de sa\u00fade tivesse acesso \u00e0s faceshields, viabilizada por produ\u00e7\u00e3o em larga escala. Outros pesquisadores do DEP-UFSCar se uniram para formar uma rede e aumentar a escala de produ\u00e7\u00e3o, em especial os professores Fabiane Lizarelli, F\u00e1bio Molina, Alessandra Rachid e o t\u00e9cnico de laborat\u00f3rio Tiago Nordi. A viabilidade da larga escala s\u00f3 foi poss\u00edvel por horas de dedica\u00e7\u00e3o de diversos profissionais para a realiza\u00e7\u00e3o de um modelo de faceshield que pudesse ser fabricado em larga escala (por processo de inje\u00e7\u00e3o), garantindo quest\u00f5es de ergonomia, usabilidade, seguran\u00e7a, qualidade, disponibilidade de materiais no mercado, log\u00edstica, entre outros aspectos.<\/p>\n<p style=\"text-align: justify;\">A rede contou com a colabora\u00e7\u00e3o de in\u00fameras pessoas f\u00edsicas que auxiliaram e est\u00e3o auxiliando na divulga\u00e7\u00e3o do projeto e na obten\u00e7\u00e3o de doa\u00e7\u00f5es e de diversas institui\u00e7\u00f5es de ensino e pesquisa por meio da colabora\u00e7\u00e3o de seus professores e pesquisadores.<\/p>\n<p style=\"text-align: justify;\">At\u00e9 o presente momento j\u00e1 foram doadas mais de 20.000 faceshields para institui\u00e7\u00f5es de S\u00e3o Carlos, como Santa Casa, HU, SAMU, UPAs, UBS, PSF, institui\u00e7\u00f5es de cuidados a idosos e para hospitais e institui\u00e7\u00f5es de diversas cidades do interior e capital do estado de S\u00e3o Paulo e algumas cidades do interior de Minas Gerais. Outros equipamentos e dispositivos tamb\u00e9m foram projetados e entregues especialmente para hospitais de S\u00e3o Carlos, Mat\u00e3o e Catanduva \u2013 sendo que um destes dispositivos gerou um pedido de patente ao INPI (Instituto Nacional de Propriedade Industrial) com apoio da Ag\u00eancia de Inova\u00e7\u00e3o da UFSCar.<\/p>\n<p style=\"text-align: justify;\">O projeto conta ainda com o apoio do Minist\u00e9rio P\u00fablico do Trabalho que destinou recursos para cria\u00e7\u00e3o e implementa\u00e7\u00e3o do CDPRO Makerspace \u2013 grupo de pesquisa e extens\u00e3o que atua em desenvolvimento e prototipagem para inova\u00e7\u00e3o em engenharia e sa\u00fade \u2013 localizado no pr\u00e9dio da antiga ag\u00eancia do Santander pr\u00f3ximo ao DEP-UFSCar.<\/p>\n<p style=\"text-align: justify;\">Para saber mais sobre o projeto acesse:<br \/>\n<a href=\"https:\/\/ufscarcovid.wixsite.com\/rede\">https:\/\/ufscarcovid.wixsite.com\/rede<\/a><\/p>\n<p style=\"text-align: justify;\">Para visualizar uma das reportagens feitas sobre o projeto de extens\u00e3o, acesse:<br \/>\n<a href=\"https:\/\/educacao.estadao.com.br\/noticias\/geral,universidades-publicas-se-unem-para-a-producao-de-epis,70003369053\">https:\/\/educacao.estadao.com.br\/noticias\/geral,universidades-publicas-se-unem-para-a-producao-de-epis,70003369053<\/a><\/p>\n<p>[\/vc_column_text][\/vc_column][\/vc_row][vc_row rt_row_background_width=&#8221;fullwidth&#8221; rt_row_content_width=&#8221;default&#8221; rt_row_style=&#8221;default-style&#8221; rt_row_borders=&#8221;&#8221; rt_row_shadows=&#8221;&#8221; rt_row_paddings=&#8221;true&#8221; id=&#8221;projetos-extensao-slider&#8221; rt_bg_effect=&#8221;classic&#8221; rt_bg_image_repeat=&#8221;repeat&#8221; rt_bg_size=&#8221;cover&#8221; rt_bg_position=&#8221;right top&#8221; rt_bg_attachment=&#8221;scroll&#8221; rt_bg_video_format=&#8221;self-hosted&#8221; rt_padding_top=&#8221;80&#8243; rt_padding_bottom=&#8221;80&#8243; class=&#8221;d-mobile&#8221;][vc_column rt_column_shadow=&#8221;&#8221; rt_bg_image_repeat=&#8221;repeat&#8221; rt_bg_size=&#8221;auto auto&#8221; rt_bg_attachment=&#8221;scroll&#8221; offset=&#8221;vc_hidden-lg vc_hidden-md&#8221; rt_bg_color=&#8221;&#8221; rt_bg_overlay_color=&#8221;&#8221;]<div class=\"rt_heading_wrapper style-1\">\n\t\t\t\t\t\t<h3 class=\"rt_heading  style-1\" >Departamento de Engenharia de Produ\u00e7\u00e3o articula contatos e parcerias entre universidades, institutos e empresas para distribuir milhares de equipamentos para combate \u00e0 Covid-19 <\/h3>\n\t\t\t\t\t<\/div>[vc_images_carousel images=&#8221;4098,4097,4096,4350,4094&#8243; img_size=&#8221;300&#215;300&#8243; onclick=&#8221;link_no&#8221; autoplay=&#8221;yes&#8221; wrap=&#8221;yes&#8221;][vc_column_text]<\/p>\n<p style=\"text-align: justify;\">As not\u00edcias sobre a pandemia do COVID-19 fizeram com que o olhar de toda a popula\u00e7\u00e3o se voltasse para os profissionais de sa\u00fade. N\u00e3o foi diferente com o Departamento de Engenharia de Produ\u00e7\u00e3o (DEP) da UFSCar S\u00e3o Carlos, que se questionou o que poderia fazer para auxiliar tais profissionais. Em um primeiro momento, um grupo de pessoas se uniu para a realiza\u00e7\u00e3o de prot\u00f3tipos de m\u00e1scaras para a prote\u00e7\u00e3o facial (faceshields), equipamento complementar de prote\u00e7\u00e3o. A fabrica\u00e7\u00e3o era realizada com a utiliza\u00e7\u00e3o de impressoras 3D e os primeiros prot\u00f3tipos foram testados pelos pr\u00f3prios profissionais de sa\u00fade da cidade de S\u00e3o Carlos. Esta etapa contou com a participa\u00e7\u00e3o direta dos pesquisadores Daniel Braatz do DEP-UFSCar, Zilda Silveira do NUMA-EESC-USP e Rafael Aroca da Ag\u00eancia de Inova\u00e7\u00e3o da UFSCar.<\/p>\n<p style=\"text-align: justify;\">Paralelamente, outros esfor\u00e7os foram realizados possibilitar que um maior n\u00famero de profissionais da \u00e1rea de sa\u00fade tivesse acesso \u00e0s faceshields, viabilizada por produ\u00e7\u00e3o em larga escala. Outros pesquisadores do DEP-UFSCar se uniram para formar uma rede e aumentar a escala de produ\u00e7\u00e3o, em especial os professores Fabiane Lizarelli, F\u00e1bio Molina, Alessandra Rachid e o t\u00e9cnico de laborat\u00f3rio Tiago Nordi. A viabilidade da larga escala s\u00f3 foi poss\u00edvel por horas de dedica\u00e7\u00e3o de diversos profissionais para a realiza\u00e7\u00e3o de um modelo de faceshield que pudesse ser fabricado em larga escala (por processo de inje\u00e7\u00e3o), garantindo quest\u00f5es de ergonomia, usabilidade, seguran\u00e7a, qualidade, disponibilidade de materiais no mercado, log\u00edstica, entre outros aspectos.<\/p>\n<p style=\"text-align: justify;\">A rede contou com a colabora\u00e7\u00e3o de in\u00fameras pessoas f\u00edsicas que auxiliaram e est\u00e3o auxiliando na divulga\u00e7\u00e3o do projeto e na obten\u00e7\u00e3o de doa\u00e7\u00f5es e de diversas institui\u00e7\u00f5es de ensino e pesquisa por meio da colabora\u00e7\u00e3o de seus professores e pesquisadores.<\/p>\n<p style=\"text-align: justify;\">At\u00e9 o presente momento j\u00e1 foram doadas mais de 20.000 faceshields para institui\u00e7\u00f5es de S\u00e3o Carlos, como Santa Casa, HU, SAMU, UPAs, UBS, PSF, institui\u00e7\u00f5es de cuidados a idosos e para hospitais e institui\u00e7\u00f5es de diversas cidades do interior e capital do estado de S\u00e3o Paulo e algumas cidades do interior de Minas Gerais. Outros equipamentos e dispositivos tamb\u00e9m foram projetados e entregues especialmente para hospitais de S\u00e3o Carlos, Mat\u00e3o e Catanduva \u2013 sendo que um destes dispositivos gerou um pedido de patente ao INPI (Instituto Nacional de Propriedade Industrial) com apoio da Ag\u00eancia de Inova\u00e7\u00e3o da UFSCar.<\/p>\n<p style=\"text-align: justify;\">O projeto conta ainda com o apoio do Minist\u00e9rio P\u00fablico do Trabalho que destinou recursos para cria\u00e7\u00e3o e implementa\u00e7\u00e3o do CDPRO Makerspace \u2013 grupo de pesquisa e extens\u00e3o que atua em desenvolvimento e prototipagem para inova\u00e7\u00e3o em engenharia e sa\u00fade \u2013 localizado no pr\u00e9dio da antiga ag\u00eancia do Santander pr\u00f3ximo ao DEP-UFSCar.<\/p>\n<p style=\"text-align: justify;\">Para saber mais sobre o projeto acesse:<br \/>\n<a href=\"https:\/\/ufscarcovid.wixsite.com\/rede\">https:\/\/ufscarcovid.wixsite.com\/rede<\/a><\/p>\n<p style=\"text-align: justify;\">Para visualizar uma das reportagens feitas sobre o projeto de extens\u00e3o, acesse:<br \/>\n<a href=\"https:\/\/educacao.estadao.com.br\/noticias\/geral,universidades-publicas-se-unem-para-a-producao-de-epis,70003369053\">https:\/\/educacao.estadao.com.br\/noticias\/geral,universidades-publicas-se-unem-para-a-producao-de-epis,70003369053<\/a><\/p>\n<p>[\/vc_column_text][\/vc_column][\/vc_row]<\/p>\n","protected":false},"excerpt":{"rendered":"<p>[vc_row rt_row_background_width=&#8221;fullwidth&#8221; rt_row_content_width=&#8221;default&#8221; rt_row_style=&#8221;alt-style-2&#8243; rt_column_placement=&#8221;middle&#8221; rt_row_borders=&#8221;&#8221; rt_row_shadows=&#8221;&#8221; rt_row_paddings=&#8221;true&#8221; rt_bg_effect=&#8221;classic&#8221; rt_bg_image_repeat=&#8221;repeat&#8221; rt_bg_size=&#8221;cover&#8221; rt_bg_position=&#8221;center center&#8221; rt_bg_attachment=&#8221;scroll&#8221; rt_bg_video_format=&#8221;youtube&#8221; rt_padding_top=&#8221;100&#8243; rt_bg_image=&#8221;3300&#8243; rt_row_height=&#8221;450&#8243; rt_bg_overlay_color=&#8221;rgba(0,0,0,0.2)&#8221;][vc_column rt_column_shadow=&#8221;&#8221; rt_bg_image_repeat=&#8221;repeat&#8221; rt_bg_size=&#8221;auto auto&#8221; rt_bg_attachment=&#8221;scroll&#8221; rt_bg_color=&#8221;&#8221; rt_bg_overlay_color=&#8221;&#8221; rt_padding_top=&#8221;140&#8243;][\/vc_column][\/vc_row][vc_row rt_row_background_width=&#8221;fullwidth&#8221; rt_row_content_width=&#8221;default&#8221; rt_row_style=&#8221;default-style&#8221; rt_row_borders=&#8221;&#8221; rt_row_shadows=&#8221;&#8221; rt_row_paddings=&#8221;true&#8221; rt_bg_effect=&#8221;classic&#8221; rt_bg_image_repeat=&#8221;repeat&#8221; rt_bg_size=&#8221;cover&#8221; rt_bg_position=&#8221;right top&#8221; rt_bg_attachment=&#8221;scroll&#8221; rt_bg_video_format=&#8221;self-hosted&#8221; rt_padding_top=&#8221;80&#8243; rt_padding_bottom=&#8221;80&#8243; class=&#8221;d-desktop&#8221;][vc_column rt_column_shadow=&#8221;&#8221; rt_bg_image_repeat=&#8221;repeat&#8221; rt_bg_size=&#8221;auto auto&#8221; rt_bg_attachment=&#8221;scroll&#8221; offset=&#8221;vc_hidden-sm vc_hidden-xs&#8221; rt_bg_color=&#8221;&#8221; rt_bg_overlay_color=&#8221;&#8221;][vc_gallery type=&#8221;image_grid&#8221; images=&#8221;4098,4097,4096,4095,4094&#8243; img_size=&#8221;400&#215;400&#8243;][vc_column_text] &#8230; <a class=\"more-link\" href=\"https:\/\/dep.ufscar.br\/index.php\/projetos-de-extensao-departamento-de-engenharia-de-producao-articula-contatos-e-parcerias-entre-universidades-institutos-e-empresas-para-distribuir-milhares-de-equipamentos-para-combate-a-covid-19\/\">Leia mais<\/a><\/p>\n","protected":false},"author":1,"featured_media":4350,"parent":0,"menu_order":0,"comment_status":"closed","ping_status":"closed","template":"","meta":[],"categories":[31,34],"tags":[],"yoast_head":"<!-- This site is optimized with the Yoast SEO plugin v17.0 - https:\/\/yoast.com\/wordpress\/plugins\/seo\/ -->\n<title>Parcerias entre universidades - Dep de Engenharia de Produ\u00e7\u00e3o - UFSCar<\/title>\n<meta name=\"description\" content=\"O Dep de Engenharia de Produ\u00e7\u00e3o articulou parcerias entre universidades e empresas para distribuir equipamentos de combate \u00e0 pandemia.\" \/>\n<meta name=\"robots\" content=\"index, follow, max-snippet:-1, max-image-preview:large, max-video-preview:-1\" \/>\n<link rel=\"canonical\" href=\"https:\/\/dep.ufscar.br\/index.php\/projetos-de-extensao-departamento-de-engenharia-de-producao-articula-contatos-e-parcerias-entre-universidades-institutos-e-empresas-para-distribuir-milhares-de-equipamentos-para-combate-a-covid-19\/\" \/>\n<meta property=\"og:locale\" content=\"pt_BR\" \/>\n<meta property=\"og:type\" content=\"article\" \/>\n<meta property=\"og:title\" content=\"Parcerias entre universidades - Dep de Engenharia de Produ\u00e7\u00e3o - UFSCar\" \/>\n<meta property=\"og:description\" content=\"O Dep de Engenharia de Produ\u00e7\u00e3o articulou parcerias entre universidades e empresas para distribuir equipamentos de combate \u00e0 pandemia.\" \/>\n<meta property=\"og:url\" content=\"https:\/\/dep.ufscar.br\/index.php\/projetos-de-extensao-departamento-de-engenharia-de-producao-articula-contatos-e-parcerias-entre-universidades-institutos-e-empresas-para-distribuir-milhares-de-equipamentos-para-combate-a-covid-19\/\" \/>\n<meta property=\"og:site_name\" content=\"DEP\" \/>\n<meta property=\"article:modified_time\" content=\"2021-09-27T21:46:11+00:00\" \/>\n<meta property=\"og:image\" content=\"http:\/\/dep.ufscar.br\/wp-content\/uploads\/2021\/09\/log-dep-departamento-de-engenharia-ufscar-seo.jpg\" \/>\n\t<meta property=\"og:image:width\" content=\"300\" \/>\n\t<meta property=\"og:image:height\" content=\"200\" \/>\n<meta name=\"twitter:card\" content=\"summary_large_image\" \/>\n<meta name=\"twitter:label1\" content=\"Est. tempo de leitura\" \/>\n\t<meta name=\"twitter:data1\" content=\"5 minutos\" \/>\n<script type=\"application\/ld+json\" class=\"yoast-schema-graph\">{\"@context\":\"https:\/\/schema.org\",\"@graph\":[{\"@type\":\"WebSite\",\"@id\":\"https:\/\/dep.ufscar.br\/#website\",\"url\":\"https:\/\/dep.ufscar.br\/\",\"name\":\"DEP\",\"description\":\"Departamento de Engenharia de Produ\\u00e7\\u00e3o\",\"potentialAction\":[{\"@type\":\"SearchAction\",\"target\":{\"@type\":\"EntryPoint\",\"urlTemplate\":\"https:\/\/dep.ufscar.br\/?s={search_term_string}\"},\"query-input\":\"required name=search_term_string\"}],\"inLanguage\":\"pt-BR\"},{\"@type\":\"ImageObject\",\"@id\":\"https:\/\/dep.ufscar.br\/index.php\/projetos-de-extensao-departamento-de-engenharia-de-producao-articula-contatos-e-parcerias-entre-universidades-institutos-e-empresas-para-distribuir-milhares-de-equipamentos-para-combate-a-covid-19\/#primaryimage\",\"inLanguage\":\"pt-BR\",\"url\":\"https:\/\/dep.ufscar.br\/wp-content\/uploads\/2021\/09\/log-dep-departamento-de-engenharia-ufscar-seo.jpg\",\"contentUrl\":\"https:\/\/dep.ufscar.br\/wp-content\/uploads\/2021\/09\/log-dep-departamento-de-engenharia-ufscar-seo.jpg\",\"width\":300,\"height\":200},{\"@type\":\"WebPage\",\"@id\":\"https:\/\/dep.ufscar.br\/index.php\/projetos-de-extensao-departamento-de-engenharia-de-producao-articula-contatos-e-parcerias-entre-universidades-institutos-e-empresas-para-distribuir-milhares-de-equipamentos-para-combate-a-covid-19\/#webpage\",\"url\":\"https:\/\/dep.ufscar.br\/index.php\/projetos-de-extensao-departamento-de-engenharia-de-producao-articula-contatos-e-parcerias-entre-universidades-institutos-e-empresas-para-distribuir-milhares-de-equipamentos-para-combate-a-covid-19\/\",\"name\":\"Parcerias entre universidades - Dep de Engenharia de Produ\\u00e7\\u00e3o - UFSCar\",\"isPartOf\":{\"@id\":\"https:\/\/dep.ufscar.br\/#website\"},\"primaryImageOfPage\":{\"@id\":\"https:\/\/dep.ufscar.br\/index.php\/projetos-de-extensao-departamento-de-engenharia-de-producao-articula-contatos-e-parcerias-entre-universidades-institutos-e-empresas-para-distribuir-milhares-de-equipamentos-para-combate-a-covid-19\/#primaryimage\"},\"datePublished\":\"2021-07-24T18:13:40+00:00\",\"dateModified\":\"2021-09-27T21:46:11+00:00\",\"description\":\"O Dep de Engenharia de Produ\\u00e7\\u00e3o articulou parcerias entre universidades e empresas para distribuir equipamentos de combate \\u00e0 pandemia.\",\"breadcrumb\":{\"@id\":\"https:\/\/dep.ufscar.br\/index.php\/projetos-de-extensao-departamento-de-engenharia-de-producao-articula-contatos-e-parcerias-entre-universidades-institutos-e-empresas-para-distribuir-milhares-de-equipamentos-para-combate-a-covid-19\/#breadcrumb\"},\"inLanguage\":\"pt-BR\",\"potentialAction\":[{\"@type\":\"ReadAction\",\"target\":[\"https:\/\/dep.ufscar.br\/index.php\/projetos-de-extensao-departamento-de-engenharia-de-producao-articula-contatos-e-parcerias-entre-universidades-institutos-e-empresas-para-distribuir-milhares-de-equipamentos-para-combate-a-covid-19\/\"]}]},{\"@type\":\"BreadcrumbList\",\"@id\":\"https:\/\/dep.ufscar.br\/index.php\/projetos-de-extensao-departamento-de-engenharia-de-producao-articula-contatos-e-parcerias-entre-universidades-institutos-e-empresas-para-distribuir-milhares-de-equipamentos-para-combate-a-covid-19\/#breadcrumb\",\"itemListElement\":[{\"@type\":\"ListItem\",\"position\":1,\"name\":\"Home\",\"item\":\"https:\/\/dep.ufscar.br\/\"},{\"@type\":\"ListItem\",\"position\":2,\"name\":\"Departamento de Engenharia de Produ\\u00e7\\u00e3o articula contatos e parcerias entre universidades, institutos e empresas para distribuir milhares de equipamentos para combate \\u00e0 Covid-19\"}]}]}<\/script>\n<!-- \/ Yoast SEO plugin. -->","yoast_head_json":{"title":"Parcerias entre universidades - Dep de Engenharia de Produ\u00e7\u00e3o - UFSCar","description":"O Dep de Engenharia de Produ\u00e7\u00e3o articulou parcerias entre universidades e empresas para distribuir equipamentos de combate \u00e0 pandemia.","robots":{"index":"index","follow":"follow","max-snippet":"max-snippet:-1","max-image-preview":"max-image-preview:large","max-video-preview":"max-video-preview:-1"},"canonical":"https:\/\/dep.ufscar.br\/index.php\/projetos-de-extensao-departamento-de-engenharia-de-producao-articula-contatos-e-parcerias-entre-universidades-institutos-e-empresas-para-distribuir-milhares-de-equipamentos-para-combate-a-covid-19\/","og_locale":"pt_BR","og_type":"article","og_title":"Parcerias entre universidades - Dep de Engenharia de Produ\u00e7\u00e3o - UFSCar","og_description":"O Dep de Engenharia de Produ\u00e7\u00e3o articulou parcerias entre universidades e empresas para distribuir equipamentos de combate \u00e0 pandemia.","og_url":"https:\/\/dep.ufscar.br\/index.php\/projetos-de-extensao-departamento-de-engenharia-de-producao-articula-contatos-e-parcerias-entre-universidades-institutos-e-empresas-para-distribuir-milhares-de-equipamentos-para-combate-a-covid-19\/","og_site_name":"DEP","article_modified_time":"2021-09-27T21:46:11+00:00","og_image":[{"width":300,"height":200,"url":"http:\/\/dep.ufscar.br\/wp-content\/uploads\/2021\/09\/log-dep-departamento-de-engenharia-ufscar-seo.jpg","path":"\/var\/www\/html\/desenvolvimento\/wp-content\/uploads\/2021\/09\/log-dep-departamento-de-engenharia-ufscar-seo.jpg","size":"full","id":"4900","alt":"","pixels":60000,"type":"image\/jpeg"}],"twitter_card":"summary_large_image","twitter_misc":{"Est. tempo de leitura":"5 minutos"},"schema":{"@context":"https:\/\/schema.org","@graph":[{"@type":"WebSite","@id":"https:\/\/dep.ufscar.br\/#website","url":"https:\/\/dep.ufscar.br\/","name":"DEP","description":"Departamento de Engenharia de Produ\u00e7\u00e3o","potentialAction":[{"@type":"SearchAction","target":{"@type":"EntryPoint","urlTemplate":"https:\/\/dep.ufscar.br\/?s={search_term_string}"},"query-input":"required name=search_term_string"}],"inLanguage":"pt-BR"},{"@type":"ImageObject","@id":"https:\/\/dep.ufscar.br\/index.php\/projetos-de-extensao-departamento-de-engenharia-de-producao-articula-contatos-e-parcerias-entre-universidades-institutos-e-empresas-para-distribuir-milhares-de-equipamentos-para-combate-a-covid-19\/#primaryimage","inLanguage":"pt-BR","url":"https:\/\/dep.ufscar.br\/wp-content\/uploads\/2021\/09\/log-dep-departamento-de-engenharia-ufscar-seo.jpg","contentUrl":"https:\/\/dep.ufscar.br\/wp-content\/uploads\/2021\/09\/log-dep-departamento-de-engenharia-ufscar-seo.jpg","width":300,"height":200},{"@type":"WebPage","@id":"https:\/\/dep.ufscar.br\/index.php\/projetos-de-extensao-departamento-de-engenharia-de-producao-articula-contatos-e-parcerias-entre-universidades-institutos-e-empresas-para-distribuir-milhares-de-equipamentos-para-combate-a-covid-19\/#webpage","url":"https:\/\/dep.ufscar.br\/index.php\/projetos-de-extensao-departamento-de-engenharia-de-producao-articula-contatos-e-parcerias-entre-universidades-institutos-e-empresas-para-distribuir-milhares-de-equipamentos-para-combate-a-covid-19\/","name":"Parcerias entre universidades - Dep de Engenharia de Produ\u00e7\u00e3o - UFSCar","isPartOf":{"@id":"https:\/\/dep.ufscar.br\/#website"},"primaryImageOfPage":{"@id":"https:\/\/dep.ufscar.br\/index.php\/projetos-de-extensao-departamento-de-engenharia-de-producao-articula-contatos-e-parcerias-entre-universidades-institutos-e-empresas-para-distribuir-milhares-de-equipamentos-para-combate-a-covid-19\/#primaryimage"},"datePublished":"2021-07-24T18:13:40+00:00","dateModified":"2021-09-27T21:46:11+00:00","description":"O Dep de Engenharia de Produ\u00e7\u00e3o articulou parcerias entre universidades e empresas para distribuir equipamentos de combate \u00e0 pandemia.","breadcrumb":{"@id":"https:\/\/dep.ufscar.br\/index.php\/projetos-de-extensao-departamento-de-engenharia-de-producao-articula-contatos-e-parcerias-entre-universidades-institutos-e-empresas-para-distribuir-milhares-de-equipamentos-para-combate-a-covid-19\/#breadcrumb"},"inLanguage":"pt-BR","potentialAction":[{"@type":"ReadAction","target":["https:\/\/dep.ufscar.br\/index.php\/projetos-de-extensao-departamento-de-engenharia-de-producao-articula-contatos-e-parcerias-entre-universidades-institutos-e-empresas-para-distribuir-milhares-de-equipamentos-para-combate-a-covid-19\/"]}]},{"@type":"BreadcrumbList","@id":"https:\/\/dep.ufscar.br\/index.php\/projetos-de-extensao-departamento-de-engenharia-de-producao-articula-contatos-e-parcerias-entre-universidades-institutos-e-empresas-para-distribuir-milhares-de-equipamentos-para-combate-a-covid-19\/#breadcrumb","itemListElement":[{"@type":"ListItem","position":1,"name":"Home","item":"https:\/\/dep.ufscar.br\/"},{"@type":"ListItem","position":2,"name":"Departamento de Engenharia de Produ\u00e7\u00e3o articula contatos e parcerias entre universidades, institutos e empresas para distribuir milhares de equipamentos para combate \u00e0 Covid-19"}]}]}},"_links":{"self":[{"href":"https:\/\/dep.ufscar.br\/index.php\/wp-json\/wp\/v2\/pages\/4093"}],"collection":[{"href":"https:\/\/dep.ufscar.br\/index.php\/wp-json\/wp\/v2\/pages"}],"about":[{"href":"https:\/\/dep.ufscar.br\/index.php\/wp-json\/wp\/v2\/types\/page"}],"author":[{"embeddable":true,"href":"https:\/\/dep.ufscar.br\/index.php\/wp-json\/wp\/v2\/users\/1"}],"replies":[{"embeddable":true,"href":"https:\/\/dep.ufscar.br\/index.php\/wp-json\/wp\/v2\/comments?post=4093"}],"version-history":[{"count":13,"href":"https:\/\/dep.ufscar.br\/index.php\/wp-json\/wp\/v2\/pages\/4093\/revisions"}],"predecessor-version":[{"id":5112,"href":"https:\/\/dep.ufscar.br\/index.php\/wp-json\/wp\/v2\/pages\/4093\/revisions\/5112"}],"wp:featuredmedia":[{"embeddable":true,"href":"https:\/\/dep.ufscar.br\/index.php\/wp-json\/wp\/v2\/media\/4350"}],"wp:attachment":[{"href":"https:\/\/dep.ufscar.br\/index.php\/wp-json\/wp\/v2\/media?parent=4093"}],"wp:term":[{"taxonomy":"category","embeddable":true,"href":"https:\/\/dep.ufscar.br\/index.php\/wp-json\/wp\/v2\/categories?post=4093"},{"taxonomy":"post_tag","embeddable":true,"href":"https:\/\/dep.ufscar.br\/index.php\/wp-json\/wp\/v2\/tags?post=4093"}],"curies":[{"name":"wp","href":"https:\/\/api.w.org\/{rel}","templated":true}]}}