{"id":4053,"date":"2021-07-24T14:17:07","date_gmt":"2021-07-24T17:17:07","guid":{"rendered":"http:\/\/desenvolvimento.dep.ufscar.br\/?page_id=4053"},"modified":"2021-09-27T18:56:25","modified_gmt":"2021-09-27T21:56:25","slug":"projetos-de-pesquisa-projeto-auxilio-pesquisa-regular-fapesp-modelos-dinamicos-para-controle-de-sistemas-de-producao-tipo-job-shop","status":"publish","type":"page","link":"https:\/\/dep.ufscar.br\/index.php\/projetos-de-pesquisa-projeto-auxilio-pesquisa-regular-fapesp-modelos-dinamicos-para-controle-de-sistemas-de-producao-tipo-job-shop\/","title":{"rendered":"Projeto &#8211; Aux\u00edlio Pesquisa Regular FAPESP &#8211; Modelos Din\u00e2micos para Controle de Sistemas de Produ\u00e7\u00e3o Tipo JOB SHOP"},"content":{"rendered":"<p>[vc_row rt_row_background_width=&#8221;fullwidth&#8221; rt_row_content_width=&#8221;default&#8221; rt_row_style=&#8221;alt-style-2&#8243; rt_column_placement=&#8221;middle&#8221; rt_row_borders=&#8221;&#8221; rt_row_shadows=&#8221;&#8221; rt_row_paddings=&#8221;true&#8221; rt_bg_effect=&#8221;classic&#8221; rt_bg_image_repeat=&#8221;repeat&#8221; rt_bg_size=&#8221;cover&#8221; rt_bg_position=&#8221;center center&#8221; rt_bg_attachment=&#8221;scroll&#8221; rt_bg_video_format=&#8221;youtube&#8221; rt_padding_top=&#8221;100&#8243; rt_bg_image=&#8221;3300&#8243; rt_row_height=&#8221;450&#8243; rt_bg_overlay_color=&#8221;rgba(0,0,0,0.2)&#8221;][vc_column rt_column_shadow=&#8221;&#8221; rt_bg_image_repeat=&#8221;repeat&#8221; rt_bg_size=&#8221;auto auto&#8221; rt_bg_attachment=&#8221;scroll&#8221; rt_bg_color=&#8221;&#8221; rt_bg_overlay_color=&#8221;&#8221; rt_padding_top=&#8221;140&#8243;]<div class=\"rt_heading_wrapper style-1\">\n\t\t\t\t\t\t<h1 class=\"rt_heading  with_punchline style-1\" ><span class=\"punchline\">GRUPOS DE PESQUISA E EXTENS\u00c3O<\/span>Projeto de Pesquisa<\/h1>\n\t\t\t\t\t<\/div>[\/vc_column][\/vc_row][vc_row rt_row_background_width=&#8221;fullwidth&#8221; rt_row_content_width=&#8221;default&#8221; rt_row_style=&#8221;default-style&#8221; rt_row_borders=&#8221;&#8221; rt_row_shadows=&#8221;&#8221; rt_row_paddings=&#8221;true&#8221; rt_bg_effect=&#8221;classic&#8221; rt_bg_image_repeat=&#8221;repeat&#8221; rt_bg_size=&#8221;cover&#8221; rt_bg_position=&#8221;right top&#8221; rt_bg_attachment=&#8221;scroll&#8221; rt_bg_video_format=&#8221;self-hosted&#8221; rt_padding_top=&#8221;80&#8243; rt_padding_bottom=&#8221;80&#8243;][vc_column rt_column_shadow=&#8221;&#8221; rt_bg_image_repeat=&#8221;repeat&#8221; rt_bg_size=&#8221;auto auto&#8221; rt_bg_attachment=&#8221;scroll&#8221;]<div class=\"rt_heading_wrapper style-1\">\n\t\t\t\t\t\t<h3 class=\"rt_heading  style-1\" >Projeto &#8211; Aux\u00edlio Pesquisa Regular FAPESP &#8211; Modelos Din\u00e2micos para Controle de Sistemas de Produ\u00e7\u00e3o Tipo JOB SHOP<\/h3>\n\t\t\t\t\t<\/div>[vc_single_image image=&#8221;4087&#8243; img_size=&#8221;full&#8221; alignment=&#8221;center&#8221; css_animation=&#8221;fadeIn&#8221;][vc_column_text]<\/p>\n<p style=\"text-align: justify;\">O projeto \u201cModelos din\u00e2micos para controle de sistemas de produ\u00e7\u00e3o do tipo job shop\u201d est\u00e1 sendo desenvolvido pelo Grupo de pesquisa DynProd, no DEP-UFSCar, com recursos de aux\u00edlio pesquisa da FAPESP. A coordena\u00e7\u00e3o \u00e9 da pesquisadora e docente do DEP, Juliana Keiko Sagawa, e o projeto visa desenvolver e simular modelos din\u00e2micos de malha fechada para controle da produ\u00e7\u00e3o em diferentes cen\u00e1rios. Nestes tipos de modelo (de malha fechada), adicionam-se controladores e la\u00e7os de feedback, e simula-se a ajustagem autom\u00e1tica de algumas vari\u00e1veis do sistema, como estoque em processo e capacidade de m\u00e1quinas, em fun\u00e7\u00e3o de informa\u00e7\u00f5es em tempo real do ch\u00e3o de f\u00e1brica.<\/p>\n<p style=\"text-align: justify;\">Foram desenvolvidos (ou est\u00e3o em desenvolvimento) modelos em que os elementos do sistema (ex. m\u00e1quinas) s\u00e3o representados como multiagentes e modelos que representam sistemas de Planejamento e Controle da Produ\u00e7\u00e3o (PCP) conhecidos, como o sistema puxado\/kanban e o sistema de controle de carga (WLC). A partir dessa abordagem, \u00e9 poss\u00edvel estudar a resposta din\u00e2mica desses sistemas a perturba\u00e7\u00f5es, como flutua\u00e7\u00f5es na demanda, e extrair diretrizes prescritivas para que os gestores melhorem o desempenho do PCP e do ch\u00e3o de f\u00e1brica. Essa abordagem \u00e9 multidisciplinar, tendo interfaces com as \u00e1reas de Eng. Mec\u00e2nica e El\u00e9trica. Al\u00e9m de docentes e alunos da UFSCar, participam tamb\u00e9m docentes da EESC-USP e parceiros internacionais, como o prof. Gasper Music, da Universidade de Liubliana, o pesquisador Tobias Sprodowski, da Universidade de Bremen, e o prof. Martin Land, da Universidade de Groningen.<\/p>\n<p style=\"text-align: justify;\">Esta tem\u00e1tica \u00e9 relevante e atual, uma vez que sistemas com la\u00e7os de feedback e com controle aut\u00f4nomo s\u00e3o as bases dos sistemas inteligentes da Ind\u00fastria 4.0. O Grupo DynProd tamb\u00e9m desenvolve outros projetos com diferentes abordagens de simula\u00e7\u00e3o e projetos qualitativos na \u00e1rea de Gest\u00e3o de Opera\u00e7\u00f5es, Cadeia de Suprimentos, Estrat\u00e9gia e Sustentabilidade.<\/p>\n<p style=\"text-align: justify;\">Contato: <a href=\"mailto:juliana@dep.ufscar.br\">juliana@dep.ufscar.br<\/a><\/p>\n<p>[\/vc_column_text][\/vc_column][\/vc_row]<\/p>\n","protected":false},"excerpt":{"rendered":"<p>[vc_row rt_row_background_width=&#8221;fullwidth&#8221; rt_row_content_width=&#8221;default&#8221; rt_row_style=&#8221;alt-style-2&#8243; rt_column_placement=&#8221;middle&#8221; rt_row_borders=&#8221;&#8221; rt_row_shadows=&#8221;&#8221; rt_row_paddings=&#8221;true&#8221; rt_bg_effect=&#8221;classic&#8221; rt_bg_image_repeat=&#8221;repeat&#8221; rt_bg_size=&#8221;cover&#8221; rt_bg_position=&#8221;center center&#8221; rt_bg_attachment=&#8221;scroll&#8221; rt_bg_video_format=&#8221;youtube&#8221; rt_padding_top=&#8221;100&#8243; rt_bg_image=&#8221;3300&#8243; rt_row_height=&#8221;450&#8243; rt_bg_overlay_color=&#8221;rgba(0,0,0,0.2)&#8221;][vc_column rt_column_shadow=&#8221;&#8221; rt_bg_image_repeat=&#8221;repeat&#8221; rt_bg_size=&#8221;auto auto&#8221; rt_bg_attachment=&#8221;scroll&#8221; rt_bg_color=&#8221;&#8221; rt_bg_overlay_color=&#8221;&#8221; rt_padding_top=&#8221;140&#8243;][\/vc_column][\/vc_row][vc_row rt_row_background_width=&#8221;fullwidth&#8221; rt_row_content_width=&#8221;default&#8221; rt_row_style=&#8221;default-style&#8221; rt_row_borders=&#8221;&#8221; rt_row_shadows=&#8221;&#8221; rt_row_paddings=&#8221;true&#8221; rt_bg_effect=&#8221;classic&#8221; rt_bg_image_repeat=&#8221;repeat&#8221; rt_bg_size=&#8221;cover&#8221; rt_bg_position=&#8221;right top&#8221; rt_bg_attachment=&#8221;scroll&#8221; rt_bg_video_format=&#8221;self-hosted&#8221; rt_padding_top=&#8221;80&#8243; rt_padding_bottom=&#8221;80&#8243;][vc_column rt_column_shadow=&#8221;&#8221; rt_bg_image_repeat=&#8221;repeat&#8221; rt_bg_size=&#8221;auto auto&#8221; rt_bg_attachment=&#8221;scroll&#8221;][vc_single_image image=&#8221;4087&#8243; img_size=&#8221;full&#8221; alignment=&#8221;center&#8221; css_animation=&#8221;fadeIn&#8221;][vc_column_text] O projeto \u201cModelos din\u00e2micos &#8230; <a class=\"more-link\" href=\"https:\/\/dep.ufscar.br\/index.php\/projetos-de-pesquisa-projeto-auxilio-pesquisa-regular-fapesp-modelos-dinamicos-para-controle-de-sistemas-de-producao-tipo-job-shop\/\">Leia mais<\/a><\/p>\n","protected":false},"author":1,"featured_media":4351,"parent":0,"menu_order":0,"comment_status":"closed","ping_status":"closed","template":"","meta":[],"categories":[32],"tags":[],"yoast_head":"<!-- This site is optimized with the Yoast SEO plugin v17.0 - https:\/\/yoast.com\/wordpress\/plugins\/seo\/ -->\n<title>Projetos de Pesquisa - Dep de Engenharia de Produ\u00e7\u00e3o - UFSCar<\/title>\n<meta name=\"description\" content=\"O projeto \u201cModelos din\u00e2micos para controle de sistemas de produ\u00e7\u00e3o\u201d desenvolve modelos din\u00e2micos de malha fechada para controle da produ\u00e7\u00e3o\" \/>\n<meta name=\"robots\" content=\"index, follow, max-snippet:-1, max-image-preview:large, max-video-preview:-1\" \/>\n<link rel=\"canonical\" href=\"https:\/\/dep.ufscar.br\/index.php\/projetos-de-pesquisa-projeto-auxilio-pesquisa-regular-fapesp-modelos-dinamicos-para-controle-de-sistemas-de-producao-tipo-job-shop\/\" \/>\n<meta property=\"og:locale\" content=\"pt_BR\" \/>\n<meta property=\"og:type\" content=\"article\" \/>\n<meta property=\"og:title\" content=\"Projetos de Pesquisa - Dep de Engenharia de Produ\u00e7\u00e3o - UFSCar\" \/>\n<meta property=\"og:description\" content=\"O projeto \u201cModelos din\u00e2micos para controle de sistemas de produ\u00e7\u00e3o\u201d desenvolve modelos din\u00e2micos de malha fechada para controle da produ\u00e7\u00e3o\" \/>\n<meta property=\"og:url\" content=\"https:\/\/dep.ufscar.br\/index.php\/projetos-de-pesquisa-projeto-auxilio-pesquisa-regular-fapesp-modelos-dinamicos-para-controle-de-sistemas-de-producao-tipo-job-shop\/\" \/>\n<meta property=\"og:site_name\" content=\"DEP\" \/>\n<meta property=\"article:modified_time\" content=\"2021-09-27T21:56:25+00:00\" \/>\n<meta property=\"og:image\" content=\"http:\/\/dep.ufscar.br\/wp-content\/uploads\/2021\/09\/log-dep-departamento-de-engenharia-ufscar-seo.jpg\" \/>\n\t<meta property=\"og:image:width\" content=\"300\" \/>\n\t<meta property=\"og:image:height\" content=\"200\" \/>\n<meta name=\"twitter:card\" content=\"summary_large_image\" \/>\n<meta name=\"twitter:label1\" content=\"Est. tempo de leitura\" \/>\n\t<meta name=\"twitter:data1\" content=\"3 minutos\" \/>\n<script type=\"application\/ld+json\" class=\"yoast-schema-graph\">{\"@context\":\"https:\/\/schema.org\",\"@graph\":[{\"@type\":\"WebSite\",\"@id\":\"https:\/\/dep.ufscar.br\/#website\",\"url\":\"https:\/\/dep.ufscar.br\/\",\"name\":\"DEP\",\"description\":\"Departamento de Engenharia de Produ\\u00e7\\u00e3o\",\"potentialAction\":[{\"@type\":\"SearchAction\",\"target\":{\"@type\":\"EntryPoint\",\"urlTemplate\":\"https:\/\/dep.ufscar.br\/?s={search_term_string}\"},\"query-input\":\"required name=search_term_string\"}],\"inLanguage\":\"pt-BR\"},{\"@type\":\"ImageObject\",\"@id\":\"https:\/\/dep.ufscar.br\/index.php\/projetos-de-pesquisa-projeto-auxilio-pesquisa-regular-fapesp-modelos-dinamicos-para-controle-de-sistemas-de-producao-tipo-job-shop\/#primaryimage\",\"inLanguage\":\"pt-BR\",\"url\":\"https:\/\/dep.ufscar.br\/wp-content\/uploads\/2021\/09\/log-dep-departamento-de-engenharia-ufscar-seo.jpg\",\"contentUrl\":\"https:\/\/dep.ufscar.br\/wp-content\/uploads\/2021\/09\/log-dep-departamento-de-engenharia-ufscar-seo.jpg\",\"width\":300,\"height\":200},{\"@type\":\"WebPage\",\"@id\":\"https:\/\/dep.ufscar.br\/index.php\/projetos-de-pesquisa-projeto-auxilio-pesquisa-regular-fapesp-modelos-dinamicos-para-controle-de-sistemas-de-producao-tipo-job-shop\/#webpage\",\"url\":\"https:\/\/dep.ufscar.br\/index.php\/projetos-de-pesquisa-projeto-auxilio-pesquisa-regular-fapesp-modelos-dinamicos-para-controle-de-sistemas-de-producao-tipo-job-shop\/\",\"name\":\"Projetos de Pesquisa - Dep de Engenharia de Produ\\u00e7\\u00e3o - UFSCar\",\"isPartOf\":{\"@id\":\"https:\/\/dep.ufscar.br\/#website\"},\"primaryImageOfPage\":{\"@id\":\"https:\/\/dep.ufscar.br\/index.php\/projetos-de-pesquisa-projeto-auxilio-pesquisa-regular-fapesp-modelos-dinamicos-para-controle-de-sistemas-de-producao-tipo-job-shop\/#primaryimage\"},\"datePublished\":\"2021-07-24T17:17:07+00:00\",\"dateModified\":\"2021-09-27T21:56:25+00:00\",\"description\":\"O projeto \\u201cModelos din\\u00e2micos para controle de sistemas de produ\\u00e7\\u00e3o\\u201d desenvolve modelos din\\u00e2micos de malha fechada para controle da produ\\u00e7\\u00e3o\",\"breadcrumb\":{\"@id\":\"https:\/\/dep.ufscar.br\/index.php\/projetos-de-pesquisa-projeto-auxilio-pesquisa-regular-fapesp-modelos-dinamicos-para-controle-de-sistemas-de-producao-tipo-job-shop\/#breadcrumb\"},\"inLanguage\":\"pt-BR\",\"potentialAction\":[{\"@type\":\"ReadAction\",\"target\":[\"https:\/\/dep.ufscar.br\/index.php\/projetos-de-pesquisa-projeto-auxilio-pesquisa-regular-fapesp-modelos-dinamicos-para-controle-de-sistemas-de-producao-tipo-job-shop\/\"]}]},{\"@type\":\"BreadcrumbList\",\"@id\":\"https:\/\/dep.ufscar.br\/index.php\/projetos-de-pesquisa-projeto-auxilio-pesquisa-regular-fapesp-modelos-dinamicos-para-controle-de-sistemas-de-producao-tipo-job-shop\/#breadcrumb\",\"itemListElement\":[{\"@type\":\"ListItem\",\"position\":1,\"name\":\"Home\",\"item\":\"https:\/\/dep.ufscar.br\/\"},{\"@type\":\"ListItem\",\"position\":2,\"name\":\"Projeto &#8211; Aux\\u00edlio Pesquisa Regular FAPESP &#8211; Modelos Din\\u00e2micos para Controle de Sistemas de Produ\\u00e7\\u00e3o Tipo JOB SHOP\"}]}]}<\/script>\n<!-- \/ Yoast SEO plugin. -->","yoast_head_json":{"title":"Projetos de Pesquisa - Dep de Engenharia de Produ\u00e7\u00e3o - UFSCar","description":"O projeto \u201cModelos din\u00e2micos para controle de sistemas de produ\u00e7\u00e3o\u201d desenvolve modelos din\u00e2micos de malha fechada para controle da produ\u00e7\u00e3o","robots":{"index":"index","follow":"follow","max-snippet":"max-snippet:-1","max-image-preview":"max-image-preview:large","max-video-preview":"max-video-preview:-1"},"canonical":"https:\/\/dep.ufscar.br\/index.php\/projetos-de-pesquisa-projeto-auxilio-pesquisa-regular-fapesp-modelos-dinamicos-para-controle-de-sistemas-de-producao-tipo-job-shop\/","og_locale":"pt_BR","og_type":"article","og_title":"Projetos de Pesquisa - Dep de Engenharia de Produ\u00e7\u00e3o - UFSCar","og_description":"O projeto \u201cModelos din\u00e2micos para controle de sistemas de produ\u00e7\u00e3o\u201d desenvolve modelos din\u00e2micos de malha fechada para controle da produ\u00e7\u00e3o","og_url":"https:\/\/dep.ufscar.br\/index.php\/projetos-de-pesquisa-projeto-auxilio-pesquisa-regular-fapesp-modelos-dinamicos-para-controle-de-sistemas-de-producao-tipo-job-shop\/","og_site_name":"DEP","article_modified_time":"2021-09-27T21:56:25+00:00","og_image":[{"width":300,"height":200,"url":"http:\/\/dep.ufscar.br\/wp-content\/uploads\/2021\/09\/log-dep-departamento-de-engenharia-ufscar-seo.jpg","path":"\/var\/www\/html\/desenvolvimento\/wp-content\/uploads\/2021\/09\/log-dep-departamento-de-engenharia-ufscar-seo.jpg","size":"full","id":"4900","alt":"","pixels":60000,"type":"image\/jpeg"}],"twitter_card":"summary_large_image","twitter_misc":{"Est. tempo de leitura":"3 minutos"},"schema":{"@context":"https:\/\/schema.org","@graph":[{"@type":"WebSite","@id":"https:\/\/dep.ufscar.br\/#website","url":"https:\/\/dep.ufscar.br\/","name":"DEP","description":"Departamento de Engenharia de Produ\u00e7\u00e3o","potentialAction":[{"@type":"SearchAction","target":{"@type":"EntryPoint","urlTemplate":"https:\/\/dep.ufscar.br\/?s={search_term_string}"},"query-input":"required name=search_term_string"}],"inLanguage":"pt-BR"},{"@type":"ImageObject","@id":"https:\/\/dep.ufscar.br\/index.php\/projetos-de-pesquisa-projeto-auxilio-pesquisa-regular-fapesp-modelos-dinamicos-para-controle-de-sistemas-de-producao-tipo-job-shop\/#primaryimage","inLanguage":"pt-BR","url":"https:\/\/dep.ufscar.br\/wp-content\/uploads\/2021\/09\/log-dep-departamento-de-engenharia-ufscar-seo.jpg","contentUrl":"https:\/\/dep.ufscar.br\/wp-content\/uploads\/2021\/09\/log-dep-departamento-de-engenharia-ufscar-seo.jpg","width":300,"height":200},{"@type":"WebPage","@id":"https:\/\/dep.ufscar.br\/index.php\/projetos-de-pesquisa-projeto-auxilio-pesquisa-regular-fapesp-modelos-dinamicos-para-controle-de-sistemas-de-producao-tipo-job-shop\/#webpage","url":"https:\/\/dep.ufscar.br\/index.php\/projetos-de-pesquisa-projeto-auxilio-pesquisa-regular-fapesp-modelos-dinamicos-para-controle-de-sistemas-de-producao-tipo-job-shop\/","name":"Projetos de Pesquisa - Dep de Engenharia de Produ\u00e7\u00e3o - UFSCar","isPartOf":{"@id":"https:\/\/dep.ufscar.br\/#website"},"primaryImageOfPage":{"@id":"https:\/\/dep.ufscar.br\/index.php\/projetos-de-pesquisa-projeto-auxilio-pesquisa-regular-fapesp-modelos-dinamicos-para-controle-de-sistemas-de-producao-tipo-job-shop\/#primaryimage"},"datePublished":"2021-07-24T17:17:07+00:00","dateModified":"2021-09-27T21:56:25+00:00","description":"O projeto \u201cModelos din\u00e2micos para controle de sistemas de produ\u00e7\u00e3o\u201d desenvolve modelos din\u00e2micos de malha fechada para controle da produ\u00e7\u00e3o","breadcrumb":{"@id":"https:\/\/dep.ufscar.br\/index.php\/projetos-de-pesquisa-projeto-auxilio-pesquisa-regular-fapesp-modelos-dinamicos-para-controle-de-sistemas-de-producao-tipo-job-shop\/#breadcrumb"},"inLanguage":"pt-BR","potentialAction":[{"@type":"ReadAction","target":["https:\/\/dep.ufscar.br\/index.php\/projetos-de-pesquisa-projeto-auxilio-pesquisa-regular-fapesp-modelos-dinamicos-para-controle-de-sistemas-de-producao-tipo-job-shop\/"]}]},{"@type":"BreadcrumbList","@id":"https:\/\/dep.ufscar.br\/index.php\/projetos-de-pesquisa-projeto-auxilio-pesquisa-regular-fapesp-modelos-dinamicos-para-controle-de-sistemas-de-producao-tipo-job-shop\/#breadcrumb","itemListElement":[{"@type":"ListItem","position":1,"name":"Home","item":"https:\/\/dep.ufscar.br\/"},{"@type":"ListItem","position":2,"name":"Projeto &#8211; Aux\u00edlio Pesquisa Regular FAPESP &#8211; Modelos Din\u00e2micos para Controle de Sistemas de Produ\u00e7\u00e3o Tipo JOB SHOP"}]}]}},"_links":{"self":[{"href":"https:\/\/dep.ufscar.br\/index.php\/wp-json\/wp\/v2\/pages\/4053"}],"collection":[{"href":"https:\/\/dep.ufscar.br\/index.php\/wp-json\/wp\/v2\/pages"}],"about":[{"href":"https:\/\/dep.ufscar.br\/index.php\/wp-json\/wp\/v2\/types\/page"}],"author":[{"embeddable":true,"href":"https:\/\/dep.ufscar.br\/index.php\/wp-json\/wp\/v2\/users\/1"}],"replies":[{"embeddable":true,"href":"https:\/\/dep.ufscar.br\/index.php\/wp-json\/wp\/v2\/comments?post=4053"}],"version-history":[{"count":6,"href":"https:\/\/dep.ufscar.br\/index.php\/wp-json\/wp\/v2\/pages\/4053\/revisions"}],"predecessor-version":[{"id":4118,"href":"https:\/\/dep.ufscar.br\/index.php\/wp-json\/wp\/v2\/pages\/4053\/revisions\/4118"}],"wp:featuredmedia":[{"embeddable":true,"href":"https:\/\/dep.ufscar.br\/index.php\/wp-json\/wp\/v2\/media\/4351"}],"wp:attachment":[{"href":"https:\/\/dep.ufscar.br\/index.php\/wp-json\/wp\/v2\/media?parent=4053"}],"wp:term":[{"taxonomy":"category","embeddable":true,"href":"https:\/\/dep.ufscar.br\/index.php\/wp-json\/wp\/v2\/categories?post=4053"},{"taxonomy":"post_tag","embeddable":true,"href":"https:\/\/dep.ufscar.br\/index.php\/wp-json\/wp\/v2\/tags?post=4053"}],"curies":[{"name":"wp","href":"https:\/\/api.w.org\/{rel}","templated":true}]}}