{"id":4050,"date":"2021-07-24T14:14:32","date_gmt":"2021-07-24T17:14:32","guid":{"rendered":"http:\/\/desenvolvimento.dep.ufscar.br\/?page_id=4050"},"modified":"2021-09-27T18:52:06","modified_gmt":"2021-09-27T21:52:06","slug":"projetos-de-pesquisa-impactos-ambientais-e-direcionadores-do-investimento-direto-estrangeiro-evidencia-do-estado-de-sao-paulo-brasil","status":"publish","type":"page","link":"https:\/\/dep.ufscar.br\/index.php\/projetos-de-pesquisa-impactos-ambientais-e-direcionadores-do-investimento-direto-estrangeiro-evidencia-do-estado-de-sao-paulo-brasil\/","title":{"rendered":"Impactos Ambientais e Direcionadores do Investimento Direto Estrangeiro: Evid\u00eancia do Estado de S\u00e3o Paulo, Brasil"},"content":{"rendered":"<p>[vc_row rt_row_background_width=&#8221;fullwidth&#8221; rt_row_content_width=&#8221;default&#8221; rt_row_style=&#8221;alt-style-2&#8243; rt_column_placement=&#8221;middle&#8221; rt_row_borders=&#8221;&#8221; rt_row_shadows=&#8221;&#8221; rt_row_paddings=&#8221;true&#8221; rt_bg_effect=&#8221;classic&#8221; rt_bg_image_repeat=&#8221;repeat&#8221; rt_bg_size=&#8221;cover&#8221; rt_bg_position=&#8221;center center&#8221; rt_bg_attachment=&#8221;scroll&#8221; rt_bg_video_format=&#8221;youtube&#8221; rt_padding_top=&#8221;100&#8243; rt_bg_image=&#8221;3300&#8243; rt_row_height=&#8221;450&#8243; rt_bg_overlay_color=&#8221;rgba(0,0,0,0.2)&#8221;][vc_column rt_column_shadow=&#8221;&#8221; rt_bg_image_repeat=&#8221;repeat&#8221; rt_bg_size=&#8221;auto auto&#8221; rt_bg_attachment=&#8221;scroll&#8221; rt_bg_color=&#8221;&#8221; rt_bg_overlay_color=&#8221;&#8221; rt_padding_top=&#8221;140&#8243;]<div class=\"rt_heading_wrapper style-1\">\n\t\t\t\t\t\t<h1 class=\"rt_heading  with_punchline style-1\" ><span class=\"punchline\">GRUPOS DE PESQUISA E EXTENS\u00c3O<\/span>Projeto de Pesquisa<\/h1>\n\t\t\t\t\t<\/div>[\/vc_column][\/vc_row][vc_row rt_row_background_width=&#8221;fullwidth&#8221; rt_row_content_width=&#8221;default&#8221; rt_row_style=&#8221;default-style&#8221; rt_row_borders=&#8221;&#8221; rt_row_shadows=&#8221;&#8221; rt_row_paddings=&#8221;true&#8221; rt_bg_effect=&#8221;classic&#8221; rt_bg_image_repeat=&#8221;repeat&#8221; rt_bg_size=&#8221;cover&#8221; rt_bg_position=&#8221;right top&#8221; rt_bg_attachment=&#8221;scroll&#8221; rt_bg_video_format=&#8221;self-hosted&#8221; rt_padding_top=&#8221;80&#8243; rt_padding_bottom=&#8221;80&#8243;][vc_column rt_column_shadow=&#8221;&#8221; rt_bg_image_repeat=&#8221;repeat&#8221; rt_bg_size=&#8221;auto auto&#8221; rt_bg_attachment=&#8221;scroll&#8221;]<div class=\"rt_heading_wrapper style-1\">\n\t\t\t\t\t\t<h3 class=\"rt_heading  style-1\" >Impactos Ambientais e Direcionadores do Investimento Direto Estrangeiro: Evid\u00eancia do Estado de S\u00e3o Paulo, Brasil<\/h3>\n\t\t\t\t\t<\/div>[vc_column_text]<\/p>\n<p style=\"text-align: justify;\">A literatura atual sobre Investimento Direto Estrangeiro (IDE) procura entender o que atrai esses investimentos para uma regi\u00e3o espec\u00edfica e suas poss\u00edveis consequ\u00eancias ambientais. No entanto, \u00e9 raro encontrar estudos empregando dados em n\u00edvel municipal, considerando a origem dos pa\u00edses investidores nas economias em desenvolvimento. Assim, a pesquisa proposta visa compreender os fatores locacionais do IDE no Estado de S\u00e3o Paulo &#8211; Brasil e seus impactos ambientais em n\u00edvel regional. Al\u00e9m disso, o primeiro banco de dados municipal sobre investimentos estrangeiros ser\u00e1 constru\u00eddo para o Estado de S\u00e3o Paulo, que, al\u00e9m da avalia\u00e7\u00e3o dos objetivos acima mencionados, resultar\u00e1 no primeiro ATLAS de IDE de n\u00edvel municipal para todo o Estado de S\u00e3o Paulo. Os resultados esperados ser\u00e3o do interesse de investidores e formuladores de pol\u00edticas.<\/p>\n<p style=\"text-align: justify;\">Resultados pr\u00e9vios demonstram que ainda existe um vazio de capital estrangeiro no estado de S\u00e3o Paulo, como demonstrado no mapa abaixo. No entanto, nossos resultados apontam que a presen\u00e7a de multinacionais estrangeiras tende a ser ben\u00e9fico a produtividade de empresas geograficamente pr\u00f3ximas e para indicadores sociais da regi\u00e3o receptora, tais como sa\u00fade, educa\u00e7\u00e3o, renda e emprego. \u00a0Tamb\u00e9m, nossos resultados apontam que regi\u00f5es com elevada concentra\u00e7\u00e3o de empresas estrangeiras tendem ter melhor performance ambiental.<\/p>\n<p>[\/vc_column_text][vc_empty_space height=&#8221;30px&#8221;][vc_single_image image=&#8221;4085&#8243; img_size=&#8221;full&#8221; alignment=&#8221;center&#8221; style=&#8221;vc_box_border&#8221; css_animation=&#8221;fadeIn&#8221;][vc_empty_space height=&#8221;30px&#8221;][vc_column_text]<em><strong>Refer\u00eancias:<\/strong><\/em><\/p>\n<p><a href=\"https:\/\/www.sciencedirect.com\/science\/article\/abs\/pii\/S105905602030160X\" target=\"_blank\" rel=\"noopener\">https:\/\/www.sciencedirect.com\/science\/article\/abs\/pii\/S105905602030160X<\/a><br \/>\n<a href=\"https:\/\/www.mdpi.com\/2071-1050\/13\/8\/4114\" target=\"_blank\" rel=\"noopener\">https:\/\/www.mdpi.com\/2071-1050\/13\/8\/4114<\/a><br \/>\n<a href=\"https:\/\/onlinelibrary-wiley.ez31.periodicos.capes.gov.br\/doi\/10.1111\/grow.12484\" target=\"_blank\" rel=\"noopener\">https:\/\/onlinelibrary-wiley.ez31.periodicos.capes.gov.br\/doi\/10.1111\/grow.12484<\/a>[\/vc_column_text][\/vc_column][\/vc_row]<\/p>\n","protected":false},"excerpt":{"rendered":"<p>[vc_row rt_row_background_width=&#8221;fullwidth&#8221; rt_row_content_width=&#8221;default&#8221; rt_row_style=&#8221;alt-style-2&#8243; rt_column_placement=&#8221;middle&#8221; rt_row_borders=&#8221;&#8221; rt_row_shadows=&#8221;&#8221; rt_row_paddings=&#8221;true&#8221; rt_bg_effect=&#8221;classic&#8221; rt_bg_image_repeat=&#8221;repeat&#8221; rt_bg_size=&#8221;cover&#8221; rt_bg_position=&#8221;center center&#8221; rt_bg_attachment=&#8221;scroll&#8221; rt_bg_video_format=&#8221;youtube&#8221; rt_padding_top=&#8221;100&#8243; rt_bg_image=&#8221;3300&#8243; rt_row_height=&#8221;450&#8243; rt_bg_overlay_color=&#8221;rgba(0,0,0,0.2)&#8221;][vc_column rt_column_shadow=&#8221;&#8221; rt_bg_image_repeat=&#8221;repeat&#8221; rt_bg_size=&#8221;auto auto&#8221; rt_bg_attachment=&#8221;scroll&#8221; rt_bg_color=&#8221;&#8221; rt_bg_overlay_color=&#8221;&#8221; rt_padding_top=&#8221;140&#8243;][\/vc_column][\/vc_row][vc_row rt_row_background_width=&#8221;fullwidth&#8221; rt_row_content_width=&#8221;default&#8221; rt_row_style=&#8221;default-style&#8221; rt_row_borders=&#8221;&#8221; rt_row_shadows=&#8221;&#8221; rt_row_paddings=&#8221;true&#8221; rt_bg_effect=&#8221;classic&#8221; rt_bg_image_repeat=&#8221;repeat&#8221; rt_bg_size=&#8221;cover&#8221; rt_bg_position=&#8221;right top&#8221; rt_bg_attachment=&#8221;scroll&#8221; rt_bg_video_format=&#8221;self-hosted&#8221; rt_padding_top=&#8221;80&#8243; rt_padding_bottom=&#8221;80&#8243;][vc_column rt_column_shadow=&#8221;&#8221; rt_bg_image_repeat=&#8221;repeat&#8221; rt_bg_size=&#8221;auto auto&#8221; rt_bg_attachment=&#8221;scroll&#8221;][vc_column_text] A literatura atual sobre Investimento Direto Estrangeiro (IDE) &#8230; <a class=\"more-link\" href=\"https:\/\/dep.ufscar.br\/index.php\/projetos-de-pesquisa-impactos-ambientais-e-direcionadores-do-investimento-direto-estrangeiro-evidencia-do-estado-de-sao-paulo-brasil\/\">Leia mais<\/a><\/p>\n","protected":false},"author":1,"featured_media":4353,"parent":0,"menu_order":0,"comment_status":"closed","ping_status":"closed","template":"","meta":[],"categories":[32],"tags":[],"yoast_head":"<!-- This site is optimized with the Yoast SEO plugin v17.0 - https:\/\/yoast.com\/wordpress\/plugins\/seo\/ -->\n<title>Projetos de Pesquisa - Dep de Engenharia de Produ\u00e7\u00e3o - UFSCar<\/title>\n<meta name=\"description\" content=\"Conhe\u00e7a nosso estudo sobre Impactos Ambientais e Direcionadores do Investimento Direto Estrangeiro no estado de S\u00e3o Paulo e sua import\u00e2ncia.\" \/>\n<meta name=\"robots\" content=\"index, follow, max-snippet:-1, max-image-preview:large, max-video-preview:-1\" \/>\n<link rel=\"canonical\" href=\"https:\/\/dep.ufscar.br\/index.php\/projetos-de-pesquisa-impactos-ambientais-e-direcionadores-do-investimento-direto-estrangeiro-evidencia-do-estado-de-sao-paulo-brasil\/\" \/>\n<meta property=\"og:locale\" content=\"pt_BR\" \/>\n<meta property=\"og:type\" content=\"article\" \/>\n<meta property=\"og:title\" content=\"Projetos de Pesquisa - Dep de Engenharia de Produ\u00e7\u00e3o - UFSCar\" \/>\n<meta property=\"og:description\" content=\"Conhe\u00e7a nosso estudo sobre Impactos Ambientais e Direcionadores do Investimento Direto Estrangeiro no estado de S\u00e3o Paulo e sua import\u00e2ncia.\" \/>\n<meta property=\"og:url\" content=\"https:\/\/dep.ufscar.br\/index.php\/projetos-de-pesquisa-impactos-ambientais-e-direcionadores-do-investimento-direto-estrangeiro-evidencia-do-estado-de-sao-paulo-brasil\/\" \/>\n<meta property=\"og:site_name\" content=\"DEP\" \/>\n<meta property=\"article:modified_time\" content=\"2021-09-27T21:52:06+00:00\" \/>\n<meta property=\"og:image\" content=\"http:\/\/dep.ufscar.br\/wp-content\/uploads\/2021\/09\/log-dep-departamento-de-engenharia-ufscar-seo.jpg\" \/>\n\t<meta property=\"og:image:width\" content=\"300\" \/>\n\t<meta property=\"og:image:height\" content=\"200\" \/>\n<meta name=\"twitter:card\" content=\"summary_large_image\" \/>\n<meta name=\"twitter:label1\" content=\"Est. tempo de leitura\" \/>\n\t<meta name=\"twitter:data1\" content=\"3 minutos\" \/>\n<script type=\"application\/ld+json\" class=\"yoast-schema-graph\">{\"@context\":\"https:\/\/schema.org\",\"@graph\":[{\"@type\":\"WebSite\",\"@id\":\"https:\/\/dep.ufscar.br\/#website\",\"url\":\"https:\/\/dep.ufscar.br\/\",\"name\":\"DEP\",\"description\":\"Departamento de Engenharia de Produ\\u00e7\\u00e3o\",\"potentialAction\":[{\"@type\":\"SearchAction\",\"target\":{\"@type\":\"EntryPoint\",\"urlTemplate\":\"https:\/\/dep.ufscar.br\/?s={search_term_string}\"},\"query-input\":\"required name=search_term_string\"}],\"inLanguage\":\"pt-BR\"},{\"@type\":\"ImageObject\",\"@id\":\"https:\/\/dep.ufscar.br\/index.php\/projetos-de-pesquisa-impactos-ambientais-e-direcionadores-do-investimento-direto-estrangeiro-evidencia-do-estado-de-sao-paulo-brasil\/#primaryimage\",\"inLanguage\":\"pt-BR\",\"url\":\"https:\/\/dep.ufscar.br\/wp-content\/uploads\/2021\/09\/log-dep-departamento-de-engenharia-ufscar-seo.jpg\",\"contentUrl\":\"https:\/\/dep.ufscar.br\/wp-content\/uploads\/2021\/09\/log-dep-departamento-de-engenharia-ufscar-seo.jpg\",\"width\":300,\"height\":200},{\"@type\":\"WebPage\",\"@id\":\"https:\/\/dep.ufscar.br\/index.php\/projetos-de-pesquisa-impactos-ambientais-e-direcionadores-do-investimento-direto-estrangeiro-evidencia-do-estado-de-sao-paulo-brasil\/#webpage\",\"url\":\"https:\/\/dep.ufscar.br\/index.php\/projetos-de-pesquisa-impactos-ambientais-e-direcionadores-do-investimento-direto-estrangeiro-evidencia-do-estado-de-sao-paulo-brasil\/\",\"name\":\"Projetos de Pesquisa - Dep de Engenharia de Produ\\u00e7\\u00e3o - UFSCar\",\"isPartOf\":{\"@id\":\"https:\/\/dep.ufscar.br\/#website\"},\"primaryImageOfPage\":{\"@id\":\"https:\/\/dep.ufscar.br\/index.php\/projetos-de-pesquisa-impactos-ambientais-e-direcionadores-do-investimento-direto-estrangeiro-evidencia-do-estado-de-sao-paulo-brasil\/#primaryimage\"},\"datePublished\":\"2021-07-24T17:14:32+00:00\",\"dateModified\":\"2021-09-27T21:52:06+00:00\",\"description\":\"Conhe\\u00e7a nosso estudo sobre Impactos Ambientais e Direcionadores do Investimento Direto Estrangeiro no estado de S\\u00e3o Paulo e sua import\\u00e2ncia.\",\"breadcrumb\":{\"@id\":\"https:\/\/dep.ufscar.br\/index.php\/projetos-de-pesquisa-impactos-ambientais-e-direcionadores-do-investimento-direto-estrangeiro-evidencia-do-estado-de-sao-paulo-brasil\/#breadcrumb\"},\"inLanguage\":\"pt-BR\",\"potentialAction\":[{\"@type\":\"ReadAction\",\"target\":[\"https:\/\/dep.ufscar.br\/index.php\/projetos-de-pesquisa-impactos-ambientais-e-direcionadores-do-investimento-direto-estrangeiro-evidencia-do-estado-de-sao-paulo-brasil\/\"]}]},{\"@type\":\"BreadcrumbList\",\"@id\":\"https:\/\/dep.ufscar.br\/index.php\/projetos-de-pesquisa-impactos-ambientais-e-direcionadores-do-investimento-direto-estrangeiro-evidencia-do-estado-de-sao-paulo-brasil\/#breadcrumb\",\"itemListElement\":[{\"@type\":\"ListItem\",\"position\":1,\"name\":\"Home\",\"item\":\"https:\/\/dep.ufscar.br\/\"},{\"@type\":\"ListItem\",\"position\":2,\"name\":\"Impactos Ambientais e Direcionadores do Investimento Direto Estrangeiro: Evid\\u00eancia do Estado de S\\u00e3o Paulo, Brasil\"}]}]}<\/script>\n<!-- \/ Yoast SEO plugin. -->","yoast_head_json":{"title":"Projetos de Pesquisa - Dep de Engenharia de Produ\u00e7\u00e3o - UFSCar","description":"Conhe\u00e7a nosso estudo sobre Impactos Ambientais e Direcionadores do Investimento Direto Estrangeiro no estado de S\u00e3o Paulo e sua import\u00e2ncia.","robots":{"index":"index","follow":"follow","max-snippet":"max-snippet:-1","max-image-preview":"max-image-preview:large","max-video-preview":"max-video-preview:-1"},"canonical":"https:\/\/dep.ufscar.br\/index.php\/projetos-de-pesquisa-impactos-ambientais-e-direcionadores-do-investimento-direto-estrangeiro-evidencia-do-estado-de-sao-paulo-brasil\/","og_locale":"pt_BR","og_type":"article","og_title":"Projetos de Pesquisa - Dep de Engenharia de Produ\u00e7\u00e3o - UFSCar","og_description":"Conhe\u00e7a nosso estudo sobre Impactos Ambientais e Direcionadores do Investimento Direto Estrangeiro no estado de S\u00e3o Paulo e sua import\u00e2ncia.","og_url":"https:\/\/dep.ufscar.br\/index.php\/projetos-de-pesquisa-impactos-ambientais-e-direcionadores-do-investimento-direto-estrangeiro-evidencia-do-estado-de-sao-paulo-brasil\/","og_site_name":"DEP","article_modified_time":"2021-09-27T21:52:06+00:00","og_image":[{"width":300,"height":200,"url":"http:\/\/dep.ufscar.br\/wp-content\/uploads\/2021\/09\/log-dep-departamento-de-engenharia-ufscar-seo.jpg","path":"\/var\/www\/html\/desenvolvimento\/wp-content\/uploads\/2021\/09\/log-dep-departamento-de-engenharia-ufscar-seo.jpg","size":"full","id":"4900","alt":"","pixels":60000,"type":"image\/jpeg"}],"twitter_card":"summary_large_image","twitter_misc":{"Est. tempo de leitura":"3 minutos"},"schema":{"@context":"https:\/\/schema.org","@graph":[{"@type":"WebSite","@id":"https:\/\/dep.ufscar.br\/#website","url":"https:\/\/dep.ufscar.br\/","name":"DEP","description":"Departamento de Engenharia de Produ\u00e7\u00e3o","potentialAction":[{"@type":"SearchAction","target":{"@type":"EntryPoint","urlTemplate":"https:\/\/dep.ufscar.br\/?s={search_term_string}"},"query-input":"required name=search_term_string"}],"inLanguage":"pt-BR"},{"@type":"ImageObject","@id":"https:\/\/dep.ufscar.br\/index.php\/projetos-de-pesquisa-impactos-ambientais-e-direcionadores-do-investimento-direto-estrangeiro-evidencia-do-estado-de-sao-paulo-brasil\/#primaryimage","inLanguage":"pt-BR","url":"https:\/\/dep.ufscar.br\/wp-content\/uploads\/2021\/09\/log-dep-departamento-de-engenharia-ufscar-seo.jpg","contentUrl":"https:\/\/dep.ufscar.br\/wp-content\/uploads\/2021\/09\/log-dep-departamento-de-engenharia-ufscar-seo.jpg","width":300,"height":200},{"@type":"WebPage","@id":"https:\/\/dep.ufscar.br\/index.php\/projetos-de-pesquisa-impactos-ambientais-e-direcionadores-do-investimento-direto-estrangeiro-evidencia-do-estado-de-sao-paulo-brasil\/#webpage","url":"https:\/\/dep.ufscar.br\/index.php\/projetos-de-pesquisa-impactos-ambientais-e-direcionadores-do-investimento-direto-estrangeiro-evidencia-do-estado-de-sao-paulo-brasil\/","name":"Projetos de Pesquisa - Dep de Engenharia de Produ\u00e7\u00e3o - UFSCar","isPartOf":{"@id":"https:\/\/dep.ufscar.br\/#website"},"primaryImageOfPage":{"@id":"https:\/\/dep.ufscar.br\/index.php\/projetos-de-pesquisa-impactos-ambientais-e-direcionadores-do-investimento-direto-estrangeiro-evidencia-do-estado-de-sao-paulo-brasil\/#primaryimage"},"datePublished":"2021-07-24T17:14:32+00:00","dateModified":"2021-09-27T21:52:06+00:00","description":"Conhe\u00e7a nosso estudo sobre Impactos Ambientais e Direcionadores do Investimento Direto Estrangeiro no estado de S\u00e3o Paulo e sua import\u00e2ncia.","breadcrumb":{"@id":"https:\/\/dep.ufscar.br\/index.php\/projetos-de-pesquisa-impactos-ambientais-e-direcionadores-do-investimento-direto-estrangeiro-evidencia-do-estado-de-sao-paulo-brasil\/#breadcrumb"},"inLanguage":"pt-BR","potentialAction":[{"@type":"ReadAction","target":["https:\/\/dep.ufscar.br\/index.php\/projetos-de-pesquisa-impactos-ambientais-e-direcionadores-do-investimento-direto-estrangeiro-evidencia-do-estado-de-sao-paulo-brasil\/"]}]},{"@type":"BreadcrumbList","@id":"https:\/\/dep.ufscar.br\/index.php\/projetos-de-pesquisa-impactos-ambientais-e-direcionadores-do-investimento-direto-estrangeiro-evidencia-do-estado-de-sao-paulo-brasil\/#breadcrumb","itemListElement":[{"@type":"ListItem","position":1,"name":"Home","item":"https:\/\/dep.ufscar.br\/"},{"@type":"ListItem","position":2,"name":"Impactos Ambientais e Direcionadores do Investimento Direto Estrangeiro: Evid\u00eancia do Estado de S\u00e3o Paulo, Brasil"}]}]}},"_links":{"self":[{"href":"https:\/\/dep.ufscar.br\/index.php\/wp-json\/wp\/v2\/pages\/4050"}],"collection":[{"href":"https:\/\/dep.ufscar.br\/index.php\/wp-json\/wp\/v2\/pages"}],"about":[{"href":"https:\/\/dep.ufscar.br\/index.php\/wp-json\/wp\/v2\/types\/page"}],"author":[{"embeddable":true,"href":"https:\/\/dep.ufscar.br\/index.php\/wp-json\/wp\/v2\/users\/1"}],"replies":[{"embeddable":true,"href":"https:\/\/dep.ufscar.br\/index.php\/wp-json\/wp\/v2\/comments?post=4050"}],"version-history":[{"count":11,"href":"https:\/\/dep.ufscar.br\/index.php\/wp-json\/wp\/v2\/pages\/4050\/revisions"}],"predecessor-version":[{"id":4608,"href":"https:\/\/dep.ufscar.br\/index.php\/wp-json\/wp\/v2\/pages\/4050\/revisions\/4608"}],"wp:featuredmedia":[{"embeddable":true,"href":"https:\/\/dep.ufscar.br\/index.php\/wp-json\/wp\/v2\/media\/4353"}],"wp:attachment":[{"href":"https:\/\/dep.ufscar.br\/index.php\/wp-json\/wp\/v2\/media?parent=4050"}],"wp:term":[{"taxonomy":"category","embeddable":true,"href":"https:\/\/dep.ufscar.br\/index.php\/wp-json\/wp\/v2\/categories?post=4050"},{"taxonomy":"post_tag","embeddable":true,"href":"https:\/\/dep.ufscar.br\/index.php\/wp-json\/wp\/v2\/tags?post=4050"}],"curies":[{"name":"wp","href":"https:\/\/api.w.org\/{rel}","templated":true}]}}