{"id":4046,"date":"2021-07-24T13:56:33","date_gmt":"2021-07-24T16:56:33","guid":{"rendered":"http:\/\/desenvolvimento.dep.ufscar.br\/?page_id=4046"},"modified":"2021-09-27T18:50:21","modified_gmt":"2021-09-27T21:50:21","slug":"projetos-de-pesquisa-grupo-de-pesquisa-do-dep-ufscar-e-contemplado-por-edital-da-finep-para-projeto-de-inovacao-em-tecnologia-assistiva","status":"publish","type":"page","link":"https:\/\/dep.ufscar.br\/index.php\/projetos-de-pesquisa-grupo-de-pesquisa-do-dep-ufscar-e-contemplado-por-edital-da-finep-para-projeto-de-inovacao-em-tecnologia-assistiva\/","title":{"rendered":"Grupo de pesquisa do DEP UFSCar \u00e9 contemplado por edital da Finep para projeto de inova\u00e7\u00e3o em Tecnologia Assistiva"},"content":{"rendered":"<p>[vc_row rt_row_background_width=&#8221;fullwidth&#8221; rt_row_content_width=&#8221;default&#8221; rt_row_style=&#8221;alt-style-2&#8243; rt_column_placement=&#8221;middle&#8221; rt_row_borders=&#8221;&#8221; rt_row_shadows=&#8221;&#8221; rt_row_paddings=&#8221;true&#8221; rt_bg_effect=&#8221;classic&#8221; rt_bg_image_repeat=&#8221;repeat&#8221; rt_bg_size=&#8221;cover&#8221; rt_bg_position=&#8221;center center&#8221; rt_bg_attachment=&#8221;scroll&#8221; rt_bg_video_format=&#8221;youtube&#8221; rt_padding_top=&#8221;100&#8243; rt_bg_image=&#8221;3300&#8243; rt_row_height=&#8221;450&#8243; rt_bg_overlay_color=&#8221;rgba(0,0,0,0.2)&#8221;][vc_column rt_column_shadow=&#8221;&#8221; rt_bg_image_repeat=&#8221;repeat&#8221; rt_bg_size=&#8221;auto auto&#8221; rt_bg_attachment=&#8221;scroll&#8221; rt_bg_color=&#8221;&#8221; rt_bg_overlay_color=&#8221;&#8221; rt_padding_top=&#8221;140&#8243;]<div class=\"rt_heading_wrapper style-1\">\n\t\t\t\t\t\t<h1 class=\"rt_heading  with_punchline style-1\" ><span class=\"punchline\">GRUPOS DE PESQUISA E EXTENS\u00c3O<\/span>Projeto de Pesquisa<\/h1>\n\t\t\t\t\t<\/div>[\/vc_column][\/vc_row][vc_row rt_row_background_width=&#8221;fullwidth&#8221; rt_row_content_width=&#8221;default&#8221; rt_row_style=&#8221;default-style&#8221; rt_row_borders=&#8221;&#8221; rt_row_shadows=&#8221;&#8221; rt_row_paddings=&#8221;true&#8221; rt_bg_effect=&#8221;classic&#8221; rt_bg_image_repeat=&#8221;repeat&#8221; rt_bg_size=&#8221;cover&#8221; rt_bg_position=&#8221;right top&#8221; rt_bg_attachment=&#8221;scroll&#8221; rt_bg_video_format=&#8221;self-hosted&#8221; rt_padding_top=&#8221;80&#8243; rt_padding_bottom=&#8221;80&#8243; class=&#8221;d-desktop&#8221;][vc_column rt_column_shadow=&#8221;&#8221; rt_bg_image_repeat=&#8221;repeat&#8221; rt_bg_size=&#8221;auto auto&#8221; rt_bg_attachment=&#8221;scroll&#8221; offset=&#8221;vc_hidden-sm vc_hidden-xs&#8221; rt_bg_color=&#8221;&#8221; rt_bg_overlay_color=&#8221;&#8221;]<div class=\"rt_heading_wrapper style-1\">\n\t\t\t\t\t\t<h3 class=\"rt_heading  style-1\" >Grupo de pesquisa do DEP UFSCar \u00e9 contemplado por edital da Finep para projeto de inova\u00e7\u00e3o em Tecnologia Assistiva<\/h3>\n\t\t\t\t\t<\/div>[vc_gallery type=&#8221;image_grid&#8221; images=&#8221;4061,4062,4068,4063,4064,4065,4067,4066,4070,4073,4074,4072&#8243; img_size=&#8221;182&#215;182&#8243;][vc_column_text]<\/p>\n<p style=\"text-align: justify;\">Em meados de 2020, a partir de uma demanda de adapta\u00e7\u00e3o de um dispositivo projetado inicialmente para lazer de crian\u00e7as (normalmente encontrado em quiosques de shopping centers para loca\u00e7\u00e3o) uma equipe multiprofissional se uniu para pensar o desenvolvimento de solu\u00e7\u00f5es que resultassem em maior autonomia para crian\u00e7as com defici\u00eancia durante sess\u00f5es de terapia, para uso em suas resid\u00eancias ou ainda em outros espa\u00e7os. A equipe foi composta pelas fisioterapeutas Carol Corsi e Mariana Santos, por uma docente do Departamento de Fisioterapia, Profa. Dra. Ana Carolina de Campos, pelo docente Daniel Braatz e pelo t\u00e9cnico de laborat\u00f3rio Tiago Nordi, ambos do DEP-UFSCar.<\/p>\n<p style=\"text-align: justify;\">As adapta\u00e7\u00f5es foram realizadas por uma empresa que produz equipamentos eletr\u00f4nicos industriais e pelo grupo de pesquisa CDPRO Makerspace do DEP UFSCar que atua com projetos de inova\u00e7\u00e3o em engenharia e sa\u00fade. Tal desenvolvimento foi tema de reportagem e pode ser assistida neste link: <a href=\"https:\/\/g1.globo.com\/sp\/sao-carlos-regiao\/edicao\/2021\/01\/02\/videos-reveja-as-reportagens-do-eptv1-deste-sabado-2-de-janeiro.ghtml#video-9147388-id\">https:\/\/g1.globo.com\/sp\/sao-carlos-regiao\/edicao\/2021\/01\/02\/videos-reveja-as-reportagens-do-eptv1-deste-sabado-2-de-janeiro.ghtml#video-9147388-id<\/a>.<\/p>\n<p style=\"text-align: justify;\">A partir desta primeira experi\u00eancia de atua\u00e7\u00e3o foi poss\u00edvel a constru\u00e7\u00e3o de uma proposta para uma Sele\u00e7\u00e3o P\u00fablica de Projetos em Tecnologia Assistiva para fomento \u00e0 Pesquisa, Desenvolvimento e Inova\u00e7\u00e3o para inclus\u00e3o de pessoas com Defici\u00eancia, Idosas e com mobilidade reduzida. O edital teve como objetivo conceder recursos para pesquisa, desenvolvimento tecnol\u00f3gico e inova\u00e7\u00e3o, em projetos que envolvam risco tecnol\u00f3gico e\/ou contribuam com a atualiza\u00e7\u00e3o tecnol\u00f3gica do SUS em Tecnologia Assistiva a fim de promover a independ\u00eancia, autonomia, inclus\u00e3o social e melhoria da qualidade de vida para pessoas com defici\u00eancia, pessoas idosas e outras com mobilidade reduzida, bem como facilitar a atua\u00e7\u00e3o dessas pessoas no seu cotidiano.<\/p>\n<p style=\"text-align: justify;\">A proposta, que tem como executora a UFSCar, a UFTM como co-executora e como proponente a FAI-UFSCar, foi selecionada pela Finep e teve o contrato assinado no final de junho de 2021 com in\u00edcio previsto para agosto de 2021. O projeto ter\u00e1 dura\u00e7\u00e3o total de 3 anos e contar\u00e1 com a participa\u00e7\u00e3o de 11 Bolsistas (2 p\u00f3s-doutorandos, 3 mestrandos e 6 graduandos com bolsa de inicia\u00e7\u00e3o cient\u00edfica). Al\u00e9m da Finep, uma empresa eletr\u00f4nica de S\u00e3o Carlos participa como co-financiadora e apoio t\u00e9cnico especializado. O DEP-UFSCar \u00e9 representado na proposta pelos docentes Daniel Braatz, Fabiane Lizarelli, F\u00e1bio Molina e pelo t\u00e9cnico Tiago Nordi.<\/p>\n<p style=\"text-align: justify;\">O t\u00edtulo do projeto \u00e9 \u201c<em>AssistiVerse &#8211; Desenvolvimento de Plataforma Digital para Personaliza\u00e7\u00e3o e Aux\u00edlio \u00e0 Aquisi\u00e7\u00e3o e Montagem de Meios Auxiliares de Locomo\u00e7\u00e3o<\/em>\u201d e tem como objetivo desenvolver uma plataforma digital para personaliza\u00e7\u00e3o, aux\u00edlio para aquisi\u00e7\u00e3o e montagem dos dispositivos. Para valida\u00e7\u00e3o do sistema e in\u00edcio da opera\u00e7\u00e3o, ser\u00e1 desenvolvido e inserido na plataforma, no m\u00ednimo, quatro diferentes meios auxiliares de locomo\u00e7\u00e3o (incluindo estrutura base e complementos para customiza\u00e7\u00e3o conforme necessidades espec\u00edficas). Os resultados buscam atuar no processo de melhoria de autonomia da mobilidade pessoal e possibilitar a inclus\u00e3o social das pessoas com mobilidade reduzida, em especial crian\u00e7as de at\u00e9 8 anos de idade. O desenvolvimento dos prot\u00f3tipos se dar\u00e1 com aplica\u00e7\u00e3o do design de engenharia com uso de sistemas flex\u00edveis modulares e t\u00e9cnicas de prototipagem r\u00e1pida, como impress\u00e3o 3D e corte \u00e0 laser. A plataforma a ser criada ser\u00e1 uma p\u00e1gina de internet e ter\u00e1 como refer\u00eancia os conceitos de e-procurement (termo que se refere \u00e0 compra e \u00e0 venda de produtos e servi\u00e7os atrav\u00e9s da internet), cultura maker e produ\u00e7\u00e3o r\u00e1pida e de baixo custo. Os resultados contribuir\u00e3o para a produ\u00e7\u00e3o e difus\u00e3o dos equipamentos de tecnologia assistiva tanto para consumidores diretos quanto para o SUS.<\/p>\n<p>[\/vc_column_text][\/vc_column][\/vc_row][vc_row rt_row_background_width=&#8221;fullwidth&#8221; rt_row_content_width=&#8221;default&#8221; rt_row_style=&#8221;default-style&#8221; rt_row_borders=&#8221;&#8221; rt_row_shadows=&#8221;&#8221; rt_row_paddings=&#8221;true&#8221; id=&#8221;projetos-pesquisa-slider&#8221; rt_bg_effect=&#8221;classic&#8221; rt_bg_image_repeat=&#8221;repeat&#8221; rt_bg_size=&#8221;cover&#8221; rt_bg_position=&#8221;right top&#8221; rt_bg_attachment=&#8221;scroll&#8221; rt_bg_video_format=&#8221;self-hosted&#8221; rt_padding_top=&#8221;80&#8243; rt_padding_bottom=&#8221;80&#8243; class=&#8221;d-mobile&#8221;][vc_column rt_column_shadow=&#8221;&#8221; rt_bg_image_repeat=&#8221;repeat&#8221; rt_bg_size=&#8221;auto auto&#8221; rt_bg_attachment=&#8221;scroll&#8221; offset=&#8221;vc_hidden-lg vc_hidden-md&#8221; rt_bg_color=&#8221;&#8221; rt_bg_overlay_color=&#8221;&#8221;]<div class=\"rt_heading_wrapper style-1\">\n\t\t\t\t\t\t<h3 class=\"rt_heading  style-1\" >Grupo de pesquisa do DEP UFSCar \u00e9 contemplado por edital da Finep para projeto de inova\u00e7\u00e3o em Tecnologia Assistiva<\/h3>\n\t\t\t\t\t<\/div>[vc_images_carousel images=&#8221;4061,4062,4068,4063,4064,4065,4067,4066,4070,4073,4074,4072&#8243; img_size=&#8221;300&#215;300&#8243; onclick=&#8221;link_no&#8221; autoplay=&#8221;yes&#8221; wrap=&#8221;yes&#8221;][vc_column_text]<\/p>\n<p style=\"text-align: justify;\">Em meados de 2020, a partir de uma demanda de adapta\u00e7\u00e3o de um dispositivo projetado inicialmente para lazer de crian\u00e7as (normalmente encontrado em quiosques de shopping centers para loca\u00e7\u00e3o) uma equipe multiprofissional se uniu para pensar o desenvolvimento de solu\u00e7\u00f5es que resultassem em maior autonomia para crian\u00e7as com defici\u00eancia durante sess\u00f5es de terapia, para uso em suas resid\u00eancias ou ainda em outros espa\u00e7os. A equipe foi composta pelas fisioterapeutas Carol Corsi e Mariana Santos, por uma docente do Departamento de Fisioterapia, Profa. Dra. Ana Carolina de Campos, pelo docente Daniel Braatz e pelo t\u00e9cnico de laborat\u00f3rio Tiago Nordi, ambos do DEP-UFSCar.<\/p>\n<p style=\"text-align: justify;\">As adapta\u00e7\u00f5es foram realizadas por uma empresa que produz equipamentos eletr\u00f4nicos industriais e pelo grupo de pesquisa CDPRO Makerspace do DEP UFSCar que atua com projetos de inova\u00e7\u00e3o em engenharia e sa\u00fade. Tal desenvolvimento foi tema de reportagem e pode ser assistida neste link: <a href=\"https:\/\/g1.globo.com\/sp\/sao-carlos-regiao\/edicao\/2021\/01\/02\/videos-reveja-as-reportagens-do-eptv1-deste-sabado-2-de-janeiro.ghtml#video-9147388-id\">https:\/\/g1.globo.com\/sp\/sao-carlos-regiao\/edicao\/2021\/01\/02\/videos-reveja-as-reportagens-do-eptv1-deste-sabado-2-de-janeiro.ghtml#video-9147388-id<\/a>.<\/p>\n<p style=\"text-align: justify;\">A partir desta primeira experi\u00eancia de atua\u00e7\u00e3o foi poss\u00edvel a constru\u00e7\u00e3o de uma proposta para uma Sele\u00e7\u00e3o P\u00fablica de Projetos em Tecnologia Assistiva para fomento \u00e0 Pesquisa, Desenvolvimento e Inova\u00e7\u00e3o para inclus\u00e3o de pessoas com Defici\u00eancia, Idosas e com mobilidade reduzida. O edital teve como objetivo conceder recursos para pesquisa, desenvolvimento tecnol\u00f3gico e inova\u00e7\u00e3o, em projetos que envolvam risco tecnol\u00f3gico e\/ou contribuam com a atualiza\u00e7\u00e3o tecnol\u00f3gica do SUS em Tecnologia Assistiva a fim de promover a independ\u00eancia, autonomia, inclus\u00e3o social e melhoria da qualidade de vida para pessoas com defici\u00eancia, pessoas idosas e outras com mobilidade reduzida, bem como facilitar a atua\u00e7\u00e3o dessas pessoas no seu cotidiano.<\/p>\n<p style=\"text-align: justify;\">A proposta, que tem como executora a UFSCar, a UFTM como co-executora e como proponente a FAI-UFSCar, foi selecionada pela Finep e teve o contrato assinado no final de junho de 2021 com in\u00edcio previsto para agosto de 2021. O projeto ter\u00e1 dura\u00e7\u00e3o total de 3 anos e contar\u00e1 com a participa\u00e7\u00e3o de 11 Bolsistas (2 p\u00f3s-doutorandos, 3 mestrandos e 6 graduandos com bolsa de inicia\u00e7\u00e3o cient\u00edfica). Al\u00e9m da Finep, uma empresa eletr\u00f4nica de S\u00e3o Carlos participa como co-financiadora e apoio t\u00e9cnico especializado. O DEP-UFSCar \u00e9 representado na proposta pelos docentes Daniel Braatz, Fabiane Lizarelli, F\u00e1bio Molina e pelo t\u00e9cnico Tiago Nordi.<\/p>\n<p style=\"text-align: justify;\">O t\u00edtulo do projeto \u00e9 \u201c<em>AssistiVerse &#8211; Desenvolvimento de Plataforma Digital para Personaliza\u00e7\u00e3o e Aux\u00edlio \u00e0 Aquisi\u00e7\u00e3o e Montagem de Meios Auxiliares de Locomo\u00e7\u00e3o<\/em>\u201d e tem como objetivo desenvolver uma plataforma digital para personaliza\u00e7\u00e3o, aux\u00edlio para aquisi\u00e7\u00e3o e montagem dos dispositivos. Para valida\u00e7\u00e3o do sistema e in\u00edcio da opera\u00e7\u00e3o, ser\u00e1 desenvolvido e inserido na plataforma, no m\u00ednimo, quatro diferentes meios auxiliares de locomo\u00e7\u00e3o (incluindo estrutura base e complementos para customiza\u00e7\u00e3o conforme necessidades espec\u00edficas). Os resultados buscam atuar no processo de melhoria de autonomia da mobilidade pessoal e possibilitar a inclus\u00e3o social das pessoas com mobilidade reduzida, em especial crian\u00e7as de at\u00e9 8 anos de idade. O desenvolvimento dos prot\u00f3tipos se dar\u00e1 com aplica\u00e7\u00e3o do design de engenharia com uso de sistemas flex\u00edveis modulares e t\u00e9cnicas de prototipagem r\u00e1pida, como impress\u00e3o 3D e corte \u00e0 laser. A plataforma a ser criada ser\u00e1 uma p\u00e1gina de internet e ter\u00e1 como refer\u00eancia os conceitos de e-procurement (termo que se refere \u00e0 compra e \u00e0 venda de produtos e servi\u00e7os atrav\u00e9s da internet), cultura maker e produ\u00e7\u00e3o r\u00e1pida e de baixo custo. Os resultados contribuir\u00e3o para a produ\u00e7\u00e3o e difus\u00e3o dos equipamentos de tecnologia assistiva tanto para consumidores diretos quanto para o SUS.<\/p>\n<p>[\/vc_column_text][\/vc_column][\/vc_row]<\/p>\n","protected":false},"excerpt":{"rendered":"<p>[vc_row rt_row_background_width=&#8221;fullwidth&#8221; rt_row_content_width=&#8221;default&#8221; rt_row_style=&#8221;alt-style-2&#8243; rt_column_placement=&#8221;middle&#8221; rt_row_borders=&#8221;&#8221; rt_row_shadows=&#8221;&#8221; rt_row_paddings=&#8221;true&#8221; rt_bg_effect=&#8221;classic&#8221; rt_bg_image_repeat=&#8221;repeat&#8221; rt_bg_size=&#8221;cover&#8221; rt_bg_position=&#8221;center center&#8221; rt_bg_attachment=&#8221;scroll&#8221; rt_bg_video_format=&#8221;youtube&#8221; rt_padding_top=&#8221;100&#8243; rt_bg_image=&#8221;3300&#8243; rt_row_height=&#8221;450&#8243; rt_bg_overlay_color=&#8221;rgba(0,0,0,0.2)&#8221;][vc_column rt_column_shadow=&#8221;&#8221; rt_bg_image_repeat=&#8221;repeat&#8221; rt_bg_size=&#8221;auto auto&#8221; rt_bg_attachment=&#8221;scroll&#8221; rt_bg_color=&#8221;&#8221; rt_bg_overlay_color=&#8221;&#8221; rt_padding_top=&#8221;140&#8243;][\/vc_column][\/vc_row][vc_row rt_row_background_width=&#8221;fullwidth&#8221; rt_row_content_width=&#8221;default&#8221; rt_row_style=&#8221;default-style&#8221; rt_row_borders=&#8221;&#8221; rt_row_shadows=&#8221;&#8221; rt_row_paddings=&#8221;true&#8221; rt_bg_effect=&#8221;classic&#8221; rt_bg_image_repeat=&#8221;repeat&#8221; rt_bg_size=&#8221;cover&#8221; rt_bg_position=&#8221;right top&#8221; rt_bg_attachment=&#8221;scroll&#8221; rt_bg_video_format=&#8221;self-hosted&#8221; rt_padding_top=&#8221;80&#8243; rt_padding_bottom=&#8221;80&#8243; class=&#8221;d-desktop&#8221;][vc_column rt_column_shadow=&#8221;&#8221; rt_bg_image_repeat=&#8221;repeat&#8221; rt_bg_size=&#8221;auto auto&#8221; rt_bg_attachment=&#8221;scroll&#8221; offset=&#8221;vc_hidden-sm vc_hidden-xs&#8221; rt_bg_color=&#8221;&#8221; rt_bg_overlay_color=&#8221;&#8221;][vc_gallery type=&#8221;image_grid&#8221; images=&#8221;4061,4062,4068,4063,4064,4065,4067,4066,4070,4073,4074,4072&#8243; img_size=&#8221;182&#215;182&#8243;][vc_column_text] &#8230; <a class=\"more-link\" href=\"https:\/\/dep.ufscar.br\/index.php\/projetos-de-pesquisa-grupo-de-pesquisa-do-dep-ufscar-e-contemplado-por-edital-da-finep-para-projeto-de-inovacao-em-tecnologia-assistiva\/\">Leia mais<\/a><\/p>\n","protected":false},"author":1,"featured_media":5222,"parent":0,"menu_order":0,"comment_status":"closed","ping_status":"closed","template":"","meta":[],"categories":[32,35],"tags":[],"yoast_head":"<!-- This site is optimized with the Yoast SEO plugin v17.0 - https:\/\/yoast.com\/wordpress\/plugins\/seo\/ -->\n<title>Projetos de Pesquisa - Dep de Engenharia de Produ\u00e7\u00e3o - UFSCar<\/title>\n<meta name=\"description\" content=\"Conhe\u00e7a o AssistiVerse que tem como objetivo criar uma plataforma digital para aquisi\u00e7\u00e3o e montagem dos dispositivos auxiliares de locomo\u00e7\u00e3o.\" \/>\n<meta name=\"robots\" content=\"index, follow, max-snippet:-1, max-image-preview:large, max-video-preview:-1\" \/>\n<link rel=\"canonical\" href=\"https:\/\/dep.ufscar.br\/index.php\/projetos-de-pesquisa-grupo-de-pesquisa-do-dep-ufscar-e-contemplado-por-edital-da-finep-para-projeto-de-inovacao-em-tecnologia-assistiva\/\" \/>\n<meta property=\"og:locale\" content=\"pt_BR\" \/>\n<meta property=\"og:type\" content=\"article\" \/>\n<meta property=\"og:title\" content=\"Projetos de Pesquisa - Dep de Engenharia de Produ\u00e7\u00e3o - UFSCar\" \/>\n<meta property=\"og:description\" content=\"Conhe\u00e7a o AssistiVerse que tem como objetivo criar uma plataforma digital para aquisi\u00e7\u00e3o e montagem dos dispositivos auxiliares de locomo\u00e7\u00e3o.\" \/>\n<meta property=\"og:url\" content=\"https:\/\/dep.ufscar.br\/index.php\/projetos-de-pesquisa-grupo-de-pesquisa-do-dep-ufscar-e-contemplado-por-edital-da-finep-para-projeto-de-inovacao-em-tecnologia-assistiva\/\" \/>\n<meta property=\"og:site_name\" content=\"DEP\" \/>\n<meta property=\"article:modified_time\" content=\"2021-09-27T21:50:21+00:00\" \/>\n<meta property=\"og:image\" content=\"http:\/\/dep.ufscar.br\/wp-content\/uploads\/2021\/09\/finep-empresa-brasileira-de-inovacao-e-pesquisa-rgb.jpg\" \/>\n\t<meta property=\"og:image:width\" content=\"504\" \/>\n\t<meta property=\"og:image:height\" content=\"305\" \/>\n<meta name=\"twitter:card\" content=\"summary_large_image\" \/>\n<meta name=\"twitter:label1\" content=\"Est. tempo de leitura\" \/>\n\t<meta name=\"twitter:data1\" content=\"6 minutos\" \/>\n<script type=\"application\/ld+json\" class=\"yoast-schema-graph\">{\"@context\":\"https:\/\/schema.org\",\"@graph\":[{\"@type\":\"WebSite\",\"@id\":\"https:\/\/dep.ufscar.br\/#website\",\"url\":\"https:\/\/dep.ufscar.br\/\",\"name\":\"DEP\",\"description\":\"Departamento de Engenharia de Produ\\u00e7\\u00e3o\",\"potentialAction\":[{\"@type\":\"SearchAction\",\"target\":{\"@type\":\"EntryPoint\",\"urlTemplate\":\"https:\/\/dep.ufscar.br\/?s={search_term_string}\"},\"query-input\":\"required name=search_term_string\"}],\"inLanguage\":\"pt-BR\"},{\"@type\":\"ImageObject\",\"@id\":\"https:\/\/dep.ufscar.br\/index.php\/projetos-de-pesquisa-grupo-de-pesquisa-do-dep-ufscar-e-contemplado-por-edital-da-finep-para-projeto-de-inovacao-em-tecnologia-assistiva\/#primaryimage\",\"inLanguage\":\"pt-BR\",\"url\":\"https:\/\/dep.ufscar.br\/wp-content\/uploads\/2021\/09\/finep-empresa-brasileira-de-inovacao-e-pesquisa-rgb.jpg\",\"contentUrl\":\"https:\/\/dep.ufscar.br\/wp-content\/uploads\/2021\/09\/finep-empresa-brasileira-de-inovacao-e-pesquisa-rgb.jpg\",\"width\":504,\"height\":305},{\"@type\":\"WebPage\",\"@id\":\"https:\/\/dep.ufscar.br\/index.php\/projetos-de-pesquisa-grupo-de-pesquisa-do-dep-ufscar-e-contemplado-por-edital-da-finep-para-projeto-de-inovacao-em-tecnologia-assistiva\/#webpage\",\"url\":\"https:\/\/dep.ufscar.br\/index.php\/projetos-de-pesquisa-grupo-de-pesquisa-do-dep-ufscar-e-contemplado-por-edital-da-finep-para-projeto-de-inovacao-em-tecnologia-assistiva\/\",\"name\":\"Projetos de Pesquisa - Dep de Engenharia de Produ\\u00e7\\u00e3o - UFSCar\",\"isPartOf\":{\"@id\":\"https:\/\/dep.ufscar.br\/#website\"},\"primaryImageOfPage\":{\"@id\":\"https:\/\/dep.ufscar.br\/index.php\/projetos-de-pesquisa-grupo-de-pesquisa-do-dep-ufscar-e-contemplado-por-edital-da-finep-para-projeto-de-inovacao-em-tecnologia-assistiva\/#primaryimage\"},\"datePublished\":\"2021-07-24T16:56:33+00:00\",\"dateModified\":\"2021-09-27T21:50:21+00:00\",\"description\":\"Conhe\\u00e7a o AssistiVerse que tem como objetivo criar uma plataforma digital para aquisi\\u00e7\\u00e3o e montagem dos dispositivos auxiliares de locomo\\u00e7\\u00e3o.\",\"breadcrumb\":{\"@id\":\"https:\/\/dep.ufscar.br\/index.php\/projetos-de-pesquisa-grupo-de-pesquisa-do-dep-ufscar-e-contemplado-por-edital-da-finep-para-projeto-de-inovacao-em-tecnologia-assistiva\/#breadcrumb\"},\"inLanguage\":\"pt-BR\",\"potentialAction\":[{\"@type\":\"ReadAction\",\"target\":[\"https:\/\/dep.ufscar.br\/index.php\/projetos-de-pesquisa-grupo-de-pesquisa-do-dep-ufscar-e-contemplado-por-edital-da-finep-para-projeto-de-inovacao-em-tecnologia-assistiva\/\"]}]},{\"@type\":\"BreadcrumbList\",\"@id\":\"https:\/\/dep.ufscar.br\/index.php\/projetos-de-pesquisa-grupo-de-pesquisa-do-dep-ufscar-e-contemplado-por-edital-da-finep-para-projeto-de-inovacao-em-tecnologia-assistiva\/#breadcrumb\",\"itemListElement\":[{\"@type\":\"ListItem\",\"position\":1,\"name\":\"Home\",\"item\":\"https:\/\/dep.ufscar.br\/\"},{\"@type\":\"ListItem\",\"position\":2,\"name\":\"Grupo de pesquisa do DEP UFSCar \\u00e9 contemplado por edital da Finep para projeto de inova\\u00e7\\u00e3o em Tecnologia Assistiva\"}]}]}<\/script>\n<!-- \/ Yoast SEO plugin. -->","yoast_head_json":{"title":"Projetos de Pesquisa - Dep de Engenharia de Produ\u00e7\u00e3o - UFSCar","description":"Conhe\u00e7a o AssistiVerse que tem como objetivo criar uma plataforma digital para aquisi\u00e7\u00e3o e montagem dos dispositivos auxiliares de locomo\u00e7\u00e3o.","robots":{"index":"index","follow":"follow","max-snippet":"max-snippet:-1","max-image-preview":"max-image-preview:large","max-video-preview":"max-video-preview:-1"},"canonical":"https:\/\/dep.ufscar.br\/index.php\/projetos-de-pesquisa-grupo-de-pesquisa-do-dep-ufscar-e-contemplado-por-edital-da-finep-para-projeto-de-inovacao-em-tecnologia-assistiva\/","og_locale":"pt_BR","og_type":"article","og_title":"Projetos de Pesquisa - Dep de Engenharia de Produ\u00e7\u00e3o - UFSCar","og_description":"Conhe\u00e7a o AssistiVerse que tem como objetivo criar uma plataforma digital para aquisi\u00e7\u00e3o e montagem dos dispositivos auxiliares de locomo\u00e7\u00e3o.","og_url":"https:\/\/dep.ufscar.br\/index.php\/projetos-de-pesquisa-grupo-de-pesquisa-do-dep-ufscar-e-contemplado-por-edital-da-finep-para-projeto-de-inovacao-em-tecnologia-assistiva\/","og_site_name":"DEP","article_modified_time":"2021-09-27T21:50:21+00:00","og_image":[{"width":504,"height":305,"url":"http:\/\/dep.ufscar.br\/wp-content\/uploads\/2021\/09\/finep-empresa-brasileira-de-inovacao-e-pesquisa-rgb.jpg","path":"\/var\/www\/html\/desenvolvimento\/wp-content\/uploads\/2021\/09\/finep-empresa-brasileira-de-inovacao-e-pesquisa-rgb.jpg","size":"full","id":"5221","alt":"","pixels":153720,"type":"image\/jpeg"}],"twitter_card":"summary_large_image","twitter_misc":{"Est. tempo de leitura":"6 minutos"},"schema":{"@context":"https:\/\/schema.org","@graph":[{"@type":"WebSite","@id":"https:\/\/dep.ufscar.br\/#website","url":"https:\/\/dep.ufscar.br\/","name":"DEP","description":"Departamento de Engenharia de Produ\u00e7\u00e3o","potentialAction":[{"@type":"SearchAction","target":{"@type":"EntryPoint","urlTemplate":"https:\/\/dep.ufscar.br\/?s={search_term_string}"},"query-input":"required name=search_term_string"}],"inLanguage":"pt-BR"},{"@type":"ImageObject","@id":"https:\/\/dep.ufscar.br\/index.php\/projetos-de-pesquisa-grupo-de-pesquisa-do-dep-ufscar-e-contemplado-por-edital-da-finep-para-projeto-de-inovacao-em-tecnologia-assistiva\/#primaryimage","inLanguage":"pt-BR","url":"https:\/\/dep.ufscar.br\/wp-content\/uploads\/2021\/09\/finep-empresa-brasileira-de-inovacao-e-pesquisa-rgb.jpg","contentUrl":"https:\/\/dep.ufscar.br\/wp-content\/uploads\/2021\/09\/finep-empresa-brasileira-de-inovacao-e-pesquisa-rgb.jpg","width":504,"height":305},{"@type":"WebPage","@id":"https:\/\/dep.ufscar.br\/index.php\/projetos-de-pesquisa-grupo-de-pesquisa-do-dep-ufscar-e-contemplado-por-edital-da-finep-para-projeto-de-inovacao-em-tecnologia-assistiva\/#webpage","url":"https:\/\/dep.ufscar.br\/index.php\/projetos-de-pesquisa-grupo-de-pesquisa-do-dep-ufscar-e-contemplado-por-edital-da-finep-para-projeto-de-inovacao-em-tecnologia-assistiva\/","name":"Projetos de Pesquisa - Dep de Engenharia de Produ\u00e7\u00e3o - UFSCar","isPartOf":{"@id":"https:\/\/dep.ufscar.br\/#website"},"primaryImageOfPage":{"@id":"https:\/\/dep.ufscar.br\/index.php\/projetos-de-pesquisa-grupo-de-pesquisa-do-dep-ufscar-e-contemplado-por-edital-da-finep-para-projeto-de-inovacao-em-tecnologia-assistiva\/#primaryimage"},"datePublished":"2021-07-24T16:56:33+00:00","dateModified":"2021-09-27T21:50:21+00:00","description":"Conhe\u00e7a o AssistiVerse que tem como objetivo criar uma plataforma digital para aquisi\u00e7\u00e3o e montagem dos dispositivos auxiliares de locomo\u00e7\u00e3o.","breadcrumb":{"@id":"https:\/\/dep.ufscar.br\/index.php\/projetos-de-pesquisa-grupo-de-pesquisa-do-dep-ufscar-e-contemplado-por-edital-da-finep-para-projeto-de-inovacao-em-tecnologia-assistiva\/#breadcrumb"},"inLanguage":"pt-BR","potentialAction":[{"@type":"ReadAction","target":["https:\/\/dep.ufscar.br\/index.php\/projetos-de-pesquisa-grupo-de-pesquisa-do-dep-ufscar-e-contemplado-por-edital-da-finep-para-projeto-de-inovacao-em-tecnologia-assistiva\/"]}]},{"@type":"BreadcrumbList","@id":"https:\/\/dep.ufscar.br\/index.php\/projetos-de-pesquisa-grupo-de-pesquisa-do-dep-ufscar-e-contemplado-por-edital-da-finep-para-projeto-de-inovacao-em-tecnologia-assistiva\/#breadcrumb","itemListElement":[{"@type":"ListItem","position":1,"name":"Home","item":"https:\/\/dep.ufscar.br\/"},{"@type":"ListItem","position":2,"name":"Grupo de pesquisa do DEP UFSCar \u00e9 contemplado por edital da Finep para projeto de inova\u00e7\u00e3o em Tecnologia Assistiva"}]}]}},"_links":{"self":[{"href":"https:\/\/dep.ufscar.br\/index.php\/wp-json\/wp\/v2\/pages\/4046"}],"collection":[{"href":"https:\/\/dep.ufscar.br\/index.php\/wp-json\/wp\/v2\/pages"}],"about":[{"href":"https:\/\/dep.ufscar.br\/index.php\/wp-json\/wp\/v2\/types\/page"}],"author":[{"embeddable":true,"href":"https:\/\/dep.ufscar.br\/index.php\/wp-json\/wp\/v2\/users\/1"}],"replies":[{"embeddable":true,"href":"https:\/\/dep.ufscar.br\/index.php\/wp-json\/wp\/v2\/comments?post=4046"}],"version-history":[{"count":25,"href":"https:\/\/dep.ufscar.br\/index.php\/wp-json\/wp\/v2\/pages\/4046\/revisions"}],"predecessor-version":[{"id":5111,"href":"https:\/\/dep.ufscar.br\/index.php\/wp-json\/wp\/v2\/pages\/4046\/revisions\/5111"}],"wp:featuredmedia":[{"embeddable":true,"href":"https:\/\/dep.ufscar.br\/index.php\/wp-json\/wp\/v2\/media\/5222"}],"wp:attachment":[{"href":"https:\/\/dep.ufscar.br\/index.php\/wp-json\/wp\/v2\/media?parent=4046"}],"wp:term":[{"taxonomy":"category","embeddable":true,"href":"https:\/\/dep.ufscar.br\/index.php\/wp-json\/wp\/v2\/categories?post=4046"},{"taxonomy":"post_tag","embeddable":true,"href":"https:\/\/dep.ufscar.br\/index.php\/wp-json\/wp\/v2\/tags?post=4046"}],"curies":[{"name":"wp","href":"https:\/\/api.w.org\/{rel}","templated":true}]}}