{"id":3620,"date":"2021-07-16T16:29:24","date_gmt":"2021-07-16T19:29:24","guid":{"rendered":"http:\/\/desenvolvimento.dep.ufscar.br\/?page_id=3620"},"modified":"2024-10-15T12:01:56","modified_gmt":"2024-10-15T15:01:56","slug":"grupos-de-pesquisa-e-extensao-producao-jr","status":"publish","type":"page","link":"https:\/\/dep.ufscar.br\/index.php\/grupos-de-pesquisa-e-extensao-producao-jr\/","title":{"rendered":"PESQUISA E EXTENS\u00c3O &#8211; Produ\u00e7\u00e3o Jr."},"content":{"rendered":"<p>[vc_row rt_row_background_width=&#8221;fullwidth&#8221; rt_row_content_width=&#8221;default&#8221; rt_row_style=&#8221;alt-style-2&#8243; rt_column_placement=&#8221;middle&#8221; rt_row_borders=&#8221;&#8221; rt_row_shadows=&#8221;&#8221; rt_row_paddings=&#8221;true&#8221; rt_bg_effect=&#8221;classic&#8221; rt_bg_image_repeat=&#8221;repeat&#8221; rt_bg_size=&#8221;cover&#8221; rt_bg_position=&#8221;center center&#8221; rt_bg_attachment=&#8221;scroll&#8221; rt_bg_video_format=&#8221;youtube&#8221; rt_padding_top=&#8221;100&#8243; rt_bg_image=&#8221;3300&#8243; rt_row_height=&#8221;450&#8243; rt_bg_overlay_color=&#8221;rgba(0,0,0,0.2)&#8221;][vc_column rt_column_shadow=&#8221;&#8221; rt_bg_image_repeat=&#8221;repeat&#8221; rt_bg_size=&#8221;auto auto&#8221; rt_bg_attachment=&#8221;scroll&#8221; rt_bg_color=&#8221;&#8221; rt_bg_overlay_color=&#8221;&#8221; rt_padding_top=&#8221;140&#8243;]<div class=\"rt_heading_wrapper style-1\">\n\t\t\t\t\t\t<h1 class=\"rt_heading texto-sombra with_punchline style-1\" ><span class=\"punchline\">PESQUISA E EXTENS\u00c3O<\/span>Produ\u00e7\u00e3o Jr.<\/h1>\n\t\t\t\t\t<\/div>[\/vc_column][\/vc_row][vc_row rt_row_background_width=&#8221;fullwidth&#8221; rt_row_content_width=&#8221;default&#8221; rt_row_style=&#8221;default-style&#8221; rt_column_placement=&#8221;middle&#8221; rt_row_borders=&#8221;bottom&#8221; rt_row_shadows=&#8221;bottom&#8221; rt_row_paddings=&#8221;true&#8221; rt_bg_effect=&#8221;classic&#8221; rt_bg_image_repeat=&#8221;repeat&#8221; rt_bg_size=&#8221;cover&#8221; rt_bg_position=&#8221;right top&#8221; rt_bg_attachment=&#8221;scroll&#8221; rt_bg_video_format=&#8221;self-hosted&#8221; rt_padding_top=&#8221;60&#8243; rt_padding_bottom=&#8221;60&#8243;][vc_column width=&#8221;1\/3&#8243; rt_column_shadow=&#8221;&#8221; rt_bg_image_repeat=&#8221;repeat&#8221; rt_bg_size=&#8221;auto auto&#8221; rt_bg_attachment=&#8221;scroll&#8221;][vc_single_image image=&#8221;3865&#8243; img_size=&#8221;full&#8221; alignment=&#8221;center&#8221; css_animation=&#8221;fadeInLeft&#8221;][\/vc_column][vc_column width=&#8221;2\/3&#8243; rt_column_shadow=&#8221;&#8221; rt_bg_image_repeat=&#8221;repeat&#8221; rt_bg_size=&#8221;auto auto&#8221; rt_bg_attachment=&#8221;scroll&#8221;][vc_column_text]<\/p>\n<p style=\"text-align: justify;\">A Produ\u00e7\u00e3o Jr. \u00e9 uma empresa j\u00fanior de consultoria na \u00e1rea de Engenharia de Produ\u00e7\u00e3o, vinculada \u00e0 Universidade Federal de S\u00e3o Carlos &#8211; UFSCar. \u00c9 uma associa\u00e7\u00e3o civil sem fins lucrativos composta e gerenciada integralmente por alunos da gradua\u00e7\u00e3o que presta servi\u00e7os de consultoria e assessoria para diversas empresas atrav\u00e9s do apoio do Departamento de Engenharia de Produ\u00e7\u00e3o (DEP).<\/p>\n<p>Desde o ano de 2000 a Produ\u00e7\u00e3o Jr. vem prestando servi\u00e7os de consultoria em Engenharia de Produ\u00e7\u00e3o a empresas dos mais diversos setores do mercado, propondo solu\u00e7\u00f5es nas \u00e1reas de:<\/p>\n<ul>\n<li>Neg\u00f3cios<\/li>\n<li>Qualidade<\/li>\n<li>Produ\u00e7\u00e3o<\/li>\n<li>Tecnologia<\/li>\n<li>Financeiro<\/li>\n<\/ul>\n<p>Para melhor atender aos clientes, \u00e9 feito um diagn\u00f3stico dos problemas e s\u00e3o propostas solu\u00e7\u00f5es que ajudem na sua organiza\u00e7\u00e3o interna e na otimiza\u00e7\u00e3o dos processos produtivos.<\/p>\n<p style=\"text-align: justify;\">Os membros, selecionados por um processo seletivo anual, est\u00e3o aptos a realizar projetos de consultoria, alinhando a teoria \u00e0 pr\u00e1tica com qualidade garantida pela universidade. Dessa maneira o consultor j\u00fanior adquire experi\u00eancia e maturidade para entrar mais preparado no mercado de trabalho.<\/p>\n<span class=\"rt-icon icon-line-globe \"><\/span> <a href=\"http:\/\/www.producaojr.com.br\/\" target=\"_blank\" rel=\"noopener\">www.producaojr.com.br<\/a>[\/vc_column_text][\/vc_column][\/vc_row]<\/p>\n","protected":false},"excerpt":{"rendered":"<p>[vc_row rt_row_background_width=&#8221;fullwidth&#8221; rt_row_content_width=&#8221;default&#8221; rt_row_style=&#8221;alt-style-2&#8243; rt_column_placement=&#8221;middle&#8221; rt_row_borders=&#8221;&#8221; rt_row_shadows=&#8221;&#8221; rt_row_paddings=&#8221;true&#8221; rt_bg_effect=&#8221;classic&#8221; rt_bg_image_repeat=&#8221;repeat&#8221; rt_bg_size=&#8221;cover&#8221; rt_bg_position=&#8221;center center&#8221; rt_bg_attachment=&#8221;scroll&#8221; rt_bg_video_format=&#8221;youtube&#8221; rt_padding_top=&#8221;100&#8243; rt_bg_image=&#8221;3300&#8243; rt_row_height=&#8221;450&#8243; rt_bg_overlay_color=&#8221;rgba(0,0,0,0.2)&#8221;][vc_column rt_column_shadow=&#8221;&#8221; rt_bg_image_repeat=&#8221;repeat&#8221; rt_bg_size=&#8221;auto auto&#8221; rt_bg_attachment=&#8221;scroll&#8221; rt_bg_color=&#8221;&#8221; rt_bg_overlay_color=&#8221;&#8221; rt_padding_top=&#8221;140&#8243;][\/vc_column][\/vc_row][vc_row rt_row_background_width=&#8221;fullwidth&#8221; rt_row_content_width=&#8221;default&#8221; rt_row_style=&#8221;default-style&#8221; rt_column_placement=&#8221;middle&#8221; rt_row_borders=&#8221;bottom&#8221; rt_row_shadows=&#8221;bottom&#8221; rt_row_paddings=&#8221;true&#8221; rt_bg_effect=&#8221;classic&#8221; rt_bg_image_repeat=&#8221;repeat&#8221; rt_bg_size=&#8221;cover&#8221; rt_bg_position=&#8221;right top&#8221; rt_bg_attachment=&#8221;scroll&#8221; rt_bg_video_format=&#8221;self-hosted&#8221; rt_padding_top=&#8221;60&#8243; rt_padding_bottom=&#8221;60&#8243;][vc_column width=&#8221;1\/3&#8243; rt_column_shadow=&#8221;&#8221; rt_bg_image_repeat=&#8221;repeat&#8221; rt_bg_size=&#8221;auto auto&#8221; rt_bg_attachment=&#8221;scroll&#8221;][vc_single_image image=&#8221;3865&#8243; img_size=&#8221;full&#8221; alignment=&#8221;center&#8221; css_animation=&#8221;fadeInLeft&#8221;][\/vc_column][vc_column width=&#8221;2\/3&#8243; rt_column_shadow=&#8221;&#8221; &#8230; <a class=\"more-link\" href=\"https:\/\/dep.ufscar.br\/index.php\/grupos-de-pesquisa-e-extensao-producao-jr\/\">Leia mais<\/a><\/p>\n","protected":false},"author":1,"featured_media":0,"parent":0,"menu_order":0,"comment_status":"closed","ping_status":"closed","template":"","meta":[],"categories":[],"tags":[],"yoast_head":"<!-- This site is optimized with the Yoast SEO plugin v17.0 - https:\/\/yoast.com\/wordpress\/plugins\/seo\/ -->\n<title>Produ\u00e7\u00e3o Jr. Dep de Engenharia de Produ\u00e7\u00e3o (DEP) - UFSCar<\/title>\n<meta name=\"description\" content=\"Produ\u00e7\u00e3o Jr. \u00e9 uma empresa de consultoria em Engenharia de Produ\u00e7\u00e3o vinculada \u00e0 UFSCar. N\u00e3o possui fins lucrativos e \u00e9 composta por alunos.\" \/>\n<meta name=\"robots\" content=\"index, follow, max-snippet:-1, max-image-preview:large, max-video-preview:-1\" \/>\n<link rel=\"canonical\" href=\"https:\/\/dep.ufscar.br\/index.php\/grupos-de-pesquisa-e-extensao-producao-jr\/\" \/>\n<meta property=\"og:locale\" content=\"pt_BR\" \/>\n<meta property=\"og:type\" content=\"article\" \/>\n<meta property=\"og:title\" content=\"Produ\u00e7\u00e3o Jr. Dep de Engenharia de Produ\u00e7\u00e3o (DEP) - UFSCar\" \/>\n<meta property=\"og:description\" content=\"Produ\u00e7\u00e3o Jr. \u00e9 uma empresa de consultoria em Engenharia de Produ\u00e7\u00e3o vinculada \u00e0 UFSCar. N\u00e3o possui fins lucrativos e \u00e9 composta por alunos.\" \/>\n<meta property=\"og:url\" content=\"https:\/\/dep.ufscar.br\/index.php\/grupos-de-pesquisa-e-extensao-producao-jr\/\" \/>\n<meta property=\"og:site_name\" content=\"DEP\" \/>\n<meta property=\"article:modified_time\" content=\"2024-10-15T15:01:56+00:00\" \/>\n<meta property=\"og:image\" content=\"http:\/\/dep.ufscar.br\/wp-content\/uploads\/2021\/09\/log-dep-departamento-de-engenharia-ufscar-seo.jpg\" \/>\n\t<meta property=\"og:image:width\" content=\"300\" \/>\n\t<meta property=\"og:image:height\" content=\"200\" \/>\n<meta name=\"twitter:card\" content=\"summary_large_image\" \/>\n<meta name=\"twitter:label1\" content=\"Est. tempo de leitura\" \/>\n\t<meta name=\"twitter:data1\" content=\"2 minutos\" \/>\n<script type=\"application\/ld+json\" class=\"yoast-schema-graph\">{\"@context\":\"https:\/\/schema.org\",\"@graph\":[{\"@type\":\"WebSite\",\"@id\":\"https:\/\/dep.ufscar.br\/#website\",\"url\":\"https:\/\/dep.ufscar.br\/\",\"name\":\"DEP\",\"description\":\"Departamento de Engenharia de Produ\\u00e7\\u00e3o\",\"potentialAction\":[{\"@type\":\"SearchAction\",\"target\":{\"@type\":\"EntryPoint\",\"urlTemplate\":\"https:\/\/dep.ufscar.br\/?s={search_term_string}\"},\"query-input\":\"required name=search_term_string\"}],\"inLanguage\":\"pt-BR\"},{\"@type\":\"ImageObject\",\"@id\":\"https:\/\/dep.ufscar.br\/index.php\/grupos-de-pesquisa-e-extensao-producao-jr\/#primaryimage\",\"inLanguage\":\"pt-BR\",\"url\":\"https:\/\/dep.ufscar.br\/wp-content\/uploads\/2021\/09\/log-dep-departamento-de-engenharia-ufscar-seo.jpg\",\"contentUrl\":\"https:\/\/dep.ufscar.br\/wp-content\/uploads\/2021\/09\/log-dep-departamento-de-engenharia-ufscar-seo.jpg\",\"width\":300,\"height\":200},{\"@type\":\"WebPage\",\"@id\":\"https:\/\/dep.ufscar.br\/index.php\/grupos-de-pesquisa-e-extensao-producao-jr\/#webpage\",\"url\":\"https:\/\/dep.ufscar.br\/index.php\/grupos-de-pesquisa-e-extensao-producao-jr\/\",\"name\":\"Produ\\u00e7\\u00e3o Jr. Dep de Engenharia de Produ\\u00e7\\u00e3o (DEP) - UFSCar\",\"isPartOf\":{\"@id\":\"https:\/\/dep.ufscar.br\/#website\"},\"datePublished\":\"2021-07-16T19:29:24+00:00\",\"dateModified\":\"2024-10-15T15:01:56+00:00\",\"description\":\"Produ\\u00e7\\u00e3o Jr. \\u00e9 uma empresa de consultoria em Engenharia de Produ\\u00e7\\u00e3o vinculada \\u00e0 UFSCar. N\\u00e3o possui fins lucrativos e \\u00e9 composta por alunos.\",\"breadcrumb\":{\"@id\":\"https:\/\/dep.ufscar.br\/index.php\/grupos-de-pesquisa-e-extensao-producao-jr\/#breadcrumb\"},\"inLanguage\":\"pt-BR\",\"potentialAction\":[{\"@type\":\"ReadAction\",\"target\":[\"https:\/\/dep.ufscar.br\/index.php\/grupos-de-pesquisa-e-extensao-producao-jr\/\"]}]},{\"@type\":\"BreadcrumbList\",\"@id\":\"https:\/\/dep.ufscar.br\/index.php\/grupos-de-pesquisa-e-extensao-producao-jr\/#breadcrumb\",\"itemListElement\":[{\"@type\":\"ListItem\",\"position\":1,\"name\":\"Home\",\"item\":\"https:\/\/dep.ufscar.br\/\"},{\"@type\":\"ListItem\",\"position\":2,\"name\":\"PESQUISA E EXTENS\\u00c3O &#8211; Produ\\u00e7\\u00e3o Jr.\"}]}]}<\/script>\n<!-- \/ Yoast SEO plugin. -->","yoast_head_json":{"title":"Produ\u00e7\u00e3o Jr. Dep de Engenharia de Produ\u00e7\u00e3o (DEP) - UFSCar","description":"Produ\u00e7\u00e3o Jr. \u00e9 uma empresa de consultoria em Engenharia de Produ\u00e7\u00e3o vinculada \u00e0 UFSCar. N\u00e3o possui fins lucrativos e \u00e9 composta por alunos.","robots":{"index":"index","follow":"follow","max-snippet":"max-snippet:-1","max-image-preview":"max-image-preview:large","max-video-preview":"max-video-preview:-1"},"canonical":"https:\/\/dep.ufscar.br\/index.php\/grupos-de-pesquisa-e-extensao-producao-jr\/","og_locale":"pt_BR","og_type":"article","og_title":"Produ\u00e7\u00e3o Jr. Dep de Engenharia de Produ\u00e7\u00e3o (DEP) - UFSCar","og_description":"Produ\u00e7\u00e3o Jr. \u00e9 uma empresa de consultoria em Engenharia de Produ\u00e7\u00e3o vinculada \u00e0 UFSCar. N\u00e3o possui fins lucrativos e \u00e9 composta por alunos.","og_url":"https:\/\/dep.ufscar.br\/index.php\/grupos-de-pesquisa-e-extensao-producao-jr\/","og_site_name":"DEP","article_modified_time":"2024-10-15T15:01:56+00:00","og_image":[{"width":300,"height":200,"url":"http:\/\/dep.ufscar.br\/wp-content\/uploads\/2021\/09\/log-dep-departamento-de-engenharia-ufscar-seo.jpg","path":"\/var\/www\/html\/desenvolvimento\/wp-content\/uploads\/2021\/09\/log-dep-departamento-de-engenharia-ufscar-seo.jpg","size":"full","id":"4900","alt":"","pixels":60000,"type":"image\/jpeg"}],"twitter_card":"summary_large_image","twitter_misc":{"Est. tempo de leitura":"2 minutos"},"schema":{"@context":"https:\/\/schema.org","@graph":[{"@type":"WebSite","@id":"https:\/\/dep.ufscar.br\/#website","url":"https:\/\/dep.ufscar.br\/","name":"DEP","description":"Departamento de Engenharia de Produ\u00e7\u00e3o","potentialAction":[{"@type":"SearchAction","target":{"@type":"EntryPoint","urlTemplate":"https:\/\/dep.ufscar.br\/?s={search_term_string}"},"query-input":"required name=search_term_string"}],"inLanguage":"pt-BR"},{"@type":"ImageObject","@id":"https:\/\/dep.ufscar.br\/index.php\/grupos-de-pesquisa-e-extensao-producao-jr\/#primaryimage","inLanguage":"pt-BR","url":"https:\/\/dep.ufscar.br\/wp-content\/uploads\/2021\/09\/log-dep-departamento-de-engenharia-ufscar-seo.jpg","contentUrl":"https:\/\/dep.ufscar.br\/wp-content\/uploads\/2021\/09\/log-dep-departamento-de-engenharia-ufscar-seo.jpg","width":300,"height":200},{"@type":"WebPage","@id":"https:\/\/dep.ufscar.br\/index.php\/grupos-de-pesquisa-e-extensao-producao-jr\/#webpage","url":"https:\/\/dep.ufscar.br\/index.php\/grupos-de-pesquisa-e-extensao-producao-jr\/","name":"Produ\u00e7\u00e3o Jr. Dep de Engenharia de Produ\u00e7\u00e3o (DEP) - UFSCar","isPartOf":{"@id":"https:\/\/dep.ufscar.br\/#website"},"datePublished":"2021-07-16T19:29:24+00:00","dateModified":"2024-10-15T15:01:56+00:00","description":"Produ\u00e7\u00e3o Jr. \u00e9 uma empresa de consultoria em Engenharia de Produ\u00e7\u00e3o vinculada \u00e0 UFSCar. N\u00e3o possui fins lucrativos e \u00e9 composta por alunos.","breadcrumb":{"@id":"https:\/\/dep.ufscar.br\/index.php\/grupos-de-pesquisa-e-extensao-producao-jr\/#breadcrumb"},"inLanguage":"pt-BR","potentialAction":[{"@type":"ReadAction","target":["https:\/\/dep.ufscar.br\/index.php\/grupos-de-pesquisa-e-extensao-producao-jr\/"]}]},{"@type":"BreadcrumbList","@id":"https:\/\/dep.ufscar.br\/index.php\/grupos-de-pesquisa-e-extensao-producao-jr\/#breadcrumb","itemListElement":[{"@type":"ListItem","position":1,"name":"Home","item":"https:\/\/dep.ufscar.br\/"},{"@type":"ListItem","position":2,"name":"PESQUISA E EXTENS\u00c3O &#8211; Produ\u00e7\u00e3o Jr."}]}]}},"_links":{"self":[{"href":"https:\/\/dep.ufscar.br\/index.php\/wp-json\/wp\/v2\/pages\/3620"}],"collection":[{"href":"https:\/\/dep.ufscar.br\/index.php\/wp-json\/wp\/v2\/pages"}],"about":[{"href":"https:\/\/dep.ufscar.br\/index.php\/wp-json\/wp\/v2\/types\/page"}],"author":[{"embeddable":true,"href":"https:\/\/dep.ufscar.br\/index.php\/wp-json\/wp\/v2\/users\/1"}],"replies":[{"embeddable":true,"href":"https:\/\/dep.ufscar.br\/index.php\/wp-json\/wp\/v2\/comments?post=3620"}],"version-history":[{"count":12,"href":"https:\/\/dep.ufscar.br\/index.php\/wp-json\/wp\/v2\/pages\/3620\/revisions"}],"predecessor-version":[{"id":5826,"href":"https:\/\/dep.ufscar.br\/index.php\/wp-json\/wp\/v2\/pages\/3620\/revisions\/5826"}],"wp:attachment":[{"href":"https:\/\/dep.ufscar.br\/index.php\/wp-json\/wp\/v2\/media?parent=3620"}],"wp:term":[{"taxonomy":"category","embeddable":true,"href":"https:\/\/dep.ufscar.br\/index.php\/wp-json\/wp\/v2\/categories?post=3620"},{"taxonomy":"post_tag","embeddable":true,"href":"https:\/\/dep.ufscar.br\/index.php\/wp-json\/wp\/v2\/tags?post=3620"}],"curies":[{"name":"wp","href":"https:\/\/api.w.org\/{rel}","templated":true}]}}