{"id":3615,"date":"2021-07-16T16:19:45","date_gmt":"2021-07-16T19:19:45","guid":{"rendered":"http:\/\/desenvolvimento.dep.ufscar.br\/?page_id=3615"},"modified":"2025-05-08T16:00:07","modified_gmt":"2025-05-08T19:00:07","slug":"pesquisa-e-extensao-caep-centro-academico","status":"publish","type":"page","link":"https:\/\/dep.ufscar.br\/index.php\/pesquisa-e-extensao-caep-centro-academico\/","title":{"rendered":"PESQUISA E EXTENS\u00c3O &#8211; CAEP \u2013 Centro Acad\u00eamico"},"content":{"rendered":"<p>[vc_row rt_row_background_width=&#8221;fullwidth&#8221; rt_row_content_width=&#8221;default&#8221; rt_row_style=&#8221;alt-style-2&#8243; rt_column_placement=&#8221;middle&#8221; rt_row_borders=&#8221;&#8221; rt_row_shadows=&#8221;&#8221; rt_row_paddings=&#8221;true&#8221; rt_bg_effect=&#8221;classic&#8221; rt_bg_image_repeat=&#8221;repeat&#8221; rt_bg_size=&#8221;cover&#8221; rt_bg_position=&#8221;center center&#8221; rt_bg_attachment=&#8221;scroll&#8221; rt_bg_video_format=&#8221;youtube&#8221; rt_padding_top=&#8221;100&#8243; rt_bg_image=&#8221;3300&#8243; rt_row_height=&#8221;450&#8243; rt_bg_overlay_color=&#8221;rgba(0,0,0,0.2)&#8221;][vc_column rt_column_shadow=&#8221;&#8221; rt_bg_image_repeat=&#8221;repeat&#8221; rt_bg_size=&#8221;auto auto&#8221; rt_bg_attachment=&#8221;scroll&#8221; rt_bg_color=&#8221;&#8221; rt_bg_overlay_color=&#8221;&#8221; rt_padding_top=&#8221;140&#8243;]<div class=\"rt_heading_wrapper style-1\">\n\t\t\t\t\t\t<h1 class=\"rt_heading texto-sombra with_punchline style-1\"  style=\"font-size:44px;\" data-maxfont-size=\"44\" data-minfont-size=\"32\"><span class=\"punchline\">PESQUISA E EXTENS\u00c3O<\/span>CAEP \u2013 Centro Acad\u00eamico<\/h1>\n\t\t\t\t\t<\/div>[\/vc_column][\/vc_row][vc_row rt_row_background_width=&#8221;fullwidth&#8221; rt_row_content_width=&#8221;default&#8221; rt_row_style=&#8221;default-style&#8221; rt_column_placement=&#8221;middle&#8221; rt_row_borders=&#8221;bottom&#8221; rt_row_shadows=&#8221;bottom&#8221; rt_row_paddings=&#8221;true&#8221; rt_bg_effect=&#8221;classic&#8221; rt_bg_image_repeat=&#8221;repeat&#8221; rt_bg_size=&#8221;cover&#8221; rt_bg_position=&#8221;right top&#8221; rt_bg_attachment=&#8221;scroll&#8221; rt_bg_video_format=&#8221;self-hosted&#8221; rt_padding_top=&#8221;60&#8243; rt_padding_bottom=&#8221;60&#8243;][vc_column width=&#8221;1\/3&#8243; rt_column_shadow=&#8221;&#8221; rt_bg_image_repeat=&#8221;repeat&#8221; rt_bg_size=&#8221;auto auto&#8221; rt_bg_attachment=&#8221;scroll&#8221;][vc_single_image image=&#8221;5927&#8243; img_size=&#8221;full&#8221; alignment=&#8221;center&#8221; css_animation=&#8221;fadeInLeft&#8221;][\/vc_column][vc_column width=&#8221;2\/3&#8243; rt_column_shadow=&#8221;&#8221; rt_bg_image_repeat=&#8221;repeat&#8221; rt_bg_size=&#8221;auto auto&#8221; rt_bg_attachment=&#8221;scroll&#8221;][vc_column_text]<\/p>\n<p style=\"text-align: justify;\">O Centro Acad\u00eamico \u00e9 uma entidade estudantil que tem como fun\u00e7\u00e3o representar os alunos do seu curso e defender os seus interesses tanto dentro quanto fora da universidade.<\/p>\n<p style=\"text-align: justify;\">As principais atividades do Centro Acad\u00eamico da Engenharia de Produ\u00e7\u00e3o s\u00e3o a representatividade dos alunos no DEP e na UFSCar, organiza\u00e7\u00e3o de eventos esportivos, realiza\u00e7\u00e3o de atividades de integra\u00e7\u00e3o entre calouros e veteranos, realiza\u00e7\u00e3o de eventos para entretenimento e arrecada\u00e7\u00e3o de fundos, al\u00e9m de cuidar da imagem do curso e dos alunos da Engenharia de Produ\u00e7\u00e3o, dentro e fora da universidade.<\/p>\n<p style=\"text-align: justify;\"><span class=\"rt-icon icon-line-globe \"><\/span> <a class=\"style1\" href=\"http:\/\/www.caep.dep.ufscar.br\/\" target=\"_blank\" rel=\"noopener\">www.caep.dep.ufscar.br<\/a><\/p>\n<p>[\/vc_column_text][\/vc_column][\/vc_row]<\/p>\n","protected":false},"excerpt":{"rendered":"<p>[vc_row rt_row_background_width=&#8221;fullwidth&#8221; rt_row_content_width=&#8221;default&#8221; rt_row_style=&#8221;alt-style-2&#8243; rt_column_placement=&#8221;middle&#8221; rt_row_borders=&#8221;&#8221; rt_row_shadows=&#8221;&#8221; rt_row_paddings=&#8221;true&#8221; rt_bg_effect=&#8221;classic&#8221; rt_bg_image_repeat=&#8221;repeat&#8221; rt_bg_size=&#8221;cover&#8221; rt_bg_position=&#8221;center center&#8221; rt_bg_attachment=&#8221;scroll&#8221; rt_bg_video_format=&#8221;youtube&#8221; rt_padding_top=&#8221;100&#8243; rt_bg_image=&#8221;3300&#8243; rt_row_height=&#8221;450&#8243; rt_bg_overlay_color=&#8221;rgba(0,0,0,0.2)&#8221;][vc_column rt_column_shadow=&#8221;&#8221; rt_bg_image_repeat=&#8221;repeat&#8221; rt_bg_size=&#8221;auto auto&#8221; rt_bg_attachment=&#8221;scroll&#8221; rt_bg_color=&#8221;&#8221; rt_bg_overlay_color=&#8221;&#8221; rt_padding_top=&#8221;140&#8243;][\/vc_column][\/vc_row][vc_row rt_row_background_width=&#8221;fullwidth&#8221; rt_row_content_width=&#8221;default&#8221; rt_row_style=&#8221;default-style&#8221; rt_column_placement=&#8221;middle&#8221; rt_row_borders=&#8221;bottom&#8221; rt_row_shadows=&#8221;bottom&#8221; rt_row_paddings=&#8221;true&#8221; rt_bg_effect=&#8221;classic&#8221; rt_bg_image_repeat=&#8221;repeat&#8221; rt_bg_size=&#8221;cover&#8221; rt_bg_position=&#8221;right top&#8221; rt_bg_attachment=&#8221;scroll&#8221; rt_bg_video_format=&#8221;self-hosted&#8221; rt_padding_top=&#8221;60&#8243; rt_padding_bottom=&#8221;60&#8243;][vc_column width=&#8221;1\/3&#8243; rt_column_shadow=&#8221;&#8221; rt_bg_image_repeat=&#8221;repeat&#8221; rt_bg_size=&#8221;auto auto&#8221; rt_bg_attachment=&#8221;scroll&#8221;][vc_single_image image=&#8221;5927&#8243; img_size=&#8221;full&#8221; alignment=&#8221;center&#8221; css_animation=&#8221;fadeInLeft&#8221;][\/vc_column][vc_column width=&#8221;2\/3&#8243; rt_column_shadow=&#8221;&#8221; &#8230; <a class=\"more-link\" href=\"https:\/\/dep.ufscar.br\/index.php\/pesquisa-e-extensao-caep-centro-academico\/\">Leia mais<\/a><\/p>\n","protected":false},"author":1,"featured_media":0,"parent":0,"menu_order":0,"comment_status":"closed","ping_status":"closed","template":"","meta":[],"categories":[],"tags":[],"yoast_head":"<!-- This site is optimized with the Yoast SEO plugin v17.0 - https:\/\/yoast.com\/wordpress\/plugins\/seo\/ -->\n<title>Centro Acad\u00eamico Dep de Engenharia de Produ\u00e7\u00e3o (DEP) - UFSCar<\/title>\n<meta name=\"description\" content=\"O Centro Acad\u00eamico tem como fun\u00e7\u00e3o representar os alunos do seu curso e defender os seus interesses dentro e fora da universidade.\" \/>\n<meta name=\"robots\" content=\"index, follow, max-snippet:-1, max-image-preview:large, max-video-preview:-1\" \/>\n<link rel=\"canonical\" href=\"https:\/\/dep.ufscar.br\/index.php\/pesquisa-e-extensao-caep-centro-academico\/\" \/>\n<meta property=\"og:locale\" content=\"pt_BR\" \/>\n<meta property=\"og:type\" content=\"article\" \/>\n<meta property=\"og:title\" content=\"Centro Acad\u00eamico Dep de Engenharia de Produ\u00e7\u00e3o (DEP) - UFSCar\" \/>\n<meta property=\"og:description\" content=\"O Centro Acad\u00eamico tem como fun\u00e7\u00e3o representar os alunos do seu curso e defender os seus interesses dentro e fora da universidade.\" \/>\n<meta property=\"og:url\" content=\"https:\/\/dep.ufscar.br\/index.php\/pesquisa-e-extensao-caep-centro-academico\/\" \/>\n<meta property=\"og:site_name\" content=\"DEP\" \/>\n<meta property=\"article:modified_time\" content=\"2025-05-08T19:00:07+00:00\" \/>\n<meta property=\"og:image\" content=\"http:\/\/dep.ufscar.br\/wp-content\/uploads\/2021\/09\/log-dep-departamento-de-engenharia-ufscar-seo.jpg\" \/>\n\t<meta property=\"og:image:width\" content=\"300\" \/>\n\t<meta property=\"og:image:height\" content=\"200\" \/>\n<meta name=\"twitter:card\" content=\"summary_large_image\" \/>\n<meta name=\"twitter:label1\" content=\"Est. tempo de leitura\" \/>\n\t<meta name=\"twitter:data1\" content=\"2 minutos\" \/>\n<script type=\"application\/ld+json\" class=\"yoast-schema-graph\">{\"@context\":\"https:\/\/schema.org\",\"@graph\":[{\"@type\":\"WebSite\",\"@id\":\"https:\/\/dep.ufscar.br\/#website\",\"url\":\"https:\/\/dep.ufscar.br\/\",\"name\":\"DEP\",\"description\":\"Departamento de Engenharia de Produ\\u00e7\\u00e3o\",\"potentialAction\":[{\"@type\":\"SearchAction\",\"target\":{\"@type\":\"EntryPoint\",\"urlTemplate\":\"https:\/\/dep.ufscar.br\/?s={search_term_string}\"},\"query-input\":\"required name=search_term_string\"}],\"inLanguage\":\"pt-BR\"},{\"@type\":\"ImageObject\",\"@id\":\"https:\/\/dep.ufscar.br\/index.php\/pesquisa-e-extensao-caep-centro-academico\/#primaryimage\",\"inLanguage\":\"pt-BR\",\"url\":\"https:\/\/dep.ufscar.br\/wp-content\/uploads\/2021\/09\/log-dep-departamento-de-engenharia-ufscar-seo.jpg\",\"contentUrl\":\"https:\/\/dep.ufscar.br\/wp-content\/uploads\/2021\/09\/log-dep-departamento-de-engenharia-ufscar-seo.jpg\",\"width\":300,\"height\":200},{\"@type\":\"WebPage\",\"@id\":\"https:\/\/dep.ufscar.br\/index.php\/pesquisa-e-extensao-caep-centro-academico\/#webpage\",\"url\":\"https:\/\/dep.ufscar.br\/index.php\/pesquisa-e-extensao-caep-centro-academico\/\",\"name\":\"Centro Acad\\u00eamico Dep de Engenharia de Produ\\u00e7\\u00e3o (DEP) - UFSCar\",\"isPartOf\":{\"@id\":\"https:\/\/dep.ufscar.br\/#website\"},\"datePublished\":\"2021-07-16T19:19:45+00:00\",\"dateModified\":\"2025-05-08T19:00:07+00:00\",\"description\":\"O Centro Acad\\u00eamico tem como fun\\u00e7\\u00e3o representar os alunos do seu curso e defender os seus interesses dentro e fora da universidade.\",\"breadcrumb\":{\"@id\":\"https:\/\/dep.ufscar.br\/index.php\/pesquisa-e-extensao-caep-centro-academico\/#breadcrumb\"},\"inLanguage\":\"pt-BR\",\"potentialAction\":[{\"@type\":\"ReadAction\",\"target\":[\"https:\/\/dep.ufscar.br\/index.php\/pesquisa-e-extensao-caep-centro-academico\/\"]}]},{\"@type\":\"BreadcrumbList\",\"@id\":\"https:\/\/dep.ufscar.br\/index.php\/pesquisa-e-extensao-caep-centro-academico\/#breadcrumb\",\"itemListElement\":[{\"@type\":\"ListItem\",\"position\":1,\"name\":\"Home\",\"item\":\"https:\/\/dep.ufscar.br\/\"},{\"@type\":\"ListItem\",\"position\":2,\"name\":\"PESQUISA E EXTENS\\u00c3O &#8211; CAEP \\u2013 Centro Acad\\u00eamico\"}]}]}<\/script>\n<!-- \/ Yoast SEO plugin. -->","yoast_head_json":{"title":"Centro Acad\u00eamico Dep de Engenharia de Produ\u00e7\u00e3o (DEP) - UFSCar","description":"O Centro Acad\u00eamico tem como fun\u00e7\u00e3o representar os alunos do seu curso e defender os seus interesses dentro e fora da universidade.","robots":{"index":"index","follow":"follow","max-snippet":"max-snippet:-1","max-image-preview":"max-image-preview:large","max-video-preview":"max-video-preview:-1"},"canonical":"https:\/\/dep.ufscar.br\/index.php\/pesquisa-e-extensao-caep-centro-academico\/","og_locale":"pt_BR","og_type":"article","og_title":"Centro Acad\u00eamico Dep de Engenharia de Produ\u00e7\u00e3o (DEP) - UFSCar","og_description":"O Centro Acad\u00eamico tem como fun\u00e7\u00e3o representar os alunos do seu curso e defender os seus interesses dentro e fora da universidade.","og_url":"https:\/\/dep.ufscar.br\/index.php\/pesquisa-e-extensao-caep-centro-academico\/","og_site_name":"DEP","article_modified_time":"2025-05-08T19:00:07+00:00","og_image":[{"width":300,"height":200,"url":"http:\/\/dep.ufscar.br\/wp-content\/uploads\/2021\/09\/log-dep-departamento-de-engenharia-ufscar-seo.jpg","path":"\/var\/www\/html\/desenvolvimento\/wp-content\/uploads\/2021\/09\/log-dep-departamento-de-engenharia-ufscar-seo.jpg","size":"full","id":"4900","alt":"","pixels":60000,"type":"image\/jpeg"}],"twitter_card":"summary_large_image","twitter_misc":{"Est. tempo de leitura":"2 minutos"},"schema":{"@context":"https:\/\/schema.org","@graph":[{"@type":"WebSite","@id":"https:\/\/dep.ufscar.br\/#website","url":"https:\/\/dep.ufscar.br\/","name":"DEP","description":"Departamento de Engenharia de Produ\u00e7\u00e3o","potentialAction":[{"@type":"SearchAction","target":{"@type":"EntryPoint","urlTemplate":"https:\/\/dep.ufscar.br\/?s={search_term_string}"},"query-input":"required name=search_term_string"}],"inLanguage":"pt-BR"},{"@type":"ImageObject","@id":"https:\/\/dep.ufscar.br\/index.php\/pesquisa-e-extensao-caep-centro-academico\/#primaryimage","inLanguage":"pt-BR","url":"https:\/\/dep.ufscar.br\/wp-content\/uploads\/2021\/09\/log-dep-departamento-de-engenharia-ufscar-seo.jpg","contentUrl":"https:\/\/dep.ufscar.br\/wp-content\/uploads\/2021\/09\/log-dep-departamento-de-engenharia-ufscar-seo.jpg","width":300,"height":200},{"@type":"WebPage","@id":"https:\/\/dep.ufscar.br\/index.php\/pesquisa-e-extensao-caep-centro-academico\/#webpage","url":"https:\/\/dep.ufscar.br\/index.php\/pesquisa-e-extensao-caep-centro-academico\/","name":"Centro Acad\u00eamico Dep de Engenharia de Produ\u00e7\u00e3o (DEP) - UFSCar","isPartOf":{"@id":"https:\/\/dep.ufscar.br\/#website"},"datePublished":"2021-07-16T19:19:45+00:00","dateModified":"2025-05-08T19:00:07+00:00","description":"O Centro Acad\u00eamico tem como fun\u00e7\u00e3o representar os alunos do seu curso e defender os seus interesses dentro e fora da universidade.","breadcrumb":{"@id":"https:\/\/dep.ufscar.br\/index.php\/pesquisa-e-extensao-caep-centro-academico\/#breadcrumb"},"inLanguage":"pt-BR","potentialAction":[{"@type":"ReadAction","target":["https:\/\/dep.ufscar.br\/index.php\/pesquisa-e-extensao-caep-centro-academico\/"]}]},{"@type":"BreadcrumbList","@id":"https:\/\/dep.ufscar.br\/index.php\/pesquisa-e-extensao-caep-centro-academico\/#breadcrumb","itemListElement":[{"@type":"ListItem","position":1,"name":"Home","item":"https:\/\/dep.ufscar.br\/"},{"@type":"ListItem","position":2,"name":"PESQUISA E EXTENS\u00c3O &#8211; CAEP \u2013 Centro Acad\u00eamico"}]}]}},"_links":{"self":[{"href":"https:\/\/dep.ufscar.br\/index.php\/wp-json\/wp\/v2\/pages\/3615"}],"collection":[{"href":"https:\/\/dep.ufscar.br\/index.php\/wp-json\/wp\/v2\/pages"}],"about":[{"href":"https:\/\/dep.ufscar.br\/index.php\/wp-json\/wp\/v2\/types\/page"}],"author":[{"embeddable":true,"href":"https:\/\/dep.ufscar.br\/index.php\/wp-json\/wp\/v2\/users\/1"}],"replies":[{"embeddable":true,"href":"https:\/\/dep.ufscar.br\/index.php\/wp-json\/wp\/v2\/comments?post=3615"}],"version-history":[{"count":15,"href":"https:\/\/dep.ufscar.br\/index.php\/wp-json\/wp\/v2\/pages\/3615\/revisions"}],"predecessor-version":[{"id":5928,"href":"https:\/\/dep.ufscar.br\/index.php\/wp-json\/wp\/v2\/pages\/3615\/revisions\/5928"}],"wp:attachment":[{"href":"https:\/\/dep.ufscar.br\/index.php\/wp-json\/wp\/v2\/media?parent=3615"}],"wp:term":[{"taxonomy":"category","embeddable":true,"href":"https:\/\/dep.ufscar.br\/index.php\/wp-json\/wp\/v2\/categories?post=3615"},{"taxonomy":"post_tag","embeddable":true,"href":"https:\/\/dep.ufscar.br\/index.php\/wp-json\/wp\/v2\/tags?post=3615"}],"curies":[{"name":"wp","href":"https:\/\/api.w.org\/{rel}","templated":true}]}}