{"id":3416,"date":"2021-07-07T16:27:28","date_gmt":"2021-07-07T19:27:28","guid":{"rendered":"http:\/\/desenvolvimento.dep.ufscar.br\/?page_id=3416"},"modified":"2021-09-27T18:45:05","modified_gmt":"2021-09-27T21:45:05","slug":"dep-infraestrutura-laboratorios","status":"publish","type":"page","link":"https:\/\/dep.ufscar.br\/index.php\/dep-infraestrutura-laboratorios\/","title":{"rendered":"DEP &#8211; Infraestrutura | Laborat\u00f3rios"},"content":{"rendered":"<p>[vc_row rt_row_background_width=&#8221;fullwidth&#8221; rt_row_content_width=&#8221;default&#8221; rt_row_style=&#8221;alt-style-2&#8243; rt_column_placement=&#8221;middle&#8221; rt_row_borders=&#8221;&#8221; rt_row_shadows=&#8221;&#8221; rt_row_paddings=&#8221;true&#8221; rt_bg_effect=&#8221;classic&#8221; rt_bg_image_repeat=&#8221;repeat&#8221; rt_bg_size=&#8221;cover&#8221; rt_bg_position=&#8221;center center&#8221; rt_bg_attachment=&#8221;scroll&#8221; rt_bg_video_format=&#8221;youtube&#8221; rt_padding_top=&#8221;100&#8243; rt_bg_image=&#8221;3300&#8243; rt_row_height=&#8221;450&#8243; rt_bg_overlay_color=&#8221;rgba(0,0,0,0.2)&#8221;][vc_column rt_column_shadow=&#8221;&#8221; rt_bg_image_repeat=&#8221;repeat&#8221; rt_bg_size=&#8221;auto auto&#8221; rt_bg_attachment=&#8221;scroll&#8221; rt_bg_color=&#8221;&#8221; rt_bg_overlay_color=&#8221;&#8221; rt_padding_top=&#8221;140&#8243;]<div class=\"rt_heading_wrapper style-1\">\n\t\t\t\t\t\t<h1 class=\"rt_heading texto-sombra with_punchline style-1\" ><span class=\"punchline\">DEP - Infraestrutura<\/span>Laborat\u00f3rios<\/h1>\n\t\t\t\t\t<\/div>[\/vc_column][\/vc_row][vc_row rt_row_background_width=&#8221;fullwidth&#8221; rt_row_content_width=&#8221;default&#8221; rt_row_style=&#8221;default-style&#8221; rt_column_placement=&#8221;middle&#8221; rt_row_borders=&#8221;&#8221; rt_row_shadows=&#8221;&#8221; rt_row_paddings=&#8221;true&#8221; rt_bg_effect=&#8221;classic&#8221; rt_bg_image_repeat=&#8221;repeat&#8221; rt_bg_size=&#8221;cover&#8221; rt_bg_position=&#8221;right top&#8221; rt_bg_attachment=&#8221;scroll&#8221; rt_bg_video_format=&#8221;self-hosted&#8221; rt_row_no_padding=&#8221;false&#8221; rt_grid=&#8221;&#8221; rt_padding_top=&#8221;80px&#8221; rt_padding_bottom=&#8221;80px&#8221;][vc_column width=&#8221;1\/2&#8243; rt_column_shadow=&#8221;&#8221; rt_bg_image_repeat=&#8221;repeat&#8221; rt_bg_size=&#8221;auto auto&#8221; rt_bg_attachment=&#8221;scroll&#8221; rt_bg_color=&#8221;&#8221; rt_bg_overlay_color=&#8221;&#8221;][vc_single_image image=&#8221;5387&#8243; img_size=&#8221;full&#8221; alignment=&#8221;center&#8221;][\/vc_column][vc_column width=&#8221;1\/2&#8243; rt_column_shadow=&#8221;&#8221; rt_bg_image_repeat=&#8221;repeat&#8221; rt_bg_size=&#8221;auto auto&#8221; rt_bg_attachment=&#8221;scroll&#8221; rt_bg_color=&#8221;&#8221; rt_bg_overlay_color=&#8221;&#8221; class=&#8221;m-auto&#8221;]\t \n\t\t<div  class=\"with_icons style-1 \">\n\t\t\t \n\t\t<div  >\n\t\t<span class=\"icon-monitor icon\"><\/span><div class=\"list-content\"><p>Laborat\u00f3rio de Engenharia de Produ\u00e7\u00e3o (LEP)<\/p>\n<\/div>\n\t\t<\/div>\n\t\t \n\t\t<div  >\n\t\t<span class=\"icon-monitor icon\"><\/span><div class=\"list-content\"><p>Laborat\u00f3rio Integrado de Engenharia de Produ\u00e7\u00e3o (LIEP)<\/p>\n<\/div>\n\t\t<\/div>\n\t\t \n\t\t<div  >\n\t\t<span class=\"icon-monitor icon\"><\/span><div class=\"list-content\"><p>Laborat\u00f3rio de Trabalho em Grupo (LTG)<\/p>\n<\/div>\n\t\t<\/div>\n\t\t \n\t\t<div  >\n\t\t<span class=\"icon-monitor icon\"><\/span><div class=\"list-content\"><p>Laborat\u00f3rio de Instrumenta\u00e7\u00e3o (Lin)<\/p>\n<\/div>\n\t\t<\/div>\n\t\t \n\t\t<div  >\n\t\t<span class=\"icon-monitor icon\"><\/span><div class=\"list-content\"><p>Laborat\u00f3rio de Pr\u00e1ticas Produtivas (LPP)<\/p>\n<\/div>\n\t\t<\/div>\n\t\t \n\t\t<div  >\n\t\t<span class=\"icon-monitor icon\"><\/span><div class=\"list-content\"><p>Laborat\u00f3rio de Prot\u00f3tipos (LP)<\/p>\n<\/div>\n\t\t<\/div>\n\t\t \n\t\t<div  >\n\t\t<span class=\"icon-monitor icon\"><\/span><div class=\"list-content\"><p>Laborat\u00f3rio de Ergonomia, Simula\u00e7\u00e3o e Projeto de Situa\u00e7\u00f5es Produtivas (PSPLab)<\/p>\n<\/div>\n\t\t<\/div>\n\t\n\t\t<\/div>\n\t[\/vc_column][\/vc_row][vc_row rt_row_background_width=&#8221;fullwidth&#8221; rt_row_content_width=&#8221;fullwidth&#8221; rt_row_style=&#8221;default-style&#8221; rt_row_borders=&#8221;&#8221; rt_row_shadows=&#8221;&#8221; rt_row_paddings=&#8221;true&#8221; rt_bg_effect=&#8221;classic&#8221; rt_bg_image_repeat=&#8221;repeat&#8221; rt_bg_size=&#8221;cover&#8221; rt_bg_position=&#8221;right top&#8221; rt_bg_attachment=&#8221;scroll&#8221; rt_bg_video_format=&#8221;self-hosted&#8221; rt_padding_top=&#8221;0&#8243; rt_padding_bottom=&#8221;0&#8243; rt_padding_left=&#8221;0&#8243; rt_padding_right=&#8221;0&#8243;][vc_column rt_column_shadow=&#8221;&#8221; rt_bg_image_repeat=&#8221;repeat&#8221; rt_bg_size=&#8221;auto auto&#8221; rt_bg_attachment=&#8221;scroll&#8221;][vc_masonry_media_grid element_width=&#8221;2&#8243; item=&#8221;mediaGrid_FadeInWithIcon&#8221; grid_id=&#8221;vc_gid:1632583364806-e5c322d5-2e82-3&#8243; include=&#8221;5387,5382,5381,5385,5384,5383,3445,5378,5377,5379,5380,5376&#8243;][\/vc_column][\/vc_row]<\/p>\n","protected":false},"excerpt":{"rendered":"<p>[vc_row rt_row_background_width=&#8221;fullwidth&#8221; rt_row_content_width=&#8221;default&#8221; rt_row_style=&#8221;alt-style-2&#8243; rt_column_placement=&#8221;middle&#8221; rt_row_borders=&#8221;&#8221; rt_row_shadows=&#8221;&#8221; rt_row_paddings=&#8221;true&#8221; rt_bg_effect=&#8221;classic&#8221; rt_bg_image_repeat=&#8221;repeat&#8221; rt_bg_size=&#8221;cover&#8221; rt_bg_position=&#8221;center center&#8221; rt_bg_attachment=&#8221;scroll&#8221; rt_bg_video_format=&#8221;youtube&#8221; rt_padding_top=&#8221;100&#8243; rt_bg_image=&#8221;3300&#8243; rt_row_height=&#8221;450&#8243; rt_bg_overlay_color=&#8221;rgba(0,0,0,0.2)&#8221;][vc_column rt_column_shadow=&#8221;&#8221; rt_bg_image_repeat=&#8221;repeat&#8221; rt_bg_size=&#8221;auto auto&#8221; rt_bg_attachment=&#8221;scroll&#8221; rt_bg_color=&#8221;&#8221; rt_bg_overlay_color=&#8221;&#8221; rt_padding_top=&#8221;140&#8243;][\/vc_column][\/vc_row][vc_row rt_row_background_width=&#8221;fullwidth&#8221; rt_row_content_width=&#8221;default&#8221; rt_row_style=&#8221;default-style&#8221; rt_column_placement=&#8221;middle&#8221; rt_row_borders=&#8221;&#8221; rt_row_shadows=&#8221;&#8221; rt_row_paddings=&#8221;true&#8221; rt_bg_effect=&#8221;classic&#8221; rt_bg_image_repeat=&#8221;repeat&#8221; rt_bg_size=&#8221;cover&#8221; rt_bg_position=&#8221;right top&#8221; rt_bg_attachment=&#8221;scroll&#8221; rt_bg_video_format=&#8221;self-hosted&#8221; rt_row_no_padding=&#8221;false&#8221; rt_grid=&#8221;&#8221; rt_padding_top=&#8221;80px&#8221; rt_padding_bottom=&#8221;80px&#8221;][vc_column width=&#8221;1\/2&#8243; rt_column_shadow=&#8221;&#8221; rt_bg_image_repeat=&#8221;repeat&#8221; rt_bg_size=&#8221;auto auto&#8221; rt_bg_attachment=&#8221;scroll&#8221; rt_bg_color=&#8221;&#8221; rt_bg_overlay_color=&#8221;&#8221;][vc_single_image image=&#8221;5387&#8243; img_size=&#8221;full&#8221; &#8230; <a class=\"more-link\" href=\"https:\/\/dep.ufscar.br\/index.php\/dep-infraestrutura-laboratorios\/\">Leia mais<\/a><\/p>\n","protected":false},"author":1,"featured_media":0,"parent":0,"menu_order":0,"comment_status":"closed","ping_status":"closed","template":"","meta":[],"categories":[],"tags":[],"yoast_head":"<!-- This site is optimized with the Yoast SEO plugin v17.0 - https:\/\/yoast.com\/wordpress\/plugins\/seo\/ -->\n<title>Laborat\u00f3rios Departamento de Engenharia de Produ\u00e7\u00e3o (DEP) - UFSCar<\/title>\n<meta name=\"description\" content=\"O Dep de Engenharia de Produ\u00e7\u00e3o da UFSCAR possui diversos laborat\u00f3rios de pesquisa para auxiliar nas pesquisas dos alunos e professores.\" \/>\n<meta name=\"robots\" content=\"index, follow, max-snippet:-1, max-image-preview:large, max-video-preview:-1\" \/>\n<link rel=\"canonical\" href=\"https:\/\/dep.ufscar.br\/index.php\/dep-infraestrutura-laboratorios\/\" \/>\n<meta property=\"og:locale\" content=\"pt_BR\" \/>\n<meta property=\"og:type\" content=\"article\" \/>\n<meta property=\"og:title\" content=\"Laborat\u00f3rios Departamento de Engenharia de Produ\u00e7\u00e3o (DEP) - UFSCar\" \/>\n<meta property=\"og:description\" content=\"O Dep de Engenharia de Produ\u00e7\u00e3o da UFSCAR possui diversos laborat\u00f3rios de pesquisa para auxiliar nas pesquisas dos alunos e professores.\" \/>\n<meta property=\"og:url\" content=\"https:\/\/dep.ufscar.br\/index.php\/dep-infraestrutura-laboratorios\/\" \/>\n<meta property=\"og:site_name\" content=\"DEP\" \/>\n<meta property=\"article:modified_time\" content=\"2021-09-27T21:45:05+00:00\" \/>\n<meta property=\"og:image\" content=\"http:\/\/dep.ufscar.br\/wp-content\/uploads\/2021\/09\/log-dep-departamento-de-engenharia-ufscar-seo.jpg\" \/>\n\t<meta property=\"og:image:width\" content=\"300\" \/>\n\t<meta property=\"og:image:height\" content=\"200\" \/>\n<meta name=\"twitter:card\" content=\"summary_large_image\" \/>\n<meta name=\"twitter:label1\" content=\"Est. tempo de leitura\" \/>\n\t<meta name=\"twitter:data1\" content=\"1 minuto\" \/>\n<script type=\"application\/ld+json\" class=\"yoast-schema-graph\">{\"@context\":\"https:\/\/schema.org\",\"@graph\":[{\"@type\":\"WebSite\",\"@id\":\"https:\/\/dep.ufscar.br\/#website\",\"url\":\"https:\/\/dep.ufscar.br\/\",\"name\":\"DEP\",\"description\":\"Departamento de Engenharia de Produ\\u00e7\\u00e3o\",\"potentialAction\":[{\"@type\":\"SearchAction\",\"target\":{\"@type\":\"EntryPoint\",\"urlTemplate\":\"https:\/\/dep.ufscar.br\/?s={search_term_string}\"},\"query-input\":\"required name=search_term_string\"}],\"inLanguage\":\"pt-BR\"},{\"@type\":\"ImageObject\",\"@id\":\"https:\/\/dep.ufscar.br\/index.php\/dep-infraestrutura-laboratorios\/#primaryimage\",\"inLanguage\":\"pt-BR\",\"url\":\"https:\/\/dep.ufscar.br\/wp-content\/uploads\/2021\/09\/log-dep-departamento-de-engenharia-ufscar-seo.jpg\",\"contentUrl\":\"https:\/\/dep.ufscar.br\/wp-content\/uploads\/2021\/09\/log-dep-departamento-de-engenharia-ufscar-seo.jpg\",\"width\":300,\"height\":200},{\"@type\":\"WebPage\",\"@id\":\"https:\/\/dep.ufscar.br\/index.php\/dep-infraestrutura-laboratorios\/#webpage\",\"url\":\"https:\/\/dep.ufscar.br\/index.php\/dep-infraestrutura-laboratorios\/\",\"name\":\"Laborat\\u00f3rios Departamento de Engenharia de Produ\\u00e7\\u00e3o (DEP) - UFSCar\",\"isPartOf\":{\"@id\":\"https:\/\/dep.ufscar.br\/#website\"},\"datePublished\":\"2021-07-07T19:27:28+00:00\",\"dateModified\":\"2021-09-27T21:45:05+00:00\",\"description\":\"O Dep de Engenharia de Produ\\u00e7\\u00e3o da UFSCAR possui diversos laborat\\u00f3rios de pesquisa para auxiliar nas pesquisas dos alunos e professores.\",\"breadcrumb\":{\"@id\":\"https:\/\/dep.ufscar.br\/index.php\/dep-infraestrutura-laboratorios\/#breadcrumb\"},\"inLanguage\":\"pt-BR\",\"potentialAction\":[{\"@type\":\"ReadAction\",\"target\":[\"https:\/\/dep.ufscar.br\/index.php\/dep-infraestrutura-laboratorios\/\"]}]},{\"@type\":\"BreadcrumbList\",\"@id\":\"https:\/\/dep.ufscar.br\/index.php\/dep-infraestrutura-laboratorios\/#breadcrumb\",\"itemListElement\":[{\"@type\":\"ListItem\",\"position\":1,\"name\":\"Home\",\"item\":\"https:\/\/dep.ufscar.br\/\"},{\"@type\":\"ListItem\",\"position\":2,\"name\":\"DEP &#8211; Infraestrutura | Laborat\\u00f3rios\"}]}]}<\/script>\n<!-- \/ Yoast SEO plugin. -->","yoast_head_json":{"title":"Laborat\u00f3rios Departamento de Engenharia de Produ\u00e7\u00e3o (DEP) - UFSCar","description":"O Dep de Engenharia de Produ\u00e7\u00e3o da UFSCAR possui diversos laborat\u00f3rios de pesquisa para auxiliar nas pesquisas dos alunos e professores.","robots":{"index":"index","follow":"follow","max-snippet":"max-snippet:-1","max-image-preview":"max-image-preview:large","max-video-preview":"max-video-preview:-1"},"canonical":"https:\/\/dep.ufscar.br\/index.php\/dep-infraestrutura-laboratorios\/","og_locale":"pt_BR","og_type":"article","og_title":"Laborat\u00f3rios Departamento de Engenharia de Produ\u00e7\u00e3o (DEP) - UFSCar","og_description":"O Dep de Engenharia de Produ\u00e7\u00e3o da UFSCAR possui diversos laborat\u00f3rios de pesquisa para auxiliar nas pesquisas dos alunos e professores.","og_url":"https:\/\/dep.ufscar.br\/index.php\/dep-infraestrutura-laboratorios\/","og_site_name":"DEP","article_modified_time":"2021-09-27T21:45:05+00:00","og_image":[{"width":300,"height":200,"url":"http:\/\/dep.ufscar.br\/wp-content\/uploads\/2021\/09\/log-dep-departamento-de-engenharia-ufscar-seo.jpg","path":"\/var\/www\/html\/desenvolvimento\/wp-content\/uploads\/2021\/09\/log-dep-departamento-de-engenharia-ufscar-seo.jpg","size":"full","id":"4900","alt":"","pixels":60000,"type":"image\/jpeg"}],"twitter_card":"summary_large_image","twitter_misc":{"Est. tempo de leitura":"1 minuto"},"schema":{"@context":"https:\/\/schema.org","@graph":[{"@type":"WebSite","@id":"https:\/\/dep.ufscar.br\/#website","url":"https:\/\/dep.ufscar.br\/","name":"DEP","description":"Departamento de Engenharia de Produ\u00e7\u00e3o","potentialAction":[{"@type":"SearchAction","target":{"@type":"EntryPoint","urlTemplate":"https:\/\/dep.ufscar.br\/?s={search_term_string}"},"query-input":"required name=search_term_string"}],"inLanguage":"pt-BR"},{"@type":"ImageObject","@id":"https:\/\/dep.ufscar.br\/index.php\/dep-infraestrutura-laboratorios\/#primaryimage","inLanguage":"pt-BR","url":"https:\/\/dep.ufscar.br\/wp-content\/uploads\/2021\/09\/log-dep-departamento-de-engenharia-ufscar-seo.jpg","contentUrl":"https:\/\/dep.ufscar.br\/wp-content\/uploads\/2021\/09\/log-dep-departamento-de-engenharia-ufscar-seo.jpg","width":300,"height":200},{"@type":"WebPage","@id":"https:\/\/dep.ufscar.br\/index.php\/dep-infraestrutura-laboratorios\/#webpage","url":"https:\/\/dep.ufscar.br\/index.php\/dep-infraestrutura-laboratorios\/","name":"Laborat\u00f3rios Departamento de Engenharia de Produ\u00e7\u00e3o (DEP) - UFSCar","isPartOf":{"@id":"https:\/\/dep.ufscar.br\/#website"},"datePublished":"2021-07-07T19:27:28+00:00","dateModified":"2021-09-27T21:45:05+00:00","description":"O Dep de Engenharia de Produ\u00e7\u00e3o da UFSCAR possui diversos laborat\u00f3rios de pesquisa para auxiliar nas pesquisas dos alunos e professores.","breadcrumb":{"@id":"https:\/\/dep.ufscar.br\/index.php\/dep-infraestrutura-laboratorios\/#breadcrumb"},"inLanguage":"pt-BR","potentialAction":[{"@type":"ReadAction","target":["https:\/\/dep.ufscar.br\/index.php\/dep-infraestrutura-laboratorios\/"]}]},{"@type":"BreadcrumbList","@id":"https:\/\/dep.ufscar.br\/index.php\/dep-infraestrutura-laboratorios\/#breadcrumb","itemListElement":[{"@type":"ListItem","position":1,"name":"Home","item":"https:\/\/dep.ufscar.br\/"},{"@type":"ListItem","position":2,"name":"DEP &#8211; Infraestrutura | Laborat\u00f3rios"}]}]}},"_links":{"self":[{"href":"https:\/\/dep.ufscar.br\/index.php\/wp-json\/wp\/v2\/pages\/3416"}],"collection":[{"href":"https:\/\/dep.ufscar.br\/index.php\/wp-json\/wp\/v2\/pages"}],"about":[{"href":"https:\/\/dep.ufscar.br\/index.php\/wp-json\/wp\/v2\/types\/page"}],"author":[{"embeddable":true,"href":"https:\/\/dep.ufscar.br\/index.php\/wp-json\/wp\/v2\/users\/1"}],"replies":[{"embeddable":true,"href":"https:\/\/dep.ufscar.br\/index.php\/wp-json\/wp\/v2\/comments?post=3416"}],"version-history":[{"count":40,"href":"https:\/\/dep.ufscar.br\/index.php\/wp-json\/wp\/v2\/pages\/3416\/revisions"}],"predecessor-version":[{"id":5390,"href":"https:\/\/dep.ufscar.br\/index.php\/wp-json\/wp\/v2\/pages\/3416\/revisions\/5390"}],"wp:attachment":[{"href":"https:\/\/dep.ufscar.br\/index.php\/wp-json\/wp\/v2\/media?parent=3416"}],"wp:term":[{"taxonomy":"category","embeddable":true,"href":"https:\/\/dep.ufscar.br\/index.php\/wp-json\/wp\/v2\/categories?post=3416"},{"taxonomy":"post_tag","embeddable":true,"href":"https:\/\/dep.ufscar.br\/index.php\/wp-json\/wp\/v2\/tags?post=3416"}],"curies":[{"name":"wp","href":"https:\/\/api.w.org\/{rel}","templated":true}]}}