{"id":3385,"date":"2021-06-24T10:37:25","date_gmt":"2021-06-24T13:37:25","guid":{"rendered":"http:\/\/desenvolvimento.dep.ufscar.br\/?page_id=3385"},"modified":"2023-02-15T11:00:17","modified_gmt":"2023-02-15T13:00:17","slug":"dep-servidores-tecnico-administrativos","status":"publish","type":"page","link":"https:\/\/dep.ufscar.br\/index.php\/dep-servidores-tecnico-administrativos\/","title":{"rendered":"DEP &#8211; SERVIDORES T\u00c9CNICO-ADMINISTRATIVOS"},"content":{"rendered":"<p>[vc_row rt_row_background_width=&#8221;fullwidth&#8221; rt_row_content_width=&#8221;default&#8221; rt_row_style=&#8221;alt-style-2&#8243; rt_column_placement=&#8221;middle&#8221; rt_row_borders=&#8221;&#8221; rt_row_shadows=&#8221;&#8221; rt_row_paddings=&#8221;true&#8221; rt_bg_effect=&#8221;classic&#8221; rt_bg_image_repeat=&#8221;repeat&#8221; rt_bg_size=&#8221;cover&#8221; rt_bg_position=&#8221;center center&#8221; rt_bg_attachment=&#8221;scroll&#8221; rt_bg_video_format=&#8221;youtube&#8221; rt_padding_top=&#8221;100&#8243; rt_bg_image=&#8221;3300&#8243; rt_row_height=&#8221;450&#8243; rt_bg_overlay_color=&#8221;rgba(0,0,0,0.2)&#8221;][vc_column rt_column_shadow=&#8221;&#8221; rt_bg_image_repeat=&#8221;repeat&#8221; rt_bg_size=&#8221;auto auto&#8221; rt_bg_attachment=&#8221;scroll&#8221; rt_bg_color=&#8221;&#8221; rt_bg_overlay_color=&#8221;&#8221; rt_padding_top=&#8221;140&#8243;]<div class=\"rt_heading_wrapper style-1\">\n\t\t\t\t\t\t<h1 class=\"rt_heading texto-sombra with_punchline style-1\"  style=\"font-size:44px;\" data-maxfont-size=\"44\" data-minfont-size=\"28\"><span class=\"punchline\">DEP<\/span>SERVIDORES T\u00c9CNICO-ADMINISTRATIVOS<\/h1>\n\t\t\t\t\t<\/div>[\/vc_column][\/vc_row][vc_row rt_row_background_width=&#8221;fullwidth&#8221; rt_row_content_width=&#8221;default&#8221; rt_row_style=&#8221;default-style&#8221; rt_row_borders=&#8221;&#8221; rt_row_shadows=&#8221;&#8221; rt_row_paddings=&#8221;true&#8221; id=&#8221;funcionarios&#8221; rt_bg_effect=&#8221;classic&#8221; rt_bg_image_repeat=&#8221;repeat&#8221; rt_bg_size=&#8221;cover&#8221; rt_bg_position=&#8221;right top&#8221; rt_bg_attachment=&#8221;scroll&#8221; rt_bg_video_format=&#8221;self-hosted&#8221; rt_padding_top=&#8221;80&#8243; rt_padding_bottom=&#8221;50&#8243;][vc_column width=&#8221;1\/2&#8243; rt_column_shadow=&#8221;&#8221; rt_bg_image_repeat=&#8221;repeat&#8221; rt_bg_size=&#8221;auto auto&#8221; rt_bg_attachment=&#8221;scroll&#8221;][vc_row_inner rt_row_style=&#8221;global-style&#8221; rt_bg_custom_alignment=&#8221;top&#8221; class=&#8221;funcionario-box&#8221;][vc_column_inner rt_column_shadow=&#8221;&#8221; rt_bg_image_repeat=&#8221;repeat&#8221; rt_bg_size=&#8221;auto auto&#8221; rt_bg_attachment=&#8221;scroll&#8221;]<div class=\"rt_heading_wrapper no-style\">\n\t\t\t\t\t\t<h6 class=\"rt_heading  no-style\"  style=\"font-size:18px;\">Fabr\u00edcio F. do Nascimento<\/h6>\n\t\t\t\t\t<\/div>[vc_column_text el_class=&#8221;p-line-bottom&#8221;]<em>T\u00e9cnico de Inform\u00e1tica<\/em>[\/vc_column_text][vc_column_text]<span class=\"rt-icon icon-mail-1 \"><\/span> <a href=\"mailto:fabricio@dep.ufscar.br\">fabricio@dep.ufscar.br<\/a>[\/vc_column_text][\/vc_column_inner][\/vc_row_inner][vc_row_inner rt_row_style=&#8221;global-style&#8221; rt_bg_custom_alignment=&#8221;top&#8221; class=&#8221;funcionario-box&#8221;][vc_column_inner rt_column_shadow=&#8221;&#8221; rt_bg_image_repeat=&#8221;repeat&#8221; rt_bg_size=&#8221;auto auto&#8221; rt_bg_attachment=&#8221;scroll&#8221;]<div class=\"rt_heading_wrapper no-style\">\n\t\t\t\t\t\t<h6 class=\"rt_heading  no-style\"  style=\"font-size:18px;\">Jorge Luis Ranieri<\/h6>\n\t\t\t\t\t<\/div>[vc_column_text el_class=&#8221;p-line-bottom&#8221;]<em>Assistente em Administra\u00e7\u00e3o<\/em>[\/vc_column_text][vc_column_text]<span class=\"rt-icon icon-mail-1 \"><\/span> <a href=\"mailto:jorge@dep.ufscar.br\">jorge@dep.ufscar.br<\/a>[\/vc_column_text][\/vc_column_inner][\/vc_row_inner][vc_row_inner rt_row_style=&#8221;global-style&#8221; rt_bg_custom_alignment=&#8221;top&#8221; class=&#8221;funcionario-box&#8221;][vc_column_inner rt_column_shadow=&#8221;&#8221; rt_bg_image_repeat=&#8221;repeat&#8221; rt_bg_size=&#8221;auto auto&#8221; rt_bg_attachment=&#8221;scroll&#8221;]<div class=\"rt_heading_wrapper no-style\">\n\t\t\t\t\t\t<h6 class=\"rt_heading  no-style\"  style=\"font-size:18px;\">Lucas Gomes Duarte<\/h6>\n\t\t\t\t\t<\/div>[vc_column_text el_class=&#8221;p-line-bottom&#8221;]<\/p>\n<p data-pm-slice=\"1 1 [&quot;list&quot;,{},&quot;list_item&quot;,{&quot;indent&quot;:1,&quot;type&quot;:&quot;bulleted&quot;}]\"><em>Secretaria de P\u00f3s-Gradua\u00e7\u00e3o<\/em><\/p>\n<p>[\/vc_column_text][vc_column_text el_class=&#8221;p-line-bottom&#8221;][\/vc_column_text][vc_column_text]<span class=\"rt-icon icon-mail-1 \"><\/span> <a href=\"mailto:ppgep@dep.ufscar.br\">ppgep@dep.ufscar.br<\/a>[\/vc_column_text][\/vc_column_inner][\/vc_row_inner][vc_row_inner rt_row_style=&#8221;global-style&#8221; rt_bg_custom_alignment=&#8221;top&#8221; class=&#8221;funcionario-box&#8221;][vc_column_inner rt_column_shadow=&#8221;&#8221; rt_bg_image_repeat=&#8221;repeat&#8221; rt_bg_size=&#8221;auto auto&#8221; rt_bg_attachment=&#8221;scroll&#8221;]<div class=\"rt_heading_wrapper no-style\">\n\t\t\t\t\t\t<h6 class=\"rt_heading  no-style\"  style=\"font-size:18px;\">Murillo Biscegli<\/h6>\n\t\t\t\t\t<\/div>[vc_column_text el_class=&#8221;p-line-bottom&#8221;]<em>Secretaria de Gradua\u00e7\u00e3o<\/em>[\/vc_column_text][vc_column_text]<span class=\"rt-icon icon-mail-1 \"><\/span> <a href=\"mailto:mbis@dep.ufscar.br\">mbis@dep.ufscar.br<\/a>[\/vc_column_text][\/vc_column_inner][\/vc_row_inner][vc_row_inner rt_row_style=&#8221;global-style&#8221; rt_bg_custom_alignment=&#8221;top&#8221; class=&#8221;funcionario-box&#8221;][vc_column_inner rt_column_shadow=&#8221;&#8221; rt_bg_image_repeat=&#8221;repeat&#8221; rt_bg_size=&#8221;auto auto&#8221; rt_bg_attachment=&#8221;scroll&#8221;]<div class=\"rt_heading_wrapper no-style\">\n\t\t\t\t\t\t<h6 class=\"rt_heading  no-style\"  style=\"font-size:18px;\">Alyson Roberto Batista Monteiro<\/h6>\n\t\t\t\t\t<\/div>[vc_column_text el_class=&#8221;p-line-bottom&#8221;]<em>Secretaria Administrativa<\/em>[\/vc_column_text][vc_column_text]<span class=\"rt-icon icon-mail-1 \"><\/span> <a href=\"mailto:alyson@dep.ufscar.br\">alyson@dep.ufscar.br<\/a>[\/vc_column_text][\/vc_column_inner][\/vc_row_inner][\/vc_column][vc_column width=&#8221;1\/2&#8243; rt_column_shadow=&#8221;&#8221; rt_bg_image_repeat=&#8221;repeat&#8221; rt_bg_size=&#8221;auto auto&#8221; rt_bg_attachment=&#8221;scroll&#8221;][vc_row_inner rt_row_style=&#8221;global-style&#8221; rt_bg_custom_alignment=&#8221;top&#8221; class=&#8221;funcionario-box&#8221;][vc_column_inner rt_column_shadow=&#8221;&#8221; rt_bg_image_repeat=&#8221;repeat&#8221; rt_bg_size=&#8221;auto auto&#8221; rt_bg_attachment=&#8221;scroll&#8221;]<div class=\"rt_heading_wrapper no-style\">\n\t\t\t\t\t\t<h6 class=\"rt_heading  no-style\"  style=\"font-size:18px;\">Robson Lopes dos Santos<\/h6>\n\t\t\t\t\t<\/div>[vc_column_text el_class=&#8221;p-line-bottom&#8221;]<em>Secretaria de P\u00f3s-Gradua\u00e7\u00e3o<\/em>[\/vc_column_text][vc_column_text]<span class=\"rt-icon icon-mail-1 \"><\/span> <a href=\"mailto:ppgep@dep.ufscar.br\">ppgep@dep.ufscar.br<\/a>[\/vc_column_text][\/vc_column_inner][\/vc_row_inner][vc_row_inner rt_row_style=&#8221;global-style&#8221; rt_bg_custom_alignment=&#8221;top&#8221; class=&#8221;funcionario-box&#8221;][vc_column_inner rt_column_shadow=&#8221;&#8221; rt_bg_image_repeat=&#8221;repeat&#8221; rt_bg_size=&#8221;auto auto&#8221; rt_bg_attachment=&#8221;scroll&#8221;]<div class=\"rt_heading_wrapper no-style\">\n\t\t\t\t\t\t<h6 class=\"rt_heading  no-style\"  style=\"font-size:18px;\">Sandra M\u00e1rcia Gon\u00e7alves Pereira<\/h6>\n\t\t\t\t\t<\/div>[vc_column_text el_class=&#8221;p-line-bottom&#8221;]<em>Revista Gest\u00e3o &amp; Produ\u00e7\u00e3o<\/em>[\/vc_column_text][vc_column_text]<span class=\"rt-icon icon-mail-1 \"><\/span> <a href=\"mailto:gp@dep.ufscar.br\">gp@dep.ufscar.br<\/a>[\/vc_column_text][\/vc_column_inner][\/vc_row_inner][vc_row_inner rt_row_style=&#8221;global-style&#8221; rt_bg_custom_alignment=&#8221;top&#8221; class=&#8221;funcionario-box&#8221;][vc_column_inner rt_column_shadow=&#8221;&#8221; rt_bg_image_repeat=&#8221;repeat&#8221; rt_bg_size=&#8221;auto auto&#8221; rt_bg_attachment=&#8221;scroll&#8221;]<div class=\"rt_heading_wrapper no-style\">\n\t\t\t\t\t\t<h6 class=\"rt_heading  no-style\"  style=\"font-size:18px;\">Silvia Regina Anselmo dos Santos<\/h6>\n\t\t\t\t\t<\/div>[vc_column_text el_class=&#8221;p-line-bottom&#8221;]<em>Secretaria Administrativa<\/em>[\/vc_column_text][vc_column_text]<span class=\"rt-icon icon-mail-1 \"><\/span> <a href=\"mailto:silvia@dep.ufscar.br\">silvia@dep.ufscar.br<\/a>[\/vc_column_text][\/vc_column_inner][\/vc_row_inner][vc_row_inner rt_row_style=&#8221;global-style&#8221; rt_bg_custom_alignment=&#8221;top&#8221; class=&#8221;funcionario-box&#8221;][vc_column_inner rt_column_shadow=&#8221;&#8221; rt_bg_image_repeat=&#8221;repeat&#8221; rt_bg_size=&#8221;auto auto&#8221; rt_bg_attachment=&#8221;scroll&#8221;]<div class=\"rt_heading_wrapper no-style\">\n\t\t\t\t\t\t<h6 class=\"rt_heading  no-style\"  style=\"font-size:18px;\">Tiago Matheus Nordi<\/h6>\n\t\t\t\t\t<\/div>[vc_column_text el_class=&#8221;p-line-bottom&#8221;]<em>T\u00e9cnico de Laborat\u00f3rio\/ Industrial<\/em>[\/vc_column_text][vc_column_text]<span class=\"rt-icon icon-mail-1 \"><\/span> <a href=\"mailto:tiago@dep.ufscar.br\">tiago@dep.ufscar.br<\/a>[\/vc_column_text][\/vc_column_inner][\/vc_row_inner][\/vc_column][\/vc_row][vc_row rt_row_background_width=&#8221;fullwidth&#8221; rt_row_content_width=&#8221;default&#8221; rt_row_style=&#8221;default-style&#8221; rt_row_borders=&#8221;&#8221; rt_row_shadows=&#8221;&#8221; rt_row_paddings=&#8221;true&#8221; rt_bg_effect=&#8221;classic&#8221; rt_bg_image_repeat=&#8221;repeat&#8221; rt_bg_size=&#8221;cover&#8221; rt_bg_position=&#8221;right top&#8221; rt_bg_attachment=&#8221;scroll&#8221; rt_bg_video_format=&#8221;self-hosted&#8221; class=&#8221;d-desktop&#8221;][vc_column rt_column_shadow=&#8221;&#8221; rt_bg_image_repeat=&#8221;repeat&#8221; rt_bg_size=&#8221;auto auto&#8221; rt_bg_attachment=&#8221;scroll&#8221; offset=&#8221;vc_hidden-sm vc_hidden-xs&#8221; rt_bg_color=&#8221;&#8221; rt_bg_overlay_color=&#8221;&#8221;][vc_empty_space height=&#8221;80px&#8221;][\/vc_column][\/vc_row]<\/p>\n","protected":false},"excerpt":{"rendered":"<p>[vc_row rt_row_background_width=&#8221;fullwidth&#8221; rt_row_content_width=&#8221;default&#8221; rt_row_style=&#8221;alt-style-2&#8243; rt_column_placement=&#8221;middle&#8221; rt_row_borders=&#8221;&#8221; rt_row_shadows=&#8221;&#8221; rt_row_paddings=&#8221;true&#8221; rt_bg_effect=&#8221;classic&#8221; rt_bg_image_repeat=&#8221;repeat&#8221; rt_bg_size=&#8221;cover&#8221; rt_bg_position=&#8221;center center&#8221; rt_bg_attachment=&#8221;scroll&#8221; rt_bg_video_format=&#8221;youtube&#8221; rt_padding_top=&#8221;100&#8243; rt_bg_image=&#8221;3300&#8243; rt_row_height=&#8221;450&#8243; rt_bg_overlay_color=&#8221;rgba(0,0,0,0.2)&#8221;][vc_column rt_column_shadow=&#8221;&#8221; rt_bg_image_repeat=&#8221;repeat&#8221; rt_bg_size=&#8221;auto auto&#8221; rt_bg_attachment=&#8221;scroll&#8221; rt_bg_color=&#8221;&#8221; rt_bg_overlay_color=&#8221;&#8221; rt_padding_top=&#8221;140&#8243;][\/vc_column][\/vc_row][vc_row rt_row_background_width=&#8221;fullwidth&#8221; rt_row_content_width=&#8221;default&#8221; rt_row_style=&#8221;default-style&#8221; rt_row_borders=&#8221;&#8221; rt_row_shadows=&#8221;&#8221; rt_row_paddings=&#8221;true&#8221; id=&#8221;funcionarios&#8221; rt_bg_effect=&#8221;classic&#8221; rt_bg_image_repeat=&#8221;repeat&#8221; rt_bg_size=&#8221;cover&#8221; rt_bg_position=&#8221;right top&#8221; rt_bg_attachment=&#8221;scroll&#8221; rt_bg_video_format=&#8221;self-hosted&#8221; rt_padding_top=&#8221;80&#8243; rt_padding_bottom=&#8221;50&#8243;][vc_column width=&#8221;1\/2&#8243; rt_column_shadow=&#8221;&#8221; rt_bg_image_repeat=&#8221;repeat&#8221; rt_bg_size=&#8221;auto auto&#8221; rt_bg_attachment=&#8221;scroll&#8221;][vc_row_inner rt_row_style=&#8221;global-style&#8221; rt_bg_custom_alignment=&#8221;top&#8221; class=&#8221;funcionario-box&#8221;][vc_column_inner rt_column_shadow=&#8221;&#8221; rt_bg_image_repeat=&#8221;repeat&#8221; rt_bg_size=&#8221;auto &#8230; <a class=\"more-link\" href=\"https:\/\/dep.ufscar.br\/index.php\/dep-servidores-tecnico-administrativos\/\">Leia mais<\/a><\/p>\n","protected":false},"author":1,"featured_media":0,"parent":0,"menu_order":0,"comment_status":"closed","ping_status":"closed","template":"","meta":[],"categories":[],"tags":[],"yoast_head":"<!-- This site is optimized with the Yoast SEO plugin v17.0 - https:\/\/yoast.com\/wordpress\/plugins\/seo\/ -->\n<title>Funcion\u00e1rios Departamento de Engenharia de Produ\u00e7\u00e3o (DEP) - UFSCar<\/title>\n<meta name=\"description\" content=\"Entre em contato com os funcion\u00e1rios do Departamento de Engenharia de Produ\u00e7\u00e3o da UFSCAR. Secretaria, administra\u00e7\u00e3o, ...\" \/>\n<meta name=\"robots\" content=\"index, follow, max-snippet:-1, max-image-preview:large, max-video-preview:-1\" \/>\n<link rel=\"canonical\" href=\"https:\/\/dep.ufscar.br\/index.php\/dep-servidores-tecnico-administrativos\/\" \/>\n<meta property=\"og:locale\" content=\"pt_BR\" \/>\n<meta property=\"og:type\" content=\"article\" \/>\n<meta property=\"og:title\" content=\"Funcion\u00e1rios Departamento de Engenharia de Produ\u00e7\u00e3o (DEP) - UFSCar\" \/>\n<meta property=\"og:description\" content=\"Entre em contato com os funcion\u00e1rios do Departamento de Engenharia de Produ\u00e7\u00e3o da UFSCAR. Secretaria, administra\u00e7\u00e3o, ...\" \/>\n<meta property=\"og:url\" content=\"https:\/\/dep.ufscar.br\/index.php\/dep-servidores-tecnico-administrativos\/\" \/>\n<meta property=\"og:site_name\" content=\"DEP\" \/>\n<meta property=\"article:modified_time\" content=\"2023-02-15T13:00:17+00:00\" \/>\n<meta property=\"og:image\" content=\"http:\/\/dep.ufscar.br\/wp-content\/uploads\/2021\/09\/log-dep-departamento-de-engenharia-ufscar-seo.jpg\" \/>\n\t<meta property=\"og:image:width\" content=\"300\" \/>\n\t<meta property=\"og:image:height\" content=\"200\" \/>\n<meta name=\"twitter:card\" content=\"summary_large_image\" \/>\n<meta name=\"twitter:label1\" content=\"Est. tempo de leitura\" \/>\n\t<meta name=\"twitter:data1\" content=\"2 minutos\" \/>\n<script type=\"application\/ld+json\" class=\"yoast-schema-graph\">{\"@context\":\"https:\/\/schema.org\",\"@graph\":[{\"@type\":\"WebSite\",\"@id\":\"https:\/\/dep.ufscar.br\/#website\",\"url\":\"https:\/\/dep.ufscar.br\/\",\"name\":\"DEP\",\"description\":\"Departamento de Engenharia de Produ\\u00e7\\u00e3o\",\"potentialAction\":[{\"@type\":\"SearchAction\",\"target\":{\"@type\":\"EntryPoint\",\"urlTemplate\":\"https:\/\/dep.ufscar.br\/?s={search_term_string}\"},\"query-input\":\"required name=search_term_string\"}],\"inLanguage\":\"pt-BR\"},{\"@type\":\"ImageObject\",\"@id\":\"https:\/\/dep.ufscar.br\/index.php\/dep-servidores-tecnico-administrativos\/#primaryimage\",\"inLanguage\":\"pt-BR\",\"url\":\"https:\/\/dep.ufscar.br\/wp-content\/uploads\/2021\/09\/log-dep-departamento-de-engenharia-ufscar-seo.jpg\",\"contentUrl\":\"https:\/\/dep.ufscar.br\/wp-content\/uploads\/2021\/09\/log-dep-departamento-de-engenharia-ufscar-seo.jpg\",\"width\":300,\"height\":200},{\"@type\":\"WebPage\",\"@id\":\"https:\/\/dep.ufscar.br\/index.php\/dep-servidores-tecnico-administrativos\/#webpage\",\"url\":\"https:\/\/dep.ufscar.br\/index.php\/dep-servidores-tecnico-administrativos\/\",\"name\":\"Funcion\\u00e1rios Departamento de Engenharia de Produ\\u00e7\\u00e3o (DEP) - UFSCar\",\"isPartOf\":{\"@id\":\"https:\/\/dep.ufscar.br\/#website\"},\"datePublished\":\"2021-06-24T13:37:25+00:00\",\"dateModified\":\"2023-02-15T13:00:17+00:00\",\"description\":\"Entre em contato com os funcion\\u00e1rios do Departamento de Engenharia de Produ\\u00e7\\u00e3o da UFSCAR. Secretaria, administra\\u00e7\\u00e3o, ...\",\"breadcrumb\":{\"@id\":\"https:\/\/dep.ufscar.br\/index.php\/dep-servidores-tecnico-administrativos\/#breadcrumb\"},\"inLanguage\":\"pt-BR\",\"potentialAction\":[{\"@type\":\"ReadAction\",\"target\":[\"https:\/\/dep.ufscar.br\/index.php\/dep-servidores-tecnico-administrativos\/\"]}]},{\"@type\":\"BreadcrumbList\",\"@id\":\"https:\/\/dep.ufscar.br\/index.php\/dep-servidores-tecnico-administrativos\/#breadcrumb\",\"itemListElement\":[{\"@type\":\"ListItem\",\"position\":1,\"name\":\"Home\",\"item\":\"https:\/\/dep.ufscar.br\/\"},{\"@type\":\"ListItem\",\"position\":2,\"name\":\"DEP &#8211; SERVIDORES T\\u00c9CNICO-ADMINISTRATIVOS\"}]}]}<\/script>\n<!-- \/ Yoast SEO plugin. -->","yoast_head_json":{"title":"Funcion\u00e1rios Departamento de Engenharia de Produ\u00e7\u00e3o (DEP) - UFSCar","description":"Entre em contato com os funcion\u00e1rios do Departamento de Engenharia de Produ\u00e7\u00e3o da UFSCAR. Secretaria, administra\u00e7\u00e3o, ...","robots":{"index":"index","follow":"follow","max-snippet":"max-snippet:-1","max-image-preview":"max-image-preview:large","max-video-preview":"max-video-preview:-1"},"canonical":"https:\/\/dep.ufscar.br\/index.php\/dep-servidores-tecnico-administrativos\/","og_locale":"pt_BR","og_type":"article","og_title":"Funcion\u00e1rios Departamento de Engenharia de Produ\u00e7\u00e3o (DEP) - UFSCar","og_description":"Entre em contato com os funcion\u00e1rios do Departamento de Engenharia de Produ\u00e7\u00e3o da UFSCAR. Secretaria, administra\u00e7\u00e3o, ...","og_url":"https:\/\/dep.ufscar.br\/index.php\/dep-servidores-tecnico-administrativos\/","og_site_name":"DEP","article_modified_time":"2023-02-15T13:00:17+00:00","og_image":[{"width":300,"height":200,"url":"http:\/\/dep.ufscar.br\/wp-content\/uploads\/2021\/09\/log-dep-departamento-de-engenharia-ufscar-seo.jpg","path":"\/var\/www\/html\/desenvolvimento\/wp-content\/uploads\/2021\/09\/log-dep-departamento-de-engenharia-ufscar-seo.jpg","size":"full","id":"4900","alt":"","pixels":60000,"type":"image\/jpeg"}],"twitter_card":"summary_large_image","twitter_misc":{"Est. tempo de leitura":"2 minutos"},"schema":{"@context":"https:\/\/schema.org","@graph":[{"@type":"WebSite","@id":"https:\/\/dep.ufscar.br\/#website","url":"https:\/\/dep.ufscar.br\/","name":"DEP","description":"Departamento de Engenharia de Produ\u00e7\u00e3o","potentialAction":[{"@type":"SearchAction","target":{"@type":"EntryPoint","urlTemplate":"https:\/\/dep.ufscar.br\/?s={search_term_string}"},"query-input":"required name=search_term_string"}],"inLanguage":"pt-BR"},{"@type":"ImageObject","@id":"https:\/\/dep.ufscar.br\/index.php\/dep-servidores-tecnico-administrativos\/#primaryimage","inLanguage":"pt-BR","url":"https:\/\/dep.ufscar.br\/wp-content\/uploads\/2021\/09\/log-dep-departamento-de-engenharia-ufscar-seo.jpg","contentUrl":"https:\/\/dep.ufscar.br\/wp-content\/uploads\/2021\/09\/log-dep-departamento-de-engenharia-ufscar-seo.jpg","width":300,"height":200},{"@type":"WebPage","@id":"https:\/\/dep.ufscar.br\/index.php\/dep-servidores-tecnico-administrativos\/#webpage","url":"https:\/\/dep.ufscar.br\/index.php\/dep-servidores-tecnico-administrativos\/","name":"Funcion\u00e1rios Departamento de Engenharia de Produ\u00e7\u00e3o (DEP) - UFSCar","isPartOf":{"@id":"https:\/\/dep.ufscar.br\/#website"},"datePublished":"2021-06-24T13:37:25+00:00","dateModified":"2023-02-15T13:00:17+00:00","description":"Entre em contato com os funcion\u00e1rios do Departamento de Engenharia de Produ\u00e7\u00e3o da UFSCAR. Secretaria, administra\u00e7\u00e3o, ...","breadcrumb":{"@id":"https:\/\/dep.ufscar.br\/index.php\/dep-servidores-tecnico-administrativos\/#breadcrumb"},"inLanguage":"pt-BR","potentialAction":[{"@type":"ReadAction","target":["https:\/\/dep.ufscar.br\/index.php\/dep-servidores-tecnico-administrativos\/"]}]},{"@type":"BreadcrumbList","@id":"https:\/\/dep.ufscar.br\/index.php\/dep-servidores-tecnico-administrativos\/#breadcrumb","itemListElement":[{"@type":"ListItem","position":1,"name":"Home","item":"https:\/\/dep.ufscar.br\/"},{"@type":"ListItem","position":2,"name":"DEP &#8211; SERVIDORES T\u00c9CNICO-ADMINISTRATIVOS"}]}]}},"_links":{"self":[{"href":"https:\/\/dep.ufscar.br\/index.php\/wp-json\/wp\/v2\/pages\/3385"}],"collection":[{"href":"https:\/\/dep.ufscar.br\/index.php\/wp-json\/wp\/v2\/pages"}],"about":[{"href":"https:\/\/dep.ufscar.br\/index.php\/wp-json\/wp\/v2\/types\/page"}],"author":[{"embeddable":true,"href":"https:\/\/dep.ufscar.br\/index.php\/wp-json\/wp\/v2\/users\/1"}],"replies":[{"embeddable":true,"href":"https:\/\/dep.ufscar.br\/index.php\/wp-json\/wp\/v2\/comments?post=3385"}],"version-history":[{"count":50,"href":"https:\/\/dep.ufscar.br\/index.php\/wp-json\/wp\/v2\/pages\/3385\/revisions"}],"predecessor-version":[{"id":5628,"href":"https:\/\/dep.ufscar.br\/index.php\/wp-json\/wp\/v2\/pages\/3385\/revisions\/5628"}],"wp:attachment":[{"href":"https:\/\/dep.ufscar.br\/index.php\/wp-json\/wp\/v2\/media?parent=3385"}],"wp:term":[{"taxonomy":"category","embeddable":true,"href":"https:\/\/dep.ufscar.br\/index.php\/wp-json\/wp\/v2\/categories?post=3385"},{"taxonomy":"post_tag","embeddable":true,"href":"https:\/\/dep.ufscar.br\/index.php\/wp-json\/wp\/v2\/tags?post=3385"}],"curies":[{"name":"wp","href":"https:\/\/api.w.org\/{rel}","templated":true}]}}