{"id":3312,"date":"2021-06-22T16:53:27","date_gmt":"2021-06-22T19:53:27","guid":{"rendered":"http:\/\/desenvolvimento.dep.ufscar.br\/?page_id=3312"},"modified":"2023-10-26T09:46:29","modified_gmt":"2023-10-26T12:46:29","slug":"contato-secretarias","status":"publish","type":"page","link":"https:\/\/dep.ufscar.br\/index.php\/contato-secretarias\/","title":{"rendered":"CONTATO &#8211; Secretarias"},"content":{"rendered":"<p>[vc_row rt_row_background_width=&#8221;fullwidth&#8221; rt_row_content_width=&#8221;default&#8221; rt_row_style=&#8221;alt-style-2&#8243; rt_column_placement=&#8221;middle&#8221; rt_row_borders=&#8221;&#8221; rt_row_shadows=&#8221;&#8221; rt_row_paddings=&#8221;true&#8221; rt_bg_effect=&#8221;classic&#8221; rt_bg_image_repeat=&#8221;repeat&#8221; rt_bg_size=&#8221;cover&#8221; rt_bg_position=&#8221;center center&#8221; rt_bg_attachment=&#8221;scroll&#8221; rt_bg_video_format=&#8221;youtube&#8221; rt_padding_top=&#8221;100&#8243; rt_bg_image=&#8221;3300&#8243; rt_row_height=&#8221;450&#8243; rt_bg_overlay_color=&#8221;rgba(0,0,0,0.2)&#8221;][vc_column rt_column_shadow=&#8221;&#8221; rt_bg_image_repeat=&#8221;repeat&#8221; rt_bg_size=&#8221;auto auto&#8221; rt_bg_attachment=&#8221;scroll&#8221; rt_bg_color=&#8221;&#8221; rt_bg_overlay_color=&#8221;&#8221; rt_padding_top=&#8221;140&#8243;]<div class=\"rt_heading_wrapper style-1\">\n\t\t\t\t\t\t<h1 class=\"rt_heading texto-sombra with_punchline style-1\"  style=\"font-size:48px;\"><span class=\"punchline\">CONTATO<\/span>Secretarias<\/h1>\n\t\t\t\t\t<\/div>[\/vc_column][\/vc_row][vc_row rt_row_background_width=&#8221;fullwidth&#8221; rt_row_content_width=&#8221;default&#8221; rt_row_style=&#8221;default-style&#8221; rt_row_borders=&#8221;&#8221; rt_row_shadows=&#8221;&#8221; rt_row_paddings=&#8221;true&#8221; id=&#8221;secretarias&#8221; rt_bg_effect=&#8221;classic&#8221; rt_bg_image_repeat=&#8221;repeat&#8221; rt_bg_size=&#8221;cover&#8221; rt_bg_position=&#8221;right top&#8221; rt_bg_attachment=&#8221;scroll&#8221; rt_bg_video_format=&#8221;self-hosted&#8221; rt_padding_top=&#8221;80px&#8221; rt_padding_bottom=&#8221;80px&#8221;][vc_column width=&#8221;1\/2&#8243; rt_column_shadow=&#8221;&#8221; rt_bg_image_repeat=&#8221;repeat&#8221; rt_bg_size=&#8221;auto auto&#8221; rt_bg_attachment=&#8221;scroll&#8221;][vc_row_inner rt_row_style=&#8221;global-style&#8221; rt_bg_custom_alignment=&#8221;top&#8221;][vc_column_inner rt_column_shadow=&#8221;&#8221; rt_bg_image_repeat=&#8221;repeat&#8221; rt_bg_size=&#8221;auto auto&#8221; rt_bg_attachment=&#8221;scroll&#8221;]<div class=\"rt_heading_wrapper style-1\">\n\t\t\t\t\t\t<h4 class=\"rt_heading  style-1\"  style=\"font-size:18px;\">Secretaria Administrativa<\/h4>\n\t\t\t\t\t<\/div>[\/vc_column_inner][\/vc_row_inner][vc_row_inner rt_row_style=&#8221;global-style&#8221; rt_bg_custom_alignment=&#8221;top&#8221;][vc_column_inner rt_column_shadow=&#8221;&#8221; rt_bg_image_repeat=&#8221;repeat&#8221; rt_bg_size=&#8221;auto auto&#8221; rt_bg_attachment=&#8221;scroll&#8221;][vc_column_text]<\/p>\n<h2 align=\"left\"><span style=\"font-size: 16px;\">Silvia Regina Anselmo dos Santos<\/span><\/h2>\n<p>[\/vc_column_text][vc_column_text el_class=&#8221;p-line-bottom&#8221;]<em>Secretaria Administrativa<\/em>[\/vc_column_text][vc_column_text]<span class=\"rt-icon icon-line-phone \"><\/span> (16) 3351-9510<br \/>\n<span class=\"rt-icon icon-mail-1 \"><\/span> silvia@dep.ufscar.br[\/vc_column_text][\/vc_column_inner][\/vc_row_inner][vc_empty_space][vc_row_inner rt_row_style=&#8221;global-style&#8221; rt_bg_custom_alignment=&#8221;top&#8221;][vc_column_inner rt_column_shadow=&#8221;&#8221; rt_bg_image_repeat=&#8221;repeat&#8221; rt_bg_size=&#8221;auto auto&#8221; rt_bg_attachment=&#8221;scroll&#8221;][vc_column_text]<\/p>\n<h2 align=\"left\"><span style=\"font-size: 16px;\">Alyson Roberto Batista Monteiro<\/span><\/h2>\n<p>[\/vc_column_text][vc_column_text el_class=&#8221;p-line-bottom&#8221;]<em>Secretaria Administrativa<\/em>[\/vc_column_text][vc_column_text]<span class=\"rt-icon icon-line-phone \"><\/span> (16) 3351-8296<br \/>\n<span class=\"rt-icon icon-mail-1 \"><\/span> alyson@dep.ufscar.br[\/vc_column_text][\/vc_column_inner][\/vc_row_inner][vc_empty_space][vc_row_inner rt_row_style=&#8221;global-style&#8221; rt_bg_custom_alignment=&#8221;top&#8221;][vc_column_inner rt_column_shadow=&#8221;&#8221; rt_bg_image_repeat=&#8221;repeat&#8221; rt_bg_size=&#8221;auto auto&#8221; rt_bg_attachment=&#8221;scroll&#8221;][vc_column_text]<\/p>\n<h2 align=\"left\"><span style=\"font-size: 16px;\">Jorge Luis Ranieri<\/span><\/h2>\n<p>[\/vc_column_text][vc_column_text el_class=&#8221;p-line-bottom&#8221;]<em>Assistente em Admnistra\u00e7\u00e3o<\/em>[\/vc_column_text][vc_column_text]<span class=\"rt-icon icon-line-phone \"><\/span> (16) 3509-1512<br \/>\n<span class=\"rt-icon icon-mail-1 \"><\/span> jorge@dep.ufscar.br[\/vc_column_text][\/vc_column_inner][\/vc_row_inner][vc_empty_space height=&#8221;60px&#8221;][vc_row_inner rt_row_style=&#8221;global-style&#8221; rt_bg_custom_alignment=&#8221;top&#8221;][vc_column_inner rt_column_shadow=&#8221;&#8221; rt_bg_image_repeat=&#8221;repeat&#8221; rt_bg_size=&#8221;auto auto&#8221; rt_bg_attachment=&#8221;scroll&#8221;]<div class=\"rt_heading_wrapper style-1\">\n\t\t\t\t\t\t<h4 class=\"rt_heading  style-1\"  style=\"font-size:18px;\">Secretaria de P\u00f3s-Gradua\u00e7\u00e3o<\/h4>\n\t\t\t\t\t<\/div>[\/vc_column_inner][\/vc_row_inner][vc_row_inner rt_row_style=&#8221;global-style&#8221; rt_bg_custom_alignment=&#8221;top&#8221;][vc_column_inner rt_column_shadow=&#8221;&#8221; rt_bg_image_repeat=&#8221;repeat&#8221; rt_bg_size=&#8221;auto auto&#8221; rt_bg_attachment=&#8221;scroll&#8221;][vc_column_text]<\/p>\n<h2 align=\"left\"><span style=\"font-size: 16px;\">Robson Lopes dos Santos<\/span><\/h2>\n<p>[\/vc_column_text][vc_column_text el_class=&#8221;p-line-bottom&#8221;]<em>Secretaria de P\u00f3s-Gradua\u00e7\u00e3o<\/em>[\/vc_column_text][vc_column_text]<span class=\"rt-icon icon-line-phone \"><\/span> (16) 3351-8239<br \/>\n<span class=\"rt-icon icon-mail-1 \"><\/span> <a href=\"mailto:ppgep@dep.ufscar.br\">ppgep@dep.ufscar.br<\/a>[\/vc_column_text][\/vc_column_inner][\/vc_row_inner][vc_empty_space][vc_row_inner rt_row_style=&#8221;global-style&#8221; rt_bg_custom_alignment=&#8221;top&#8221;][vc_column_inner rt_column_shadow=&#8221;&#8221; rt_bg_image_repeat=&#8221;repeat&#8221; rt_bg_size=&#8221;auto auto&#8221; rt_bg_attachment=&#8221;scroll&#8221;][vc_column_text]<\/p>\n<h2 align=\"left\"><span style=\"font-size: 16px;\">Lucas Gomes Duarte<\/span><\/h2>\n<p>[\/vc_column_text][vc_column_text el_class=&#8221;p-line-bottom&#8221;]<em>Secretaria de P\u00f3s-Gradua\u00e7\u00e3o<\/em>[\/vc_column_text][vc_column_text]<span class=\"rt-icon icon-mail-1 \"><\/span> <a href=\"mailto:ppgep@dep.ufscar.br\">ppgep@dep.ufscar.br<\/a>[\/vc_column_text][\/vc_column_inner][\/vc_row_inner][vc_empty_space height=&#8221;60px&#8221;][\/vc_column][vc_column width=&#8221;1\/2&#8243; rt_column_shadow=&#8221;&#8221; rt_bg_image_repeat=&#8221;repeat&#8221; rt_bg_size=&#8221;auto auto&#8221; rt_bg_attachment=&#8221;scroll&#8221;]<div class=\"rt_heading_wrapper style-1\">\n\t\t\t\t\t\t<h4 class=\"rt_heading  style-1\"  style=\"font-size:18px;\">Secretaria de Gradua\u00e7\u00e3o<\/h4>\n\t\t\t\t\t<\/div>[vc_row_inner rt_row_style=&#8221;global-style&#8221; rt_bg_custom_alignment=&#8221;top&#8221;][vc_column_inner rt_column_shadow=&#8221;&#8221; rt_bg_image_repeat=&#8221;repeat&#8221; rt_bg_size=&#8221;auto auto&#8221; rt_bg_attachment=&#8221;scroll&#8221;][vc_column_text]<\/p>\n<h2 align=\"left\"><span style=\"font-size: 16px;\">Murillo Biscegli<\/span><\/h2>\n<p>[\/vc_column_text][vc_column_text el_class=&#8221;p-line-bottom&#8221;]<em>Secretaria de Gradua\u00e7\u00e3o<\/em>[\/vc_column_text][vc_column_text]<span class=\"rt-icon icon-line-phone \"><\/span> (16) 33 51-8238<br \/>\n<span class=\"rt-icon icon-mail-1 \"><\/span> mbis@dep.ufscar.br[\/vc_column_text][\/vc_column_inner][\/vc_row_inner][vc_empty_space height=&#8221;60px&#8221;]<div class=\"rt_heading_wrapper style-1\">\n\t\t\t\t\t\t<h4 class=\"rt_heading  style-1\"  style=\"font-size:18px;\">Revista Gest\u00e3o &amp; Produ\u00e7\u00e3o<\/h4>\n\t\t\t\t\t<\/div>[vc_row_inner rt_row_style=&#8221;global-style&#8221; rt_bg_custom_alignment=&#8221;top&#8221;][vc_column_inner rt_column_shadow=&#8221;&#8221; rt_bg_image_repeat=&#8221;repeat&#8221; rt_bg_size=&#8221;auto auto&#8221; rt_bg_attachment=&#8221;scroll&#8221;][vc_column_text]<\/p>\n<h2><span style=\"font-size: 16px;\">Alyson Roberto Batista Monteiro<\/span><\/h2>\n<p>[\/vc_column_text][vc_column_text el_class=&#8221;p-line-bottom&#8221;]<em>Revista Gest\u00e3o &amp; Produ\u00e7\u00e3o<\/em>[\/vc_column_text][vc_column_text]<span class=\"rt-icon icon-line-phone \"><\/span> (16) 3351-8471<br \/>\n<span class=\"rt-icon icon-mail-1 \"><\/span> gp@dep.ufscar.br[\/vc_column_text][\/vc_column_inner][\/vc_row_inner][vc_empty_space height=&#8221;60px&#8221;]<div class=\"rt_heading_wrapper style-1\">\n\t\t\t\t\t\t<h4 class=\"rt_heading  style-1\"  style=\"font-size:18px;\">Laborat\u00f3rios<\/h4>\n\t\t\t\t\t<\/div>[vc_row_inner rt_row_style=&#8221;global-style&#8221; rt_bg_custom_alignment=&#8221;top&#8221;][vc_column_inner rt_column_shadow=&#8221;&#8221; rt_bg_image_repeat=&#8221;repeat&#8221; rt_bg_size=&#8221;auto auto&#8221; rt_bg_attachment=&#8221;scroll&#8221;][vc_column_text]<\/p>\n<h2 align=\"left\"><span style=\"font-size: 16px;\">Tiago Matheus Nordi<\/span><\/h2>\n<p>[\/vc_column_text][vc_column_text el_class=&#8221;p-line-bottom&#8221;]<em>T\u00e9cnico de Laborat\u00f3rio\/ Industrial<\/em>[\/vc_column_text][vc_column_text]<span class=\"rt-icon icon-line-phone \"><\/span> (16)3509-1829<br \/>\n<span class=\"rt-icon icon-mail-1 \"><\/span> tiago@dep.ufscar.br[\/vc_column_text][\/vc_column_inner][\/vc_row_inner][vc_empty_space height=&#8221;60px&#8221;]<div class=\"rt_heading_wrapper style-1\">\n\t\t\t\t\t\t<h4 class=\"rt_heading  style-1\"  style=\"font-size:18px;\">Inform\u00e1tica e TI<\/h4>\n\t\t\t\t\t<\/div>[vc_row_inner rt_row_style=&#8221;global-style&#8221; rt_bg_custom_alignment=&#8221;top&#8221;][vc_column_inner rt_column_shadow=&#8221;&#8221; rt_bg_image_repeat=&#8221;repeat&#8221; rt_bg_size=&#8221;auto auto&#8221; rt_bg_attachment=&#8221;scroll&#8221;][vc_column_text]<\/p>\n<h2 align=\"left\"><span style=\"font-size: 16px;\">Fabr\u00edcio F. do Nascimento<\/span><\/h2>\n<p>[\/vc_column_text][vc_column_text el_class=&#8221;p-line-bottom&#8221;]<em>T\u00e9cnico de Inform\u00e1tica<\/em>[\/vc_column_text][vc_column_text]<span class=\"rt-icon icon-line-phone \"><\/span> (16) 3351-9508<br \/>\n<span class=\"rt-icon icon-mail-1 \"><\/span> fabricio@dep.ufscar.br[\/vc_column_text][\/vc_column_inner][\/vc_row_inner][\/vc_column][\/vc_row][vc_row rt_row_background_width=&#8221;fullwidth&#8221; rt_row_content_width=&#8221;default&#8221; rt_row_style=&#8221;alt-style-1&#8243; rt_row_borders=&#8221;&#8221; rt_row_shadows=&#8221;&#8221; rt_row_paddings=&#8221;true&#8221; rt_bg_effect=&#8221;classic&#8221; rt_bg_image_repeat=&#8221;repeat&#8221; rt_bg_size=&#8221;cover&#8221; rt_bg_position=&#8221;right top&#8221; rt_bg_attachment=&#8221;scroll&#8221; rt_bg_video_format=&#8221;self-hosted&#8221; rt_padding_top=&#8221;80px&#8221; rt_padding_bottom=&#8221;80px&#8221;][vc_column rt_column_shadow=&#8221;&#8221; rt_bg_image_repeat=&#8221;repeat&#8221; rt_bg_size=&#8221;auto auto&#8221; rt_bg_attachment=&#8221;scroll&#8221;]<div class=\"rt_heading_wrapper style-6\">\n\t\t\t\t\t\t<h5 class=\"rt_heading  style-6\" ><span class=\"icon-line-mail heading_icon\"><\/span>Formul\u00e1rio para Contato<\/h5>\n\t\t\t\t\t<\/div>[contact-form-7 id=&#8221;3028&#8243;][\/vc_column][\/vc_row]<\/p>\n","protected":false},"excerpt":{"rendered":"<p>[vc_row rt_row_background_width=&#8221;fullwidth&#8221; rt_row_content_width=&#8221;default&#8221; rt_row_style=&#8221;alt-style-2&#8243; rt_column_placement=&#8221;middle&#8221; rt_row_borders=&#8221;&#8221; rt_row_shadows=&#8221;&#8221; rt_row_paddings=&#8221;true&#8221; rt_bg_effect=&#8221;classic&#8221; rt_bg_image_repeat=&#8221;repeat&#8221; rt_bg_size=&#8221;cover&#8221; rt_bg_position=&#8221;center center&#8221; rt_bg_attachment=&#8221;scroll&#8221; rt_bg_video_format=&#8221;youtube&#8221; rt_padding_top=&#8221;100&#8243; rt_bg_image=&#8221;3300&#8243; rt_row_height=&#8221;450&#8243; rt_bg_overlay_color=&#8221;rgba(0,0,0,0.2)&#8221;][vc_column rt_column_shadow=&#8221;&#8221; rt_bg_image_repeat=&#8221;repeat&#8221; rt_bg_size=&#8221;auto auto&#8221; rt_bg_attachment=&#8221;scroll&#8221; rt_bg_color=&#8221;&#8221; rt_bg_overlay_color=&#8221;&#8221; rt_padding_top=&#8221;140&#8243;][\/vc_column][\/vc_row][vc_row rt_row_background_width=&#8221;fullwidth&#8221; rt_row_content_width=&#8221;default&#8221; rt_row_style=&#8221;default-style&#8221; rt_row_borders=&#8221;&#8221; rt_row_shadows=&#8221;&#8221; rt_row_paddings=&#8221;true&#8221; id=&#8221;secretarias&#8221; rt_bg_effect=&#8221;classic&#8221; rt_bg_image_repeat=&#8221;repeat&#8221; rt_bg_size=&#8221;cover&#8221; rt_bg_position=&#8221;right top&#8221; rt_bg_attachment=&#8221;scroll&#8221; rt_bg_video_format=&#8221;self-hosted&#8221; rt_padding_top=&#8221;80px&#8221; rt_padding_bottom=&#8221;80px&#8221;][vc_column width=&#8221;1\/2&#8243; rt_column_shadow=&#8221;&#8221; rt_bg_image_repeat=&#8221;repeat&#8221; rt_bg_size=&#8221;auto auto&#8221; rt_bg_attachment=&#8221;scroll&#8221;][vc_row_inner rt_row_style=&#8221;global-style&#8221; rt_bg_custom_alignment=&#8221;top&#8221;][vc_column_inner rt_column_shadow=&#8221;&#8221; rt_bg_image_repeat=&#8221;repeat&#8221; rt_bg_size=&#8221;auto auto&#8221; &#8230; <a class=\"more-link\" href=\"https:\/\/dep.ufscar.br\/index.php\/contato-secretarias\/\">Leia mais<\/a><\/p>\n","protected":false},"author":1,"featured_media":0,"parent":0,"menu_order":0,"comment_status":"closed","ping_status":"closed","template":"","meta":[],"categories":[],"tags":[],"yoast_head":"<!-- This site is optimized with the Yoast SEO plugin v17.0 - https:\/\/yoast.com\/wordpress\/plugins\/seo\/ -->\n<title>Secretarias - Departamento de Engenharia de Produ\u00e7\u00e3o - UFSCar<\/title>\n<meta name=\"description\" content=\"Entre em contato. Secretaria Administrativa | Secretaria de Gradua\u00e7\u00e3o | Secretaria de P\u00f3s-Gradua\u00e7\u00e3o | Laborat\u00f3rios.\" \/>\n<meta name=\"robots\" content=\"index, follow, max-snippet:-1, max-image-preview:large, max-video-preview:-1\" \/>\n<link rel=\"canonical\" href=\"https:\/\/dep.ufscar.br\/index.php\/contato-secretarias\/\" \/>\n<meta property=\"og:locale\" content=\"pt_BR\" \/>\n<meta property=\"og:type\" content=\"article\" \/>\n<meta property=\"og:title\" content=\"Secretarias - Departamento de Engenharia de Produ\u00e7\u00e3o - UFSCar\" \/>\n<meta property=\"og:description\" content=\"Entre em contato. Secretaria Administrativa | Secretaria de Gradua\u00e7\u00e3o | Secretaria de P\u00f3s-Gradua\u00e7\u00e3o | Laborat\u00f3rios.\" \/>\n<meta property=\"og:url\" content=\"https:\/\/dep.ufscar.br\/index.php\/contato-secretarias\/\" \/>\n<meta property=\"og:site_name\" content=\"DEP\" \/>\n<meta property=\"article:modified_time\" content=\"2023-10-26T12:46:29+00:00\" \/>\n<meta property=\"og:image\" content=\"http:\/\/dep.ufscar.br\/wp-content\/uploads\/2021\/09\/log-dep-departamento-de-engenharia-ufscar-seo.jpg\" \/>\n\t<meta property=\"og:image:width\" content=\"300\" \/>\n\t<meta property=\"og:image:height\" content=\"200\" \/>\n<meta name=\"twitter:card\" content=\"summary_large_image\" \/>\n<meta name=\"twitter:label1\" content=\"Est. tempo de leitura\" \/>\n\t<meta name=\"twitter:data1\" content=\"2 minutos\" \/>\n<script type=\"application\/ld+json\" class=\"yoast-schema-graph\">{\"@context\":\"https:\/\/schema.org\",\"@graph\":[{\"@type\":\"WebSite\",\"@id\":\"https:\/\/dep.ufscar.br\/#website\",\"url\":\"https:\/\/dep.ufscar.br\/\",\"name\":\"DEP\",\"description\":\"Departamento de Engenharia de Produ\\u00e7\\u00e3o\",\"potentialAction\":[{\"@type\":\"SearchAction\",\"target\":{\"@type\":\"EntryPoint\",\"urlTemplate\":\"https:\/\/dep.ufscar.br\/?s={search_term_string}\"},\"query-input\":\"required name=search_term_string\"}],\"inLanguage\":\"pt-BR\"},{\"@type\":\"ImageObject\",\"@id\":\"https:\/\/dep.ufscar.br\/index.php\/contato-secretarias\/#primaryimage\",\"inLanguage\":\"pt-BR\",\"url\":\"https:\/\/dep.ufscar.br\/wp-content\/uploads\/2021\/09\/log-dep-departamento-de-engenharia-ufscar-seo.jpg\",\"contentUrl\":\"https:\/\/dep.ufscar.br\/wp-content\/uploads\/2021\/09\/log-dep-departamento-de-engenharia-ufscar-seo.jpg\",\"width\":300,\"height\":200},{\"@type\":\"WebPage\",\"@id\":\"https:\/\/dep.ufscar.br\/index.php\/contato-secretarias\/#webpage\",\"url\":\"https:\/\/dep.ufscar.br\/index.php\/contato-secretarias\/\",\"name\":\"Secretarias - Departamento de Engenharia de Produ\\u00e7\\u00e3o - UFSCar\",\"isPartOf\":{\"@id\":\"https:\/\/dep.ufscar.br\/#website\"},\"datePublished\":\"2021-06-22T19:53:27+00:00\",\"dateModified\":\"2023-10-26T12:46:29+00:00\",\"description\":\"Entre em contato. Secretaria Administrativa | Secretaria de Gradua\\u00e7\\u00e3o | Secretaria de P\\u00f3s-Gradua\\u00e7\\u00e3o | Laborat\\u00f3rios.\",\"breadcrumb\":{\"@id\":\"https:\/\/dep.ufscar.br\/index.php\/contato-secretarias\/#breadcrumb\"},\"inLanguage\":\"pt-BR\",\"potentialAction\":[{\"@type\":\"ReadAction\",\"target\":[\"https:\/\/dep.ufscar.br\/index.php\/contato-secretarias\/\"]}]},{\"@type\":\"BreadcrumbList\",\"@id\":\"https:\/\/dep.ufscar.br\/index.php\/contato-secretarias\/#breadcrumb\",\"itemListElement\":[{\"@type\":\"ListItem\",\"position\":1,\"name\":\"Home\",\"item\":\"https:\/\/dep.ufscar.br\/\"},{\"@type\":\"ListItem\",\"position\":2,\"name\":\"CONTATO &#8211; Secretarias\"}]}]}<\/script>\n<!-- \/ Yoast SEO plugin. -->","yoast_head_json":{"title":"Secretarias - Departamento de Engenharia de Produ\u00e7\u00e3o - UFSCar","description":"Entre em contato. Secretaria Administrativa | Secretaria de Gradua\u00e7\u00e3o | Secretaria de P\u00f3s-Gradua\u00e7\u00e3o | Laborat\u00f3rios.","robots":{"index":"index","follow":"follow","max-snippet":"max-snippet:-1","max-image-preview":"max-image-preview:large","max-video-preview":"max-video-preview:-1"},"canonical":"https:\/\/dep.ufscar.br\/index.php\/contato-secretarias\/","og_locale":"pt_BR","og_type":"article","og_title":"Secretarias - Departamento de Engenharia de Produ\u00e7\u00e3o - UFSCar","og_description":"Entre em contato. Secretaria Administrativa | Secretaria de Gradua\u00e7\u00e3o | Secretaria de P\u00f3s-Gradua\u00e7\u00e3o | Laborat\u00f3rios.","og_url":"https:\/\/dep.ufscar.br\/index.php\/contato-secretarias\/","og_site_name":"DEP","article_modified_time":"2023-10-26T12:46:29+00:00","og_image":[{"width":300,"height":200,"url":"http:\/\/dep.ufscar.br\/wp-content\/uploads\/2021\/09\/log-dep-departamento-de-engenharia-ufscar-seo.jpg","path":"\/var\/www\/html\/desenvolvimento\/wp-content\/uploads\/2021\/09\/log-dep-departamento-de-engenharia-ufscar-seo.jpg","size":"full","id":"4900","alt":"","pixels":60000,"type":"image\/jpeg"}],"twitter_card":"summary_large_image","twitter_misc":{"Est. tempo de leitura":"2 minutos"},"schema":{"@context":"https:\/\/schema.org","@graph":[{"@type":"WebSite","@id":"https:\/\/dep.ufscar.br\/#website","url":"https:\/\/dep.ufscar.br\/","name":"DEP","description":"Departamento de Engenharia de Produ\u00e7\u00e3o","potentialAction":[{"@type":"SearchAction","target":{"@type":"EntryPoint","urlTemplate":"https:\/\/dep.ufscar.br\/?s={search_term_string}"},"query-input":"required name=search_term_string"}],"inLanguage":"pt-BR"},{"@type":"ImageObject","@id":"https:\/\/dep.ufscar.br\/index.php\/contato-secretarias\/#primaryimage","inLanguage":"pt-BR","url":"https:\/\/dep.ufscar.br\/wp-content\/uploads\/2021\/09\/log-dep-departamento-de-engenharia-ufscar-seo.jpg","contentUrl":"https:\/\/dep.ufscar.br\/wp-content\/uploads\/2021\/09\/log-dep-departamento-de-engenharia-ufscar-seo.jpg","width":300,"height":200},{"@type":"WebPage","@id":"https:\/\/dep.ufscar.br\/index.php\/contato-secretarias\/#webpage","url":"https:\/\/dep.ufscar.br\/index.php\/contato-secretarias\/","name":"Secretarias - Departamento de Engenharia de Produ\u00e7\u00e3o - UFSCar","isPartOf":{"@id":"https:\/\/dep.ufscar.br\/#website"},"datePublished":"2021-06-22T19:53:27+00:00","dateModified":"2023-10-26T12:46:29+00:00","description":"Entre em contato. Secretaria Administrativa | Secretaria de Gradua\u00e7\u00e3o | Secretaria de P\u00f3s-Gradua\u00e7\u00e3o | Laborat\u00f3rios.","breadcrumb":{"@id":"https:\/\/dep.ufscar.br\/index.php\/contato-secretarias\/#breadcrumb"},"inLanguage":"pt-BR","potentialAction":[{"@type":"ReadAction","target":["https:\/\/dep.ufscar.br\/index.php\/contato-secretarias\/"]}]},{"@type":"BreadcrumbList","@id":"https:\/\/dep.ufscar.br\/index.php\/contato-secretarias\/#breadcrumb","itemListElement":[{"@type":"ListItem","position":1,"name":"Home","item":"https:\/\/dep.ufscar.br\/"},{"@type":"ListItem","position":2,"name":"CONTATO &#8211; Secretarias"}]}]}},"_links":{"self":[{"href":"https:\/\/dep.ufscar.br\/index.php\/wp-json\/wp\/v2\/pages\/3312"}],"collection":[{"href":"https:\/\/dep.ufscar.br\/index.php\/wp-json\/wp\/v2\/pages"}],"about":[{"href":"https:\/\/dep.ufscar.br\/index.php\/wp-json\/wp\/v2\/types\/page"}],"author":[{"embeddable":true,"href":"https:\/\/dep.ufscar.br\/index.php\/wp-json\/wp\/v2\/users\/1"}],"replies":[{"embeddable":true,"href":"https:\/\/dep.ufscar.br\/index.php\/wp-json\/wp\/v2\/comments?post=3312"}],"version-history":[{"count":60,"href":"https:\/\/dep.ufscar.br\/index.php\/wp-json\/wp\/v2\/pages\/3312\/revisions"}],"predecessor-version":[{"id":5795,"href":"https:\/\/dep.ufscar.br\/index.php\/wp-json\/wp\/v2\/pages\/3312\/revisions\/5795"}],"wp:attachment":[{"href":"https:\/\/dep.ufscar.br\/index.php\/wp-json\/wp\/v2\/media?parent=3312"}],"wp:term":[{"taxonomy":"category","embeddable":true,"href":"https:\/\/dep.ufscar.br\/index.php\/wp-json\/wp\/v2\/categories?post=3312"},{"taxonomy":"post_tag","embeddable":true,"href":"https:\/\/dep.ufscar.br\/index.php\/wp-json\/wp\/v2\/tags?post=3312"}],"curies":[{"name":"wp","href":"https:\/\/api.w.org\/{rel}","templated":true}]}}